{"id":5055,"date":"2023-04-27T03:42:50","date_gmt":"2023-04-27T03:42:50","guid":{"rendered":"http:\/\/localhost\/?page_id=5055"},"modified":"2025-10-27T08:45:52","modified_gmt":"2025-10-27T08:45:52","slug":"institucion-teresiana","status":"publish","type":"page","link":"https:\/\/www.cifo.edu.pe\/index.php\/conocenos\/institucion-teresiana\/","title":{"rendered":"Instituci\u00f3n Teresiana"},"content":{"rendered":"<section class=\"wpb-content-wrapper\"><p>[vc_row wrap_container=\u00bbyes\u00bb css=\u00bb.vc_custom_1543890012935{padding-top: 50px !important;}\u00bb][vc_column offset=\u00bbvc_col-md-8 vc_col-xs-12&#8243;][vc_custom_heading text=\u00bb<b>Instituci\u00f3n Teresiana<\/b>\u00bb font_container=\u00bbtag:h2|font_size:28px|text_align:left\u00bb use_theme_fonts=\u00bbyes\u00bb css_animation=\u00bbfadeInUp\u00bb el_class=\u00bbmb-3&#8243;][vc_column_text css_animation=\u00bbfadeInUp\u00bb el_class=\u00bblead mb-4&#8243;]Somos mujeres y hombres que nos asociamos para vivir la fe y contribuir a la promoci\u00f3n humana y la transformaci\u00f3n social, mediante la educaci\u00f3n y la cultura, desde nuestras responsabilidades profesionales y familiares, participando en la misi\u00f3n evangelizadora de la Iglesia.[\/vc_column_text][vc_column_text css_animation=\u00bbfadeInUp\u00bb]Somos gente corriente, sin distintivos exteriores, pero singulares e inconfundibles por nuestro modo de estar presentes en la sociedad, de unir oraci\u00f3n y estudio, formaci\u00f3n y acci\u00f3n.[\/vc_column_text][vc_raw_html]JTNDY2VudGVyJTNFJTNDc3ZnJTIwaWQlM0QlMjJDYXBhXzElMjIlMjBjbGFzcyUzRCUyMnN0YXJ0TG9nbyUyMiUyMHhtbG5zJTNEJTIyaHR0cCUzQSUyRiUyRnd3dy53My5vcmclMkYyMDAwJTJGc3ZnJTIyJTIwaGVpZ2h0JTNEJTIyOTAlMjIlMjB2aWV3Qm94JTNEJTIyMCUyMDAlMjA1OC41MzclMjA4OS4zOTglMjIlM0UlMEElMjAlMjAlMjAlMjAlMjAlMjAlMjAlMjAlM0NnJTIwdHJhbnNmb3JtJTNEJTIydHJhbnNsYXRlJTI4LTEwMi41NTclMjAtMzEuNzY1JTI5JTIyJTNFJTBBJTIwJTIwJTIwJTIwJTIwJTIwJTIwJTIwJTIwJTIwJTIwJTIwJTNDZyUyMHRyYW5zZm9ybSUzRCUyMnRyYW5zbGF0ZSUyODEwMi41NTclMjAzMS43NjUlMjklMjIlM0UlMEElMjAlMjAlMjAlMjAlMjAlMjAlMjAlMjAlMjAlMjAlMjAlMjAlMjAlMjAlMjAlMjAlM0NnJTIwdHJhbnNmb3JtJTNEJTIydHJhbnNsYXRlJTI4MCUyMDAlMjklMjIlM0UlMEElMjAlMjAlMjAlMjAlMjAlMjAlMjAlMjAlMjAlMjAlMjAlMjAlMjAlMjAlMjAlMjAlMjAlMjAlMjAlMjAlM0NwYXRoJTIwY2xhc3MlM0QlMjJjbHMtMiUyMiUyMGQlM0QlMjJNMTE0LjM3NSUyQzIzOC42MzhjLS41MzglMkMxMS44ODctMi4wNjIlMkMyMy40MTYtLjIzMyUyQzM1LjMwNUgxMDkuODhjLTUuMTU0LTguOTQ4LTQuMzY0LTE4LjQ0Ny0zLjQ3Mi0yOC4zMjEuNzExLTIuMzY5LTEuNDcxLTQuMDUzLTEuNDg4LTQuODE0bDUuMDM4LTYuODIxWiUyMiUyMHRyYW5zZm9ybSUzRCUyMnRyYW5zbGF0ZSUyOC0xMDQuNjAyJTIwLTIwNi44MTYlMjklMjIlM0UlM0MlMkZwYXRoJTNFJTBBJTIwJTIwJTIwJTIwJTIwJTIwJTIwJTIwJTIwJTIwJTIwJTIwJTIwJTIwJTIwJTIwJTIwJTIwJTIwJTIwJTNDcGF0aCUyMGNsYXNzJTNEJTIyY2xzLTIlMjIlMjBkJTNEJTIyTTMxMC42NyUyQzkzLjdjLTMuODE1JTJDMi4zMzEtOC41NDYlMkM0LjI2My0xMi43ODklMkM0LjI2My0yMy4zMyUyQzAtMTYuMjQ1LTI0Ljc1Mi0xNC41MjUtMzguMDI0YTIyLjEwNSUyQzIyLjEwNSUyQzAlMkMwJTJDMS03Ljk5Mi01LjE5Yy0uMzU2LTIuMzclMkM2LjExLTMuMzI0JTJDOC45NTEtNC4xNDdhMTc4LjElMkMxNzguMSUyQzAlMkMwJTJDMSUyQzQuMDMxLTE4LjgzNmM2Ljc1NSUyQzYuNzU3JTJDMi43JTJDMTcuMTk0JTJDMi41NTclMkMyMCUyQzYuMTg4JTJDMi4xMTElMkMxMi40NzUlMkMzLjkzNiUyQzE4Ljc1OCUyQzUuNzM2bC0uNTQ1JTJDMS45MzhjLTUuOS0uNDcyLTExLS4xMjYtMTkuMTY5LjE5MS0uNzkxJTJDNS42MzUtMS4yODIlMkMxMS43MDYtMS42NzQlMkMxNi43NTgtMS4yJTJDMTUuNDU1JTJDNS41OTQlMkMxOC44NjMlMkMyMS4yMzMlMkMxNC4xMzRBNC4yMjklMkM0LjIyOSUyQzAlMkMwJTJDMCUyQzMxMC42NyUyQzkzLjdaJTIyJTIwdHJhbnNmb3JtJTNEJTIydHJhbnNsYXRlJTI4LTI1Mi4xMzMlMjAtMzEuNzY1JTI5JTIyJTNFJTNDJTJGcGF0aCUzRSUwQSUyMCUyMCUyMCUyMCUyMCUyMCUyMCUyMCUyMCUyMCUyMCUyMCUyMCUyMCUyMCUyMCUyMCUyMCUyMCUyMCUzQ3BhdGglMjBjbGFzcyUzRCUyMmNscy0yJTIyJTIwZCUzRCUyMk0xMTMuNTglMkM1NC44Yy4zNTclMkMyLjgtMS4zOCUyQzUuMTI1LTMuMjElMkM2LjQ4OGwtMS4zMDglMkM1LjE1M2MtMy45ODUtMi43NDEtNS43Ny04LjQ2OC02LjUtMTMuMTA1bDEwLjE1OC0xLjA0OEExMC4zMTclMkMxMC4zMTclMkMwJTJDMCUyQzElMkMxMTMuNTglMkM1NC44WiUyMiUyMHRyYW5zZm9ybSUzRCUyMnRyYW5zbGF0ZSUyOC0xMDIuNTU3JTIwLTQ5LjUzMiUyOSUyMiUzRSUzQyUyRnBhdGglM0UlMEElMjAlMjAlMjAlMjAlMjAlMjAlMjAlMjAlMjAlMjAlMjAlMjAlMjAlMjAlMjAlMjAlM0MlMkZnJTNFJTBBJTIwJTIwJTIwJTIwJTIwJTIwJTIwJTIwJTIwJTIwJTIwJTIwJTNDJTJGZyUzRSUwQSUyMCUyMCUyMCUyMCUyMCUyMCUyMCUyMCUyMCUyMCUyMCUyMCUzQ2clMjB0cmFuc2Zvcm0lM0QlMjJ0cmFuc2xhdGUlMjgxMDIuODQyJTIwMTAyLjQwNCUyOSUyMiUzRSUwQSUyMCUyMCUyMCUyMCUyMCUyMCUyMCUyMCUyMCUyMCUyMCUyMCUyMCUyMCUyMCUyMCUzQ3BhdGglMjBjbGFzcyUzRCUyMmNscy0xJTIyJTIwZCUzRCUyMk0xMDUuMjUzJTJDNTc5LjgxOGEuMjg2LjI4NiUyQzAlMkMwJTJDMS0uNTczJTJDMHYtNC45N2EuMjg2LjI4NiUyQzAlMkMwJTJDMSUyQy41NzMlMkMwWiUyMiUyMHRyYW5zZm9ybSUzRCUyMnRyYW5zbGF0ZSUyOC0xMDQuNjglMjAtNTcyLjI2OSUyOSUyMiUzRSUzQyUyRnBhdGglM0UlMEElMjAlMjAlMjAlMjAlMjAlMjAlMjAlMjAlMjAlMjAlMjAlMjAlMjAlMjAlMjAlMjAlM0NwYXRoJTIwY2xhc3MlM0QlMjJjbHMtMSUyMiUyMGQlM0QlMjJNMTMwLjcyNyUyQzU3OS42MTZhLjI4Ni4yODYlMkMwJTJDMCUyQzEtLjU3MyUyQzB2LTIuNDgzYTIuMiUyQzIuMiUyQzAlMkMwJTJDMC00LjQlMkMwdjIuNDgzYS4yODYuMjg2JTJDMCUyQzAlMkMxLS41NzMlMkMwcy0uMDE0LTIuMS0uMDE0LTIuNDY1YTIuNiUyQzIuNiUyQzAlMkMwJTJDMSUyQy43NDktMS45NjglMkMyLjcwOSUyQzIuNzA5JTJDMCUyQzAlMkMxJTJDMi4xMS0uODIzJTJDMi41MjklMkMyLjUyOSUyQzAlMkMwJTJDMSUyQzEuOS44MyUyQzIuNyUyQzIuNyUyQzAlMkMwJTJDMSUyQy43OTMlMkMxLjk0M1olMjIlMjB0cmFuc2Zvcm0lM0QlMjJ0cmFuc2xhdGUlMjgtMTIyLjQxOCUyMC01NzIuMDkzJTI5JTIyJTNFJTNDJTJGcGF0aCUzRSUwQSUyMCUyMCUyMCUyMCUyMCUyMCUyMCUyMCUyMCUyMCUyMCUyMCUyMCUyMCUyMCUyMCUzQ3BhdGglMjBjbGFzcyUzRCUyMmNscy0xJTIyJTIwZCUzRCUyMk0xODQuMDE2JTJDNTc4LjE4YTEuNTQxJTJDMS41NDElMkMwJTJDMCUyQzEtMS41MjMlMkMxLjUzMiUyQzEuNjE3JTJDMS42MTclMkMwJTJDMCUyQzEtLjc2OS0uMiUyQzEuMjQ1JTJDMS4yNDUlMkMwJTJDMCUyQzEtLjU1NC0uNTY0LjQ3NS40NzUlMkMwJTJDMCUyQzEtLjAzOC0uMTUzLjMuMyUyQzAlMkMwJTJDMSUyQy4yNzctLjI3N3EuMSUyQzAlMkMuNDA2LjMxMWEuOTMyLjkzMiUyQzAlMkMwJTJDMCUyQy42NzguMzA1LjkxOC45MTglMkMwJTJDMCUyQzAlMkMuNjczLS4yODEuOTQ1Ljk0NSUyQzAlMkMwJTJDMCUyQy4yODItLjY3OC45NjEuOTYxJTJDMCUyQzAlMkMwLS45NTUtLjk1NSUyQzEuNTI4JTJDMS41MjglMkMwJTJDMCUyQzElMkMwLTMuMDU2JTJDMS41NzElMkMxLjU3MSUyQzAlMkMwJTJDMSUyQy43NzMuMjElMkMxLjI0MiUyQzEuMjQyJTJDMCUyQzAlMkMxJTJDLjU0NC41NDkuMzIyLjMyMiUyQzAlMkMwJTJDMSUyQy4wNDMuMTQ4LjI5My4yOTMlMkMwJTJDMCUyQzEtLjI4Ni4yODZxLS4xJTJDMC0uNC0uMzFhLjg5My44OTMlMkMwJTJDMCUyQzAtLjY3OC0uMzEuOS45JTJDMCUyQzAlMkMwLS42NzMuMjg2Ljk1NS45NTUlMkMwJTJDMCUyQzAlMkMuNjczJTJDMS42MjglMkMxLjUzMiUyQzEuNTMyJTJDMCUyQzAlMkMxJTJDMS41MjMlMkMxLjUyM1olMjIlMjB0cmFuc2Zvcm0lM0QlMjJ0cmFuc2xhdGUlMjgtMTcwLjcxOSUyMC01NzEuOTI5JTI5JTIyJTNFJTNDJTJGcGF0aCUzRSUwQSUyMCUyMCUyMCUyMCUyMCUyMCUyMCUyMCUyMCUyMCUyMCUyMCUyMCUyMCUyMCUyMCUzQ3BhdGglMjBjbGFzcyUzRCUyMmNscy0xJTIyJTIwZCUzRCUyMk0yMTguMzU4JTJDNTc0LjU4NWMtLjE1LjA5NC0uMDQ0LjA5NC0uMjU2LjA5NGEuMjU2LjI1NiUyQzAlMkMwJTJDMS0uMi0uMDg2LjI3OC4yNzglMkMwJTJDMCUyQzEtLjA4NC0uMlY1NjkuNzFoLS45YS4yODcuMjg3JTJDMCUyQzAlMkMxJTJDMC0uNTczaC45di0uNTNhLjI3MS4yNzElMkMwJTJDMCUyQzElMkMuMDg0LS4yLjI2My4yNjMlMkMwJTJDMCUyQzElMkMuMi0uMDg2LjI3Mi4yNzIlMkMwJTJDMCUyQzElMkMuMi4wODYuMjY3LjI2NyUyQzAlMkMwJTJDMSUyQy4wODYuMnYuNTNoLjlhLjI4Ny4yODclMkMwJTJDMCUyQzElMkMwJTJDLjU3M2gtLjlWNTc0LjRBLjgzMy44MzMlMkMwJTJDMCUyQzElMkMyMTguMzU4JTJDNTc0LjU4NVolMjIlMjB0cmFuc2Zvcm0lM0QlMjJ0cmFuc2xhdGUlMjgtMjAxLjU5NCUyMC01NjYuODclMjklMjIlM0UlM0MlMkZwYXRoJTNFJTBBJTIwJTIwJTIwJTIwJTIwJTIwJTIwJTIwJTIwJTIwJTIwJTIwJTIwJTIwJTIwJTIwJTNDcGF0aCUyMGNsYXNzJTNEJTIyY2xzLTElMjIlMjBkJTNEJTIyTTI1Ni4zJTJDNTc5LjYyM2EuMjg2LjI4NiUyQzAlMkMwJTJDMS0uNTczJTJDMHYtNC45N2EuMjg3LjI4NyUyQzAlMkMwJTJDMSUyQy41NzMlMkMwWiUyMiUyMHRyYW5zZm9ybSUzRCUyMnRyYW5zbGF0ZSUyOC0yMzUuNDMyJTIwLTU3Mi4xJTI5JTIyJTNFJTNDJTJGcGF0aCUzRSUwQSUyMCUyMCUyMCUyMCUyMCUyMCUyMCUyMCUyMCUyMCUyMCUyMCUyMCUyMCUyMCUyMCUzQ3BhdGglMjBjbGFzcyUzRCUyMmNscy0xJTIyJTIwZCUzRCUyMk0zNzQuNDY5JTJDNTc0Ljk5NGEuMjc2LjI3NiUyQzAlMkMwJTJDMS0uMDg0LjIuMjY2LjI2NiUyQzAlMkMwJTJDMS0uMi4wODYuNDE2LjQxNiUyQzAlMkMwJTJDMS0uMjQ4LS4xMDUlMkMxLjI4NCUyQzEuMjg0JTJDMCUyQzAlMkMwLS4xLS4xbC0uMS0uMDkzYTEuOTgxJTJDMS45ODElMkMwJTJDMCUyQzAtMS4zMTMtLjQzJTJDMi4yJTJDMi4yJTJDMCUyQzAlMkMwJTJDMCUyQzQuNCUyQzEuOTglMkMxLjk4JTJDMCUyQzAlMkMwJTJDMS4zMTMtLjQzYy4wNy0uMDYxLjEzNy0uMTIyLjItLjE4NmEuNC40JTJDMCUyQzAlMkMxJTJDLjI0OC0uMTE1LjI1NS4yNTUlMkMwJTJDMCUyQzElMkMuMi4wODguMjg5LjI4OSUyQzAlMkMwJTJDMSUyQy4wODIuMnEwJTJDLjItLjM4Ny40NTlhMi45NSUyQzIuOTUlMkMwJTJDMCUyQzEtMS42NTEuNTU0JTJDMi43NzElMkMyLjc3MSUyQzAlMkMwJTJDMSUyQzAtNS41NDIlMkMyLjk0NyUyQzIuOTQ3JTJDMCUyQzAlMkMxJTJDMS42NTEuNTUzUTM3NC40NjklMkM1NzQuOCUyQzM3NC40NjklMkM1NzQuOTk0WiUyMiUyMHRyYW5zZm9ybSUzRCUyMnRyYW5zbGF0ZSUyOC0zMzQuMDUzJTIwLTU3MS43NjclMjklMjIlM0UlM0MlMkZwYXRoJTNFJTBBJTIwJTIwJTIwJTIwJTIwJTIwJTIwJTIwJTIwJTIwJTIwJTIwJTIwJTIwJTIwJTIwJTNDcGF0aCUyMGNsYXNzJTNEJTIyY2xzLTElMjIlMjBkJTNEJTIyTTQyMi42JTJDNTc5LjYyN2EuMjg2LjI4NiUyQzAlMkMwJTJDMS0uNTczJTJDMHYtNC45N2EuMjg2LjI4NiUyQzAlMkMwJTJDMSUyQy41NzMlMkMwWiUyMiUyMHRyYW5zZm9ybSUzRCUyMnRyYW5zbGF0ZSUyOC0zNzkuMzg5JTIwLTU3Mi4xMDMlMjklMjIlM0UlM0MlMkZwYXRoJTNFJTBBJTIwJTIwJTIwJTIwJTIwJTIwJTIwJTIwJTIwJTIwJTIwJTIwJTIwJTIwJTIwJTIwJTNDcGF0aCUyMGNsYXNzJTNEJTIyY2xzLTElMjIlMjBkJTNEJTIyTTQ0Ni4yNzklMkM1NjIuNDg0YTIuNzg4JTJDMi43ODglMkMwJTJDMSUyQzEtLjgxNy0xLjk1N0EyLjY2NiUyQzIuNjY2JTJDMCUyQzAlMkMxJTJDNDQ2LjI3OSUyQzU2Mi40ODRabS0uNTY4JTJDMGEyLjIlMkMyLjIlMkMwJTJDMSUyQzAtMi4yJTJDMi4yJTJDMi4yMDklMkMyLjIwOSUyQzAlMkMwJTJDMCUyQzIuMi0yLjJabS0xLjU2MS00LjcwN2EuMjc2LjI3NiUyQzAlMkMwJTJDMS0uMDM4LjE0OEw0NDMuMzc2JTJDNTU5YS4yODcuMjg3JTJDMCUyQzAlMkMxLS4yNDQuMTM4Yy0uMTg0JTJDMC0uMjc3LS4xLS4yNzctLjI5MWEuMjQxLjI0MSUyQzAlMkMwJTJDMSUyQy4wNDMtLjE0OGwuNzMtMS4wNzRhLjI4NC4yODQlMkMwJTJDMCUyQzElMkMuMjQ0LS4xMjhBLjI0Ni4yNDYlMkMwJTJDMCUyQzElMkM0NDQuMTQ5JTJDNTU3Ljc3NlolMjIlMjB0cmFuc2Zvcm0lM0QlMjJ0cmFuc2xhdGUlMjgtMzk1LjU4NiUyMC01NTcuNDk1JTI5JTIyJTNFJTNDJTJGcGF0aCUzRSUwQSUyMCUyMCUyMCUyMCUyMCUyMCUyMCUyMCUyMCUyMCUyMCUyMCUyMCUyMCUyMCUyMCUzQ3BhdGglMjBjbGFzcyUzRCUyMmNscy0xJTIyJTIwZCUzRCUyMk0zMTMuNjIlMkM1NzQuODE5YS4yODcuMjg3JTJDMCUyQzAlMkMxJTJDLjU3MyUyQzBWNTc3LjNhMi4yJTJDMi4yJTJDMCUyQzAlMkMwJTJDNC40JTJDMHYtMi40ODNhLjI4Ny4yODclMkMwJTJDMCUyQzElMkMuNTczJTJDMHMuMDEzJTJDMi4xLjAxMyUyQzIuNDY1YTIuNiUyQzIuNiUyQzAlMkMwJTJDMS0uNzQ5JTJDMS45NjclMkMyLjcwOCUyQzIuNzA4JTJDMCUyQzAlMkMxLTIuMTEuODI0JTJDMi41MzElMkMyLjUzMSUyQzAlMkMwJTJDMS0xLjktLjgzJTJDMi43JTJDMi43JTJDMCUyQzAlMkMxLS43OTMtMS45NDNaJTIyJTIwdHJhbnNmb3JtJTNEJTIydHJhbnNsYXRlJTI4LTI4NS41NDYlMjAtNTcyLjI0NCUyOSUyMiUzRSUzQyUyRnBhdGglM0UlMEElMjAlMjAlMjAlMjAlMjAlMjAlMjAlMjAlMjAlMjAlMjAlMjAlMjAlMjAlMjAlMjAlM0NwYXRoJTIwY2xhc3MlM0QlMjJjbHMtMSUyMiUyMGQlM0QlMjJNMjc1LjklMkM1NzQuMzkyYy0uMTUuMDk0LS4wNDQuMDk0LS4yNTYuMDk0YS4yNTQuMjU0JTJDMCUyQzAlMkMxLS4yLS4wODYuMjc3LjI3NyUyQzAlMkMwJTJDMS0uMDg0LS4ydi00LjY4M2gtLjlhLjI4Ny4yODclMkMwJTJDMCUyQzElMkMwLS41NzNoLjl2LS41M2EuMjcyLjI3MiUyQzAlMkMwJTJDMSUyQy4wODQtLjIuMjY0LjI2NCUyQzAlMkMwJTJDMSUyQy4yLS4wODYuMjcyLjI3MiUyQzAlMkMwJTJDMSUyQy4yLjA4Ni4yNjcuMjY3JTJDMCUyQzAlMkMxJTJDLjA4Ni4ydi41M2guOWEuMjg3LjI4NyUyQzAlMkMwJTJDMSUyQzAlMkMuNTczaC0uOXY0LjY4OEEuODM5LjgzOSUyQzAlMkMwJTJDMSUyQzI3NS45JTJDNTc0LjM5MlolMjIlMjB0cmFuc2Zvcm0lM0QlMjJ0cmFuc2xhdGUlMjgtMjUxLjQwMiUyMC01NjYuNzAzJTI5JTIyJTNFJTNDJTJGcGF0aCUzRSUwQSUyMCUyMCUyMCUyMCUyMCUyMCUyMCUyMCUyMCUyMCUyMCUyMCUyMCUyMCUyMCUyMCUzQ3BhdGglMjBjbGFzcyUzRCUyMmNscy0xJTIyJTIwZCUzRCUyMk01MDIuNDE4JTJDNTc5LjIzNmEuMjg2LjI4NiUyQzAlMkMwJTJDMS0uNTczJTJDMHYtMi40ODNhMi4yJTJDMi4yJTJDMCUyQzAlMkMwLTQuNCUyQzB2Mi40ODNhLjI4Ny4yODclMkMwJTJDMCUyQzEtLjU3MyUyQzBzLS4wMTQtMi4xLS4wMTQtMi40NjVhMi42JTJDMi42JTJDMCUyQzAlMkMxJTJDLjc0OS0xLjk2OCUyQzIuNzElMkMyLjcxJTJDMCUyQzAlMkMxJTJDMi4xMS0uODIzJTJDMi41MjglMkMyLjUyOCUyQzAlMkMwJTJDMSUyQzEuOS44MzElMkMyLjclMkMyLjclMkMwJTJDMCUyQzElMkMuNzkyJTJDMS45NDNaJTIyJTIwdHJhbnNmb3JtJTNEJTIydHJhbnNsYXRlJTI4LTQ0NC4xNjclMjAtNTcxLjc2NCUyOSUyMiUzRSUzQyUyRnBhdGglM0UlMEElMjAlMjAlMjAlMjAlMjAlMjAlMjAlMjAlMjAlMjAlMjAlMjAlMjAlMjAlMjAlMjAlM0NwYXRoJTIwY2xhc3MlM0QlMjJjbHMtMSUyMiUyMGQlM0QlMjJNMTUyLjQ1OSUyQzY1Mi4xMTdhLjMxMS4zMTElMkMwJTJDMCUyQzEtLjA5LjIyOGwtMy42NzIlMkMzLjY3MWEyLjU4NiUyQzIuNTg2JTJDMCUyQzAlMkMwJTJDMS40ODcuNSUyQzIuMjA2JTJDMi4yMDYlMkMwJTJDMCUyQzAlMkMxLjQ2MS0uNDc4Yy4wNzctLjA2Ny4xNTItLjEzNi4yMjMtLjIwN2EuNDQuNDQlMkMwJTJDMCUyQzElMkMuMjc2LS4xMjguMjg1LjI4NSUyQzAlMkMwJTJDMSUyQy4yMTguMS4zMjMuMzIzJTJDMCUyQzAlMkMxJTJDLjA5Mi4yMjZjMCUyQy4xNDUtLjE0NS4zMTUtLjQzMi41MWEzLjI3OSUyQzMuMjc5JTJDMCUyQzAlMkMxLTEuODM4LjYxNiUyQzMuMDg0JTJDMy4wODQlMkMwJTJDMCUyQzElMkMwLTYuMTY3JTJDMy4zNjclMkMzLjM2NyUyQzAlMkMwJTJDMSUyQzEuODM4LjYxNlExNTIuNDU4JTJDNjUxLjklMkMxNTIuNDU5JTJDNjUyLjExN1ptLS43MzQuMDY0YTIuNSUyQzIuNSUyQzAlMkMwJTJDMC0xLjU0LS41NTIlMkMyLjQ0NSUyQzIuNDQ1JTJDMCUyQzAlMkMwLTIuNDQ4JTJDMi40NDklMkMyLjQwNyUyQzIuNDA3JTJDMCUyQzAlMkMwJTJDLjU2MiUyQzEuNTNaJTIyJTIwdHJhbnNmb3JtJTNEJTIydHJhbnNsYXRlJTI4LTE0MS40MDQlMjAtNjM4LjQyOCUyOSUyMiUzRSUzQyUyRnBhdGglM0UlMEElMjAlMjAlMjAlMjAlMjAlMjAlMjAlMjAlMjAlMjAlMjAlMjAlMjAlMjAlMjAlMjAlM0NwYXRoJTIwY2xhc3MlM0QlMjJjbHMtMSUyMiUyMGQlM0QlMjJNMjA4LjU2NSUyQzY1MS4zMTRhLjMxLjMxJTJDMCUyQzAlMkMxLS4wOTMuMjIzLjMuMyUyQzAlMkMwJTJDMS0uMjIxLjElMkMyLjQ1NiUyQzIuNDU2JTJDMCUyQzAlMkMwLTIuNDQ4JTJDMi40NDl2Mi43NjJhLjMxOS4zMTklMkMwJTJDMCUyQzEtLjYzNyUyQzB2LTUuNTNhLjMxOS4zMTklMkMwJTJDMCUyQzElMkMuNjM3JTJDMHYxLjAzNmEzLjkxNSUyQzMuOTE1JTJDMCUyQzAlMkMxJTJDMS4wNTEtMSUyQzIuNjklMkMyLjY5JTJDMCUyQzAlMkMxJTJDMS40LS4zNTYuMy4zJTJDMCUyQzAlMkMxJTJDLjIyMS4xQS4zMDcuMzA3JTJDMCUyQzAlMkMxJTJDMjA4LjU2NSUyQzY1MS4zMTRaJTIyJTIwdHJhbnNmb3JtJTNEJTIydHJhbnNsYXRlJTI4LTE5MS42NjQlMjAtNjM4LjQzMiUyOSUyMiUzRSUzQyUyRnBhdGglM0UlMEElMjAlMjAlMjAlMjAlMjAlMjAlMjAlMjAlMjAlMjAlMjAlMjAlMjAlMjAlMjAlMjAlM0NwYXRoJTIwY2xhc3MlM0QlMjJjbHMtMSUyMiUyMGQlM0QlMjJNMjUwLjY2MSUyQzY1Mi4zNGEuMzA4LjMwOCUyQzAlMkMwJTJDMS0uMDkuMjI5bC0zLjY3JTJDMy42N2EyLjU4MSUyQzIuNTgxJTJDMCUyQzAlMkMwJTJDMS40ODcuNSUyQzIuMiUyQzIuMiUyQzAlMkMwJTJDMCUyQzEuNDYxLS40NzhjLjA3Ny0uMDY3LjE1My0uMTM2LjIyMi0uMjA3YS40NDQuNDQ0JTJDMCUyQzAlMkMxJTJDLjI3Ny0uMTI3LjI4NS4yODUlMkMwJTJDMCUyQzElMkMuMjE3LjEuMzI4LjMyOCUyQzAlMkMwJTJDMSUyQy4wOS4yMjZjMCUyQy4xNDYtLjE0My4zMTUtLjQzLjUxYTMuMjglMkMzLjI4JTJDMCUyQzAlMkMxLTEuODM4LjYxNiUyQzMuMDg0JTJDMy4wODQlMkMwJTJDMCUyQzElMkMwLTYuMTY3JTJDMy4zNzElMkMzLjM3MSUyQzAlMkMwJTJDMSUyQzEuODM4LjYxNVEyNTAuNjYyJTJDNjUyLjEyMyUyQzI1MC42NjElMkM2NTIuMzRabS0uNzMyLjA2NWEyLjUlMkMyLjUlMkMwJTJDMCUyQzAtMS41NC0uNTUyJTJDMi40NDglMkMyLjQ0OCUyQzAlMkMwJTJDMC0yLjQ0OSUyQzIuNDQ5JTJDMi40MTElMkMyLjQxMSUyQzAlMkMwJTJDMCUyQy41NjMlMkMxLjUzWiUyMiUyMHRyYW5zZm9ybSUzRCUyMnRyYW5zbGF0ZSUyOC0yMjYuNDEyJTIwLTYzOC42MjIlMjklMjIlM0UlM0MlMkZwYXRoJTNFJTBBJTIwJTIwJTIwJTIwJTIwJTIwJTIwJTIwJTIwJTIwJTIwJTIwJTIwJTIwJTIwJTIwJTNDcGF0aCUyMGNsYXNzJTNEJTIyY2xzLTElMjIlMjBkJTNEJTIyTTMwNS43NCUyQzY1NS40NTRhMS43MTUlMkMxLjcxNSUyQzAlMkMwJTJDMS0xLjY5NCUyQzEuNyUyQzEuOCUyQzEuOCUyQzAlMkMwJTJDMS0uODU1LS4yMTglMkMxLjM3OCUyQzEuMzc4JTJDMCUyQzAlMkMxLS42MTYtLjYyNy41Mi41MiUyQzAlMkMwJTJDMS0uMDQyLS4xNy4zMjguMzI4JTJDMCUyQzAlMkMxJTJDLjMwNy0uMzA4cS4xMTglMkMwJTJDLjQ1MS4zNDVhMS4wMzklMkMxLjAzOSUyQzAlMkMwJTJDMCUyQy43NTUuMzQlMkMxLjAyNCUyQzEuMDI0JTJDMCUyQzAlMkMwJTJDLjc0OS0uMzEzJTJDMS4wNTQlMkMxLjA1NCUyQzAlMkMwJTJDMCUyQy4zMTMtLjc1NCUyQzEuMDY4JTJDMS4wNjglMkMwJTJDMCUyQzAtMS4wNjItMS4wNjIlMkMxLjclMkMxLjclMkMwJTJDMCUyQzElMkMwLTMuNCUyQzEuNzQ2JTJDMS43NDYlMkMwJTJDMCUyQzElMkMuODYuMjM0JTJDMS4zODIlMkMxLjM4MiUyQzAlMkMwJTJDMSUyQy42MDYuNjExLjM2NS4zNjUlMkMwJTJDMCUyQzElMkMuMDQ4LjE2NS4zMjYuMzI2JTJDMCUyQzAlMkMxLS4zMTkuMzE4Yy0uMDc0JTJDMC0uMjIyLS4xMTUtLjQ0MS0uMzQ1YTEuMDE3JTJDMS4wMTclMkMwJTJDMCUyQzAtMS41LS4wMjclMkMxLjA2MiUyQzEuMDYyJTJDMCUyQzAlMkMwJTJDLjc0OSUyQzEuODExJTJDMS43MDUlMkMxLjcwNSUyQzAlMkMwJTJDMSUyQzEuNjk0JTJDMS42OTVaJTIyJTIwdHJhbnNmb3JtJTNEJTIydHJhbnNsYXRlJTI4LTI3NS43OTElMjAtNjM4LjQyOCUyOSUyMiUzRSUzQyUyRnBhdGglM0UlMEElMjAlMjAlMjAlMjAlMjAlMjAlMjAlMjAlMjAlMjAlMjAlMjAlMjAlMjAlMjAlMjAlM0NwYXRoJTIwY2xhc3MlM0QlMjJjbHMtMSUyMiUyMGQlM0QlMjJNMzQ0LjcxOSUyQzY1Ni44NGEuMzE4LjMxOCUyQzAlMkMwJTJDMS0uNjM3JTJDMHYtNS41M2EuMzE4LjMxOCUyQzAlMkMwJTJDMSUyQy42MzclMkMwWiUyMiUyMHRyYW5zZm9ybSUzRCUyMnRyYW5zbGF0ZSUyOC0zMTEuOTE1JTIwLTYzOC40MjglMjklMjIlM0UlM0MlMkZwYXRoJTNFJTBBJTIwJTIwJTIwJTIwJTIwJTIwJTIwJTIwJTIwJTIwJTIwJTIwJTIwJTIwJTIwJTIwJTNDcGF0aCUyMGNsYXNzJTNEJTIyY2xzLTElMjIlMjBkJTNEJTIyTTM3MS4yNzQlMkM2NTYuNjNhLjMxNi4zMTYlMkMwJTJDMCUyQzEtLjYzMiUyQzB2LTEuMDQxYTMuMDM0JTJDMy4wMzQlMkMwJTJDMSUyQzEtMi40NDgtNC44MDclMkMzLjElMkMzLjElMkMwJTJDMCUyQzElMkMzLjA4JTJDMy4wODNabS0uNjMyLTIuNzYyYTIuNDQ5JTJDMi40NDklMkMwJTJDMSUyQzAtNC4xNzUlMkMxLjcyNiUyQzIuNDQ5JTJDMi40NDklMkMwJTJDMCUyQzAlMkM0LjE3NS0xLjcyNlolMjIlMjB0cmFuc2Zvcm0lM0QlMjJ0cmFuc2xhdGUlMjgtMzMwLjExOSUyMC02MzguMjQ4JTI5JTIyJTNFJTNDJTJGcGF0aCUzRSUwQSUyMCUyMCUyMCUyMCUyMCUyMCUyMCUyMCUyMCUyMCUyMCUyMCUyMCUyMCUyMCUyMCUzQ3BhdGglMjBjbGFzcyUzRCUyMmNscy0xJTIyJTIwZCUzRCUyMk0xMDYuOTg1JTJDNjUxLjI0Yy0uMTY2LjEwNS0uMDQ4LjEwNS0uMjg1LjEwNWEuMjgzLjI4MyUyQzAlMkMwJTJDMS0uMjItLjEuMzExLjMxMSUyQzAlMkMwJTJDMS0uMDkzLS4yMjN2LTUuMjExaC0xYS4zMTkuMzE5JTJDMCUyQzAlMkMxJTJDMC0uNjM4aDF2LS41ODlhLjMuMyUyQzAlMkMwJTJDMSUyQy4wOTMtLjIxOC4yOTQuMjk0JTJDMCUyQzAlMkMxJTJDLjIyLS4xLjMwNi4zMDYlMkMwJTJDMCUyQzElMkMuMjI0LjEuMy4zJTJDMCUyQzAlMkMxJTJDLjEuMjE4di41ODloMWEuMzI3LjMyNyUyQzAlMkMwJTJDMSUyQy4zMTkuMzE5LjMyNi4zMjYlMkMwJTJDMCUyQzEtLjMxOS4zMTloLTF2NS4yMTdBLjkyOC45MjglMkMwJTJDMCUyQzElMkMxMDYuOTg1JTJDNjUxLjI0WiUyMiUyMHRyYW5zZm9ybSUzRCUyMnRyYW5zbGF0ZSUyOC0xMDUuMDE3JTIwLTYzMi42MTQlMjklMjIlM0UlM0MlMkZwYXRoJTNFJTBBJTIwJTIwJTIwJTIwJTIwJTIwJTIwJTIwJTIwJTIwJTIwJTIwJTIwJTIwJTIwJTIwJTNDcGF0aCUyMGNsYXNzJTNEJTIyY2xzLTElMjIlMjBkJTNEJTIyTTQzNS43MzYlMkM2NTYuODA2YS4zMTkuMzE5JTJDMCUyQzAlMkMxLS42MzglMkMwdi0yLjc2MmEyLjQ0NiUyQzIuNDQ2JTJDMCUyQzAlMkMwLTQuODkyJTJDMHYyLjc2MmEuMzE5LjMxOSUyQzAlMkMwJTJDMS0uNjM3JTJDMHMtLjAxNS0yLjMzNy0uMDE1LTIuNzQyYTIuODkyJTJDMi44OTIlMkMwJTJDMCUyQzElMkMuODMzLTIuMTg5JTJDMy4wMTUlMkMzLjAxNSUyQzAlMkMwJTJDMSUyQzIuMzQ4LS45MTYlMkMyLjgxNSUyQzIuODE1JTJDMCUyQzAlMkMxJTJDMi4xMi45MjQlMkMzLjAxMSUyQzMuMDExJTJDMCUyQzAlMkMxJTJDLjg4MiUyQzIuMTYyWiUyMiUyMHRyYW5zZm9ybSUzRCUyMnRyYW5zbGF0ZSUyOC0zODUuOTAyJTIwLTYzOC4zOTklMjklMjIlM0UlM0MlMkZwYXRoJTNFJTBBJTIwJTIwJTIwJTIwJTIwJTIwJTIwJTIwJTIwJTIwJTIwJTIwJTIwJTIwJTIwJTIwJTNDcGF0aCUyMGNsYXNzJTNEJTIyY2xzLTElMjIlMjBkJTNEJTIyTTQ5OC4xMTMlMkM2NTYuODEzYS4zMjYuMzI2JTJDMCUyQzAlMkMxLS4zMTMuMzE5LjMyNy4zMjclMkMwJTJDMCUyQzEtLjMxOS0uMzE5di0xLjA0MWEzLjAzNCUyQzMuMDM0JTJDMCUyQzElMkMxLTIuNDQ4LTQuODA3JTJDMy4xJTJDMy4xJTJDMCUyQzAlMkMxJTJDMy4wOCUyQzMuMDgzWm0tLjYzMi0yLjc2MmEyLjQ0OSUyQzIuNDQ5JTJDMCUyQzElMkMwLTQuMTc1JTJDMS43MjYlMkMyLjQ0OSUyQzIuNDQ5JTJDMCUyQzAlMkMwJTJDNC4xNzUtMS43MjZaJTIyJTIwdHJhbnNmb3JtJTNEJTIydHJhbnNsYXRlJTI4LTQzOS45MTYlMjAtNjM4LjQwNiUyOSUyMiUzRSUzQyUyRnBhdGglM0UlMEElMjAlMjAlMjAlMjAlMjAlMjAlMjAlMjAlMjAlMjAlMjAlMjAlM0MlMkZnJTNFJTBBJTIwJTIwJTIwJTIwJTIwJTIwJTIwJTIwJTNDJTJGZyUzRSUwQSUyMCUyMCUyMCUyMCUzQyUyRnN2ZyUzRSUzQyUyRmNlbnRlciUzRQ==[\/vc_raw_html][\/vc_column][vc_column offset=\u00bbvc_col-md-4&#8243;]<div class=\"widget_sidebar_menu main-sidebar-menu sidebar-menu-wrap  wpb_custom_fa56fd63c3b694fcdb3812eb30a338f1\"><div class=\"widget-title\">Con\u00f3cenos<\/div><div class=\"sidebar-menu-wrap\"><ul id=\"menu-conocenos\" class=\"sidebar-menu\"><li id=\"nav-menu-item-5046\" class=\"menu-item menu-item-type-post_type menu-item-object-page  narrow \"><a href=\"https:\/\/www.cifo.edu.pe\/index.php\/conocenos\/presentacion\/\">Presentaci\u00f3n<\/a><\/li>\n<li id=\"nav-menu-item-5059\" class=\"menu-item menu-item-type-post_type menu-item-object-page  narrow \"><a href=\"https:\/\/www.cifo.edu.pe\/index.php\/conocenos\/institucion-teresiana\/\">Instituci\u00f3n Teresiana<\/a><\/li>\n<li id=\"nav-menu-item-5190\" class=\"menu-item menu-item-type-post_type menu-item-object-page  narrow \"><a href=\"https:\/\/www.cifo.edu.pe\/index.php\/conocenos\/resena-historica\/\">Rese\u00f1a hist\u00f3rica<\/a><\/li>\n<li id=\"nav-menu-item-5194\" class=\"menu-item menu-item-type-post_type menu-item-object-page  narrow \"><a href=\"https:\/\/www.cifo.edu.pe\/index.php\/conocenos\/mision-y-vision\/\">Misi\u00f3n y Visi\u00f3n<\/a><\/li>\n<li id=\"nav-menu-item-5193\" class=\"menu-item menu-item-type-post_type menu-item-object-page  narrow \"><a href=\"https:\/\/www.cifo.edu.pe\/index.php\/conocenos\/propuesta-pedagogica\/\">Propuesta Pedag\u00f3gica<\/a><\/li>\n<li id=\"nav-menu-item-5192\" class=\"menu-item menu-item-type-post_type menu-item-object-page  narrow \"><a href=\"https:\/\/www.cifo.edu.pe\/index.php\/conocenos\/reconocimientos\/\">Reconocimientos<\/a><\/li>\n<li id=\"nav-menu-item-5191\" class=\"menu-item menu-item-type-post_type menu-item-object-page  narrow \"><a href=\"https:\/\/www.cifo.edu.pe\/index.php\/conocenos\/himno-del-colegio\/\">Himno del colegio<\/a><\/li>\n<\/ul><\/div><\/div>[\/vc_column][\/vc_row][vc_row][vc_column][vc_cta h2=\u00bbCon el t\u00edtulo <b> \u201cFortalecer la comuni\u00f3n que impulsa a la misi\u00f3n\u201d<\/b>\u00bb txt_align=\u00bbcenter\u00bb shape=\u00bbsquare\u00bb style=\u00bbflat\u00bb color=\u00bbwhite\u00bb add_button=\u00bbright\u00bb btn_title=\u00bbDescargar carta 2025&#8243; btn_style=\u00bbmodern\u00bb btn_color=\u00bbwarning\u00bb btn_size=\u00bblg\u00bb btn_align=\u00bbcenter\u00bb btn_skin=\u00bbprimary\u00bb btn_show_arrow=\u00bbyes\u00bb btn_el_class=\u00bbbtn-call-to-action\u00bb css=\u00bb.vc_custom_1761552775523{background-color: #f7f7f7 !important;}\u00bb el_class=\u00bbmb-0&#8243; btn_link=\u00bburl:https%3A%2F%2Finstitucionteresianaac-my.sharepoint.com%2F%3Ab%3A%2Fg%2Fpersonal%2Fparalaweb_institucionteresiana_org%2FEXmqJ-xes8lGjKFRz0hJUmwBxZT44yXi-TxJj_MgdGvmgg%3Fe%3D9SiidI|target:_blank\u00bb]La directora de la Instituci\u00f3n Teresiana, <strong>Gregoria Ruiz<\/strong>, escribe su Carta del a\u00f1o 2025 dirigida a todos los miembros, colaboradores, amistades y personas que comparten el carisma de San Pedro Poveda.[\/vc_cta][\/vc_column][\/vc_row][vc_row wrap_container=\u00bbyes\u00bb is_section=\u00bbyes\u00bb remove_margin_top=\u00bbyes\u00bb remove_margin_bottom=\u00bbyes\u00bb remove_border=\u00bbyes\u00bb css=\u00bb.vc_custom_1543891117429{padding-top: 70px !important;}\u00bb][vc_column][vc_accordion active_tab=\u00bb1&#8243; type=\u00bbpanel-modern\u00bb size=\u00bbpanel-group-sm\u00bb el_class=\u00bbmb-5&#8243;][vc_accordion_tab title=\u00bb\u00bfD\u00f3nde estamos?\u00bb show_icon=\u00bbyes\u00bb icon=\u00bbfas fa-award\u00bb][vc_column_text]Los miembros de la IT estamos en una treintena de pa\u00edses en \u00c1frica, Am\u00e9rica, Asia y Europa. Queremos ser sal para dar sabor, levadura que se mezcla para construir un mundo m\u00e1s humano y fraterno, m\u00e1s cercano al proyecto de Dios que Jes\u00fas nos revela en su Encarnaci\u00f3n.[\/vc_column_text][vc_raw_html]JTNDZGl2JTIwc3R5bGUlM0QlMjJ3aWR0aCUzQSUyMDEwMCUyNSUzQiUyMiUzRSUzQ2RpdiUyMHN0eWxlJTNEJTIycG9zaXRpb24lM0ElMjByZWxhdGl2ZSUzQiUyMHBhZGRpbmctYm90dG9tJTNBJTIwMzQuMTglMjUlM0IlMjBwYWRkaW5nLXRvcCUzQSUyMDAlM0IlMjBoZWlnaHQlM0ElMjAwJTNCJTIyJTNFJTNDaWZyYW1lJTIwdGl0bGUlM0QlMjJFUyUyME1hcGElMjBwYXJhJTIwbGElMjB3ZWIlMjIlMjBmcmFtZWJvcmRlciUzRCUyMjAlMjIlMjB3aWR0aCUzRCUyMjEwMjQlMjIlMjBoZWlnaHQlM0QlMjIzNTAlMjIlMjBzdHlsZSUzRCUyMnBvc2l0aW9uJTNBJTIwYWJzb2x1dGUlM0IlMjB0b3AlM0ElMjAwJTNCJTIwbGVmdCUzQSUyMDAlM0IlMjB3aWR0aCUzQSUyMDEwMCUyNSUzQiUyMGhlaWdodCUzQSUyMDEwMCUyNSUzQiUyMiUyMHNyYyUzRCUyMmh0dHBzJTNBJTJGJTJGdmlldy5nZW5pYWxseS5jb20lMkY2NmY2NmM3NmI2MzA1Y2Q3YTcxMjU3ODglMjIlMjB0eXBlJTNEJTIydGV4dCUyRmh0bWwlMjIlMjBhbGxvd3NjcmlwdGFjY2VzcyUzRCUyMmFsd2F5cyUyMiUyMGFsbG93ZnVsbHNjcmVlbiUzRCUyMnRydWUlMjIlMjBzY3JvbGxpbmclM0QlMjJ5ZXMlMjIlMjBhbGxvd25ldHdvcmtpbmclM0QlMjJhbGwlMjIlM0UlM0MlMkZpZnJhbWUlM0UlMjAlM0MlMkZkaXYlM0UlMjAlM0MlMkZkaXYlM0U=[\/vc_raw_html][\/vc_accordion_tab][vc_accordion_tab title=\u00bbNuestras ra\u00edces\u00bb show_icon=\u00bbyes\u00bb icon=\u00bbfas fa-award\u00bb][vc_column_text]La Instituci\u00f3n Teresiana fue fundada por San Pedro Poveda (1911).<\/p>\n<p>Trabaj\u00f3 en GUADIX con los gitanos, los excluidos de su \u00e9poca, creando escuelas, comedores y talleres para todos.<\/p>\n<p>En COVADONGA (1906-1913) dedic\u00f3 su tiempo a estudiar y proyectar sobre educaci\u00f3n y los mejores m\u00e9todos pedag\u00f3gicos. A los pies de la Virgen de Covadonga pens\u00f3 y proyect\u00f3 una asociaci\u00f3n para laicos con una s\u00f3lida formaci\u00f3n profesional y humana dispuestos a encarnar desde la fe el momento hist\u00f3rico que les tocaba vivir, en el amplio campo de la educaci\u00f3n y la cultura: La INSTITUCI\u00d3N TERESIANA<\/p>\n<p>La Instituci\u00f3n Teresiana lleg\u00f3 a Per\u00fa en 1943. En 1950 se cre\u00f3 el colegio Instituci\u00f3n Teresiana, actualmente Isabel Flores de Oliva (CIFO).[\/vc_column_text][\/vc_accordion_tab][\/vc_accordion][\/vc_column][\/vc_row][vc_row wrap_container=\u00bbyes\u00bb el_class=\u00bbcall-to-action-in-footer\u00bb css=\u00bb.vc_custom_1543831055944{padding-top: 100px !important;padding-bottom: 100px !important;background-color: #f7f7f7 !important;}\u00bb][vc_column][vc_cta h2=\u00bbLa Instituci\u00f3n Teresiana, <b>IT<\/b>, es una <b>Asociaci\u00f3n Internacional de Laicos de la Iglesia Cat\u00f3lica.<\/b>\u00bb txt_align=\u00bbcenter\u00bb shape=\u00bbsquare\u00bb style=\u00bbflat\u00bb color=\u00bbwhite\u00bb add_button=\u00bbright\u00bb btn_title=\u00bbQuiero saber m\u00e1s\u00bb btn_style=\u00bbmodern\u00bb btn_color=\u00bbprimary\u00bb btn_size=\u00bblg\u00bb btn_align=\u00bbright\u00bb btn_skin=\u00bbdark\u00bb btn_show_arrow=\u00bbyes\u00bb btn_el_class=\u00bbbtn-call-to-action\u00bb css=\u00bb.vc_custom_1761554849566{background-color: #f7f7f7 !important;}\u00bb el_class=\u00bbmb-0&#8243; btn_link=\u00bburl:https%3A%2F%2Finstitucionteresiana.org%2Fes%2F|target:_blank\u00bb]Todos los miembros de la Instituci\u00f3n compartimos unos mismos Estatutos. Nos unen los valores del Evangelio, los rasgos de un mismo carisma y de nuestra espiritualidad laical de encarnaci\u00f3n, centrada en Jesucristo, llamada a poner en di\u00e1logo la fe y las culturas, a comprometerse con los derechos de los m\u00e1s vulnerables y a promover el desarrollo equitativo y solidario de todos los pueblos.[\/vc_cta][\/vc_column][\/vc_row]<\/p>\n<\/section>","protected":false},"excerpt":{"rendered":"<p>[vc_row wrap_container=\u00bbyes\u00bb css=\u00bb.vc_custom_1543890012935{padding-top: 50px !important;}\u00bb][vc_column offset=\u00bbvc_col-md-8 vc_col-xs-12&#8243;][vc_custom_heading text=\u00bbInstituci\u00f3n Teresiana\u00bb font_container=\u00bbtag:h2|font_size:28px|text_align:left\u00bb use_theme_fonts=\u00bbyes\u00bb css_animation=\u00bbfadeInUp\u00bb el_class=\u00bbmb-3&#8243;][vc_column_text css_animation=\u00bbfadeInUp\u00bb el_class=\u00bblead mb-4&#8243;]Somos mujeres y hombres que nos asociamos para vivir la fe y contribuir a la promoci\u00f3n humana y la transformaci\u00f3n social, mediante la educaci\u00f3n y la cultura, desde nuestras responsabilidades profesionales y familiares, participando en la misi\u00f3n evangelizadora de la [&hellip;]<\/p>\n","protected":false},"author":1,"featured_media":0,"parent":2217,"menu_order":0,"comment_status":"closed","ping_status":"closed","template":"","meta":[],"_links":{"self":[{"href":"https:\/\/www.cifo.edu.pe\/index.php\/wp-json\/wp\/v2\/pages\/5055"}],"collection":[{"href":"https:\/\/www.cifo.edu.pe\/index.php\/wp-json\/wp\/v2\/pages"}],"about":[{"href":"https:\/\/www.cifo.edu.pe\/index.php\/wp-json\/wp\/v2\/types\/page"}],"author":[{"embeddable":true,"href":"https:\/\/www.cifo.edu.pe\/index.php\/wp-json\/wp\/v2\/users\/1"}],"replies":[{"embeddable":true,"href":"https:\/\/www.cifo.edu.pe\/index.php\/wp-json\/wp\/v2\/comments?post=5055"}],"version-history":[{"count":26,"href":"https:\/\/www.cifo.edu.pe\/index.php\/wp-json\/wp\/v2\/pages\/5055\/revisions"}],"predecessor-version":[{"id":8494,"href":"https:\/\/www.cifo.edu.pe\/index.php\/wp-json\/wp\/v2\/pages\/5055\/revisions\/8494"}],"up":[{"embeddable":true,"href":"https:\/\/www.cifo.edu.pe\/index.php\/wp-json\/wp\/v2\/pages\/2217"}],"wp:attachment":[{"href":"https:\/\/www.cifo.edu.pe\/index.php\/wp-json\/wp\/v2\/media?parent=5055"}],"curies":[{"name":"wp","href":"https:\/\/api.w.org\/{rel}","templated":true}]}}