{"id":5066,"date":"2023-04-27T04:17:37","date_gmt":"2023-04-27T04:17:37","guid":{"rendered":"http:\/\/localhost\/?page_id=5066"},"modified":"2023-10-27T18:57:26","modified_gmt":"2023-10-27T18:57:26","slug":"resena-historica","status":"publish","type":"page","link":"https:\/\/www.cifo.edu.pe\/index.php\/conocenos\/resena-historica\/","title":{"rendered":"Rese\u00f1a hist\u00f3rica"},"content":{"rendered":"<section class=\"wpb-content-wrapper\"><p>[vc_row wrap_container=\u00bbyes\u00bb css=\u00bb.vc_custom_1543890012935{padding-top: 50px !important;}\u00bb][vc_column offset=\u00bbvc_col-md-8 vc_col-xs-12&#8243;][vc_custom_heading text=\u00bbRese\u00f1a hist\u00f3rica\u00bb font_container=\u00bbtag:h2|font_size:28px|text_align:left\u00bb use_theme_fonts=\u00bbyes\u00bb css_animation=\u00bbfadeInUp\u00bb el_class=\u00bbmb-3&#8243;][vc_column_text css_animation=\u00bbfadeInUp\u00bb el_class=\u00bblead mb-4&#8243;]La IT se hace presente en el Per\u00fa en 1943, iniciando su misi\u00f3n en Huaraz.<\/p>\n<p>En 1950 nuestro Colegio abre sus puertas con el nombre de \u201cInstituci\u00f3n Teresiana\u201d -CIT- posteriormente cambi\u00f3 su nombre por requerimiento de la pol\u00edtica dise\u00f1ada por el gobierno de Juan Velasco Alvarado -1970-, denomin\u00e1ndose \u201cColegio Isabel Flores de Oliva\u201d, asumiendo los valores de Santa Rosa de Lima como una laica comprometida con los m\u00e1s necesitados de su entorno.[\/vc_column_text]<div class=\"porto-history wpb_content_element \"><div class=\"thumb\"><img class=\"\" src=\"https:\/\/www.cifo.edu.pe\/wp-content\/uploads\/2023\/10\/it01-145x145.jpg\" width=\"145\" height=\"145\" alt=\"it01\" title=\"it01\" \/><\/div><div class=\"featured-box\"><div class=\"box-content\"><h4 class=\"heading-primary\"><strong>1950<\/strong><\/h4><p>En 1950 el Colegio \u201cIsabel Flores de Oliva\u201d (CIFO) inicia su tarea educativa dirigido a mujeres, el 25 de marzo de 1950 con el nombre de Colegio de la Instituci\u00f3n Teresiana, funcionando los tres primeros grados de secundaria seg\u00fan la Resoluci\u00f3n Ministerial N\u00ba 1807 de Fecha 25\/03\/1950.<\/p>\n<\/div><\/div><\/div>[vc_column_text css_animation=\u00bbfadeInUp\u00bb el_class=\u00bblead mb-4&#8243;]El primer local del colegio estuvo ubicado en la calle Jos\u00e9 D\u00edaz, local de las madres Canonesas de la Cruz, hoy costado del Estadio Nacional de Lima.[\/vc_column_text][\/vc_column][vc_column offset=\u00bbvc_col-md-4&#8243;]<div class=\"widget_sidebar_menu main-sidebar-menu sidebar-menu-wrap  wpb_custom_fa56fd63c3b694fcdb3812eb30a338f1\"><div class=\"widget-title\">Con\u00f3cenos<\/div><div class=\"sidebar-menu-wrap\"><ul id=\"menu-conocenos\" class=\"sidebar-menu\"><li id=\"nav-menu-item-5046\" class=\"menu-item menu-item-type-post_type menu-item-object-page  narrow \"><a href=\"https:\/\/www.cifo.edu.pe\/index.php\/conocenos\/presentacion\/\">Presentaci\u00f3n<\/a><\/li>\n<li id=\"nav-menu-item-5059\" class=\"menu-item menu-item-type-post_type menu-item-object-page  narrow \"><a href=\"https:\/\/www.cifo.edu.pe\/index.php\/conocenos\/institucion-teresiana\/\">Instituci\u00f3n Teresiana<\/a><\/li>\n<li id=\"nav-menu-item-5190\" class=\"menu-item menu-item-type-post_type menu-item-object-page  narrow \"><a href=\"https:\/\/www.cifo.edu.pe\/index.php\/conocenos\/resena-historica\/\">Rese\u00f1a hist\u00f3rica<\/a><\/li>\n<li id=\"nav-menu-item-5194\" class=\"menu-item menu-item-type-post_type menu-item-object-page  narrow \"><a href=\"https:\/\/www.cifo.edu.pe\/index.php\/conocenos\/mision-y-vision\/\">Misi\u00f3n y Visi\u00f3n<\/a><\/li>\n<li id=\"nav-menu-item-5193\" class=\"menu-item menu-item-type-post_type menu-item-object-page  narrow \"><a href=\"https:\/\/www.cifo.edu.pe\/index.php\/conocenos\/propuesta-pedagogica\/\">Propuesta Pedag\u00f3gica<\/a><\/li>\n<li id=\"nav-menu-item-5192\" class=\"menu-item menu-item-type-post_type menu-item-object-page  narrow \"><a href=\"https:\/\/www.cifo.edu.pe\/index.php\/conocenos\/reconocimientos\/\">Reconocimientos<\/a><\/li>\n<li id=\"nav-menu-item-5191\" class=\"menu-item menu-item-type-post_type menu-item-object-page  narrow \"><a href=\"https:\/\/www.cifo.edu.pe\/index.php\/conocenos\/himno-del-colegio\/\">Himno del colegio<\/a><\/li>\n<\/ul><\/div><\/div>[\/vc_column][\/vc_row][vc_row wrap_container=\u00bbyes\u00bb is_section=\u00bbyes\u00bb section_skin=\u00bbparallax\u00bb remove_margin_top=\u00bbyes\u00bb remove_margin_bottom=\u00bbyes\u00bb remove_border=\u00bbyes\u00bb el_class=\u00bbhome-concept-construction\u00bb][vc_column][vc_custom_heading text=\u00bbRese\u00f1a hist\u00f3rica\u00bb use_theme_fonts=\u00bbyes\u00bb el_class=\u00bbm-t-md mb-2&#8243;][vc_raw_html el_class=\u00bbmb-0&#8243;]JTNDc3ZnJTIwY2xhc3MlM0QlMjJkaWFtb25kcy1zdmctbGluZSUyMHBvc2l0aW9uLWFic29sdXRlJTIwYm90dG9tLTAlMjBsZWZ0LTE1JTIwbWItNSUyMHBiLTMlMjBtbC01JTIwZC1ub25lJTIwZC14bC1ibG9jayUyMiUyMHdpZHRoJTNEJTIyMTAwJTI1JTIyJTIweG1sbnMlM0QlMjJodHRwJTNBJTJGJTJGd3d3LnczLm9yZyUyRjIwMDAlMkZzdmclMjIlMjB4bWxucyUzQXhsaW5rJTNEJTIyaHR0cCUzQSUyRiUyRnd3dy53My5vcmclMkYxOTk5JTJGeGxpbmslMjIlMjB4JTNEJTIyMHB4JTIyJTIweSUzRCUyMjBweCUyMiUyMHZpZXdCb3glM0QlMjIwJTIwMCUyMDExNDUuODYlMjA1MDguMTMlMjIlMjB4bWwlM0FzcGFjZSUzRCUyMnByZXNlcnZlJTIyJTIwZGF0YS1hcHBlYXItYW5pbWF0aW9uLXN2ZyUzRCUyMnRydWUlMjIlM0UlMEElMDklM0NnJTNFJTBBJTA5JTA5JTNDcGF0aCUyMGQlM0QlMjJNMTMuODclMkMzMi4zNmMxLjA3JTJDMC41NSUyQzIuMzctMC4yOCUyQzIuNC0xLjQ5YzAuMDQtMS41OCUyQzAuMjctMi44NyUyQzAuNS0zLjgyYzAuNTYtMi4zNSUyQzEuNDgtNC4xJTJDMi42NS02LjMzJTBBJTA5JTA5JTA5YzEuNy0zLjI1JTJDMS45NS0yLjg1JTJDMi40Ni00LjM1YzEuNDctNC4zLTAuMzYtOC4xOS0wLjQ3LTguNDFjLTAuMzYtMC43NC0xLjU0LTMuMTUtNC4wNi00LjQ0Yy0zLjcxLTEuOS04Ljg3LTAuOTQtMTEuOTElMkMyLjQ2JTBBJTA5JTA5JTA5Yy0yLjY0JTJDMi45NS0zLjA4JTJDNy4wNS0yLjA4JTJDOS45MmMwLjI1JTJDMC43MSUyQzEuNiUyQzIuMDElMkMzLjY0JTJDNC43NWMzLjYyJTJDNC44NyUyQzMuNDIlMkM0LjUzJTJDNC4xMSUyQzYuMDJjMS4zJTJDMi44MyUyQzEuMDclMkM0Ljc4JTJDMi43NCUyQzUuNjclMEElMDklMDklMDlDMTMuODUlMkMzMi4zNSUyQzEzLjg2JTJDMzIuMzYlMkMxMy44NyUyQzMyLjM2eiUyMiUyRiUzRSUwQSUwOSUwOSUzQ2NpcmNsZSUyMGZpbGwlM0QlMjIlMjNGRkYlMjIlMjBjeCUzRCUyMjEyLjY1JTIyJTIwY3klM0QlMjIxMi41NCUyMiUyMHIlM0QlMjI2LjM0JTIyJTJGJTNFJTBBJTA5JTA5JTNDY2lyY2xlJTIwY3glM0QlMjIxMi42NSUyMiUyMGN5JTNEJTIyMTIuNTQlMjIlMjByJTNEJTIyNC4yOSUyMiUyRiUzRSUwQSUwOSUwOSUzQ2NpcmNsZSUyMGZpbGwlM0QlMjIlMjNGRkYlMjIlMjBjeCUzRCUyMjEyLjY1JTIyJTIwY3klM0QlMjIxMi41NCUyMiUyMHIlM0QlMjIyLjQ0JTIyJTJGJTNFJTBBJTA5JTNDJTJGZyUzRSUwQSUwOSUzQ2clM0UlMEElMDklMDklM0NwYXRoJTIwZCUzRCUyMk0xMTIxLjcyJTJDNTA1LjM0YzAuNDQlMkMxLjEyJTJDMS45NyUyQzEuMzUlMkMyLjc5JTJDMC40N2MxLjA4LTEuMTYlMkMyLjEtMS45OCUyQzIuOS0yLjU0YzEuOTgtMS40JTJDMy44Mi0yLjExJTJDNi4xNy0zLjAxJTIwYzMuNDMtMS4zMiUyQzMuMzUtMC44NiUyQzQuNzEtMS42NGMzLjk0LTIuMjYlMkM1LjEzLTYuMzklMkM1LjE5LTYuNjNjMC4yMi0wLjc5JTJDMC45Mi0zLjM4LTAuMTItNi4wMmMtMS41My0zLjg3LTYuMDQtNi41Ni0xMC41Ny02LjAxJTIwYy0zLjkzJTJDMC40Ny02Ljk3JTJDMy4yNy04LjExJTJDNi4wOGMtMC4yOCUyQzAuNjktMC4xMiUyQzIuNTYtMC40JTJDNS45N2MtMC40OSUyQzYuMDUtMC40MiUyQzUuNjYtMC44OSUyQzcuMjRjLTAuODklMkMyLjk4LTIuMzUlMkM0LjMtMS42OCUyQzYuMDclMEElMDklMDlDMTEyMS43MSUyQzUwNS4zMiUyQzExMjEuNzElMkM1MDUuMzMlMkMxMTIxLjcyJTJDNTA1LjM0eiUyMiUyMCUyRiUzRSUwQSUwOSUwOSUzQ2NpcmNsZSUyMGZpbGwlM0QlMjIlMjNGRkYlMjIlMjBjeCUzRCUyMjExMzMuODglMjIlMjBjeSUzRCUyMjQ4OS42NCUyMiUyMHIlM0QlMjI2LjM0JTIyJTJGJTNFJTBBJTA5JTA5JTNDY2lyY2xlJTIwY3glM0QlMjIxMTMzLjg4JTIyJTIwY3klM0QlMjI0ODkuNjQlMjIlMjByJTNEJTIyNC4yOSUyMiUyRiUzRSUwQSUwOSUwOSUzQ2NpcmNsZSUyMGZpbGwlM0QlMjIlMjNGRkYlMjIlMjBjeCUzRCUyMjExMzMuODglMjIlMjBjeSUzRCUyMjQ4OS42NCUyMiUyMHIlM0QlMjIyLjQ0JTIyJTJGJTNFJTBBJTA5JTNDJTJGZyUzRSUwQSUwOSUzQ2clM0UlMEElMDklMDklM0NnJTNFJTBBJTA5JTA5JTA5JTNDcGF0aCUyMGRhdGEtYXBwZWFyLWFuaW1hdGlvbiUzRCUyMmZhZGVJbiUyMiUyMGRhdGEtYXBwZWFyLWFuaW1hdGlvbi1kZWxheSUzRCUyMjMwMCUyMiUyMGRhdGEtYXBwZWFyLWFuaW1hdGlvbi1kdXJhdGlvbiUzRCUyMjEwMCUyMiUyMGZpbGwlM0QlMjJub25lJTIyJTIwc3Ryb2tlJTNEJTIyJTIzYmZiZmJmJTIyJTIwc3Ryb2tlLW1pdGVyLWxpbWl0JTNEJTIyMTAlMjIlMjBzdHJva2UtZGFzaGFycmF5JTNEJTIyOC45Mzc0JTJDOC45Mzc0JTIyJTIwZCUzRCUyMk0yMi40OCUyQzQ2Ljg0YzEyLjQzJTJDMTkuOCUyQzM3LjExJTJDNTguMjUlMkM2NS4zNCUyQzkwLjQ2YzYuMjQlMkM3LjEyJTJDMzguMjMlMkM0My4xMSUyQzg5Ljc2JTJDNzcuNjclMEElMDklMDklMDklMDljMjcuNTMlMkMxOC40NyUyQzkzLjQyJTJDNTguNTElMkMxODQuNDQlMkM3NC44M2M2My4zJTJDMTEuMzUlMkMxMjMuNyUyQzguNTQlMkMxNTIuODglMkM3LjE4YzE4LjQzLTAuODYlMkMyMC43OS0xLjYzJTJDNDQuNi0yLjY1JTBBJTA5JTA5JTA5JTA5YzI1LjM4LTEuMDglMkM3NC40NC0zLjA0JTJDMTM0LjE3JTJDMS41MWMyNy40OSUyQzIuMDklMkM2OC4wOSUyQzUuMzQlMkMxMjAlMkMxNi44MmMzOC44NCUyQzguNTklMkM4OS43OSUyQzIwLjIxJTJDMTQ5LjQ4JTJDNTAuODMlMEElMDklMDklMDklMDljMTcuOTQlMkM5LjIxJTJDNTEuOTYlMkMyNy45NyUyQzg3Ljg3JTJDNTcuODNjMjguMzIlMkMyMy41NCUyQzQzLjE1JTJDNDEuNzklMkM1Mi4xNiUyQzU0LjI0YzUuMDQlMkM2Ljk3JTJDOS4yMSUyQzEzLjQ1JTJDMTIuNTclMkMxOS4wNCUyMiUyRiUzRSUwQSUwOSUwOSUwOSUzQ3BhdGglMjBkYXRhLWFwcGVhci1hbmltYXRpb24lM0QlMjJjdXN0b21EaWFtb25kc0xpbmVBbmltJTIyJTIwZGF0YS1hcHBlYXItYW5pbWF0aW9uLWRlbGF5JTNEJTIyMzAwJTIyJTIwZGF0YS1hcHBlYXItYW5pbWF0aW9uLWR1cmF0aW9uJTNEJTIyMTAwMDAlMjIlMjBmaWxsJTNEJTIybm9uZSUyMiUyMHN0cm9rZSUzRCUyMiUyM0ZGRiUyMiUyMHN0cm9rZS13aWR0aCUzRCUyMjIlMjIlMjBzdHJva2UtbWl0ZXItbGltaXQlM0QlMjIxMCUyMiUyMHN0cm9rZS1kYXNoYXJyYXklM0QlMjI4LjkzNzQlMkM4LjkzNzQlMjIlMjBkJTNEJTIyTTIyLjQ4JTJDNDYuODRjMTIuNDMlMkMxOS44JTJDMzcuMTElMkM1OC4yNSUyQzY1LjM0JTJDOTAuNDZjNi4yNCUyQzcuMTIlMkMzOC4yMyUyQzQzLjExJTJDODkuNzYlMkM3Ny42NyUwQSUwOSUwOSUwOSUwOWMyNy41MyUyQzE4LjQ3JTJDOTMuNDIlMkM1OC41MSUyQzE4NC40NCUyQzc0LjgzYzYzLjMlMkMxMS4zNSUyQzEyMy43JTJDOC41NCUyQzE1Mi44OCUyQzcuMThjMTguNDMtMC44NiUyQzIwLjc5LTEuNjMlMkM0NC42LTIuNjUlMEElMDklMDklMDklMDljMjUuMzgtMS4wOCUyQzc0LjQ0LTMuMDQlMkMxMzQuMTclMkMxLjUxYzI3LjQ5JTJDMi4wOSUyQzY4LjA5JTJDNS4zNCUyQzEyMCUyQzE2LjgyYzM4Ljg0JTJDOC41OSUyQzg5Ljc5JTJDMjAuMjElMkMxNDkuNDglMkM1MC44MyUwQSUwOSUwOSUwOSUwOWMxNy45NCUyQzkuMjElMkM1MS45NiUyQzI3Ljk3JTJDODcuODclMkM1Ny44M2MyOC4zMiUyQzIzLjU0JTJDNDMuMTUlMkM0MS43OSUyQzUyLjE2JTJDNTQuMjRjNS4wNCUyQzYuOTclMkM5LjIxJTJDMTMuNDUlMkMxMi41NyUyQzE5LjA0JTIyJTJGJTNFJTBBJTA5JTA5JTNDJTJGZyUzRSUwQSUwOSUzQyUyRmclM0UlMEElM0MlMkZzdmclM0U=[\/vc_raw_html]<div class=\"lightbox\" data-plugin-options=\"{&quot;delegate&quot;:&quot;.diamond&quot;,&quot;type&quot;:&quot;image&quot;,&quot;gallery&quot;:{&quot;enabled&quot;:true}}\"><ul class=\"porto-diamonds\">\t<li>\r\n\t\t<a href=\"https:\/\/www.cifo.edu.pe\/wp-content\/uploads\/2023\/10\/historia1-1.jpg\" class=\"diamond\" title=\"\">\r\n\t\t\t<div class=\"content\">\r\n\t\t\t\t<img src=\"https:\/\/www.cifo.edu.pe\/wp-content\/uploads\/2023\/10\/historia1.jpg\" alt=\"\" class=\"img-responsive\">\r\n\t\t\t<\/div>\r\n\t\t<\/a>\r\n\t<\/li>\r\n\t<li>\r\n\t\t<a href=\"https:\/\/www.cifo.edu.pe\/wp-content\/uploads\/2023\/10\/it00.jpg\" class=\"diamond\" title=\"\">\r\n\t\t\t<div class=\"content\">\r\n\t\t\t\t<img src=\"https:\/\/www.cifo.edu.pe\/wp-content\/uploads\/2023\/10\/it01.jpg\" alt=\"\" class=\"img-responsive\">\r\n\t\t\t<\/div>\r\n\t\t<\/a>\r\n\t<\/li>\r\n\t<li>\r\n\t\t<a href=\"https:\/\/www.cifo.edu.pe\/wp-content\/uploads\/2023\/10\/it02-blackwhite-1.jpg\" class=\"diamond\" title=\"\">\r\n\t\t\t<div class=\"content\">\r\n\t\t\t\t<img src=\"https:\/\/www.cifo.edu.pe\/wp-content\/uploads\/2023\/10\/it02-blackwhite.jpg\" alt=\"\" class=\"img-responsive\">\r\n\t\t\t<\/div>\r\n\t\t<\/a>\r\n\t<\/li>\r\n\t<li>\r\n\t\t<a href=\"https:\/\/www.cifo.edu.pe\/wp-content\/uploads\/2023\/10\/padre-Poveda-educacion-mujeres_2178092201_14096762_660x371-blackwhite-1.jpg\" class=\"diamond diamond-sm\" title=\"\">\r\n\t\t\t<div class=\"content\">\r\n\t\t\t\t<img src=\"https:\/\/www.cifo.edu.pe\/wp-content\/uploads\/2023\/10\/padre-Poveda-educacion-mujeres_2178092201_14096762_660x371-blackwhite.jpg\" alt=\"\" class=\"img-responsive\">\r\n\t\t\t<\/div>\r\n\t\t<\/a>\r\n\t<\/li>\r\n\t<li>\r\n\t\t<a href=\"https:\/\/www.cifo.edu.pe\/wp-content\/uploads\/2023\/10\/it03.jpg\" class=\"diamond\" title=\"\">\r\n\t\t\t<div class=\"content\">\r\n\t\t\t\t<img src=\"https:\/\/www.cifo.edu.pe\/wp-content\/uploads\/2023\/10\/it03.jpg\" alt=\"\" class=\"img-responsive\">\r\n\t\t\t<\/div>\r\n\t\t<\/a>\r\n\t<\/li>\r\n\t<li>\r\n\t\t<a href=\"https:\/\/www.cifo.edu.pe\/wp-content\/uploads\/2023\/10\/cifojardinantiguo-blackwhite-2.jpg\" class=\"diamond diamond-sm\" title=\"\">\r\n\t\t\t<div class=\"content\">\r\n\t\t\t\t<img src=\"https:\/\/www.cifo.edu.pe\/wp-content\/uploads\/2023\/10\/cifojardinantiguo-blackwhite-1.jpg\" alt=\"\" class=\"img-responsive\">\r\n\t\t\t<\/div>\r\n\t\t<\/a>\r\n\t<\/li>\r\n\t<li>\r\n\t\t<a href=\"https:\/\/www.cifo.edu.pe\/wp-content\/uploads\/2023\/10\/historia1-1.jpg\" class=\"diamond diamond-sm\" title=\"\">\r\n\t\t\t<div class=\"content\">\r\n\t\t\t\t<img src=\"https:\/\/www.cifo.edu.pe\/wp-content\/uploads\/2023\/10\/historia1.jpg\" alt=\"\" class=\"img-responsive\">\r\n\t\t\t<\/div>\r\n\t\t<\/a>\r\n\t<\/li>\r\n<\/ul><\/div>[\/vc_column][\/vc_row][vc_row][vc_column][vc_custom_heading text=\u00bbNuestra calidad educativa en el tiempo.\u00bb font_container=\u00bbtag:h2|font_size:28px|text_align:left\u00bb use_theme_fonts=\u00bbyes\u00bb css_animation=\u00bbfadeInUp\u00bb el_class=\u00bbmb-3&#8243;][vc_tabs skin=\u00bbprimary\u00bb][vc_tab show_icon=\u00bbyes\u00bb icon_type=\u00bbsimpleline\u00bb icon_simpleline=\u00bbSimple-Line-Icons-direction\u00bb title=\u00bb1951-1970&#8243; tab_id=\u00bb5774182e-955c-9&#8243; label=\u00bb\u00bb icon_color=\u00bb#1e73be\u00bb]<div class=\"porto-history wpb_content_element \"><div class=\"thumb\"><img class=\"\" src=\"https:\/\/www.cifo.edu.pe\/wp-content\/uploads\/2023\/10\/it01-145x145.jpg\" width=\"145\" height=\"145\" alt=\"it01\" title=\"it01\" \/><\/div><div class=\"featured-box\"><div class=\"box-content\"><h4 class=\"heading-primary\"><strong>1951<\/strong><\/h4><p>En 1951 el colegio se traslada al Jir\u00f3n Varela 1241, Bre\u00f1a. Se ampl\u00eda la atenci\u00f3n abriendo el nivel de primaria seg\u00fan Resoluci\u00f3n Ministerial N\u00ba 1241 de Fecha 29\/03\/1951 (4\u00ba y 5\u00ba grados) y con Resoluci\u00f3n Ministerial N\u00ba 3353 de Fecha 12\/04\/1954 (1\u00ba, 2\u00ba, 3\u00ba grados).<\/p>\n<\/div><\/div><\/div><div class=\"porto-history wpb_content_element \"><div class=\"featured-box\"><div class=\"box-content\"><h4 class=\"heading-primary\"><strong>1955<\/strong><\/h4><p>En 1955 la Instituci\u00f3n Teresiana adquiri\u00f3 un inmueble en la calle Juan Dellepiani n\u00ba 530, urbanizaci\u00f3n Orrantia del Mar \u2013 San Isidro, donde se traslada el colegio.<\/p>\n<\/div><\/div><\/div><div class=\"porto-history wpb_content_element \"><div class=\"featured-box\"><div class=\"box-content\"><h4 class=\"heading-primary\"><strong>1970<\/strong><\/h4><p>En 1970 se cambia el nombre de Colegio Instituci\u00f3n Teresiana a Isabel Flores de Oliva, por decreto supremo.<\/p>\n<\/div><\/div><\/div>[\/vc_tab][vc_tab show_icon=\u00bbyes\u00bb icon_type=\u00bbsimpleline\u00bb icon_simpleline=\u00bbSimple-Line-Icons-direction\u00bb title=\u00bb1973-1985&#8243; tab_id=\u00bb1698420777668-1-1&#8243; label=\u00bb\u00bb icon_color=\u00bb#1e73be\u00bb]<div class=\"porto-history wpb_content_element \"><div class=\"thumb\"><img class=\"\" src=\"https:\/\/www.cifo.edu.pe\/wp-content\/uploads\/2023\/10\/it00-1-145x145.jpg\" width=\"145\" height=\"145\" alt=\"it00\" title=\"it00\" \/><\/div><div class=\"featured-box\"><div class=\"box-content\"><h4 class=\"heading-primary\"><strong>1973<\/strong><\/h4><p>En 1973 empieza el funcionamiento del nivel de educaci\u00f3n inicial con Resoluci\u00f3n Directoral Zonal 00980 de Fecha: 14\/08\/1973.<\/p>\n<\/div><\/div><\/div><div class=\"porto-history wpb_content_element \"><div class=\"featured-box\"><div class=\"box-content\"><h4 class=\"heading-primary\"><strong>1975<\/strong><\/h4><p>En 1975 se inicia la coeducaci\u00f3n en el CIFO. Conformaci\u00f3n del Consejo Estudiantil (COES) como un organismo representativo del alumnado.<\/p>\n<\/div><\/div><\/div><div class=\"porto-history wpb_content_element \"><div class=\"featured-box\"><div class=\"box-content\"><h4 class=\"heading-primary\"><strong>1985<\/strong><\/h4><p>En 1985 se elabora el primer PEI con la participaci\u00f3n y aporte de toda la comunidad. El PEI 1985 &#8211; 1995 \u201cUna metodolog\u00eda para la justicia y la Paz\u201d recoge las demandas del contexto peruano, documentos de la Iglesia universal y de la Doctrina Social de la Iglesia; que son temas de reflexi\u00f3n y aplicaci\u00f3n en las aulas.<\/p>\n<\/div><\/div><\/div>[\/vc_tab][vc_tab show_icon=\u00bbyes\u00bb icon_type=\u00bbsimpleline\u00bb icon_simpleline=\u00bbSimple-Line-Icons-direction\u00bb title=\u00bb1987-1998&#8243; tab_id=\u00bb1698420937663-2-1&#8243; label=\u00bb\u00bb icon_color=\u00bb#1e73be\u00bb]<div class=\"porto-history wpb_content_element \"><div class=\"thumb\"><img class=\"\" src=\"https:\/\/www.cifo.edu.pe\/wp-content\/uploads\/2023\/10\/it01-145x145.jpg\" width=\"145\" height=\"145\" alt=\"it01\" title=\"it01\" \/><\/div><div class=\"featured-box\"><div class=\"box-content\"><h4 class=\"heading-primary\"><strong>1987<\/strong><\/h4><p>En 1987 egresa la primera promoci\u00f3n mixta del colegio.<\/p>\n<\/div><\/div><\/div><div class=\"porto-history wpb_content_element \"><div class=\"featured-box\"><div class=\"box-content\"><h4 class=\"heading-primary\"><strong>1997<\/strong><\/h4><p>En 1997 se da el lanzamiento del Departamento de Investigaci\u00f3n y Extensi\u00f3n Educativa Pedro Poveda (DIEEPP) que formaliz\u00f3 el compromiso institucional en la formaci\u00f3n permanente de educadores a nivel interno y externo.<\/p>\n<\/div><\/div><\/div><div class=\"porto-history wpb_content_element \"><div class=\"featured-box\"><div class=\"box-content\"><h4 class=\"heading-primary\"><strong>1998<\/strong><\/h4><p>En 1998 el CIFO, articulado con los colegios de la Instituci\u00f3n Teresiana de Am\u00e9rica latina, inicia un trabajo compartido con los colegios y proyectos sociales, de Am\u00e9rica, donde se elaboran distintos proyectos socioeducativos que se aplican en todos sus centros. Se inicia el trabajo del Comit\u00e9 Ambiental en el CIFO.<\/p>\n<\/div><\/div><\/div>[\/vc_tab][vc_tab show_icon=\u00bbyes\u00bb icon_type=\u00bbsimpleline\u00bb icon_simpleline=\u00bbSimple-Line-Icons-direction\u00bb title=\u00bb1999-2014&#8243; tab_id=\u00bb1698421472473-3-4&#8243; label=\u00bb\u00bb icon_color=\u00bb#1e73be\u00bb]<div class=\"porto-history wpb_content_element \"><div class=\"thumb\"><img class=\"\" src=\"https:\/\/www.cifo.edu.pe\/wp-content\/uploads\/2023\/10\/historia1-145x145.jpg\" width=\"145\" height=\"145\" alt=\"historia1\" title=\"historia1\" \/><\/div><div class=\"featured-box\"><div class=\"box-content\"><h4 class=\"heading-primary\"><strong>1999<\/strong><\/h4><p>En 1999 al 2002 el CIFO participa en la elaboraci\u00f3n de la Propuesta Socioeducativa (PSEIT) en Am\u00e9rica \u201cEducar en Tiempos Dif\u00edciles\u201d. La PSEIT se integr\u00f3 al PEI y en la pr\u00e1ctica de los educadores del CIFO.<\/p>\n<\/div><\/div><\/div><div class=\"porto-history wpb_content_element \"><div class=\"featured-box\"><div class=\"box-content\"><h4 class=\"heading-primary\"><strong>2003<\/strong><\/h4><p>2003 &#8211; 2015: La evaluaci\u00f3n comunitaria y la actualizaci\u00f3n peri\u00f3dica del PEI en el marco de la Pedagog\u00eda de San Pedro Poveda, en di\u00e1logo permanente con los desaf\u00edos educativos del siglo XXI son temas prioritarios en la vida del CIFO.<\/p>\n<\/div><\/div><\/div><div class=\"porto-history wpb_content_element \"><div class=\"featured-box\"><div class=\"box-content\"><h4 class=\"heading-primary\"><strong>2014<\/strong><\/h4><p>En 2014 se desarrolla el Congreso de ni\u00f1os y adolescentes de distintos colegios de la IT en Am\u00e9rica Latina, organizado por el CIFO.<\/p>\n<\/div><\/div><\/div>[\/vc_tab][vc_tab show_icon=\u00bbyes\u00bb icon_type=\u00bbsimpleline\u00bb icon_simpleline=\u00bbSimple-Line-Icons-direction\u00bb title=\u00bb2015&#8243; tab_id=\u00bb1698421550627-4-7&#8243; label=\u00bb\u00bb icon_color=\u00bb#1e73be\u00bb]<div class=\"porto-history wpb_content_element \"><div class=\"thumb\"><img class=\"\" src=\"https:\/\/www.cifo.edu.pe\/wp-content\/uploads\/2023\/10\/padre-Poveda-educacion-mujeres_2178092201_14096762_660x371-blackwhite-1-145x145.jpg\" width=\"145\" height=\"145\" alt=\"padre-Poveda-educacion-mujeres_2178092201_14096762_660x371-blackwhite\" title=\"padre-Poveda-educacion-mujeres_2178092201_14096762_660x371-blackwhite\" \/><\/div><div class=\"featured-box\"><div class=\"box-content\"><h4 class=\"heading-primary\"><strong>2015<\/strong><\/h4><p>En 2015 al 2022 se da la planificaci\u00f3n e implementaci\u00f3n de Proyectos pedag\u00f3gicos institucionales.<\/p>\n<\/div><\/div><\/div><div class=\"porto-history wpb_content_element \"><div class=\"featured-box\"><div class=\"box-content\"><h4 class=\"heading-primary\"><strong>2003<\/strong><\/h4><p>2003 &#8211; 2015: La evaluaci\u00f3n comunitaria y la actualizaci\u00f3n peri\u00f3dica del PEI en el marco de la Pedagog\u00eda de San Pedro Poveda, en di\u00e1logo permanente con los desaf\u00edos educativos del siglo XXI son temas prioritarios en la vida del CIFO.<\/p>\n<\/div><\/div><\/div><div class=\"porto-history wpb_content_element \"><div class=\"featured-box\"><div class=\"box-content\"><h4 class=\"heading-primary\"><strong>2014<\/strong><\/h4><p>En 2014 se desarrolla el Congreso de ni\u00f1os y adolescentes de distintos colegios de la IT en Am\u00e9rica Latina, organizado por el CIFO.<\/p>\n<\/div><\/div><\/div>[\/vc_tab][vc_tab show_icon=\u00bbyes\u00bb icon_type=\u00bbsimpleline\u00bb icon_simpleline=\u00bbSimple-Line-Icons-direction\u00bb title=\u00bb2020-2022&#8243; tab_id=\u00bb1698421858912-5-1&#8243; label=\u00bb\u00bb icon_color=\u00bb#1e73be\u00bb]<div class=\"porto-history wpb_content_element \"><div class=\"thumb\"><img class=\"\" src=\"https:\/\/www.cifo.edu.pe\/wp-content\/uploads\/2023\/10\/cifojardinantiguo-blackwhite-1-145x145.jpg\" width=\"145\" height=\"145\" alt=\"cifojardinantiguo-blackwhite\" title=\"cifojardinantiguo-blackwhite\" \/><\/div><div class=\"featured-box\"><div class=\"box-content\"><h4 class=\"heading-primary\"><strong>2020<\/strong><\/h4><p>En 2020 al 2021 se brind\u00f3 la educaci\u00f3n en modalidad virtual debido a la pandemia del Covid-19.<\/p>\n<\/div><\/div><\/div><div class=\"porto-history wpb_content_element \"><div class=\"featured-box\"><div class=\"box-content\"><h4 class=\"heading-primary\"><strong>2022<\/strong><\/h4><p>En el 2022 se dio el retorno a las clases presenciales. Se inicia la remodelaci\u00f3n de la infraestructura del colegio. Se elabora el PEI 2023 &#8211; 2027 \u201cFormando personas comprometidas con el cambio social\u201d, como consecuencia de una construcci\u00f3n colectiva. Se actualiza el Proyecto Curricular.<\/p>\n<\/div><\/div><\/div>[\/vc_tab][\/vc_tabs][\/vc_column][\/vc_row]<\/p>\n<\/section>","protected":false},"excerpt":{"rendered":"<p>[vc_row wrap_container=\u00bbyes\u00bb css=\u00bb.vc_custom_1543890012935{padding-top: 50px !important;}\u00bb][vc_column offset=\u00bbvc_col-md-8 vc_col-xs-12&#8243;][vc_custom_heading text=\u00bbRese\u00f1a hist\u00f3rica\u00bb font_container=\u00bbtag:h2|font_size:28px|text_align:left\u00bb use_theme_fonts=\u00bbyes\u00bb css_animation=\u00bbfadeInUp\u00bb el_class=\u00bbmb-3&#8243;][vc_column_text css_animation=\u00bbfadeInUp\u00bb el_class=\u00bblead mb-4&#8243;]La IT se hace presente en el Per\u00fa en 1943, iniciando su misi\u00f3n en Huaraz. En 1950 nuestro Colegio abre sus puertas con el nombre de \u201cInstituci\u00f3n Teresiana\u201d -CIT- posteriormente cambi\u00f3 su nombre por requerimiento de la pol\u00edtica dise\u00f1ada por [&hellip;]<\/p>\n","protected":false},"author":1,"featured_media":0,"parent":2217,"menu_order":0,"comment_status":"closed","ping_status":"closed","template":"","meta":[],"_links":{"self":[{"href":"https:\/\/www.cifo.edu.pe\/index.php\/wp-json\/wp\/v2\/pages\/5066"}],"collection":[{"href":"https:\/\/www.cifo.edu.pe\/index.php\/wp-json\/wp\/v2\/pages"}],"about":[{"href":"https:\/\/www.cifo.edu.pe\/index.php\/wp-json\/wp\/v2\/types\/page"}],"author":[{"embeddable":true,"href":"https:\/\/www.cifo.edu.pe\/index.php\/wp-json\/wp\/v2\/users\/1"}],"replies":[{"embeddable":true,"href":"https:\/\/www.cifo.edu.pe\/index.php\/wp-json\/wp\/v2\/comments?post=5066"}],"version-history":[{"count":44,"href":"https:\/\/www.cifo.edu.pe\/index.php\/wp-json\/wp\/v2\/pages\/5066\/revisions"}],"predecessor-version":[{"id":6400,"href":"https:\/\/www.cifo.edu.pe\/index.php\/wp-json\/wp\/v2\/pages\/5066\/revisions\/6400"}],"up":[{"embeddable":true,"href":"https:\/\/www.cifo.edu.pe\/index.php\/wp-json\/wp\/v2\/pages\/2217"}],"wp:attachment":[{"href":"https:\/\/www.cifo.edu.pe\/index.php\/wp-json\/wp\/v2\/media?parent=5066"}],"curies":[{"name":"wp","href":"https:\/\/api.w.org\/{rel}","templated":true}]}}