{"id":5078,"date":"2023-04-28T13:57:26","date_gmt":"2023-04-28T13:57:26","guid":{"rendered":"http:\/\/localhost\/?page_id=5078"},"modified":"2025-10-28T05:00:32","modified_gmt":"2025-10-28T05:00:32","slug":"mision-y-vision","status":"publish","type":"page","link":"https:\/\/www.cifo.edu.pe\/index.php\/conocenos\/mision-y-vision\/","title":{"rendered":"Misi\u00f3n y Visi\u00f3n"},"content":{"rendered":"<section class=\"wpb-content-wrapper\"><p>[vc_row wrap_container=\u00bbyes\u00bb css=\u00bb.vc_custom_1543890012935{padding-top: 50px !important;}\u00bb][vc_column offset=\u00bbvc_col-md-8 vc_col-xs-12&#8243;][vc_custom_heading text=\u00bb<b>Misi\u00f3n, Visi\u00f3n y Valores<\/b>\u00bb font_container=\u00bbtag:h2|font_size:28px|text_align:left\u00bb use_theme_fonts=\u00bbyes\u00bb css_animation=\u00bbfadeInUp\u00bb el_class=\u00bbmb-3&#8243;][\/vc_column][vc_column offset=\u00bbvc_col-md-4&#8243;][\/vc_column][\/vc_row][vc_row wrap_container=\u00bbyes\u00bb content_placement=\u00bbmiddle\u00bb el_class=\u00bbmy-5 pt-md-4 pt-xl-0&#8243;][vc_column el_class=\u00bbpb-sm-4 pb-lg-0 mb-5 mb-lg-0&#8243; offset=\u00bbvc_col-md-6&#8243;][vc_custom_heading text=\u00bbMisi\u00f3n\u00bb use_theme_fonts=\u00bbyes\u00bb animation_type=\u00bbfadeInUp\u00bb el_class=\u00bbmb-0&#8243;][vc_separator color=\u00bbcustom\u00bb align=\u00bbalign_left\u00bb border_width=\u00bb4&#8243; css_animation=\u00bbleft-to-right\u00bb style=\u00bbsolid\u00bb el_class=\u00bbcustom-separator customLineProgressAnim my-3&#8243; accent_color=\u00bb#1c5fa8&#8243;][vc_custom_heading text=\u00bbSomos una instituci\u00f3n educativa, perteneciente a la Instituci\u00f3n Teresiana, que forma personas aut\u00f3nomas, cr\u00edticas, democr\u00e1ticas, creativas, reflexivas, abiertas al di\u00e1logo y a lo diferente; que dinamiza procesos educativos personalizados de cambio y de construcci\u00f3n colectiva de saberes, para contribuir de manera solidaria y comprometida, a la construcci\u00f3n de una historia m\u00e1s humana, fraterna y esperanzadora.\u00bb font_container=\u00bbtag:p|font_size:15.4px|text_align:justify|line_height:26px\u00bb use_theme_fonts=\u00bbyes\u00bb font_weight=\u00bb300&#8243; letter_spacing=\u00bb0&#8243; animation_delay=\u00bb450&#8243; el_class=\u00bbmb-4&#8243; animation_type=\u00bbfadeInUp\u00bb][\/vc_column][vc_column width=\u00bb3\/4&#8243; animation_delay=\u00bb1450&#8243; offset=\u00bbvc_col-md-6 vc_col-xs-10&#8243; animation_type=\u00bbfadeInLeft\u00bb conditional_render=\u00bb%5B%7B%22value_role%22%3A%22administrator%22%7D%5D\u00bb]<div class=\"porto-ultimate-content-box-container \" data-appear-animation=\"bounce\"><style>#porto_ucb_1298{will-change: box-shadow;box-shadow: none;}#porto_ucb_1298:hover{box-shadow:none}<\/style><div class=\"porto-ultimate-content-box\" style=\"\" id=\"porto_ucb_1298\">[vc_images_carousel images=\u00bb8685&#8243; img_size=\u00bb500&#215;250&#8243; onclick=\u00bbcustom_link\u00bb mode=\u00bbvertical\u00bb speed=\u00bb3600&#8243; autoplay=\u00bbyes\u00bb css_animation=\u00bbfadeIn\u00bb]<\/div><\/div>[\/vc_column][\/vc_row][vc_row wrap_container=\u00bbyes\u00bb content_placement=\u00bbmiddle\u00bb el_class=\u00bbmy-5 pt-md-4 pt-xl-0&#8243;][vc_column el_class=\u00bbpb-sm-4 pb-lg-0 mb-5 mb-lg-0&#8243; offset=\u00bbvc_col-md-6&#8243;]<div class=\"porto-ultimate-content-box-container \"><style>#porto_ucb_2687{will-change: box-shadow;box-shadow: none;}#porto_ucb_2687:hover{box-shadow:none}<\/style><div class=\"porto-ultimate-content-box\" style=\"\" id=\"porto_ucb_2687\">[vc_images_carousel images=\u00bb8686&#8243; img_size=\u00bb500&#215;250&#8243; onclick=\u00bbcustom_link\u00bb]<\/div><\/div>[\/vc_column][vc_column width=\u00bb3\/4&#8243; animation_delay=\u00bb1450&#8243; el_class=\u00bbps-lg-5 pe-5 custom-auto-img\u00bb offset=\u00bbvc_col-md-6 vc_col-xs-10&#8243; animation_type=\u00bbfadeInLeft\u00bb][vc_custom_heading text=\u00bbVisi\u00f3n\u00bb use_theme_fonts=\u00bbyes\u00bb animation_type=\u00bbfadeInUp\u00bb el_class=\u00bbmb-0&#8243;][vc_separator color=\u00bbcustom\u00bb align=\u00bbalign_left\u00bb border_width=\u00bb4&#8243; css_animation=\u00bbleft-to-right\u00bb style=\u00bbsolid\u00bb el_class=\u00bbcustom-separator customLineProgressAnim my-3&#8243; accent_color=\u00bb#1c5fa8&#8243;][vc_custom_heading text=\u00bbQueremos ser una comunidad educativa que aprende y se construye, comprometida con la promoci\u00f3n humana y la transformaci\u00f3n social.<\/p>\n<p>Promovemos la lectura cr\u00edtica de la realidad, los valores \u00e9ticos y cristianos, la construcci\u00f3n del bien com\u00fan y el compromiso solidario. Apostamos por una sociedad m\u00e1s justa e igualitaria, inspirada en la pedagog\u00eda de San Pedro Poveda.\u00bb font_container=\u00bbtag:p|font_size:15.4px|text_align:justify|line_height:26px\u00bb use_theme_fonts=\u00bbyes\u00bb font_weight=\u00bb300&#8243; letter_spacing=\u00bb0&#8243; animation_delay=\u00bb1&#8243; el_class=\u00bbmb-4&#8243; animation_type=\u00bbfadeInUp\u00bb][\/vc_column][\/vc_row][vc_row][vc_column][vc_custom_heading text=\u00bbValores\u00bb use_theme_fonts=\u00bbyes\u00bb animation_type=\u00bbfadeInUp\u00bb el_class=\u00bbmb-0&#8243;][vc_separator color=\u00bbcustom\u00bb align=\u00bbalign_left\u00bb border_width=\u00bb4&#8243; css_animation=\u00bbleft-to-right\u00bb style=\u00bbsolid\u00bb el_class=\u00bbcustom-separator customLineProgressAnim my-3&#8243; accent_color=\u00bb#1c5fa8&#8243;]<div class=\"porto-concept wpb_content_element \"><div class=\"container\">\r\n\t<div class=\"row center\">\r\n\t\t<span class=\"sun\"><\/span>\r\n\t\t<span class=\"cloud\"><\/span>\r\n\t\t<div class=\"col-lg-2 offset-lg-1\">\r\n\t\t\t<div class=\"process-image\" data-appear-animation=\"bounceIn\">\r\n\t\t\t\t\t\t\t\t\t\t\t\t\t\t\t<img src=\"\/\/www.cifo.edu.pe\/wp-content\/uploads\/2023\/10\/Valor-1.png\" alt=\"\" \/>\r\n\t\t\t\t\t\t\t\t\t\t\t\t\t\t\t\t\t\t<strong>Libertad responsable.<\/strong>\r\n\t\t\t\t\t\t\t<\/div>\r\n\t\t<\/div>\r\n\t\t<div class=\"col-lg-2\">\r\n\t\t\t<div class=\"process-image\" data-appear-animation=\"bounceIn\" data-appear-animation-delay=\"200\">\r\n\t\t\t\t\t\t\t\t\t\t\t\t\t\t\t<img src=\"\/\/www.cifo.edu.pe\/wp-content\/uploads\/2023\/10\/Valor-2.png\" alt=\"\" \/>\r\n\t\t\t\t\t\t\t\t\t\t\t\t\t\t\t\t\t\t<strong>Compromiso solidario.<\/strong>\r\n\t\t\t\t\t\t\t<\/div>\r\n\t\t<\/div>\r\n\t\t<div class=\"col-lg-2\">\r\n\t\t\t<div class=\"process-image\" data-appear-animation=\"bounceIn\" data-appear-animation-delay=\"400\">\r\n\t\t\t\t\t\t\t\t\t\t\t\t\t\t\t<img src=\"\/\/www.cifo.edu.pe\/wp-content\/uploads\/2023\/10\/Valor-3.png\" alt=\"\" \/>\r\n\t\t\t\t\t\t\t\t\t\t\t\t\t\t\t\t\t\t<strong>\u00c9tica verdad.<\/strong>\r\n\t\t\t\t\t\t\t<\/div>\r\n\t\t<\/div>\r\n\t\t<div class=\"col-lg-4 offset-lg-1\">\r\n\t\t\t<div class=\"project-image\">\r\n\t\t\t\t<div class=\"concept-slideshow fc-slideshow\">\r\n\t\t\t\t\t<ul class=\"fc-slides\">\r\n\t\t\t\t\t\t\t\t\t\t\t\t\t<li>\r\n\t\t\t\t\t\t\t\t\t\t\t\t\t\t\t\t\t<img class=\"img-responsive\" src=\"\/\/www.cifo.edu.pe\/wp-content\/uploads\/2023\/10\/Valor-texto.png\" alt=\"\" \/>\r\n\t\t\t\t\t\t\t\t\t\t\t\t\t\t\t<\/li>\r\n\t\t\t\t\t\t\t\t\t\t\t\t\t\t\t\t\t\t\t<li>\r\n\t\t\t\t\t\t\t\t\t\t\t\t\t\t\t\t\t<img class=\"img-responsive\" src=\"\/\/www.cifo.edu.pe\/wp-content\/uploads\/2023\/10\/Valor-texto1.png\" alt=\"\" \/>\r\n\t\t\t\t\t\t\t\t\t\t\t\t\t\t\t<\/li>\r\n\t\t\t\t\t\t\t\t\t\t\t\t\t\t\t\t\t<\/ul>\r\n\t\t\t\t<\/div>\r\n\t\t\t\t\t\t\t\t\t<strong class=\"our-work\">VALORES<\/strong>\r\n\t\t\t\t\t\t\t<\/div>\r\n\t\t<\/div>\r\n\t<\/div>\r\n<\/div>\r\n\r\n<\/div>[\/vc_column][\/vc_row]<\/p>\n<\/section>","protected":false},"excerpt":{"rendered":"<p>[vc_row wrap_container=\u00bbyes\u00bb css=\u00bb.vc_custom_1543890012935{padding-top: 50px !important;}\u00bb][vc_column offset=\u00bbvc_col-md-8 vc_col-xs-12&#8243;][vc_custom_heading text=\u00bbMisi\u00f3n, Visi\u00f3n y Valores\u00bb font_container=\u00bbtag:h2|font_size:28px|text_align:left\u00bb use_theme_fonts=\u00bbyes\u00bb css_animation=\u00bbfadeInUp\u00bb el_class=\u00bbmb-3&#8243;][\/vc_column][vc_column offset=\u00bbvc_col-md-4&#8243;][\/vc_column][\/vc_row][vc_row wrap_container=\u00bbyes\u00bb content_placement=\u00bbmiddle\u00bb el_class=\u00bbmy-5 pt-md-4 pt-xl-0&#8243;][vc_column el_class=\u00bbpb-sm-4 pb-lg-0 mb-5 mb-lg-0&#8243; offset=\u00bbvc_col-md-6&#8243;][vc_custom_heading text=\u00bbMisi\u00f3n\u00bb use_theme_fonts=\u00bbyes\u00bb animation_type=\u00bbfadeInUp\u00bb el_class=\u00bbmb-0&#8243;][vc_separator color=\u00bbcustom\u00bb align=\u00bbalign_left\u00bb border_width=\u00bb4&#8243; css_animation=\u00bbleft-to-right\u00bb style=\u00bbsolid\u00bb el_class=\u00bbcustom-separator customLineProgressAnim my-3&#8243; accent_color=\u00bb#1c5fa8&#8243;][vc_custom_heading text=\u00bbSomos una instituci\u00f3n educativa, perteneciente a la Instituci\u00f3n Teresiana, que forma personas aut\u00f3nomas, cr\u00edticas, democr\u00e1ticas, creativas, [&hellip;]<\/p>\n","protected":false},"author":1,"featured_media":0,"parent":2217,"menu_order":0,"comment_status":"closed","ping_status":"closed","template":"","meta":[],"_links":{"self":[{"href":"https:\/\/www.cifo.edu.pe\/index.php\/wp-json\/wp\/v2\/pages\/5078"}],"collection":[{"href":"https:\/\/www.cifo.edu.pe\/index.php\/wp-json\/wp\/v2\/pages"}],"about":[{"href":"https:\/\/www.cifo.edu.pe\/index.php\/wp-json\/wp\/v2\/types\/page"}],"author":[{"embeddable":true,"href":"https:\/\/www.cifo.edu.pe\/index.php\/wp-json\/wp\/v2\/users\/1"}],"replies":[{"embeddable":true,"href":"https:\/\/www.cifo.edu.pe\/index.php\/wp-json\/wp\/v2\/comments?post=5078"}],"version-history":[{"count":36,"href":"https:\/\/www.cifo.edu.pe\/index.php\/wp-json\/wp\/v2\/pages\/5078\/revisions"}],"predecessor-version":[{"id":8687,"href":"https:\/\/www.cifo.edu.pe\/index.php\/wp-json\/wp\/v2\/pages\/5078\/revisions\/8687"}],"up":[{"embeddable":true,"href":"https:\/\/www.cifo.edu.pe\/index.php\/wp-json\/wp\/v2\/pages\/2217"}],"wp:attachment":[{"href":"https:\/\/www.cifo.edu.pe\/index.php\/wp-json\/wp\/v2\/media?parent=5078"}],"curies":[{"name":"wp","href":"https:\/\/api.w.org\/{rel}","templated":true}]}}