{"id":5085,"date":"2023-04-28T14:15:43","date_gmt":"2023-04-28T14:15:43","guid":{"rendered":"http:\/\/localhost\/?page_id=5085"},"modified":"2025-10-28T04:45:34","modified_gmt":"2025-10-28T04:45:34","slug":"propuesta-pedagogica","status":"publish","type":"page","link":"https:\/\/www.cifo.edu.pe\/index.php\/conocenos\/propuesta-pedagogica\/","title":{"rendered":"Propuesta Pedag\u00f3gica"},"content":{"rendered":"<section class=\"wpb-content-wrapper\"><p>[vc_row wrap_container=\u00bbyes\u00bb content_placement=\u00bbmiddle\u00bb conditional_render=\u00bb%5B%7B%22value_role%22%3A%22administrator%22%7D%5D\u00bb css_params=\u00bb\u00bb css=\u00bb.vc_custom_1736558716497{border-top-width: 1px !important;padding-top: 3rem !important;padding-bottom: 6.2rem !important;border-top-style: solid !important;border-color: #eaeaea !important;}\u00bb][vc_column width=\u00bb5\/6&#8243; css=\u00bb.vc_custom_1736900875019{padding-top: 3.4rem !important;padding-right: 5% !important;padding-bottom: 2.2rem !important;}\u00bb conditional_render=\u00bb%5B%7B%22value_role%22%3A%22administrator%22%7D%5D\u00bb css_params=\u00bb{\u00abcss_padding_right_lg\u00ab:\u00ab12px\u00ab}\u00bb offset=\u00bbvc_col-md-offset-0 vc_col-md-6 vc_col-sm-offset-1&#8243; custom_css_response=\u00bb@media(max-width:991px){.vc_custom_1736900875019{padding-right:12px!important;}}\u00bb][vc_custom_heading text=\u00bbPropuesta Pedag\u00f3gica\u00bb font_container=\u00bbtag:h3|font_size:13.3px|text_align:left|line_height:1em\u00bb use_theme_fonts=\u00bbyes\u00bb text_transform=\u00bbtext-uppercase\u00bb font_weight=\u00bb600&#8243; letter_spacing=\u00bb0px\u00bb css=\u00bb.vc_custom_1761600971382{margin-bottom: 1.6rem !important;padding-top: 0.75rem !important;padding-right: 2rem !important;padding-bottom: 0.75rem !important;padding-left: 2rem !important;border-radius: 35px !important;}\u00bb el_class=\u00bbbg-gradient-primary d-inline-block\u00bb css_params=\u00bb\u00bb animation_type=\u00bbfadeInLeft\u00bb]<div class=\"porto-u-heading  wpb_custom_3a389ccb51879219a38406e556fd4048 porto-u-4680\" data-appear-animation=\"fadeInUp\" data-appear-animation-delay=\"200\"><div class=\"porto-u-main-heading\"><h2  >Tiene su base en el \u201cHumanismo verdad\u201d que propone San Pedro Poveda<\/h2><\/div><style>.porto-u-4680.porto-u-heading{text-align:left}<\/style><\/div>[vc_custom_heading text=\u00bbCentrando la educaci\u00f3n en la persona y su formaci\u00f3n integral. Toda la comunidad educativa participa como agente formador, unida en la misi\u00f3n de guiar a los estudiantes. Promovemos una actitud cr\u00edtica, comprometida y sensible ante la realidad, fomentando el estudio como medio para transformar el entorno. Nos inspiramos en principios que orientan la pr\u00e1ctica educativa hacia la calidad y el cambio constante. Cada experiencia de aprendizaje se planifica desde esta visi\u00f3n humanista, formadora y transformadora.\u00bb font_container=\u00bbtag:p|text_align:left|line_height:1.8em\u00bb use_theme_fonts=\u00bbyes\u00bb letter_spacing=\u00bb-0.015em\u00bb animation_delay=\u00bb400&#8243; css=\u00bb.vc_custom_1761603100556{margin-bottom: 1.7rem !important;}\u00bb css_params=\u00bb\u00bb animation_type=\u00bbfadeInUp\u00bb]<div class=\"porto-container container appear-animation d-flex align-items-center\" data-appear-animation=\"fadeInUp\" data-appear-animation-delay=\"600\"><div class=\"porto-u-heading  wpb_custom_bca658e83ca4265f58a0f8250ce795ad porto-u-3884\"><div class=\"porto-u-main-heading heading-highlight\" data-appear-animation=\"highlightProgress\"><h3  ><mark>visi\u00f3n humanista, <\/mark>formadora y transformadora.<\/h3><\/div><style>.porto-u-3884.porto-u-heading{text-align:left}<\/style><\/div><\/div><div class=\"porto-container container appear-animation d-flex align-items-center flex-wrap\" data-appear-animation=\"fadeInUp\" data-appear-animation-delay=\"800\">[vc_btn title=\u00bbQuiero saber m\u00e1s\u00bb shape=\u00bbround\u00bb i_align=\u00bbright\u00bb i_icon_fontawesome=\u00bbfas fa-arrow-down\u00bb skin=\u00bbprimary\u00bb btn_fs=\u00bb0.9rem\u00bb btn_fw=\u00bb500&#8243; el_cls=\u00bbfont-primary\u00bb hover_text_effect=\u00bbhover-text-switch-up\u00bb add_icon=\u00bbtrue\u00bb custom_onclick=\u00bbtrue\u00bb css=\u00bb.vc_custom_1761603208468{margin-right: 1.55rem !important;}\u00bb link=\u00bbtitle:About%20Us\u00bb btn_px=\u00bb2.2rem\u00bb btn_py=\u00bb1.05rem\u00bb btn_icon_spacing=\u00bb{\u00abxl\u00ab:\u00ab1.125\u00ab,\u00abunit\u00ab:\u00abrem\u00ab,\u00abxs\u00ab:\u00ab\u00ab,\u00absm\u00ab:\u00ab\u00ab,\u00abmd\u00ab:\u00ab\u00ab,\u00ablg\u00ab:\u00ab\u00ab}\u00bb css_params=\u00bb\u00bb custom_onclick_code=\u00bbwindow.theme.scrolltoContainer(jQuery(\u00ab#propuesta\u00ab));return false;\u00bb]<\/div>[\/vc_column][vc_column width=\u00bb5\/6&#8243; css=\u00bb.vc_custom_1736554608152{padding-top: 3.85rem !important;padding-bottom: 6.6rem !important;}\u00bb conditional_render=\u00bb%5B%7B%22value_role%22%3A%22administrator%22%7D%5D\u00bb css_params=\u00bb\u00bb offset=\u00bbvc_col-md-offset-0 vc_col-md-6 vc_col-sm-offset-1&#8243;][vc_raw_html css=\u00bb.vc_custom_1761606205649{margin-bottom: 0px !important;}\u00bb css_params=\u00bb\u00bb el_class=\u00bbbg-svg-1 w-100&#8243;]JTNDc3ZnJTIweG1sbnMlM0QlMjJodHRwJTNBJTJGJTJGd3d3LnczLm9yZyUyRjIwMDAlMkZzdmclMjIlMjBlbmFibGUtYmFja2dyb3VuZCUzRCUyMm5ldyUyMDAlMjAwJTIwNjQlMjA2NCUyMiUyMHZpZXdCb3glM0QlMjIxMy40MSUyMDEwLjk5JTIwMzYuODMlMjA0MS45MiUyMiUyMGRhdGEtZmlsZW5hbWUlM0QlMjJhYnN0cmFjdC1iZy0xLnN2ZyUyMiUyMGZpbGwlM0QlMjJ2YXIlMjgtLXBvcnRvLXByaW1hcnktY29sb3IlMjklMjIlMjBzdHlsZSUzRCUyMm9wYWNpdHklM0ElMjAwLjA2JTNCJTIyJTNFJTNDcGF0aCUyMGQlM0QlMjJtNDguOTAwMDAxNSUyMDM2LjVjLTEuNTk5OTk4NS0yLjc5OTk5OTItMS43OTk5OTkyLTYuMjAwMDAwOCUyMDAtOC44OTk5OTk2LjkwMDAwMTUtMS4yOTk5OTkyJTIwMS4yOTk5OTkyLTIuNzk5OTk5MiUyMDEuMjk5OTk5Mi00LjM5OTk5OTYlMjAwLTQuNjAwMDAwNC0zLjkwMDAwMTUtOC4zMDAwMDAyLTguNzk5OTk5Mi04LjMwMDAwMDItLjcwMDAwMDglMjAwLTEuNDAwMDAxNS4xMDAwMDA0LTIuMDk5OTk4NS4xOTk5OTk4LTMuMjk5OTk5Mi42OTk5OTk4LTYuNzAwMDAwOC0uMzAwMDAwMi05LjM5OTk5OTYtMi4zMDAwMDAyLTEuNzAwMDAwNy0xLjE5OTk5OTgtMy43OTk5OTkyLTEuODk5OTk5Ni02LjEwMDAwMDMtMS44MDAwMDAyLTQuNS4xOTk5OTk4LTguMTk5OTk5OCUyMDMuODAwMDAwMi04LjY5OTk5OTglMjA4LjIwMDAwMDgtLjE5OTk5OTklMjAyLjEwMDAwMDMuMzAwMDAwMSUyMDQuMjAwMDAwNyUyMDEuMzAwMDAwMSUyMDUuNzk5OTk5MiUyMDEuMzk5OTk5NiUyMDIuMjk5OTk5MiUyMDElMjA1LjI5OTk5OTItLjgwMDAwMDIlMjA3LjI5OTk5OTItMS42MDAwMDA0JTIwMi0yLjUlMjA0LjU5OTk5ODUtMi4wOTk5OTk0JTIwNy41LjYwMDAwMDQlMjA0JTIwMy43OTk5OTkyJTIwNy4yOTk5OTkyJTIwNy44OTk5OTk2JTIwOCUyMDEuNzk5OTk5Mi4yOTk5OTkyJTIwMy42MDAwMDA0JTIwMCUyMDUuMTAwMDAwNC0uNTk5OTk4NSUyMDEuMjAwMDAwOC0uNSUyMDIuNzAwMDAwOC0uMjAwMDAwOCUyMDMuNS45MDAwMDE1JTIwMi4yMDAwMDA4JTIwMy4yOTk5OTkyJTIwNi4yMDAwMDA4JTIwNS4yOTk5OTkyJTIwMTAuNjAwMDAyMyUyMDQuNzAwMDAwOCUyMDQuOTAwMDAxNS0uNzAwMDAwOCUyMDguOTAwMDAxNS00LjcwMDAwMDglMjA5LjQwMDAwMTUtOS41OTk5OTg1LjU5OTk5MDktMi40MDAwMDUzLS4wMDAwMDc2LTQuODAwMDAzLTEuMTAwMDA2MS02LjcwMDAwNDV6JTIyJTNFJTNDJTJGcGF0aCUzRSUzQyUyRnN2ZyUzRQ==[\/vc_raw_html][vc_single_image image=\u00bb8682&#8243; img_size=\u00bbfull\u00bb el_class=\u00bbcustom-mask mask-3&#8243; img_width=\u00bb{\u00abxl\u00ab:\u00ab\u00ab,\u00abunit\u00ab:\u00abpx\u00ab,\u00abxs\u00ab:\u00ab\u00ab,\u00absm\u00ab:\u00ab\u00ab,\u00abmd\u00ab:\u00ab\u00ab,\u00ablg\u00ab:\u00ab\u00ab}\u00bb css_params=\u00bb\u00bb label=\u00bb\u00bb]<div class=\"porto-sicon-box  vc_custom_1761626097060 join  wpb_custom_dc0e9768b3e3765472e0d853c108c6dc style_1 default-icon\"><\/div><!-- porto-sicon-box -->[\/vc_column][\/vc_row][vc_row][vc_column][vc_text_separator title=\u00bbCIFO\u00bb color=\u00bborange\u00bb border_width=\u00bb2&#8243;][\/vc_column][\/vc_row][vc_row wrap_container=\u00bbyes\u00bb css=\u00bb.vc_custom_1543890012935{padding-top: 50px !important;}\u00bb][vc_column offset=\u00bbvc_col-md-8 vc_col-xs-12&#8243;][vc_custom_heading text=\u00bbPropuesta Pedag\u00f3gica\u00bb font_container=\u00bbtag:h3|font_size:13.3px|text_align:left|line_height:1em\u00bb use_theme_fonts=\u00bbyes\u00bb text_transform=\u00bbtext-uppercase\u00bb font_weight=\u00bb600&#8243; letter_spacing=\u00bb0px\u00bb css=\u00bb.vc_custom_1761602716998{margin-bottom: 1.6rem !important;padding-top: 0.75rem !important;padding-right: 2rem !important;padding-bottom: 0.75rem !important;padding-left: 2rem !important;border-radius: 35px !important;}\u00bb el_class=\u00bbbg-gradient-primary d-inline-block\u00bb css_params=\u00bb\u00bb animation_type=\u00bbfadeInLeft\u00bb el_id=\u00bbpropuesta\u00bb]<div class=\"porto-u-heading  wpb_custom_3a389ccb51879219a38406e556fd4048 porto-u-3531\" data-appear-animation=\"fadeInUp\" data-appear-animation-delay=\"200\"><div class=\"porto-u-main-heading\"><h2  >Propuesta<\/h2><\/div><style>.porto-u-3531.porto-u-heading{text-align:left}<\/style><\/div>[vc_column_text css_animation=\u00bbfadeInUp\u00bb el_class=\u00bblead mb-4&#8243;]La propuesta pedag\u00f3gica que impulsa nuestra Instituci\u00f3n Educativa, tiene su base en el \u201cHumanismo verdad\u201d que propone San Pedro Poveda como la finalidad de todo proceso de desarrollo humano. Su centro es la persona, a su formaci\u00f3n integral van encaminados todos los procesos educativos. Todas las personas que conforman la comunidad educativa tienen un rol formador que aporta a la tarea conjunta centrada en los estudiantes. Por ello, Poveda afirma: \u201c<em>\u2026 convengamos en que vuestro campo de operaciones, son los estudiantes\u2026 para ellos nos dio Dios la vocaci\u00f3n<\/em>\u201d P.P.[\/vc_column_text][vc_column_text css_animation=\u00bbfadeInUp\u00bb]M\u00e1s que una propuesta pedag\u00f3gica espec\u00edfica, Poveda plantea un modo de situarse frente a la realidad para identificar y analizar las necesidades y problemas relevantes del pa\u00eds y del mundo, e invitarnos a tomar decisiones con el fin de defender la vida asumiendo el cambio como un reto permanente. Este modo de situarse, implica una actitud de compromiso con el estudio como pr\u00e1ctica a desarrollar para tomar decisiones y una actitud sensible frente a las necesidades de las personas en sus diferentes entornos. Estamos llamados, a dialogar con responsabilidad y perspectiva cr\u00edtica, con las diversas opciones que apuntan a la calidad de la educaci\u00f3n desde las corrientes pedag\u00f3gicas actuales.[\/vc_column_text][\/vc_column][vc_column offset=\u00bbvc_col-md-4&#8243;]<div class=\"widget_sidebar_menu main-sidebar-menu sidebar-menu-wrap  wpb_custom_fa56fd63c3b694fcdb3812eb30a338f1\"><div class=\"widget-title\">Con\u00f3cenos<\/div><div class=\"sidebar-menu-wrap\"><ul id=\"menu-conocenos\" class=\"sidebar-menu\"><li id=\"nav-menu-item-5046\" class=\"menu-item menu-item-type-post_type menu-item-object-page  narrow \"><a href=\"https:\/\/www.cifo.edu.pe\/index.php\/conocenos\/presentacion\/\">Presentaci\u00f3n<\/a><\/li>\n<li id=\"nav-menu-item-5059\" class=\"menu-item menu-item-type-post_type menu-item-object-page  narrow \"><a href=\"https:\/\/www.cifo.edu.pe\/index.php\/conocenos\/institucion-teresiana\/\">Instituci\u00f3n Teresiana<\/a><\/li>\n<li id=\"nav-menu-item-5190\" class=\"menu-item menu-item-type-post_type menu-item-object-page  narrow \"><a href=\"https:\/\/www.cifo.edu.pe\/index.php\/conocenos\/resena-historica\/\">Rese\u00f1a hist\u00f3rica<\/a><\/li>\n<li id=\"nav-menu-item-5194\" class=\"menu-item menu-item-type-post_type menu-item-object-page  narrow \"><a href=\"https:\/\/www.cifo.edu.pe\/index.php\/conocenos\/mision-y-vision\/\">Misi\u00f3n y Visi\u00f3n<\/a><\/li>\n<li id=\"nav-menu-item-5193\" class=\"menu-item menu-item-type-post_type menu-item-object-page  narrow \"><a href=\"https:\/\/www.cifo.edu.pe\/index.php\/conocenos\/propuesta-pedagogica\/\">Propuesta Pedag\u00f3gica<\/a><\/li>\n<li id=\"nav-menu-item-5192\" class=\"menu-item menu-item-type-post_type menu-item-object-page  narrow \"><a href=\"https:\/\/www.cifo.edu.pe\/index.php\/conocenos\/reconocimientos\/\">Reconocimientos<\/a><\/li>\n<li id=\"nav-menu-item-5191\" class=\"menu-item menu-item-type-post_type menu-item-object-page  narrow \"><a href=\"https:\/\/www.cifo.edu.pe\/index.php\/conocenos\/himno-del-colegio\/\">Himno del colegio<\/a><\/li>\n<\/ul><\/div><\/div>[\/vc_column][\/vc_row][vc_row][vc_column][vc_single_image image=\u00bb8681&#8243; img_size=\u00bbfull\u00bb onclick=\u00bblink_image\u00bb hover_effect=\u00bbyes\u00bb label=\u00bb\u00bb animation_type=\u00bbfadeIn\u00bb][vc_column_text css_animation=\u00bbfadeInUp\u00bb]Esta propuesta se explicita en unos principios base, como horizonte que inspira la tarea educativa cotidiana. Dichos principios requieren el dise\u00f1o de estrategias metodol\u00f3gicas como punto de partida para la planificaci\u00f3n de experiencias de ense\u00f1anza aprendizaje. Y, finalmente la organizaci\u00f3n de lo dicho requiere explicitar algunos pasos b\u00e1sicos en la planificaci\u00f3n para dise\u00f1ar el proceso de ense\u00f1anza-aprendizaje. El siguiente cuadro contextualiza la propuesta educativa de Poveda en nuestra Instituci\u00f3n Educativa:[\/vc_column_text][\/vc_column][\/vc_row][vc_row][vc_column][vc_custom_heading text=\u00bbPrincipios Pedag\u00f3gicos\u00bb font_container=\u00bbtag:h3|font_size:13.3px|text_align:left|line_height:1em\u00bb use_theme_fonts=\u00bbyes\u00bb text_transform=\u00bbtext-uppercase\u00bb font_weight=\u00bb600&#8243; letter_spacing=\u00bb0px\u00bb css=\u00bb.vc_custom_1761601973777{margin-bottom: 1.6rem !important;padding-top: 0.75rem !important;padding-right: 2rem !important;padding-bottom: 0.75rem !important;padding-left: 2rem !important;border-radius: 35px !important;}\u00bb el_class=\u00bbbg-gradient-primary d-inline-block\u00bb css_params=\u00bb\u00bb animation_type=\u00bbfadeInLeft\u00bb]<div class=\"porto-u-heading  wpb_custom_3a389ccb51879219a38406e556fd4048 porto-u-9304\" data-appear-animation=\"fadeInUp\" data-appear-animation-delay=\"200\"><div class=\"porto-u-main-heading\"><h2  >Principios Pedag\u00f3gicos<\/h2><\/div><style>.porto-u-9304.porto-u-heading{text-align:left}<\/style><\/div>[vc_column_text css_animation=\u00bbfadeInUp\u00bb]Destacamos dos principios fundamentales que inspiran el desempe\u00f1o cotidiano de la tarea formativa en aula: centralidad de la persona y contextualizaci\u00f3n.[\/vc_column_text][vc_tabs][vc_tab title=\u00bbCentralidad de la persona\u00bb tab_id=\u00bbbe07e36d-d555-4&#8243;][vc_column_text css_animation=\u00bbfadeInUp\u00bb]Poveda afirma: \u201c<em>para educar hay que conocer a la persona que se educa; sin este conocimiento, los medios m\u00e1s excelentes ser\u00e1n infructuosos<\/em>\u201d. Contin\u00faa sosteniendo: \u201c<em>Hay muchas que parecen exteriormente vulgaridades, y son verdaderos tesoros, y esos tesoros quedan la mayor\u00eda de las veces sin descubrir, porque el educador no vence con los medios de que dispone la timidez, cortedad,\u2026 de su educando, condici\u00f3n precisa para que el tesoro sea descubierto<\/em>\u201d. Este principio inspira todas las acciones educativas que buscan ser ayuda, est\u00edmulo e impulso para el desarrollo integral de cada estudiante en un proceso que mira la plenitud de su personalidad.<\/p>\n<p>La persona tiene un tesoro interior que hay que ayudar a descubrir, es un ser \u00fanico y diferente, es muchas veces vulnerable ante las vicisitudes de la vida, por lo cual hay que desarrollar en ella habilidades para afrontarlas, es un ser sociable y con capacidad de comunicaci\u00f3n, racional, libre, inmerso en la naturaleza, inquieto y abierto a la trascendencia. Todos estos rasgos son contemplados en nuestra pedagog\u00eda. Creer en este principio, implica formar personas libres, aut\u00f3nomas, creativas y participativas.[\/vc_column_text][\/vc_tab][vc_tab title=\u00bbContextualizaci\u00f3n\u00bb tab_id=\u00bbb0181272-0808-5&#8243;][vc_column_text css_animation=\u00bbfadeInUp\u00bb]Teniendo como punto de partida la centralidad de la persona, es que reconocemos que ellas son iguales en su esencia y, diferentes, porque responden a sus espec\u00edficas realidades familiares y culturales. Si reconocemos las diferencias como riqueza, reconocemos tambi\u00e9n que es imprescindible que la tarea educativa cotidiana tenga en cuenta los diferentes contextos de procedencia de los estudiantes y los desaf\u00edos de la realidad local, nacional, mundial, propiciando aprendizajes significativos a partir de su realidad, de sus necesidades, motivaciones y experiencias previas. Respondemos as\u00ed a la visi\u00f3n de Poveda, de formar personas comprometidas con la transformaci\u00f3n social.<\/p>\n<p>Contextualizar implica tener en cuenta que cada persona es \u00fanica, diferente y original. Por lo tanto es importante; valorar la riqueza de la diversidad buscando la complementariedad y la ayuda mutua; respetar los ritmos personales, la espontaneidad, creatividad y originalidad, sentido de iniciativa y participaci\u00f3n de los estudiantes para una sana convivencia.<\/p>\n<p>En nuestro contexto peruano, como en otros, la riqueza de las muchas expresiones culturales, nos llevan a pensar y actuar con actitud integradora, que la coyuntura define como inclusi\u00f3n. Este es un llamado especial del principio de contextualizaci\u00f3n que nos desaf\u00eda a \u201cincluir\u201d y no a \u201cdiscriminar\u201d, desde las actitudes y los hechos cotidianos.<\/p>\n<p>Por otra parte, nuestro contexto requiere poner \u00e9nfasis en la educaci\u00f3n intercultural y ambiental; la primera busca que los estudiantes aprendan a convivir y est\u00e9n abiertos a otras realidades culturales, a otras sensibilidades y visiones de la realidad, reconociendo, respetando y valorando las diferencias, avanzando as\u00ed colectivamente hacia el di\u00e1logo intercultural. La educaci\u00f3n intercultural parte del reconocimiento de las propias particularidades y la construcci\u00f3n de identidades \/ subjetividades que son las que hacen posible el di\u00e1logo entre sujetos. No hay posibilidad de di\u00e1logo intercultural sin construcci\u00f3n de identidades culturales.<\/p>\n<p>El segundo \u00e9nfasis prioriza el integrar, en la acci\u00f3n educativa, la educaci\u00f3n ambiental para el desarrollo sostenible, que permite identificar las tensiones ambientales actuales, planificar y generar alternativas y trabajo concertadamente con otros. La educaci\u00f3n para el desarrollo sostenible tiene como finalidad lograr que se construyan pr\u00e1cticas de solidaridad intergeneracional -incluso con aquellos que a\u00fan no nacen- para que tengan acceso a m\u00ednimos a los que todos los seres humanos deben aspirar.[\/vc_column_text][\/vc_tab][\/vc_tabs][\/vc_column][\/vc_row]<\/p>\n<\/section>","protected":false},"excerpt":{"rendered":"<p>[vc_row wrap_container=\u00bbyes\u00bb content_placement=\u00bbmiddle\u00bb conditional_render=\u00bb%5B%7B%22value_role%22%3A%22administrator%22%7D%5D\u00bb css_params=\u00bb\u00bb css=\u00bb.vc_custom_1736558716497{border-top-width: 1px !important;padding-top: 3rem !important;padding-bottom: 6.2rem !important;border-top-style: solid !important;border-color: #eaeaea !important;}\u00bb][vc_column width=\u00bb5\/6&#8243; css=\u00bb.vc_custom_1736900875019{padding-top: 3.4rem !important;padding-right: 5% !important;padding-bottom: 2.2rem !important;}\u00bb conditional_render=\u00bb%5B%7B%22value_role%22%3A%22administrator%22%7D%5D\u00bb css_params=\u00bb{\u00abcss_padding_right_lg\u00ab:\u00ab12px\u00ab}\u00bb offset=\u00bbvc_col-md-offset-0 vc_col-md-6 vc_col-sm-offset-1&#8243; custom_css_response=\u00bb@media(max-width:991px){.vc_custom_1736900875019{padding-right:12px!important;}}\u00bb][vc_custom_heading text=\u00bbPropuesta Pedag\u00f3gica\u00bb font_container=\u00bbtag:h3|font_size:13.3px|text_align:left|line_height:1em\u00bb use_theme_fonts=\u00bbyes\u00bb text_transform=\u00bbtext-uppercase\u00bb font_weight=\u00bb600&#8243; letter_spacing=\u00bb0px\u00bb css=\u00bb.vc_custom_1761600971382{margin-bottom: 1.6rem !important;padding-top: 0.75rem !important;padding-right: 2rem !important;padding-bottom: 0.75rem !important;padding-left: 2rem !important;border-radius: 35px !important;}\u00bb el_class=\u00bbbg-gradient-primary d-inline-block\u00bb css_params=\u00bb\u00bb animation_type=\u00bbfadeInLeft\u00bb][vc_custom_heading text=\u00bbCentrando [&hellip;]<\/p>\n","protected":false},"author":1,"featured_media":0,"parent":2217,"menu_order":0,"comment_status":"closed","ping_status":"closed","template":"","meta":[],"_links":{"self":[{"href":"https:\/\/www.cifo.edu.pe\/index.php\/wp-json\/wp\/v2\/pages\/5085"}],"collection":[{"href":"https:\/\/www.cifo.edu.pe\/index.php\/wp-json\/wp\/v2\/pages"}],"about":[{"href":"https:\/\/www.cifo.edu.pe\/index.php\/wp-json\/wp\/v2\/types\/page"}],"author":[{"embeddable":true,"href":"https:\/\/www.cifo.edu.pe\/index.php\/wp-json\/wp\/v2\/users\/1"}],"replies":[{"embeddable":true,"href":"https:\/\/www.cifo.edu.pe\/index.php\/wp-json\/wp\/v2\/comments?post=5085"}],"version-history":[{"count":38,"href":"https:\/\/www.cifo.edu.pe\/index.php\/wp-json\/wp\/v2\/pages\/5085\/revisions"}],"predecessor-version":[{"id":8684,"href":"https:\/\/www.cifo.edu.pe\/index.php\/wp-json\/wp\/v2\/pages\/5085\/revisions\/8684"}],"up":[{"embeddable":true,"href":"https:\/\/www.cifo.edu.pe\/index.php\/wp-json\/wp\/v2\/pages\/2217"}],"wp:attachment":[{"href":"https:\/\/www.cifo.edu.pe\/index.php\/wp-json\/wp\/v2\/media?parent=5085"}],"curies":[{"name":"wp","href":"https:\/\/api.w.org\/{rel}","templated":true}]}}