{"id":5104,"date":"2023-04-28T15:04:41","date_gmt":"2023-04-28T15:04:41","guid":{"rendered":"http:\/\/localhost\/?page_id=5104"},"modified":"2025-10-28T06:38:25","modified_gmt":"2025-10-28T06:38:25","slug":"himno-del-colegio","status":"publish","type":"page","link":"https:\/\/www.cifo.edu.pe\/index.php\/conocenos\/himno-del-colegio\/","title":{"rendered":"Himno del colegio"},"content":{"rendered":"<section class=\"wpb-content-wrapper\"><p>[vc_row wrap_container=\u00bbyes\u00bb content_placement=\u00bbmiddle\u00bb conditional_render=\u00bb%5B%7B%22value_role%22%3A%22administrator%22%7D%5D\u00bb css_params=\u00bb\u00bb css=\u00bb.vc_custom_1736558716497{border-top-width: 1px !important;padding-top: 3rem !important;padding-bottom: 6.2rem !important;border-top-style: solid !important;border-color: #eaeaea !important;}\u00bb][vc_column width=\u00bb5\/6&#8243; css=\u00bb.vc_custom_1736900875019{padding-top: 3.4rem !important;padding-right: 5% !important;padding-bottom: 2.2rem !important;}\u00bb conditional_render=\u00bb%5B%7B%22value_role%22%3A%22administrator%22%7D%5D\u00bb css_params=\u00bb{\u00abcss_padding_right_lg\u00ab:\u00ab12px\u00ab}\u00bb offset=\u00bbvc_col-md-offset-0 vc_col-md-6 vc_col-sm-offset-1&#8243; custom_css_response=\u00bb@media(max-width:991px){.vc_custom_1736900875019{padding-right:12px!important;}}\u00bb][vc_custom_heading text=\u00bbHimno del colegio\u00bb font_container=\u00bbtag:h3|font_size:13.3px|text_align:left|line_height:1em\u00bb use_theme_fonts=\u00bbyes\u00bb text_transform=\u00bbtext-uppercase\u00bb font_weight=\u00bb600&#8243; letter_spacing=\u00bb0px\u00bb css=\u00bb.vc_custom_1761605284206{margin-bottom: 1.6rem !important;padding-top: 0.75rem !important;padding-right: 2rem !important;padding-bottom: 0.75rem !important;padding-left: 2rem !important;border-radius: 35px !important;}\u00bb el_class=\u00bbbg-gradient-primary d-inline-block\u00bb css_params=\u00bb\u00bb animation_type=\u00bbfadeInLeft\u00bb]<div class=\"porto-u-heading  wpb_custom_3a389ccb51879219a38406e556fd4048 porto-u-1349\" data-appear-animation=\"fadeInUp\" data-appear-animation-delay=\"200\"><div class=\"porto-u-main-heading\"><h2  >\ud83d\udd4a\ufe0fHimno del Colegio Isabel Flores de Oliva<\/h2><\/div><style>.porto-u-1349.porto-u-heading{text-align:left}<\/style><\/div>[vc_custom_heading text=\u00bbEl Himno del Colegio Isabel Flores de Oliva es una expresi\u00f3n viva de la identidad, los valores y la fe que caracterizan a la comunidad educativa CIFO.<br \/>\nSu letra invita a vivir el saber a trav\u00e9s de la fe, servir con alegr\u00eda y esperanza, y llevar al mundo los ideales de verdad, paz y fraternidad inspirados en Santa Rosa de Lima y en la pedagog\u00eda de San Pedro Poveda.\u00bb font_container=\u00bbtag:p|text_align:left|line_height:1.8em\u00bb use_theme_fonts=\u00bbyes\u00bb letter_spacing=\u00bb-0.015em\u00bb animation_delay=\u00bb400&#8243; css=\u00bb.vc_custom_1761606833881{margin-bottom: 1.7rem !important;}\u00bb css_params=\u00bb\u00bb animation_type=\u00bbfadeInUp\u00bb]<div class=\"porto-container container appear-animation d-flex align-items-center\" data-appear-animation=\"fadeInUp\" data-appear-animation-delay=\"600\"><div class=\"porto-u-heading  wpb_custom_bca658e83ca4265f58a0f8250ce795ad porto-u-1533\"><div class=\"porto-u-main-heading heading-highlight\" data-appear-animation=\"highlightProgress\"><h3  ><mark>Desde 1980+<\/mark><\/h3><\/div><div class=\"porto-u-sub-heading\" style=\"\">Vivir el saber a trav\u00e9s de la fe.<\/div><style>.porto-u-1533.porto-u-heading{text-align:left}<\/style><\/div><\/div><div class=\"porto-container container appear-animation d-flex align-items-center flex-wrap\" data-appear-animation=\"fadeInUp\" data-appear-animation-delay=\"800\">[vc_btn title=\u00bbQuiero saber m\u00e1s\u00bb shape=\u00bbround\u00bb i_align=\u00bbright\u00bb i_icon_fontawesome=\u00bbfas fa-arrow-down\u00bb skin=\u00bbprimary\u00bb btn_fs=\u00bb0.9rem\u00bb btn_fw=\u00bb500&#8243; el_cls=\u00bbfont-primary\u00bb hover_text_effect=\u00bbhover-text-switch-up\u00bb add_icon=\u00bbtrue\u00bb custom_onclick=\u00bbtrue\u00bb css=\u00bb.vc_custom_1761621071493{margin-right: 1.55rem !important;}\u00bb link=\u00bbtitle:About%20Us\u00bb btn_px=\u00bb2.2rem\u00bb btn_py=\u00bb1.05rem\u00bb btn_icon_spacing=\u00bb{\u00abxl\u00ab:\u00ab1.125\u00ab,\u00abunit\u00ab:\u00abrem\u00ab,\u00abxs\u00ab:\u00ab\u00ab,\u00absm\u00ab:\u00ab\u00ab,\u00abmd\u00ab:\u00ab\u00ab,\u00ablg\u00ab:\u00ab\u00ab}\u00bb css_params=\u00bb\u00bb custom_onclick_code=\u00bbwindow.theme.scrolltoContainer(jQuery(\u00ab#historia\u00ab));return false;\u00bb]<\/div>[\/vc_column][vc_column width=\u00bb5\/6&#8243; css=\u00bb.vc_custom_1736554608152{padding-top: 3.85rem !important;padding-bottom: 6.6rem !important;}\u00bb conditional_render=\u00bb%5B%7B%22value_role%22%3A%22administrator%22%7D%5D\u00bb css_params=\u00bb\u00bb offset=\u00bbvc_col-md-offset-0 vc_col-md-6 vc_col-sm-offset-1&#8243;][vc_raw_html css=\u00bb.vc_custom_1736550299826{margin-bottom: 0px !important;}\u00bb css_params=\u00bb\u00bb el_class=\u00bbbg-svg-1 w-100&#8243;]JTNDc3ZnJTIweG1sbnMlM0QlMjJodHRwJTNBJTJGJTJGd3d3LnczLm9yZyUyRjIwMDAlMkZzdmclMjIlMjBlbmFibGUtYmFja2dyb3VuZCUzRCUyMm5ldyUyMDAlMjAwJTIwNjQlMjA2NCUyMiUyMHZpZXdCb3glM0QlMjIxMy40MSUyMDEwLjk5JTIwMzYuODMlMjA0MS45MiUyMiUyMGRhdGEtZmlsZW5hbWUlM0QlMjJhYnN0cmFjdC1iZy0xLnN2ZyUyMiUyMGZpbGwlM0QlMjJ2YXIlMjgtLXBvcnRvLXByaW1hcnktY29sb3IlMjklMjIlMjBzdHlsZSUzRCUyMm9wYWNpdHklM0ElMjAwLjIlM0IlMjIlM0UlM0NwYXRoJTIwZCUzRCUyMm00OC45MDAwMDE1JTIwMzYuNWMtMS41OTk5OTg1LTIuNzk5OTk5Mi0xLjc5OTk5OTItNi4yMDAwMDA4JTIwMC04Ljg5OTk5OTYuOTAwMDAxNS0xLjI5OTk5OTIlMjAxLjI5OTk5OTItMi43OTk5OTkyJTIwMS4yOTk5OTkyLTQuMzk5OTk5NiUyMDAtNC42MDAwMDA0LTMuOTAwMDAxNS04LjMwMDAwMDItOC43OTk5OTkyLTguMzAwMDAwMi0uNzAwMDAwOCUyMDAtMS40MDAwMDE1LjEwMDAwMDQtMi4wOTk5OTg1LjE5OTk5OTgtMy4yOTk5OTkyLjY5OTk5OTgtNi43MDAwMDA4LS4zMDAwMDAyLTkuMzk5OTk5Ni0yLjMwMDAwMDItMS43MDAwMDA3LTEuMTk5OTk5OC0zLjc5OTk5OTItMS44OTk5OTk2LTYuMTAwMDAwMy0xLjgwMDAwMDItNC41LjE5OTk5OTgtOC4xOTk5OTk4JTIwMy44MDAwMDAyLTguNjk5OTk5OCUyMDguMjAwMDAwOC0uMTk5OTk5OSUyMDIuMTAwMDAwMy4zMDAwMDAxJTIwNC4yMDAwMDA3JTIwMS4zMDAwMDAxJTIwNS43OTk5OTkyJTIwMS4zOTk5OTk2JTIwMi4yOTk5OTkyJTIwMSUyMDUuMjk5OTk5Mi0uODAwMDAwMiUyMDcuMjk5OTk5Mi0xLjYwMDAwMDQlMjAyLTIuNSUyMDQuNTk5OTk4NS0yLjA5OTk5OTQlMjA3LjUuNjAwMDAwNCUyMDQlMjAzLjc5OTk5OTIlMjA3LjI5OTk5OTIlMjA3Ljg5OTk5OTYlMjA4JTIwMS43OTk5OTkyLjI5OTk5OTIlMjAzLjYwMDAwMDQlMjAwJTIwNS4xMDAwMDA0LS41OTk5OTg1JTIwMS4yMDAwMDA4LS41JTIwMi43MDAwMDA4LS4yMDAwMDA4JTIwMy41LjkwMDAwMTUlMjAyLjIwMDAwMDglMjAzLjI5OTk5OTIlMjA2LjIwMDAwMDglMjA1LjI5OTk5OTIlMjAxMC42MDAwMDIzJTIwNC43MDAwMDA4JTIwNC45MDAwMDE1LS43MDAwMDA4JTIwOC45MDAwMDE1LTQuNzAwMDAwOCUyMDkuNDAwMDAxNS05LjU5OTk5ODUuNTk5OTkwOS0yLjQwMDAwNTMtLjAwMDAwNzYtNC44MDAwMDMtMS4xMDAwMDYxLTYuNzAwMDA0NXolMjIlM0UlM0MlMkZwYXRoJTNFJTNDJTJGc3ZnJTNF[\/vc_raw_html][vc_single_image image=\u00bb8689&#8243; img_size=\u00bbfull\u00bb alignment=\u00bbright\u00bb hover_effect=\u00bbyes\u00bb animation_delay=\u00bb100&#8243; css=\u00bb.vc_custom_1761632068214{margin-bottom: 0px !important;}\u00bb el_class=\u00bbcustom-mask mask-2&#8243; css_params=\u00bb\u00bb img_width=\u00bb{\u00abxl\u00ab:\u00ab70.1\u00ab,\u00abunit\u00ab:\u00ab%\u00ab,\u00abxs\u00ab:\u00ab\u00ab,\u00absm\u00ab:\u00ab\u00ab,\u00abmd\u00ab:\u00ab\u00ab,\u00ablg\u00ab:\u00ab\u00ab}\u00bb label=\u00bb\u00bb animation_type=\u00bbbounceIn\u00bb]<div class=\"porto-sicon-box  vc_custom_1761633433180 join  wpb_custom_dc0e9768b3e3765472e0d853c108c6dc style_1 default-icon\"><div class=\"porto-sicon-header\"><h3 class=\"porto-sicon-title\" style=\"margin-bottom:4px;\"><strong style=\"padding-right: 0.25rem; font-family: var(--porto-h3-ff)\"><\/strong> <\/h3><\/div> <!-- header --><\/div><!-- porto-sicon-box -->[vc_btn title=\u00bb\u00bb style=\u00bb3d\u00bb shape=\u00bbrounded\u00bb color=\u00bbdanger\u00bb i_icon_fontawesome=\u00bbfab fa-youtube\u00bb add_icon=\u00bbtrue\u00bb link=\u00bburl:https%3A%2F%2Fwww.youtube.com%2Fwatch%3Fv%3D5DLIKc7whkA|target:_blank\u00bb][\/vc_column][\/vc_row][vc_row][vc_column][vc_text_separator title=\u00bbCIFO\u00bb color=\u00bborange\u00bb][\/vc_column][\/vc_row][vc_row particles_effect=\u00bbyes\u00bb particles_hover_effect=\u00bbbubble\u00bb particles_click_effect=\u00bbrepulse\u00bb particles_img=\u00bb8665&#8243; conditional_render=\u00bb%5B%7B%22value_role%22%3A%22administrator%22%7D%5D\u00bb][vc_column width=\u00bb2\/3&#8243;][vc_custom_heading text=\u00bbHimno del colegio\u00bb font_container=\u00bbtag:h3|font_size:13.3px|text_align:left|line_height:1em\u00bb use_theme_fonts=\u00bbyes\u00bb text_transform=\u00bbtext-uppercase\u00bb font_weight=\u00bb600&#8243; letter_spacing=\u00bb0px\u00bb css=\u00bb.vc_custom_1761605284206{margin-bottom: 1.6rem !important;padding-top: 0.75rem !important;padding-right: 2rem !important;padding-bottom: 0.75rem !important;padding-left: 2rem !important;border-radius: 35px !important;}\u00bb el_class=\u00bbbg-gradient-primary d-inline-block\u00bb css_params=\u00bb\u00bb animation_type=\u00bbfadeInLeft\u00bb]<div class=\"porto-u-heading  wpb_custom_3a389ccb51879219a38406e556fd4048 porto-u-7837\" data-appear-animation=\"fadeInUp\" data-appear-animation-delay=\"200\"><div class=\"porto-u-main-heading\"><h2  >\ud83d\udcc4Detalles<\/h2><\/div><div class=\"porto-u-sub-heading\" style=\"\">El <strong data-start=\"416\" data-end=\"460\">Himno del Colegio Isabel Flores de Oliva<\/strong> es una expresi\u00f3n viva de la identidad, los valores y la fe que caracterizan a la comunidad educativa CIFO.<br \/>\n<br data-start=\"567\" data-end=\"570\" \/>Su letra invita a vivir el saber a trav\u00e9s de la fe, servir con alegr\u00eda y esperanza, y llevar al mundo los ideales de verdad, paz y fraternidad inspirados en <strong data-start=\"727\" data-end=\"749\">Santa Rosa de Lima<\/strong> y en la pedagog\u00eda de <strong data-start=\"771\" data-end=\"791\">San Pedro Poveda<\/strong>.<\/div><style>.porto-u-7837.porto-u-heading{text-align:left}<\/style><\/div>[vc_custom_heading text=\u00bbHistoria\u00bb font_container=\u00bbtag:h3|font_size:13.3px|text_align:left|line_height:1em\u00bb use_theme_fonts=\u00bbyes\u00bb text_transform=\u00bbtext-uppercase\u00bb font_weight=\u00bb600&#8243; letter_spacing=\u00bb0px\u00bb css=\u00bb.vc_custom_1761619021701{margin-bottom: 1.6rem !important;padding-top: 0.75rem !important;padding-right: 2rem !important;padding-bottom: 0.75rem !important;padding-left: 2rem !important;border-radius: 35px !important;}\u00bb el_class=\u00bbbg-gradient-primary d-inline-block\u00bb css_params=\u00bb\u00bb animation_type=\u00bbfadeInLeft\u00bb el_id=\u00bbhistoria\u00bb]<div class=\"porto-u-heading  wpb_custom_3a389ccb51879219a38406e556fd4048 porto-u-5636\" data-appear-animation=\"fadeInUp\" data-appear-animation-delay=\"200\"><div class=\"porto-u-main-heading\"><h2  >\ud83d\udcd6Historia del Himno<\/h2><\/div><div class=\"porto-u-sub-heading\" style=\"\">&nbsp;<\/p>\n<p data-start=\"359\" data-end=\"797\">En el a\u00f1o <strong data-start=\"369\" data-end=\"377\">1980<\/strong>, el Colegio Isabel Flores de Oliva convoc\u00f3 a toda su comunidad educativa \u2014estudiantes de todos los niveles, docentes y familias\u2014 a participar en un <strong data-start=\"526\" data-end=\"579\">concurso para la creaci\u00f3n del himno institucional<\/strong>. El prop\u00f3sito fue dotar al colegio de una composici\u00f3n que reflejara su identidad, sus valores y su compromiso con la formaci\u00f3n integral inspirada en Santa Rosa de Lima y en los ideales de la <strong data-start=\"771\" data-end=\"796\">Instituci\u00f3n Teresiana<\/strong>.<\/p>\n<p data-start=\"799\" data-end=\"1178\">El concurso fue ganado por la <strong data-start=\"829\" data-end=\"868\">Promoci\u00f3n XXVIII \u2013 \u201cMar\u00eda Estrella\u201d<\/strong>, con la canci\u00f3n titulada <strong data-start=\"894\" data-end=\"922\">\u201cIsabel Flores de Oliva\u201d<\/strong>, cuya <strong data-start=\"929\" data-end=\"984\">letra fue compuesta por Cecilia Flores y Mar\u00eda Diez<\/strong>, y la <strong data-start=\"991\" data-end=\"1024\">m\u00fasica por Lorena Andrea R\u00edos<\/strong>. La obra destac\u00f3 por transmitir, con sensibilidad y profundidad, el esp\u00edritu de fe, servicio y amor que caracteriza a la comunidad educativa del colegio.<\/p>\n<p data-start=\"1180\" data-end=\"1491\">En <strong data-start=\"1183\" data-end=\"1199\">mayo de 1980<\/strong>, la promoci\u00f3n ganadora ofreci\u00f3 el himno al colegio <strong data-start=\"1251\" data-end=\"1283\">como un ofrecimiento mariano<\/strong>, en homenaje a la Virgen Mar\u00eda. Ese mismo a\u00f1o, fue <strong data-start=\"1335\" data-end=\"1404\">entonado por primera vez durante la Primera Olimpiada del Colegio<\/strong>, convirti\u00e9ndose desde entonces en s\u00edmbolo de uni\u00f3n, identidad y orgullo institucional.<\/p>\n<p><\/div><style>.porto-u-5636.porto-u-heading{text-align:left}<\/style><\/div>[\/vc_column][vc_column width=\u00bb1\/3&#8243;][vc_custom_heading text=\u00bbLetras\u00bb font_container=\u00bbtag:h3|font_size:13.3px|text_align:left|line_height:1em\u00bb use_theme_fonts=\u00bbyes\u00bb text_transform=\u00bbtext-uppercase\u00bb font_weight=\u00bb600&#8243; letter_spacing=\u00bb0px\u00bb css=\u00bb.vc_custom_1761618847636{margin-bottom: 1.6rem !important;padding-top: 0.75rem !important;padding-right: 2rem !important;padding-bottom: 0.75rem !important;padding-left: 2rem !important;border-radius: 35px !important;}\u00bb el_class=\u00bbbg-gradient-primary d-inline-block\u00bb css_params=\u00bb\u00bb animation_type=\u00bbfadeInLeft\u00bb]<div class=\"porto-u-heading  wpb_custom_3a389ccb51879219a38406e556fd4048 porto-u-2428\" data-appear-animation=\"fadeInUp\" data-appear-animation-delay=\"200\"><div class=\"porto-u-main-heading\"><h2  >\ud83c\udfb6Himno<\/h2><\/div><div class=\"porto-u-sub-heading\" style=\"\">&nbsp;<\/p>\n<p style=\"text-align: center;\" data-start=\"823\" data-end=\"950\"><strong data-start=\"823\" data-end=\"850\">Isabel Flores de Oliva,<\/strong><br data-start=\"850\" data-end=\"853\" \/><em data-start=\"853\" data-end=\"881\">Alma mater de la juventud;<\/em><br data-start=\"881\" data-end=\"884\" \/><em data-start=\"884\" data-end=\"909\">ense\u00f1anzas y esperanzas<\/em><br data-start=\"909\" data-end=\"912\" \/><em data-start=\"912\" data-end=\"948\">brindan luz con fulgor y plenitud.<\/em><\/p>\n<p style=\"text-align: center;\" data-start=\"952\" data-end=\"1081\"><strong data-start=\"952\" data-end=\"984\">El saber, a trav\u00e9s de la fe,<\/strong><br data-start=\"984\" data-end=\"987\" \/><em data-start=\"987\" data-end=\"1009\">hoy nuestro lema es;<\/em><br data-start=\"1009\" data-end=\"1012\" \/><em data-start=\"1012\" data-end=\"1045\">y vivir al servicio del hombre,<\/em><br data-start=\"1045\" data-end=\"1048\" \/><em data-start=\"1048\" data-end=\"1079\">liberando, es nuestro querer.<\/em><\/p>\n<p style=\"text-align: center;\" data-start=\"952\" data-end=\"1081\"><strong data-start=\"1338\" data-end=\"1372\">Orgullosos llevamos tu nombre,<\/strong><br data-start=\"1372\" data-end=\"1375\" \/><em data-start=\"1375\" data-end=\"1403\">proclamando un gran ideal;<\/em><br data-start=\"1403\" data-end=\"1406\" \/><em data-start=\"1406\" data-end=\"1431\">Isabel Flores de Oliva,<\/em><br data-start=\"1431\" data-end=\"1434\" \/><em data-start=\"1434\" data-end=\"1467\">reto abierto de amor y amistad.<\/em><\/p>\n<p style=\"text-align: center;\" data-start=\"1083\" data-end=\"1210\"><strong data-start=\"1083\" data-end=\"1112\">Siempre unidos seguiremos<\/strong><br data-start=\"1112\" data-end=\"1115\" \/><em data-start=\"1115\" data-end=\"1148\">por la herencia que Poveda dio,<\/em><br data-start=\"1148\" data-end=\"1151\" \/><em data-start=\"1151\" data-end=\"1176\">y estudiando lograremos<\/em><br data-start=\"1176\" data-end=\"1179\" \/><em data-start=\"1179\" data-end=\"1208\">en la vida un futuro mejor.<\/em><\/p>\n<p style=\"text-align: center;\" data-start=\"1212\" data-end=\"1336\"><strong data-start=\"1212\" data-end=\"1242\">Llevaremos al mundo la paz<\/strong><br data-start=\"1242\" data-end=\"1245\" \/><em data-start=\"1245\" data-end=\"1270\">con esperanza y verdad,<\/em><br data-start=\"1270\" data-end=\"1273\" \/><em data-start=\"1273\" data-end=\"1304\">la alegr\u00eda que anima el andar<\/em><br data-start=\"1304\" data-end=\"1307\" \/><em data-start=\"1307\" data-end=\"1334\">y Mar\u00eda la estrella ser\u00e1.<\/em><\/p>\n<p style=\"text-align: center;\" data-start=\"1338\" data-end=\"1469\"><strong data-start=\"1338\" data-end=\"1372\">Orgullosos llevamos tu nombre,<\/strong><br data-start=\"1372\" data-end=\"1375\" \/><em data-start=\"1375\" data-end=\"1403\">proclamando un gran ideal;<\/em><br data-start=\"1403\" data-end=\"1406\" \/><em data-start=\"1406\" data-end=\"1431\">Isabel Flores de Oliva,<\/em><br data-start=\"1431\" data-end=\"1434\" \/><em data-start=\"1434\" data-end=\"1467\">reto abierto de amor y amistad.<\/em><\/p>\n<p><\/div><style>.porto-u-2428.porto-u-heading{text-align:left}<\/style><\/div>[\/vc_column][\/vc_row][vc_row][vc_column][vc_custom_heading text=\u00bbVideo\u00bb font_container=\u00bbtag:h3|font_size:13.3px|text_align:left|line_height:1em\u00bb use_theme_fonts=\u00bbyes\u00bb text_transform=\u00bbtext-uppercase\u00bb font_weight=\u00bb600&#8243; letter_spacing=\u00bb0px\u00bb css=\u00bb.vc_custom_1761632171060{margin-bottom: 1.6rem !important;padding-top: 0.75rem !important;padding-right: 2rem !important;padding-bottom: 0.75rem !important;padding-left: 2rem !important;border-radius: 35px !important;}\u00bb el_class=\u00bbbg-gradient-primary d-inline-block\u00bb css_params=\u00bb\u00bb animation_type=\u00bbfadeInLeft\u00bb][vc_raw_html]JTNDY2VudGVyJTNFJTNDaWZyYW1lJTIwd2lkdGglM0QlMjI1NjAlMjIlMjBoZWlnaHQlM0QlMjIzMTUlMjIlMjBzcmMlM0QlMjJodHRwcyUzQSUyRiUyRnd3dy55b3V0dWJlLmNvbSUyRmVtYmVkJTJGNURMSUtjN3doa0ElM0ZzaSUzRHktQnBNUm9ZcTQ2N2NHekolMjIlMjB0aXRsZSUzRCUyMllvdVR1YmUlMjB2aWRlbyUyMHBsYXllciUyMiUyMGZyYW1lYm9yZGVyJTNEJTIyMCUyMiUyMGFsbG93JTNEJTIyYWNjZWxlcm9tZXRlciUzQiUyMGF1dG9wbGF5JTNCJTIwY2xpcGJvYXJkLXdyaXRlJTNCJTIwZW5jcnlwdGVkLW1lZGlhJTNCJTIwZ3lyb3Njb3BlJTNCJTIwcGljdHVyZS1pbi1waWN0dXJlJTNCJTIwd2ViLXNoYXJlJTIyJTIwcmVmZXJyZXJwb2xpY3klM0QlMjJzdHJpY3Qtb3JpZ2luLXdoZW4tY3Jvc3Mtb3JpZ2luJTIyJTIwYWxsb3dmdWxsc2NyZWVuJTNFJTNDJTJGaWZyYW1lJTNFJTNDJTJGY2VudGVyJTNF[\/vc_raw_html][\/vc_column][\/vc_row]<\/p>\n<\/section>","protected":false},"excerpt":{"rendered":"<p>[vc_row wrap_container=\u00bbyes\u00bb content_placement=\u00bbmiddle\u00bb conditional_render=\u00bb%5B%7B%22value_role%22%3A%22administrator%22%7D%5D\u00bb css_params=\u00bb\u00bb css=\u00bb.vc_custom_1736558716497{border-top-width: 1px !important;padding-top: 3rem !important;padding-bottom: 6.2rem !important;border-top-style: solid !important;border-color: #eaeaea !important;}\u00bb][vc_column width=\u00bb5\/6&#8243; css=\u00bb.vc_custom_1736900875019{padding-top: 3.4rem !important;padding-right: 5% !important;padding-bottom: 2.2rem !important;}\u00bb conditional_render=\u00bb%5B%7B%22value_role%22%3A%22administrator%22%7D%5D\u00bb css_params=\u00bb{\u00abcss_padding_right_lg\u00ab:\u00ab12px\u00ab}\u00bb offset=\u00bbvc_col-md-offset-0 vc_col-md-6 vc_col-sm-offset-1&#8243; custom_css_response=\u00bb@media(max-width:991px){.vc_custom_1736900875019{padding-right:12px!important;}}\u00bb][vc_custom_heading text=\u00bbHimno del colegio\u00bb font_container=\u00bbtag:h3|font_size:13.3px|text_align:left|line_height:1em\u00bb use_theme_fonts=\u00bbyes\u00bb text_transform=\u00bbtext-uppercase\u00bb font_weight=\u00bb600&#8243; letter_spacing=\u00bb0px\u00bb css=\u00bb.vc_custom_1761605284206{margin-bottom: 1.6rem !important;padding-top: 0.75rem !important;padding-right: 2rem !important;padding-bottom: 0.75rem !important;padding-left: 2rem !important;border-radius: 35px !important;}\u00bb el_class=\u00bbbg-gradient-primary d-inline-block\u00bb css_params=\u00bb\u00bb animation_type=\u00bbfadeInLeft\u00bb][vc_custom_heading [&hellip;]<\/p>\n","protected":false},"author":1,"featured_media":0,"parent":2217,"menu_order":0,"comment_status":"closed","ping_status":"closed","template":"","meta":[],"_links":{"self":[{"href":"https:\/\/www.cifo.edu.pe\/index.php\/wp-json\/wp\/v2\/pages\/5104"}],"collection":[{"href":"https:\/\/www.cifo.edu.pe\/index.php\/wp-json\/wp\/v2\/pages"}],"about":[{"href":"https:\/\/www.cifo.edu.pe\/index.php\/wp-json\/wp\/v2\/types\/page"}],"author":[{"embeddable":true,"href":"https:\/\/www.cifo.edu.pe\/index.php\/wp-json\/wp\/v2\/users\/1"}],"replies":[{"embeddable":true,"href":"https:\/\/www.cifo.edu.pe\/index.php\/wp-json\/wp\/v2\/comments?post=5104"}],"version-history":[{"count":54,"href":"https:\/\/www.cifo.edu.pe\/index.php\/wp-json\/wp\/v2\/pages\/5104\/revisions"}],"predecessor-version":[{"id":5109,"href":"https:\/\/www.cifo.edu.pe\/index.php\/wp-json\/wp\/v2\/pages\/5104\/revisions\/5109"}],"up":[{"embeddable":true,"href":"https:\/\/www.cifo.edu.pe\/index.php\/wp-json\/wp\/v2\/pages\/2217"}],"wp:attachment":[{"href":"https:\/\/www.cifo.edu.pe\/index.php\/wp-json\/wp\/v2\/media?parent=5104"}],"curies":[{"name":"wp","href":"https:\/\/api.w.org\/{rel}","templated":true}]}}