{"id":5142,"date":"2023-04-28T16:44:36","date_gmt":"2023-04-28T16:44:36","guid":{"rendered":"http:\/\/localhost\/?page_id=5142"},"modified":"2026-03-06T22:08:35","modified_gmt":"2026-03-06T22:08:35","slug":"coordinaciones","status":"publish","type":"page","link":"https:\/\/www.cifo.edu.pe\/index.php\/organizacion\/coordinaciones\/","title":{"rendered":"Coordinaciones"},"content":{"rendered":"<section class=\"wpb-content-wrapper\"><p>[vc_row wrap_container=\u00bbyes\u00bb el_class=\u00bbpy-3 pt-lg-5 pb-lg-4 my-5&#8243;][vc_column offset=\u00bbvc_col-md-6&#8243;][vc_custom_heading text=\u00bbOrganizaci\u00f3n\u00bb font_container=\u00bbtag:h5|font_size:14px|text_align:left|line_height:26px\u00bb use_theme_fonts=\u00bbyes\u00bb text_transform=\u00bbtext-uppercase\u00bb font_weight=\u00bb600&#8243; skin=\u00bbprimary\u00bb letter_spacing=\u00bb0&#8243; show_border=\u00bbyes\u00bb border_skin=\u00bbprimary\u00bb border_type=\u00bbmiddle-border-reverse\u00bb border_size=\u00bblg\u00bb animation_delay=\u00bb100&#8243; animation_type=\u00bbfadeInLeft\u00bb el_class=\u00bbmb-1&#8243; border_spacing=\u00bb{\u00abxl\u00ab:\u00ab20\u00ab,\u00abunit\u00ab:\u00ab\u00ab,\u00abxs\u00ab:\u00ab\u00ab,\u00absm\u00ab:\u00ab\u00ab,\u00abmd\u00ab:\u00ab\u00ab,\u00ablg\u00ab:\u00ab\u00ab}\u00bb css=\u00bb.vc_custom_1682698856313{margin-top: 15px !important;}\u00bb][vc_custom_heading text=\u00bbCoordinaciones\u00bb font_container=\u00bbtag:h2|text_align:left|line_height:normal\u00bb use_theme_fonts=\u00bbyes\u00bb skin=\u00bbsecondary\u00bb animation_delay=\u00bb200&#8243; el_class=\u00bbmb-4&#8243; animation_type=\u00bbfadeInLeft\u00bb][vc_custom_heading text=\u00bbLas Coordinadoras Acad\u00e9micas son las responsables de orientar, coordinar y evaluar todas las actividades pedag\u00f3gicas del nivel que les corresponde. Articulan la gesti\u00f3n pedag\u00f3gica con la gesti\u00f3n administrativa, con las diferentes instancias y departamentos de la Instituci\u00f3n Educativa.\u00bb font_container=\u00bbtag:p|text_align:left\u00bb use_theme_fonts=\u00bbyes\u00bb font_weight=\u00bb600&#8243; animation_delay=\u00bb300&#8243; animation_type=\u00bbfadeInLeft\u00bb][vc_custom_heading text=\u00bbSe encargan de supervisar, monitorear y acompa\u00f1ar el desarrollo del trabajo pedag\u00f3gico en di\u00e1logo permanente con tutores, profesores y el departamento de Orientaci\u00f3n y Psicopedag\u00f3gico.\u00bb font_container=\u00bbtag:p|text_align:left\u00bb use_theme_fonts=\u00bbyes\u00bb animation_delay=\u00bb400&#8243; el_class=\u00bbm-b-xl\u00bb animation_type=\u00bbfadeInLeft\u00bb][vc_custom_heading text=\u00bbPromueven el an\u00e1lisis permanente de la pr\u00e1ctica educativa de los docentes para mejorar su acci\u00f3n profesional y el desarrollo institucional.\u00bb font_container=\u00bbtag:p|text_align:left\u00bb use_theme_fonts=\u00bbyes\u00bb animation_delay=\u00bb400&#8243; el_class=\u00bbm-b-xl\u00bb animation_type=\u00bbfadeInLeft\u00bb]<div class=\"porto-animation d-flex align-items-center justify-content-start\"  data-appear-animation=\"fadeIn\" data-appear-animation-delay=\"700\">[vc_pie value=\u00bb100&#8243; size=\u00bb175&#8243; speed=\u00bb2500&#8243; line=\u00bb14&#8243; units=\u00bb%\u00bb el_class=\u00bbmb-1&#8243; title_porto_typography=\u00bb{\u00abfamily\u00ab:\u00abDefault\u00ab,\u00abvariant\u00ab:\u00abDefault\u00ab,\u00abfont_size\u00ab:\u00ab\u00ab,\u00abline_height\u00ab:\u00ab\u00ab,\u00abletter_spacing\u00ab:\u00ab\u00ab,\u00abtext_transform\u00ab:\u00ab\u00ab}\u00bb value_porto_typography=\u00bb{\u00abfamily\u00ab:\u00abDefault\u00ab,\u00abvariant\u00ab:\u00ab600\u00ab,\u00abfont_size\u00ab:\u00ab22px\u00ab,\u00abline_height\u00ab:\u00ab\u00ab,\u00abletter_spacing\u00ab:\u00ab0px\u00ab,\u00abtext_transform\u00ab:\u00ab\u00ab}\u00bb value_color=\u00bb#222529&#8243;][vc_custom_heading text=\u00bbEducaci\u00f3n como un proceso de<br \/>\n\u201chumanizaci\u00f3n\u201d\u00bb font_container=\u00bbtag:h5|font_size:1.4em|text_align:left|line_height:1.4&#8243; use_theme_fonts=\u00bbyes\u00bb font_weight=\u00bb800&#8243; skin=\u00bbdark\u00bb el_class=\u00bbms-3 mb-1&#8243;]<\/div>[\/vc_column][vc_column width=\u00bb2\/3&#8243; animation_delay=\u00bb200&#8243; offset=\u00bbvc_col-md-offset-0 vc_col-md-6 vc_col-sm-offset-2&#8243; el_class=\u00bbcoaching\u00bb animation_type=\u00bbfadeIn\u00bb css=\u00bb.vc_custom_1660843378346{padding-top: 15px !important;}\u00bb conditional_render=\u00bb%5B%7B%22value_role%22%3A%22administrator%22%7D%5D\u00bb][vc_single_image image=\u00bb9191&#8243; img_size=\u00bbfull\u00bb onclick=\u00bblink_image\u00bb label=\u00bb\u00bb]<div class=\"porto-testimonial wpb_content_element   wpb_custom_4760b66c0cbf51ec9a7673f3785bca75\"><div class=\"testimonial testimonial-style-2 testimonial-with-quotes\"><blockquote class=\"testimonial-carousel\" style=\"color:#212529\"><p><em><strong>\u201cEl estudio\u2026 es algo necesario, imprescindible\u2026\u201d<\/strong><\/em><\/p><\/blockquote><div class=\"testimonial-author\"><p><a href=\"#\"><strong>San Pedro Poveda.<\/strong><\/a><span>Cifo<\/span><\/p><\/div><\/div><\/div>[\/vc_column][\/vc_row][vc_row][\/vc_row][vc_column][vc_text_separator title=\u00bbCifo\u00bb color=\u00bborange\u00bb border_width=\u00bb2&#8243; css_animation=\u00bbfadeInUp\u00bb][\/vc_column]<\/p>\n<\/section>","protected":false},"excerpt":{"rendered":"<p>[vc_row wrap_container=\u00bbyes\u00bb el_class=\u00bbpy-3 pt-lg-5 pb-lg-4 my-5&#8243;][vc_column offset=\u00bbvc_col-md-6&#8243;][vc_custom_heading text=\u00bbOrganizaci\u00f3n\u00bb font_container=\u00bbtag:h5|font_size:14px|text_align:left|line_height:26px\u00bb use_theme_fonts=\u00bbyes\u00bb text_transform=\u00bbtext-uppercase\u00bb font_weight=\u00bb600&#8243; skin=\u00bbprimary\u00bb letter_spacing=\u00bb0&#8243; show_border=\u00bbyes\u00bb border_skin=\u00bbprimary\u00bb border_type=\u00bbmiddle-border-reverse\u00bb border_size=\u00bblg\u00bb animation_delay=\u00bb100&#8243; animation_type=\u00bbfadeInLeft\u00bb el_class=\u00bbmb-1&#8243; border_spacing=\u00bb{\u00abxl\u00ab:\u00ab20\u00ab,\u00abunit\u00ab:\u00ab\u00ab,\u00abxs\u00ab:\u00ab\u00ab,\u00absm\u00ab:\u00ab\u00ab,\u00abmd\u00ab:\u00ab\u00ab,\u00ablg\u00ab:\u00ab\u00ab}\u00bb css=\u00bb.vc_custom_1682698856313{margin-top: 15px !important;}\u00bb][vc_custom_heading text=\u00bbCoordinaciones\u00bb font_container=\u00bbtag:h2|text_align:left|line_height:normal\u00bb use_theme_fonts=\u00bbyes\u00bb skin=\u00bbsecondary\u00bb animation_delay=\u00bb200&#8243; el_class=\u00bbmb-4&#8243; animation_type=\u00bbfadeInLeft\u00bb][vc_custom_heading text=\u00bbLas Coordinadoras Acad\u00e9micas son las responsables de orientar, coordinar y evaluar todas las actividades pedag\u00f3gicas del nivel que les corresponde. Articulan la gesti\u00f3n [&hellip;]<\/p>\n","protected":false},"author":1,"featured_media":0,"parent":5132,"menu_order":0,"comment_status":"closed","ping_status":"closed","template":"","meta":[],"_links":{"self":[{"href":"https:\/\/www.cifo.edu.pe\/index.php\/wp-json\/wp\/v2\/pages\/5142"}],"collection":[{"href":"https:\/\/www.cifo.edu.pe\/index.php\/wp-json\/wp\/v2\/pages"}],"about":[{"href":"https:\/\/www.cifo.edu.pe\/index.php\/wp-json\/wp\/v2\/types\/page"}],"author":[{"embeddable":true,"href":"https:\/\/www.cifo.edu.pe\/index.php\/wp-json\/wp\/v2\/users\/1"}],"replies":[{"embeddable":true,"href":"https:\/\/www.cifo.edu.pe\/index.php\/wp-json\/wp\/v2\/comments?post=5142"}],"version-history":[{"count":9,"href":"https:\/\/www.cifo.edu.pe\/index.php\/wp-json\/wp\/v2\/pages\/5142\/revisions"}],"predecessor-version":[{"id":9192,"href":"https:\/\/www.cifo.edu.pe\/index.php\/wp-json\/wp\/v2\/pages\/5142\/revisions\/9192"}],"up":[{"embeddable":true,"href":"https:\/\/www.cifo.edu.pe\/index.php\/wp-json\/wp\/v2\/pages\/5132"}],"wp:attachment":[{"href":"https:\/\/www.cifo.edu.pe\/index.php\/wp-json\/wp\/v2\/media?parent=5142"}],"curies":[{"name":"wp","href":"https:\/\/api.w.org\/{rel}","templated":true}]}}