{"id":5176,"date":"2023-04-28T17:52:30","date_gmt":"2023-04-28T17:52:30","guid":{"rendered":"http:\/\/localhost\/?page_id=5176"},"modified":"2025-10-28T16:45:37","modified_gmt":"2025-10-28T16:45:37","slug":"infraestructura","status":"publish","type":"page","link":"https:\/\/www.cifo.edu.pe\/index.php\/organizacion\/infraestructura\/","title":{"rendered":"Infraestructura"},"content":{"rendered":"<section class=\"wpb-content-wrapper\"><p>[vc_row wrap_container=\u00bbyes\u00bb el_class=\u00bbpy-3 pt-lg-5 pb-lg-4 my-5&#8243;][vc_column offset=\u00bbvc_col-md-6&#8243;][vc_custom_heading text=\u00bbOrganizaci\u00f3n\u00bb font_container=\u00bbtag:h5|font_size:14px|text_align:left|line_height:26px\u00bb use_theme_fonts=\u00bbyes\u00bb text_transform=\u00bbtext-uppercase\u00bb font_weight=\u00bb600&#8243; skin=\u00bbprimary\u00bb letter_spacing=\u00bb0&#8243; show_border=\u00bbyes\u00bb border_skin=\u00bbprimary\u00bb border_type=\u00bbmiddle-border-reverse\u00bb border_size=\u00bblg\u00bb animation_delay=\u00bb100&#8243; animation_type=\u00bbfadeInLeft\u00bb el_class=\u00bbmb-1&#8243; border_spacing=\u00bb{\u00abxl\u00ab:\u00ab20\u00ab,\u00abunit\u00ab:\u00ab\u00ab,\u00abxs\u00ab:\u00ab\u00ab,\u00absm\u00ab:\u00ab\u00ab,\u00abmd\u00ab:\u00ab\u00ab,\u00ablg\u00ab:\u00ab\u00ab}\u00bb css=\u00bb.vc_custom_1682698856313{margin-top: 15px !important;}\u00bb][vc_custom_heading text=\u00bbInfraestructura\u00bb font_container=\u00bbtag:h2|text_align:left|line_height:normal\u00bb use_theme_fonts=\u00bbyes\u00bb skin=\u00bbsecondary\u00bb animation_delay=\u00bb200&#8243; el_class=\u00bbmb-4&#8243; animation_type=\u00bbfadeInLeft\u00bb][vc_custom_heading text=\u00bbLas instalaciones y el equipamiento educativo fueron implementados desde un inicio para ser un espacio educativo amplio, con diversidad de ambientes y recursos para el aprendizaje, la recreaci\u00f3n, el fomento a la lectura y la investigaci\u00f3n, la pr\u00e1ctica deportiva y el aprendizaje, as\u00ed como el goce de las diferentes expresiones art\u00edsticas.\u00bb font_container=\u00bbtag:p|text_align:left\u00bb use_theme_fonts=\u00bbyes\u00bb font_weight=\u00bb600&#8243; animation_delay=\u00bb300&#8243; animation_type=\u00bbfadeInLeft\u00bb][vc_custom_heading text=\u00bb.\u00bb font_container=\u00bbtag:p|text_align:left\u00bb use_theme_fonts=\u00bbyes\u00bb animation_delay=\u00bb400&#8243; el_class=\u00bbm-b-xl\u00bb animation_type=\u00bbfadeInLeft\u00bb]<div class=\"porto-animation d-flex align-items-center justify-content-start\"  data-appear-animation=\"fadeIn\" data-appear-animation-delay=\"700\">[vc_pie value=\u00bb100&#8243; size=\u00bb175&#8243; speed=\u00bb2500&#8243; line=\u00bb14&#8243; el_class=\u00bbmb-1&#8243; title_porto_typography=\u00bb{\u00abfamily\u00ab:\u00abDefault\u00ab,\u00abvariant\u00ab:\u00abDefault\u00ab,\u00abfont_size\u00ab:\u00ab\u00ab,\u00abline_height\u00ab:\u00ab\u00ab,\u00abletter_spacing\u00ab:\u00ab\u00ab,\u00abtext_transform\u00ab:\u00ab\u00ab}\u00bb value_porto_typography=\u00bb{\u00abfamily\u00ab:\u00abDefault\u00ab,\u00abvariant\u00ab:\u00ab600\u00ab,\u00abfont_size\u00ab:\u00ab22px\u00ab,\u00abline_height\u00ab:\u00ab\u00ab,\u00abletter_spacing\u00ab:\u00ab0px\u00ab,\u00abtext_transform\u00ab:\u00ab\u00ab}\u00bb value_color=\u00bb#222529&#8243;][vc_custom_heading text=\u00bbEducaci\u00f3n como un proceso de&lt;br \/&gt;<br \/>\n\u201chumanizaci\u00f3n\u201d\u00bb font_container=\u00bbtag:h5|font_size:1.4em|text_align:left|line_height:1.4&#8243; use_theme_fonts=\u00bbyes\u00bb font_weight=\u00bb800&#8243; skin=\u00bbdark\u00bb el_class=\u00bbms-3 mb-1&#8243;]<\/div>[vc_custom_heading text=\u00bbContamos con:\u00bb font_container=\u00bbtag:p|text_align:left\u00bb use_theme_fonts=\u00bbyes\u00bb font_weight=\u00bb600&#8243; animation_delay=\u00bb300&#8243; animation_type=\u00bbfadeInLeft\u00bb][\/vc_column][vc_column width=\u00bb2\/3&#8243; animation_delay=\u00bb200&#8243; offset=\u00bbvc_col-md-offset-0 vc_col-md-6 vc_col-sm-offset-2&#8243; el_class=\u00bbcoaching\u00bb animation_type=\u00bbfadeIn\u00bb css=\u00bb.vc_custom_1660843378346{padding-top: 15px !important;}\u00bb conditional_render=\u00bb%5B%7B%22value_role%22%3A%22administrator%22%7D%5D\u00bb]<div class=\"porto-testimonial wpb_content_element   wpb_custom_4760b66c0cbf51ec9a7673f3785bca75\"><div class=\"testimonial testimonial-style-2 testimonial-with-quotes\"><blockquote class=\"testimonial-carousel\" style=\"color:#212529\"><p><strong>\u00abHay que tener la cabeza y el coraz\u00f3n en el momento presente\u201d.<\/strong><\/p><\/blockquote><div class=\"testimonial-author\"><p><a href=\"#\"><strong>San Pedro Poveda.<\/strong><\/a><span>Cifo<\/span><\/p><\/div><\/div><\/div>[vc_images_carousel images=\u00bb8474,8473,8472,8471,8470,8469,8468,8467,8466,8465,8464,8463,8462,8460,8461,8459,8458&#8243; img_size=\u00bbfull\u00bb speed=\u00bb6000&#8243; autoplay=\u00bbyes\u00bb wrap=\u00bbyes\u00bb][\/vc_column][\/vc_row][vc_row][vc_column][vc_tabs][vc_tab title=\u00bbTECNOLOGICAS\u00bb tab_id=\u00bb00abedf6-6c03-1&#8243;][vc_custom_heading text=\u00bbLABORATORIOS DE C\u00d3MPUTO<br \/>\nContamos con dos laboratorios de c\u00f3mputo destinados fundamentalmente al programa de desarrollo de habilidades digitales. Cada uno de ellos est\u00e1 equipado con computadoras, proyector, aud\u00edfonos y el software adecuado para la secci\u00f3n a la que proporciona servicio. De esta manera la comunidad escolar accede a los sistemas de informaci\u00f3n, a los materiales y recursos educativos y a Internet.<\/p>\n<p>AULAS Y SALONES AUDIOVISUALES EQUIPADOS CON PROYECTOR Y PARLANTES<br \/>\nLas aulas del Colegio cuentan con equipos de reproducci\u00f3n de video, audio y proyector, lo que facilita el desarrollo las actividades acad\u00e9micas.\u00bb font_container=\u00bbtag:p|text_align:left\u00bb use_theme_fonts=\u00bbyes\u00bb animation_delay=\u00bb400&#8243; el_class=\u00bbm-b-xl\u00bb animation_type=\u00bbfadeInLeft\u00bb][vc_images_carousel images=\u00bb8795,8796&#8243; img_size=\u00bbfull\u00bb speed=\u00bb3000&#8243; autoplay=\u00bbyes\u00bb wrap=\u00bbyes\u00bb css_animation=\u00bbfadeIn\u00bb][\/vc_tab][vc_tab title=\u00bbDEPORTIVAS\u00bb tab_id=\u00bb1682704155370-1-0&#8243;][vc_custom_heading text=\u00bbEl Colegio en la actualidad cuenta con:<\/p>\n<p>Un Coliseo techado, que incluye una cancha multifuncional de 35 x 20 metros, en el que se pueden practicar deportes como b\u00e1squetbol, v\u00f3leibol, fulbito, f\u00fatbol sala. La cancha tiene un aforo aproximado de 300 personas.\u00bb font_container=\u00bbtag:p|text_align:left\u00bb use_theme_fonts=\u00bbyes\u00bb animation_delay=\u00bb400&#8243; el_class=\u00bbm-b-xl\u00bb animation_type=\u00bbfadeInLeft\u00bb][vc_images_carousel images=\u00bb8792,8791&#8243; img_size=\u00bbfull\u00bb speed=\u00bb3000&#8243; autoplay=\u00bbyes\u00bb wrap=\u00bbyes\u00bb css_animation=\u00bbfadeIn\u00bb][\/vc_tab][vc_tab title=\u00bbESPECIALIZADAS\u00bb tab_id=\u00bb1682704156189-2-6&#8243;][vc_custom_heading text=\u00bbContamos con:<\/p>\n<p>INFOCENTRO DE PRIMARIA &#8211; INFOCENTRO DE SECUNDARIA, espacios de lectura y estudio, cada uno cuenta con una variedad de libros actualizados y adem\u00e1s con suscripciones a revistas y peri\u00f3dicos nacionales.<\/p>\n<p>SALA DE ARTES PL\u00c1STICAS, equipado con mesas de trabajo, bancas, bodega y proyector multimedia, en cada nivel: Inicial, primaria, secundaria donde se desarrollan las clases de arte visual y pl\u00e1stica.<\/p>\n<p>SALA DE DANZA, equipada con equipo de audio, espejos de cuerpo completo, donde los alumnos aprenden a \u2026..<\/p>\n<p>SALA DE M\u00daSICA que cuenta con un piano, instrumentos de percusi\u00f3n, teclados, guitarras y aud\u00edfonos.<\/p>\n<p>SALA DE TEATRO, con piso de duela laminada, bodega y vestuario.\u00bb font_container=\u00bbtag:p|text_align:left\u00bb use_theme_fonts=\u00bbyes\u00bb animation_delay=\u00bb400&#8243; el_class=\u00bbm-b-xl\u00bb animation_type=\u00bbfadeInLeft\u00bb][vc_images_carousel images=\u00bb8794,8793,8783,8782,8790,8781,8779&#8243; img_size=\u00bbfull\u00bb speed=\u00bb3000&#8243; autoplay=\u00bbyes\u00bb wrap=\u00bbyes\u00bb css_animation=\u00bbfadeIn\u00bb][\/vc_tab][vc_tab title=\u00bbNIVEL INICIAL\u00bb tab_id=\u00bb1682704156769-3-8&#8243;][vc_custom_heading text=\u00bbEn el nivel inicial contamos con instalaciones adaptadas a la edad de los ni\u00f1os de 4 y 5 a\u00f1os. Cuenta con 4 aulas, una sala para psicomotricidad, sal\u00f3n de artes pl\u00e1sticas y teatro, servicios higi\u00e9nicos, patio central, una mini-canchita de futbol, el \u00e1rea de juegos.\u00bb font_container=\u00bbtag:p|text_align:left\u00bb use_theme_fonts=\u00bbyes\u00bb animation_delay=\u00bb400&#8243; el_class=\u00bbm-b-xl\u00bb animation_type=\u00bbfadeInLeft\u00bb][vc_images_carousel images=\u00bb8785,8784&#8243; img_size=\u00bbfull\u00bb speed=\u00bb3000&#8243; autoplay=\u00bbyes\u00bb wrap=\u00bbyes\u00bb css_animation=\u00bbfadeIn\u00bb][\/vc_tab][vc_tab title=\u00bbNIVEL PRIMARIA\u00bb tab_id=\u00bb1682704157335-4-10&#8243;][vc_custom_heading text=\u00bbEn el nivel primaria adem\u00e1s de contar con bibliotecas actualizadas e implementadas en cada aula, contamos con, aula de artes pl\u00e1sticas y de m\u00fasica, el laboratorio de c\u00f3mputo etc.\u00bb font_container=\u00bbtag:p|text_align:left\u00bb use_theme_fonts=\u00bbyes\u00bb animation_delay=\u00bb400&#8243; el_class=\u00bbm-b-xl\u00bb animation_type=\u00bbfadeInLeft\u00bb][vc_images_carousel images=\u00bb8786,8787&#8243; img_size=\u00bbfull\u00bb speed=\u00bb3000&#8243; autoplay=\u00bbyes\u00bb wrap=\u00bbyes\u00bb css_animation=\u00bbfadeIn\u00bb][\/vc_tab][vc_tab title=\u00bbNIVEL SECUNDARIA\u00bb tab_id=\u00bb1682704157829-5-8&#8243;][vc_custom_heading text=\u00bbLa secundaria se ubica en un \u00e1rea amplia donde los alumnos realizan actividades de aprendizaje en ambientes que les permiten expresarse, crecer y trabajar en equipos. Incluye instalaciones que se adaptan a sus edades. Cuentan tambi\u00e9n con salones especializados como el laboratorio de ciencias, sal\u00f3n de artes pl\u00e1sticas, teatro y m\u00fasica, laboratorio de c\u00f3mputo.\u00bb font_container=\u00bbtag:p|text_align:left\u00bb use_theme_fonts=\u00bbyes\u00bb animation_delay=\u00bb400&#8243; el_class=\u00bbm-b-xl\u00bb animation_type=\u00bbfadeInLeft\u00bb][vc_images_carousel images=\u00bb8789,8788&#8243; img_size=\u00bbfull\u00bb speed=\u00bb3000&#8243; autoplay=\u00bbyes\u00bb wrap=\u00bbyes\u00bb css_animation=\u00bbfadeIn\u00bb][\/vc_tab][\/vc_tabs][\/vc_column][\/vc_row][vc_row][vc_column][vc_text_separator title=\u00bbCifo\u00bb color=\u00bborange\u00bb border_width=\u00bb2&#8243; css_animation=\u00bbfadeInUp\u00bb][\/vc_column][\/vc_row]<\/p>\n<\/section>","protected":false},"excerpt":{"rendered":"<p>[vc_row wrap_container=\u00bbyes\u00bb el_class=\u00bbpy-3 pt-lg-5 pb-lg-4 my-5&#8243;][vc_column offset=\u00bbvc_col-md-6&#8243;][vc_custom_heading text=\u00bbOrganizaci\u00f3n\u00bb font_container=\u00bbtag:h5|font_size:14px|text_align:left|line_height:26px\u00bb use_theme_fonts=\u00bbyes\u00bb text_transform=\u00bbtext-uppercase\u00bb font_weight=\u00bb600&#8243; skin=\u00bbprimary\u00bb letter_spacing=\u00bb0&#8243; show_border=\u00bbyes\u00bb border_skin=\u00bbprimary\u00bb border_type=\u00bbmiddle-border-reverse\u00bb border_size=\u00bblg\u00bb animation_delay=\u00bb100&#8243; animation_type=\u00bbfadeInLeft\u00bb el_class=\u00bbmb-1&#8243; border_spacing=\u00bb{\u00abxl\u00ab:\u00ab20\u00ab,\u00abunit\u00ab:\u00ab\u00ab,\u00abxs\u00ab:\u00ab\u00ab,\u00absm\u00ab:\u00ab\u00ab,\u00abmd\u00ab:\u00ab\u00ab,\u00ablg\u00ab:\u00ab\u00ab}\u00bb css=\u00bb.vc_custom_1682698856313{margin-top: 15px !important;}\u00bb][vc_custom_heading text=\u00bbInfraestructura\u00bb font_container=\u00bbtag:h2|text_align:left|line_height:normal\u00bb use_theme_fonts=\u00bbyes\u00bb skin=\u00bbsecondary\u00bb animation_delay=\u00bb200&#8243; el_class=\u00bbmb-4&#8243; animation_type=\u00bbfadeInLeft\u00bb][vc_custom_heading text=\u00bbLas instalaciones y el equipamiento educativo fueron implementados desde un inicio para ser un espacio educativo amplio, con diversidad de ambientes y recursos [&hellip;]<\/p>\n","protected":false},"author":1,"featured_media":0,"parent":5132,"menu_order":0,"comment_status":"closed","ping_status":"closed","template":"","meta":[],"_links":{"self":[{"href":"https:\/\/www.cifo.edu.pe\/index.php\/wp-json\/wp\/v2\/pages\/5176"}],"collection":[{"href":"https:\/\/www.cifo.edu.pe\/index.php\/wp-json\/wp\/v2\/pages"}],"about":[{"href":"https:\/\/www.cifo.edu.pe\/index.php\/wp-json\/wp\/v2\/types\/page"}],"author":[{"embeddable":true,"href":"https:\/\/www.cifo.edu.pe\/index.php\/wp-json\/wp\/v2\/users\/1"}],"replies":[{"embeddable":true,"href":"https:\/\/www.cifo.edu.pe\/index.php\/wp-json\/wp\/v2\/comments?post=5176"}],"version-history":[{"count":13,"href":"https:\/\/www.cifo.edu.pe\/index.php\/wp-json\/wp\/v2\/pages\/5176\/revisions"}],"predecessor-version":[{"id":8800,"href":"https:\/\/www.cifo.edu.pe\/index.php\/wp-json\/wp\/v2\/pages\/5176\/revisions\/8800"}],"up":[{"embeddable":true,"href":"https:\/\/www.cifo.edu.pe\/index.php\/wp-json\/wp\/v2\/pages\/5132"}],"wp:attachment":[{"href":"https:\/\/www.cifo.edu.pe\/index.php\/wp-json\/wp\/v2\/media?parent=5176"}],"curies":[{"name":"wp","href":"https:\/\/api.w.org\/{rel}","templated":true}]}}