{"id":5217,"date":"2023-04-28T21:31:17","date_gmt":"2023-04-28T21:31:17","guid":{"rendered":"http:\/\/localhost\/?page_id=5217"},"modified":"2025-10-27T06:18:17","modified_gmt":"2025-10-27T06:18:17","slug":"primaria","status":"publish","type":"page","link":"https:\/\/www.cifo.edu.pe\/index.php\/academico\/niveles\/primaria\/","title":{"rendered":"Primaria"},"content":{"rendered":"<section class=\"wpb-content-wrapper\"><p>[vc_row wrap_container=\u00bbyes\u00bb content_placement=\u00bbmiddle\u00bb el_id=\u00bbhome\u00bb css=\u00bb.vc_custom_1643156237054{padding-top: 95px !important;padding-bottom: 95px !important;}\u00bb el_class=\u00bbposition-relative\u00bb][vc_column el_class=\u00bbposition-static\u00bb][vc_raw_html el_class=\u00bbmb-0 pc-position-static\u00bb]JTNDc3ZnJTIwY2xhc3MlM0QlMjJjdXN0b20tc3ZnLXN0eWxlLTElMjIlMjB2aWV3Qm94JTNEJTIyMCUyMDAlMjAxODAlMjA0NzAlMjIlMjB4JTNEJTIyMHB4JTIyJTIweSUzRCUyMjBweCUyMiUyMHdpZHRoJTNEJTIyMTAwJTI1JTIyJTIwaGVpZ2h0JTNEJTIyMTAwJTI1JTIyJTNFJTBBJTA5JTNDZyUzRSUwQSUwOSUwOSUzQ3BhdGglMjBpZCUzRCUyMnNoYXBlX29uZV9zdGFydCUyMiUyMG9wYWNpdHklM0QlMjIwLjA5OCUyMiUyMGZpbGwlM0QlMjIlMjMwMGEzZDUlMjIlMjBkJTNEJTIyTSUyMDg0Ny41NzAzJTIwMjMuNzkzOSUyMEMlMjA4NDcuNTcwMyUyMDIzLjc5MzklMjA1ODEuODE1NCUyMC0yNDUuMTY3NSUyMDM5NC4yODQyJTIwMzMuOTM3NSUyMEMlMjAzMDUuNDA0MyUyMDE2Ni4yMTgzJTIwMzQ1LjA1MzclMjAzNTguODEyNSUyMDI1My41NjE1JTIwMzY0LjY2MzElMjBDJTIwMTYyLjA2ODQlMjAzNzAuNTE0NiUyMDEyOS41MzAzJTIwMzQyLjU0MiUyMDcwLjk4ODMlMjAzODMuOTA3MiUyMEMlMjAzLjAyNTQlMjA0MzEuOTI5NyUyMDE3Ljg5MjYlMjA0OTkuMjE1OCUyMDE3Ljg5MjYlMjA0OTkuMjE1OCUyMEwlMjA4NDcuNTcwMyUyMDQ5OS4yMTU4JTIwTCUyMDg0Ny41NzAzJTIwMjMuNzkzOSUyMFolMjIlMjAlMkYlM0UlMEElMDklMDklM0NwYXRoJTIwaWQlM0QlMjJzaGFwZV9vbmVfZW5kJTIyJTIwb3BhY2l0eSUzRCUyMjAuMDk4JTIyJTIwZmlsbCUzRCUyMiUyMzAwYTNkNSUyMiUyMGQlM0QlMjJtODQ3LjU3MDMlMkMyNC43OTM5YzAlMkMwJTIwLTg1Ljc1NDklMkMtMzQ2Ljk2MTQlMjAtMjczLjI4NjElMkMtNjcuODU2NGMxNDkuMTIwMSUyQzE3Ni4yODA4JTIwNTIuNzY5NSUyQzMxMy44NzUlMjAtNDYuNzIyNyUyQzMxMi43MjU2Yy05OS40OTIyJTJDLTEuMTQ5NCUyMC01OS4wMzEyJTJDMTA3Ljg3ODklMjAtMTE3LjU3MzIlMkMxNDkuMjQ0MWMtNjcuOTYyOSUyQzQ4LjAyMjUlMjAtMTg2LjA5NTclMkMxNjcuMzA4NiUyMC0yMDcuMDk1NyUyQzE2Ny4zMDg2bDY0NC42Nzc3JTJDLTg2bDAlMkMtNDc1LjQyMTl6JTIyJTIwc3R5bGUlM0QlMjJ2aXNpYmlsaXR5JTNBaGlkZGVuJTIyJTIwJTJGJTNFJTBBJTBBJTA5JTA5JTNDcGF0aCUyMGlkJTNEJTIyc2hhcGVfdHdvX3N0YXJ0JTIyJTIwb3BhY2l0eSUzRCUyMjAuMTQ5JTIyJTIwZmlsbCUzRCUyMiUyMzAwYTNkNSUyMiUyMGQlM0QlMjJNJTIwODQ3LjU3MDMlMjAyMzkuOTc3MSUyMEMlMjA4NDcuNTcwMyUyMDIzOS45NzcxJTIwODA2Ljg3MyUyMDE0MS41OTEzJTIwNzMzLjEzNDglMjAxNjQuOTM3JTIwQyUyMDYyMi4yNDklMjAyMDAuMDQ1OSUyMDY0OC40MTYlMjAzMTguMDgzJTIwNTY2LjY0MjYlMjAzNDIuMDQyJTIwQyUyMDQ4NC44NjgyJTIwMzY1Ljk5OSUyMDI0Ny45ODE0JTIwMzQ1LjAyODMlMjAxNjguNjQwNiUyMDM3MS44MDM3JTIwQyUyMDg5LjMwMDglMjAzOTguNTc4MSUyMDg1LjU3MDMlMjA0OTkuMzQwOCUyMDg1LjU3MDMlMjA0OTkuMzQwOCUyMEwlMjA4NDcuNTY5MyUyMDQ5OS4zNDA4JTIwTCUyMDg0Ny41NzAzJTIwMjM5Ljk3NzElMjBaJTIyJTIwJTJGJTNFJTIwJTBBJTA5JTA5JTNDcGF0aCUyMGlkJTNEJTIyc2hhcGVfdHdvX2VuZCUyMiUyMG9wYWNpdHklM0QlMjIwLjE0OSUyMiUyMGZpbGwlM0QlMjIlMjMwMGEzZDUlMjIlMjBkJTNEJTIybTkwNy41NzAzJTJDODkuOTc3MWMwJTJDMCUyMDI5LjMwMjclMkMtOS4zODU4JTIwLTk1LjQzNTUlMkMxMTIuOTU5OWMtMTI0LjczODIlMkMxMjIuMzQ1NyUyMC0yNTQuNzE4OCUyQzY0LjE0NiUyMC0zMDAuNDkyMiUyQzE2Ny4xMDVjLTQ1Ljc3MzQlMkMxMDIuOTU5JTIwLTc5LjY2MTIlMkM2MS45ODYzJTIwLTIwOS4wMDIlMkMxMDYuNzYxN2MtMTI5LjM0MDglMkM0NC43NzU0JTIwLTIxOC4wNzAzJTJDMjEuNTM3MSUyMC0yMTguMDcwMyUyQzIxLjUzNzFsNzYxLjk5OSUyQzBsMC4wMDElMkMtMjY1LjM2Mzd6JTIyJTIwc3R5bGUlM0QlMjJ2aXNpYmlsaXR5JTNBaGlkZGVuJTIyJTIwJTJGJTNFJTBBJTA5JTNDJTJGZyUzRSUwQSUzQyUyRnN2ZyUzRQ==[\/vc_raw_html][vc_row_inner el_class=\u00bbalign-items-center\u00bb][vc_column_inner el_class=\u00bbpt-4 pt-lg-0 mt-5 mt-lg-0 mb-5 mb-lg-0&#8243; offset=\u00bbvc_col-md-6&#8243;]<div class=\"porto-animation\"  data-appear-animation=\"fadeInUp\" data-appear-animation-delay=\"400\">[vc_custom_heading text=\u00bb<strong>NIVEL PRIMARIA- <\/strong> Priorizamos la adquisici\u00f3n de los mecanismos de la lectoescritura.\u00bb font_container=\u00bbtag:h1|text_align:left\u00bb use_theme_fonts=\u00bbyes\u00bb font_weight=\u00bb200&#8243; animation_delay=\u00bb400&#8243; floating_start_pos=\u00bbnone\u00bb floating_speed=\u00bb1&#8243; el_class=\u00bbmb-4 mb-md-0 mb-xl-3&#8243;]<\/div><div class=\"porto-animation\"  data-appear-animation=\"fadeInUp\" data-appear-animation-delay=\"600\">[vc_custom_heading text=\u00bbSe prioriza la lectoescritura en los primeros grados y, en los siguientes, la investigaci\u00f3n aut\u00f3noma mediante gu\u00edas y laboratorios, promoviendo organizaci\u00f3n, autonom\u00eda y aprendizaje significativo.\u00bb font_container=\u00bbtag:p|font_size:16.8|text_align:left\u00bb use_theme_fonts=\u00bbyes\u00bb floating_start_pos=\u00bbnone\u00bb floating_speed=\u00bb0.5&#8243; el_class=\u00bbmb-5 mb-md-2&#8243;]<\/div><div class=\"porto-animation\"  data-appear-animation=\"fadeInUp\" data-appear-animation-delay=\"800\">[vc_btn title=\u00bbNuestra Metodolog\u00eda\u00bb style=\u00bboutline\u00bb shape=\u00bbround\u00bb i_icon_fontawesome=\u00bbfas fa-arrow-alt-circle-right\u00bb skin=\u00bbprimary\u00bb floating_start_pos=\u00bbnone\u00bb floating_speed=\u00bb0.3&#8243; add_icon=\u00bbtrue\u00bb custom_onclick=\u00bbtrue\u00bb link=\u00bburl:%23pricing|||\u00bb el_class=\u00bbbtn-style-1 hash-scroll-wrap\u00bb custom_onclick_code=\u00bbwindow.theme.scrolltoContainer(jQuery(\u00ab#metodologia\u00ab));return false;\u00bb]<\/div>[\/vc_column_inner][vc_column_inner animation_delay=\u00bb550&#8243; offset=\u00bbvc_col-md-6&#8243; animation_type=\u00bbfadeInLeft\u00bb][vc_single_image image=\u00bb8422&#8243; img_size=\u00bbfull\u00bb floating_start_pos=\u00bbnone\u00bb floating_speed=\u00bb8&#8243; floating_horizontal=\u00bbyes\u00bb el_class=\u00bbmb-0 mt-5&#8243; label=\u00bb\u00bb][\/vc_column_inner][\/vc_row_inner][\/vc_column][\/vc_row][vc_row][vc_column][vc_text_separator title=\u00bbCifo\u00bb color=\u00bborange\u00bb border_width=\u00bb2&#8243; css_animation=\u00bbfadeInUp\u00bb]<div class=\"porto-gallery has-ccols ccols-1 wpb_custom_990125ee54cc6ce8d5f272820494c17d porto-carousel owl-carousel nav-inside align-items-start porto-ig-effect-2\" data-plugin-options=\"{&quot;autoplay&quot;:true,&quot;autoplayTimeout&quot;:5000,&quot;autoplayHoverPause&quot;:true,&quot;items&quot;:1,&quot;lg&quot;:1,&quot;md&quot;:1,&quot;sm&quot;:1,&quot;xs&quot;:1,&quot;nav&quot;:true,&quot;dots&quot;:&quot;yes&quot;}\"><figure><img width=\"2560\" height=\"1440\" src=\"https:\/\/www.cifo.edu.pe\/wp-content\/uploads\/2025\/10\/1-1-scaled.jpg\" class=\"attachment-full size-full\" alt=\"\" decoding=\"async\" loading=\"lazy\" srcset=\"https:\/\/www.cifo.edu.pe\/wp-content\/uploads\/2025\/10\/1-1-scaled.jpg 2560w, https:\/\/www.cifo.edu.pe\/wp-content\/uploads\/2025\/10\/1-1-1024x576.jpg 1024w, https:\/\/www.cifo.edu.pe\/wp-content\/uploads\/2025\/10\/1-1-768x432.jpg 768w, https:\/\/www.cifo.edu.pe\/wp-content\/uploads\/2025\/10\/1-1-1536x864.jpg 1536w, https:\/\/www.cifo.edu.pe\/wp-content\/uploads\/2025\/10\/1-1-2048x1152.jpg 2048w, https:\/\/www.cifo.edu.pe\/wp-content\/uploads\/2025\/10\/1-1-640x360.jpg 640w, https:\/\/www.cifo.edu.pe\/wp-content\/uploads\/2025\/10\/1-1-400x225.jpg 400w, https:\/\/www.cifo.edu.pe\/wp-content\/uploads\/2025\/10\/1-1-367x206.jpg 367w\" sizes=\"(max-width: 2560px) 100vw, 2560px\" \/><\/figure><figure><img width=\"2560\" height=\"1440\" src=\"https:\/\/www.cifo.edu.pe\/wp-content\/uploads\/2025\/10\/2-1-scaled.jpg\" class=\"attachment-full size-full\" alt=\"\" decoding=\"async\" loading=\"lazy\" srcset=\"https:\/\/www.cifo.edu.pe\/wp-content\/uploads\/2025\/10\/2-1-scaled.jpg 2560w, https:\/\/www.cifo.edu.pe\/wp-content\/uploads\/2025\/10\/2-1-1024x576.jpg 1024w, https:\/\/www.cifo.edu.pe\/wp-content\/uploads\/2025\/10\/2-1-768x432.jpg 768w, https:\/\/www.cifo.edu.pe\/wp-content\/uploads\/2025\/10\/2-1-1536x864.jpg 1536w, https:\/\/www.cifo.edu.pe\/wp-content\/uploads\/2025\/10\/2-1-2048x1152.jpg 2048w, https:\/\/www.cifo.edu.pe\/wp-content\/uploads\/2025\/10\/2-1-640x360.jpg 640w, https:\/\/www.cifo.edu.pe\/wp-content\/uploads\/2025\/10\/2-1-400x225.jpg 400w, https:\/\/www.cifo.edu.pe\/wp-content\/uploads\/2025\/10\/2-1-367x206.jpg 367w\" sizes=\"(max-width: 2560px) 100vw, 2560px\" \/><\/figure><figure><img width=\"2560\" height=\"1440\" src=\"https:\/\/www.cifo.edu.pe\/wp-content\/uploads\/2025\/10\/3-1-scaled.jpg\" class=\"attachment-full size-full\" alt=\"\" decoding=\"async\" loading=\"lazy\" srcset=\"https:\/\/www.cifo.edu.pe\/wp-content\/uploads\/2025\/10\/3-1-scaled.jpg 2560w, https:\/\/www.cifo.edu.pe\/wp-content\/uploads\/2025\/10\/3-1-1024x576.jpg 1024w, https:\/\/www.cifo.edu.pe\/wp-content\/uploads\/2025\/10\/3-1-768x432.jpg 768w, https:\/\/www.cifo.edu.pe\/wp-content\/uploads\/2025\/10\/3-1-1536x864.jpg 1536w, https:\/\/www.cifo.edu.pe\/wp-content\/uploads\/2025\/10\/3-1-2048x1152.jpg 2048w, https:\/\/www.cifo.edu.pe\/wp-content\/uploads\/2025\/10\/3-1-640x360.jpg 640w, https:\/\/www.cifo.edu.pe\/wp-content\/uploads\/2025\/10\/3-1-400x225.jpg 400w, https:\/\/www.cifo.edu.pe\/wp-content\/uploads\/2025\/10\/3-1-367x206.jpg 367w\" sizes=\"(max-width: 2560px) 100vw, 2560px\" \/><\/figure><figure><img width=\"2560\" height=\"1440\" src=\"https:\/\/www.cifo.edu.pe\/wp-content\/uploads\/2025\/10\/4-1-scaled.jpg\" class=\"attachment-full size-full\" alt=\"\" decoding=\"async\" loading=\"lazy\" srcset=\"https:\/\/www.cifo.edu.pe\/wp-content\/uploads\/2025\/10\/4-1-scaled.jpg 2560w, https:\/\/www.cifo.edu.pe\/wp-content\/uploads\/2025\/10\/4-1-1024x576.jpg 1024w, https:\/\/www.cifo.edu.pe\/wp-content\/uploads\/2025\/10\/4-1-768x432.jpg 768w, https:\/\/www.cifo.edu.pe\/wp-content\/uploads\/2025\/10\/4-1-1536x864.jpg 1536w, https:\/\/www.cifo.edu.pe\/wp-content\/uploads\/2025\/10\/4-1-2048x1152.jpg 2048w, https:\/\/www.cifo.edu.pe\/wp-content\/uploads\/2025\/10\/4-1-640x360.jpg 640w, https:\/\/www.cifo.edu.pe\/wp-content\/uploads\/2025\/10\/4-1-400x225.jpg 400w, https:\/\/www.cifo.edu.pe\/wp-content\/uploads\/2025\/10\/4-1-367x206.jpg 367w\" sizes=\"(max-width: 2560px) 100vw, 2560px\" \/><\/figure><figure><img width=\"2560\" height=\"1440\" src=\"https:\/\/www.cifo.edu.pe\/wp-content\/uploads\/2025\/10\/5-1-scaled.jpg\" class=\"attachment-full size-full\" alt=\"\" decoding=\"async\" loading=\"lazy\" srcset=\"https:\/\/www.cifo.edu.pe\/wp-content\/uploads\/2025\/10\/5-1-scaled.jpg 2560w, https:\/\/www.cifo.edu.pe\/wp-content\/uploads\/2025\/10\/5-1-1024x576.jpg 1024w, https:\/\/www.cifo.edu.pe\/wp-content\/uploads\/2025\/10\/5-1-768x432.jpg 768w, https:\/\/www.cifo.edu.pe\/wp-content\/uploads\/2025\/10\/5-1-1536x864.jpg 1536w, https:\/\/www.cifo.edu.pe\/wp-content\/uploads\/2025\/10\/5-1-2048x1152.jpg 2048w, https:\/\/www.cifo.edu.pe\/wp-content\/uploads\/2025\/10\/5-1-640x360.jpg 640w, https:\/\/www.cifo.edu.pe\/wp-content\/uploads\/2025\/10\/5-1-400x225.jpg 400w, https:\/\/www.cifo.edu.pe\/wp-content\/uploads\/2025\/10\/5-1-367x206.jpg 367w\" sizes=\"(max-width: 2560px) 100vw, 2560px\" \/><\/figure><figure><img width=\"2560\" height=\"1440\" src=\"https:\/\/www.cifo.edu.pe\/wp-content\/uploads\/2025\/10\/6-1-scaled.jpg\" class=\"attachment-full size-full\" alt=\"\" decoding=\"async\" loading=\"lazy\" srcset=\"https:\/\/www.cifo.edu.pe\/wp-content\/uploads\/2025\/10\/6-1-scaled.jpg 2560w, https:\/\/www.cifo.edu.pe\/wp-content\/uploads\/2025\/10\/6-1-1024x576.jpg 1024w, https:\/\/www.cifo.edu.pe\/wp-content\/uploads\/2025\/10\/6-1-768x432.jpg 768w, https:\/\/www.cifo.edu.pe\/wp-content\/uploads\/2025\/10\/6-1-1536x864.jpg 1536w, https:\/\/www.cifo.edu.pe\/wp-content\/uploads\/2025\/10\/6-1-2048x1152.jpg 2048w, https:\/\/www.cifo.edu.pe\/wp-content\/uploads\/2025\/10\/6-1-640x360.jpg 640w, https:\/\/www.cifo.edu.pe\/wp-content\/uploads\/2025\/10\/6-1-400x225.jpg 400w, https:\/\/www.cifo.edu.pe\/wp-content\/uploads\/2025\/10\/6-1-367x206.jpg 367w\" sizes=\"(max-width: 2560px) 100vw, 2560px\" \/><\/figure><\/div>[vc_custom_heading text=\u00bb<strong>Nuestra Metodolog\u00eda<\/strong>\u00bb font_container=\u00bbtag:h4|font_size:25px|text_align:left|line_height:1.5&#8243; use_theme_fonts=\u00bbyes\u00bb letter_spacing=\u00bb2.5px\u00bb animation_delay=\u00bb100&#8243; el_class=\u00bbcustom-highlight-1 custom-weight-1 text-primary mb-2&#8243; animation_type=\u00bbfadeInUp\u00bb el_id=\u00bbmetodologia\u00bb][vc_custom_heading text=\u00bbLa Educaci\u00f3n Primaria en el CIFO se desarrolla en un contexto humanista cristiano.\u00bb font_container=\u00bbtag:h3|font_size:35px|text_align:left|line_height:1.3&#8243; use_theme_fonts=\u00bbyes\u00bb font_weight=\u00bb600&#8243; letter_spacing=\u00bb-.05em\u00bb animation_delay=\u00bb250&#8243; el_class=\u00bbtext-dark mb-4 mb-lg-3 mb-xl-4&#8243; animation_type=\u00bbfadeInUp\u00bb][vc_custom_heading text=\u00bbTeniendo en cuenta la centralidad de la persona, la realidad educativa, las tendencias pedag\u00f3gicas actuales, los avances del conocimiento, la ciencia y la tecnolog\u00eda y una postura de respeto al medio ambiente.<br \/>\nEn los primeros grados se prioriza la adquisici\u00f3n de los mecanismos de la lectoescritura, orientando el trabajo personal de investigaci\u00f3n a trav\u00e9s de fichas en todas las \u00e1reas del aprendizaje.\u00bb font_container=\u00bbtag:p|font_size:15.4px|text_align:justify\u00bb use_theme_fonts=\u00bbyes\u00bb animation_delay=\u00bb500&#8243; animation_type=\u00bbfadeInUp\u00bb el_class=\u00bbpb-2 mb-lg-2 mb-xl-4&#8243;][vc_custom_heading text=\u00bbEn los grados siguientes el desarrollo de gu\u00edas o m\u00f3dulos did\u00e1cticos orientan su trabajo de investigaci\u00f3n; a trav\u00e9s de los laboratorios, entre los que se desplazan, organizando su tiempo y espacio, mostrando un mayor nivel de organizaci\u00f3n y autonom\u00eda que les permita orientar mejor sus aprendizajes.\u00bb font_container=\u00bbtag:p|font_size:15.4px|text_align:justify\u00bb use_theme_fonts=\u00bbyes\u00bb animation_delay=\u00bb500&#8243; animation_type=\u00bbfadeInUp\u00bb el_class=\u00bbpb-2 mb-lg-2 mb-xl-4&#8243;][vc_text_separator title=\u00bbCifo\u00bb color=\u00bborange\u00bb border_width=\u00bb2&#8243; css_animation=\u00bbfadeInUp\u00bb][vc_custom_heading text=\u00bb<strong>Nuestras Actividades<\/strong>\u00bb font_container=\u00bbtag:h4|font_size:25px|text_align:left|line_height:1.5&#8243; use_theme_fonts=\u00bbyes\u00bb letter_spacing=\u00bb2.5px\u00bb animation_delay=\u00bb100&#8243; el_class=\u00bbcustom-highlight-1 custom-weight-1 text-primary mb-2&#8243; animation_type=\u00bbfadeInUp\u00bb el_id=\u00bbactividades\u00bb][vc_custom_heading text=\u00bbSabiendo que es importante enriquecer los contextos para que los ni\u00f1os puedan ser estimulados desde edades tempranas, viven experiencias de aprendizaje que les permite interactuar con otros y en contextos culturales diversos.\u00bb font_container=\u00bbtag:h1|font_size:20px|text_align:justify|line_height:1.3&#8243; use_theme_fonts=\u00bbyes\u00bb font_weight=\u00bb600&#8243; letter_spacing=\u00bb-.05em\u00bb animation_delay=\u00bb250&#8243; el_class=\u00bbtext-dark mb-4 mb-lg-3 mb-xl-4&#8243; animation_type=\u00bbfadeInUp\u00bb][vc_custom_heading text=\u00bbSe incide especialmente en el uso de material manipulable, concreto, salidas y visitas de estudio, encuentros y actividades de proyecci\u00f3n social, etc.\u00bb font_container=\u00bbtag:p|font_size:15.4px|text_align:justify\u00bb use_theme_fonts=\u00bbyes\u00bb enable_typewriter=\u00bbyes\u00bb enable_typeword=\u00bbyes\u00bb animation_delay=\u00bb500&#8243; animation_type=\u00bbfadeInUp\u00bb el_class=\u00bbpb-2 mb-lg-2 mb-xl-4&#8243;]<div class=\"porto-gallery has-ccols ccols-1 wpb_custom_990125ee54cc6ce8d5f272820494c17d porto-carousel owl-carousel nav-pos-inside align-items-start lightbox porto-ig-effect-4\" data-plugin-options=\"{&quot;autoplay&quot;:true,&quot;autoplayTimeout&quot;:5000,&quot;autoplayHoverPause&quot;:true,&quot;items&quot;:1,&quot;lg&quot;:1,&quot;md&quot;:1,&quot;sm&quot;:1,&quot;xs&quot;:1,&quot;nav&quot;:true,&quot;dots&quot;:&quot;yes&quot;}\" data-lightbox-options=\"{&quot;delegate&quot;:&quot;a&quot;,&quot;mainClass&quot;:&quot;mfp-with-zoom&quot;,&quot;zoom&quot;:{&quot;enabled&quot;:true,&quot;duration&quot;:300},&quot;gallery&quot;:{&quot;enabled&quot;:true},&quot;type&quot;:&quot;image&quot;}\"><a href=\"https:\/\/www.cifo.edu.pe\/wp-content\/uploads\/2025\/10\/8-1-scaled.jpg\"><figure><img width=\"2560\" height=\"1440\" src=\"https:\/\/www.cifo.edu.pe\/wp-content\/uploads\/2025\/10\/8-1-scaled.jpg\" class=\"attachment-full size-full\" alt=\"\" decoding=\"async\" loading=\"lazy\" srcset=\"https:\/\/www.cifo.edu.pe\/wp-content\/uploads\/2025\/10\/8-1-scaled.jpg 2560w, https:\/\/www.cifo.edu.pe\/wp-content\/uploads\/2025\/10\/8-1-1024x576.jpg 1024w, https:\/\/www.cifo.edu.pe\/wp-content\/uploads\/2025\/10\/8-1-768x432.jpg 768w, https:\/\/www.cifo.edu.pe\/wp-content\/uploads\/2025\/10\/8-1-1536x864.jpg 1536w, https:\/\/www.cifo.edu.pe\/wp-content\/uploads\/2025\/10\/8-1-2048x1152.jpg 2048w, https:\/\/www.cifo.edu.pe\/wp-content\/uploads\/2025\/10\/8-1-640x360.jpg 640w, https:\/\/www.cifo.edu.pe\/wp-content\/uploads\/2025\/10\/8-1-400x225.jpg 400w, https:\/\/www.cifo.edu.pe\/wp-content\/uploads\/2025\/10\/8-1-367x206.jpg 367w\" sizes=\"(max-width: 2560px) 100vw, 2560px\" \/><\/figure><\/a><a href=\"https:\/\/www.cifo.edu.pe\/wp-content\/uploads\/2025\/10\/9-1-scaled.jpg\"><figure><img width=\"2560\" height=\"1440\" src=\"https:\/\/www.cifo.edu.pe\/wp-content\/uploads\/2025\/10\/9-1-scaled.jpg\" class=\"attachment-full size-full\" alt=\"\" decoding=\"async\" loading=\"lazy\" srcset=\"https:\/\/www.cifo.edu.pe\/wp-content\/uploads\/2025\/10\/9-1-scaled.jpg 2560w, https:\/\/www.cifo.edu.pe\/wp-content\/uploads\/2025\/10\/9-1-1024x576.jpg 1024w, https:\/\/www.cifo.edu.pe\/wp-content\/uploads\/2025\/10\/9-1-768x432.jpg 768w, https:\/\/www.cifo.edu.pe\/wp-content\/uploads\/2025\/10\/9-1-1536x864.jpg 1536w, https:\/\/www.cifo.edu.pe\/wp-content\/uploads\/2025\/10\/9-1-2048x1152.jpg 2048w, https:\/\/www.cifo.edu.pe\/wp-content\/uploads\/2025\/10\/9-1-640x360.jpg 640w, https:\/\/www.cifo.edu.pe\/wp-content\/uploads\/2025\/10\/9-1-400x225.jpg 400w, https:\/\/www.cifo.edu.pe\/wp-content\/uploads\/2025\/10\/9-1-367x206.jpg 367w\" sizes=\"(max-width: 2560px) 100vw, 2560px\" \/><\/figure><\/a><a href=\"https:\/\/www.cifo.edu.pe\/wp-content\/uploads\/2025\/10\/7-1-scaled.jpg\"><figure><img width=\"2560\" height=\"1440\" src=\"https:\/\/www.cifo.edu.pe\/wp-content\/uploads\/2025\/10\/7-1-scaled.jpg\" class=\"attachment-full size-full\" alt=\"\" decoding=\"async\" loading=\"lazy\" srcset=\"https:\/\/www.cifo.edu.pe\/wp-content\/uploads\/2025\/10\/7-1-scaled.jpg 2560w, https:\/\/www.cifo.edu.pe\/wp-content\/uploads\/2025\/10\/7-1-1024x576.jpg 1024w, https:\/\/www.cifo.edu.pe\/wp-content\/uploads\/2025\/10\/7-1-768x432.jpg 768w, https:\/\/www.cifo.edu.pe\/wp-content\/uploads\/2025\/10\/7-1-1536x864.jpg 1536w, https:\/\/www.cifo.edu.pe\/wp-content\/uploads\/2025\/10\/7-1-2048x1152.jpg 2048w, https:\/\/www.cifo.edu.pe\/wp-content\/uploads\/2025\/10\/7-1-640x360.jpg 640w, https:\/\/www.cifo.edu.pe\/wp-content\/uploads\/2025\/10\/7-1-400x225.jpg 400w, https:\/\/www.cifo.edu.pe\/wp-content\/uploads\/2025\/10\/7-1-367x206.jpg 367w\" sizes=\"(max-width: 2560px) 100vw, 2560px\" \/><\/figure><\/a><\/div>[\/vc_column][\/vc_row]<\/p>\n<\/section>","protected":false},"excerpt":{"rendered":"<p>[vc_row wrap_container=\u00bbyes\u00bb content_placement=\u00bbmiddle\u00bb el_id=\u00bbhome\u00bb css=\u00bb.vc_custom_1643156237054{padding-top: 95px !important;padding-bottom: 95px !important;}\u00bb el_class=\u00bbposition-relative\u00bb][vc_column el_class=\u00bbposition-static\u00bb][vc_raw_html el_class=\u00bbmb-0 pc-position-static\u00bb]JTNDc3ZnJTIwY2xhc3MlM0QlMjJjdXN0b20tc3ZnLXN0eWxlLTElMjIlMjB2aWV3Qm94JTNEJTIyMCUyMDAlMjAxODAlMjA0NzAlMjIlMjB4JTNEJTIyMHB4JTIyJTIweSUzRCUyMjBweCUyMiUyMHdpZHRoJTNEJTIyMTAwJTI1JTIyJTIwaGVpZ2h0JTNEJTIyMTAwJTI1JTIyJTNFJTBBJTA5JTNDZyUzRSUwQSUwOSUwOSUzQ3BhdGglMjBpZCUzRCUyMnNoYXBlX29uZV9zdGFydCUyMiUyMG9wYWNpdHklM0QlMjIwLjA5OCUyMiUyMGZpbGwlM0QlMjIlMjMwMGEzZDUlMjIlMjBkJTNEJTIyTSUyMDg0Ny41NzAzJTIwMjMuNzkzOSUyMEMlMjA4NDcuNTcwMyUyMDIzLjc5MzklMjA1ODEuODE1NCUyMC0yNDUuMTY3NSUyMDM5NC4yODQyJTIwMzMuOTM3NSUyMEMlMjAzMDUuNDA0MyUyMDE2Ni4yMTgzJTIwMzQ1LjA1MzclMjAzNTguODEyNSUyMDI1My41NjE1JTIwMzY0LjY2MzElMjBDJTIwMTYyLjA2ODQlMjAzNzAuNTE0NiUyMDEyOS41MzAzJTIwMzQyLjU0MiUyMDcwLjk4ODMlMjAzODMuOTA3MiUyMEMlMjAzLjAyNTQlMjA0MzEuOTI5NyUyMDE3Ljg5MjYlMjA0OTkuMjE1OCUyMDE3Ljg5MjYlMjA0OTkuMjE1OCUyMEwlMjA4NDcuNTcwMyUyMDQ5OS4yMTU4JTIwTCUyMDg0Ny41NzAzJTIwMjMuNzkzOSUyMFolMjIlMjAlMkYlM0UlMEElMDklMDklM0NwYXRoJTIwaWQlM0QlMjJzaGFwZV9vbmVfZW5kJTIyJTIwb3BhY2l0eSUzRCUyMjAuMDk4JTIyJTIwZmlsbCUzRCUyMiUyMzAwYTNkNSUyMiUyMGQlM0QlMjJtODQ3LjU3MDMlMkMyNC43OTM5YzAlMkMwJTIwLTg1Ljc1NDklMkMtMzQ2Ljk2MTQlMjAtMjczLjI4NjElMkMtNjcuODU2NGMxNDkuMTIwMSUyQzE3Ni4yODA4JTIwNTIuNzY5NSUyQzMxMy44NzUlMjAtNDYuNzIyNyUyQzMxMi43MjU2Yy05OS40OTIyJTJDLTEuMTQ5NCUyMC01OS4wMzEyJTJDMTA3Ljg3ODklMjAtMTE3LjU3MzIlMkMxNDkuMjQ0MWMtNjcuOTYyOSUyQzQ4LjAyMjUlMjAtMTg2LjA5NTclMkMxNjcuMzA4NiUyMC0yMDcuMDk1NyUyQzE2Ny4zMDg2bDY0NC42Nzc3JTJDLTg2bDAlMkMtNDc1LjQyMTl6JTIyJTIwc3R5bGUlM0QlMjJ2aXNpYmlsaXR5JTNBaGlkZGVuJTIyJTIwJTJGJTNFJTBBJTBBJTA5JTA5JTNDcGF0aCUyMGlkJTNEJTIyc2hhcGVfdHdvX3N0YXJ0JTIyJTIwb3BhY2l0eSUzRCUyMjAuMTQ5JTIyJTIwZmlsbCUzRCUyMiUyMzAwYTNkNSUyMiUyMGQlM0QlMjJNJTIwODQ3LjU3MDMlMjAyMzkuOTc3MSUyMEMlMjA4NDcuNTcwMyUyMDIzOS45NzcxJTIwODA2Ljg3MyUyMDE0MS41OTEzJTIwNzMzLjEzNDglMjAxNjQuOTM3JTIwQyUyMDYyMi4yNDklMjAyMDAuMDQ1OSUyMDY0OC40MTYlMjAzMTguMDgzJTIwNTY2LjY0MjYlMjAzNDIuMDQyJTIwQyUyMDQ4NC44NjgyJTIwMzY1Ljk5OSUyMDI0Ny45ODE0JTIwMzQ1LjAyODMlMjAxNjguNjQwNiUyMDM3MS44MDM3JTIwQyUyMDg5LjMwMDglMjAzOTguNTc4MSUyMDg1LjU3MDMlMjA0OTkuMzQwOCUyMDg1LjU3MDMlMjA0OTkuMzQwOCUyMEwlMjA4NDcuNTY5MyUyMDQ5OS4zNDA4JTIwTCUyMDg0Ny41NzAzJTIwMjM5Ljk3NzElMjBaJTIyJTIwJTJGJTNFJTIwJTBBJTA5JTA5JTNDcGF0aCUyMGlkJTNEJTIyc2hhcGVfdHdvX2VuZCUyMiUyMG9wYWNpdHklM0QlMjIwLjE0OSUyMiUyMGZpbGwlM0QlMjIlMjMwMGEzZDUlMjIlMjBkJTNEJTIybTkwNy41NzAzJTJDODkuOTc3MWMwJTJDMCUyMDI5LjMwMjclMkMtOS4zODU4JTIwLTk1LjQzNTUlMkMxMTIuOTU5OWMtMTI0LjczODIlMkMxMjIuMzQ1NyUyMC0yNTQuNzE4OCUyQzY0LjE0NiUyMC0zMDAuNDkyMiUyQzE2Ny4xMDVjLTQ1Ljc3MzQlMkMxMDIuOTU5JTIwLTc5LjY2MTIlMkM2MS45ODYzJTIwLTIwOS4wMDIlMkMxMDYuNzYxN2MtMTI5LjM0MDglMkM0NC43NzU0JTIwLTIxOC4wNzAzJTJDMjEuNTM3MSUyMC0yMTguMDcwMyUyQzIxLjUzNzFsNzYxLjk5OSUyQzBsMC4wMDElMkMtMjY1LjM2Mzd6JTIyJTIwc3R5bGUlM0QlMjJ2aXNpYmlsaXR5JTNBaGlkZGVuJTIyJTIwJTJGJTNFJTBBJTA5JTNDJTJGZyUzRSUwQSUzQyUyRnN2ZyUzRQ==[\/vc_raw_html][vc_row_inner el_class=\u00bbalign-items-center\u00bb][vc_column_inner el_class=\u00bbpt-4 pt-lg-0 mt-5 mt-lg-0 mb-5 mb-lg-0&#8243; offset=\u00bbvc_col-md-6&#8243;][\/vc_column_inner][vc_column_inner animation_delay=\u00bb550&#8243; offset=\u00bbvc_col-md-6&#8243; animation_type=\u00bbfadeInLeft\u00bb][vc_single_image image=\u00bb8422&#8243; img_size=\u00bbfull\u00bb floating_start_pos=\u00bbnone\u00bb floating_speed=\u00bb8&#8243; floating_horizontal=\u00bbyes\u00bb el_class=\u00bbmb-0 mt-5&#8243; label=\u00bb\u00bb][\/vc_column_inner][\/vc_row_inner][\/vc_column][\/vc_row][vc_row][vc_column][vc_text_separator title=\u00bbCifo\u00bb color=\u00bborange\u00bb border_width=\u00bb2&#8243; css_animation=\u00bbfadeInUp\u00bb][vc_custom_heading text=\u00bbNuestra Metodolog\u00eda\u00bb font_container=\u00bbtag:h4|font_size:25px|text_align:left|line_height:1.5&#8243; use_theme_fonts=\u00bbyes\u00bb letter_spacing=\u00bb2.5px\u00bb animation_delay=\u00bb100&#8243; el_class=\u00bbcustom-highlight-1 custom-weight-1 text-primary mb-2&#8243; animation_type=\u00bbfadeInUp\u00bb el_id=\u00bbmetodologia\u00bb][vc_custom_heading text=\u00bbLa Educaci\u00f3n Primaria en el CIFO se [&hellip;]<\/p>\n","protected":false},"author":1,"featured_media":0,"parent":5206,"menu_order":0,"comment_status":"closed","ping_status":"closed","template":"","meta":[],"_links":{"self":[{"href":"https:\/\/www.cifo.edu.pe\/index.php\/wp-json\/wp\/v2\/pages\/5217"}],"collection":[{"href":"https:\/\/www.cifo.edu.pe\/index.php\/wp-json\/wp\/v2\/pages"}],"about":[{"href":"https:\/\/www.cifo.edu.pe\/index.php\/wp-json\/wp\/v2\/types\/page"}],"author":[{"embeddable":true,"href":"https:\/\/www.cifo.edu.pe\/index.php\/wp-json\/wp\/v2\/users\/1"}],"replies":[{"embeddable":true,"href":"https:\/\/www.cifo.edu.pe\/index.php\/wp-json\/wp\/v2\/comments?post=5217"}],"version-history":[{"count":47,"href":"https:\/\/www.cifo.edu.pe\/index.php\/wp-json\/wp\/v2\/pages\/5217\/revisions"}],"predecessor-version":[{"id":8437,"href":"https:\/\/www.cifo.edu.pe\/index.php\/wp-json\/wp\/v2\/pages\/5217\/revisions\/8437"}],"up":[{"embeddable":true,"href":"https:\/\/www.cifo.edu.pe\/index.php\/wp-json\/wp\/v2\/pages\/5206"}],"wp:attachment":[{"href":"https:\/\/www.cifo.edu.pe\/index.php\/wp-json\/wp\/v2\/media?parent=5217"}],"curies":[{"name":"wp","href":"https:\/\/api.w.org\/{rel}","templated":true}]}}