{"id":5323,"date":"2023-04-29T13:17:50","date_gmt":"2023-04-29T13:17:50","guid":{"rendered":"http:\/\/localhost\/?page_id=5323"},"modified":"2025-10-28T15:29:24","modified_gmt":"2025-10-28T15:29:24","slug":"idioma-extranjero","status":"publish","type":"page","link":"https:\/\/www.cifo.edu.pe\/index.php\/academico\/plan-anual\/idioma-extranjero\/","title":{"rendered":"Idioma extranjero"},"content":{"rendered":"<section class=\"wpb-content-wrapper\"><p>[vc_row wrap_container=\u00bbyes\u00bb content_placement=\u00bbmiddle\u00bb el_id=\u00bbhome\u00bb css=\u00bb.vc_custom_1643156237054{padding-top: 95px !important;padding-bottom: 95px !important;}\u00bb el_class=\u00bbposition-relative\u00bb][vc_column el_class=\u00bbposition-static\u00bb][vc_raw_html el_class=\u00bbmb-0 pc-position-static\u00bb]JTNDc3ZnJTIwY2xhc3MlM0QlMjJjdXN0b20tc3ZnLXN0eWxlLTElMjIlMjB2aWV3Qm94JTNEJTIyMCUyMDAlMjAxODAlMjA0NzAlMjIlMjB4JTNEJTIyMHB4JTIyJTIweSUzRCUyMjBweCUyMiUyMHdpZHRoJTNEJTIyMTAwJTI1JTIyJTIwaGVpZ2h0JTNEJTIyMTAwJTI1JTIyJTNFJTBBJTA5JTNDZyUzRSUwQSUwOSUwOSUzQ3BhdGglMjBpZCUzRCUyMnNoYXBlX29uZV9zdGFydCUyMiUyMG9wYWNpdHklM0QlMjIwLjA5OCUyMiUyMGZpbGwlM0QlMjIlMjMwMGEzZDUlMjIlMjBkJTNEJTIyTSUyMDg0Ny41NzAzJTIwMjMuNzkzOSUyMEMlMjA4NDcuNTcwMyUyMDIzLjc5MzklMjA1ODEuODE1NCUyMC0yNDUuMTY3NSUyMDM5NC4yODQyJTIwMzMuOTM3NSUyMEMlMjAzMDUuNDA0MyUyMDE2Ni4yMTgzJTIwMzQ1LjA1MzclMjAzNTguODEyNSUyMDI1My41NjE1JTIwMzY0LjY2MzElMjBDJTIwMTYyLjA2ODQlMjAzNzAuNTE0NiUyMDEyOS41MzAzJTIwMzQyLjU0MiUyMDcwLjk4ODMlMjAzODMuOTA3MiUyMEMlMjAzLjAyNTQlMjA0MzEuOTI5NyUyMDE3Ljg5MjYlMjA0OTkuMjE1OCUyMDE3Ljg5MjYlMjA0OTkuMjE1OCUyMEwlMjA4NDcuNTcwMyUyMDQ5OS4yMTU4JTIwTCUyMDg0Ny41NzAzJTIwMjMuNzkzOSUyMFolMjIlMjAlMkYlM0UlMEElMDklMDklM0NwYXRoJTIwaWQlM0QlMjJzaGFwZV9vbmVfZW5kJTIyJTIwb3BhY2l0eSUzRCUyMjAuMDk4JTIyJTIwZmlsbCUzRCUyMiUyMzAwYTNkNSUyMiUyMGQlM0QlMjJtODQ3LjU3MDMlMkMyNC43OTM5YzAlMkMwJTIwLTg1Ljc1NDklMkMtMzQ2Ljk2MTQlMjAtMjczLjI4NjElMkMtNjcuODU2NGMxNDkuMTIwMSUyQzE3Ni4yODA4JTIwNTIuNzY5NSUyQzMxMy44NzUlMjAtNDYuNzIyNyUyQzMxMi43MjU2Yy05OS40OTIyJTJDLTEuMTQ5NCUyMC01OS4wMzEyJTJDMTA3Ljg3ODklMjAtMTE3LjU3MzIlMkMxNDkuMjQ0MWMtNjcuOTYyOSUyQzQ4LjAyMjUlMjAtMTg2LjA5NTclMkMxNjcuMzA4NiUyMC0yMDcuMDk1NyUyQzE2Ny4zMDg2bDY0NC42Nzc3JTJDLTg2bDAlMkMtNDc1LjQyMTl6JTIyJTIwc3R5bGUlM0QlMjJ2aXNpYmlsaXR5JTNBaGlkZGVuJTIyJTIwJTJGJTNFJTBBJTBBJTA5JTA5JTNDcGF0aCUyMGlkJTNEJTIyc2hhcGVfdHdvX3N0YXJ0JTIyJTIwb3BhY2l0eSUzRCUyMjAuMTQ5JTIyJTIwZmlsbCUzRCUyMiUyMzAwYTNkNSUyMiUyMGQlM0QlMjJNJTIwODQ3LjU3MDMlMjAyMzkuOTc3MSUyMEMlMjA4NDcuNTcwMyUyMDIzOS45NzcxJTIwODA2Ljg3MyUyMDE0MS41OTEzJTIwNzMzLjEzNDglMjAxNjQuOTM3JTIwQyUyMDYyMi4yNDklMjAyMDAuMDQ1OSUyMDY0OC40MTYlMjAzMTguMDgzJTIwNTY2LjY0MjYlMjAzNDIuMDQyJTIwQyUyMDQ4NC44NjgyJTIwMzY1Ljk5OSUyMDI0Ny45ODE0JTIwMzQ1LjAyODMlMjAxNjguNjQwNiUyMDM3MS44MDM3JTIwQyUyMDg5LjMwMDglMjAzOTguNTc4MSUyMDg1LjU3MDMlMjA0OTkuMzQwOCUyMDg1LjU3MDMlMjA0OTkuMzQwOCUyMEwlMjA4NDcuNTY5MyUyMDQ5OS4zNDA4JTIwTCUyMDg0Ny41NzAzJTIwMjM5Ljk3NzElMjBaJTIyJTIwJTJGJTNFJTIwJTBBJTA5JTA5JTNDcGF0aCUyMGlkJTNEJTIyc2hhcGVfdHdvX2VuZCUyMiUyMG9wYWNpdHklM0QlMjIwLjE0OSUyMiUyMGZpbGwlM0QlMjIlMjMwMGEzZDUlMjIlMjBkJTNEJTIybTkwNy41NzAzJTJDODkuOTc3MWMwJTJDMCUyMDI5LjMwMjclMkMtOS4zODU4JTIwLTk1LjQzNTUlMkMxMTIuOTU5OWMtMTI0LjczODIlMkMxMjIuMzQ1NyUyMC0yNTQuNzE4OCUyQzY0LjE0NiUyMC0zMDAuNDkyMiUyQzE2Ny4xMDVjLTQ1Ljc3MzQlMkMxMDIuOTU5JTIwLTc5LjY2MTIlMkM2MS45ODYzJTIwLTIwOS4wMDIlMkMxMDYuNzYxN2MtMTI5LjM0MDglMkM0NC43NzU0JTIwLTIxOC4wNzAzJTJDMjEuNTM3MSUyMC0yMTguMDcwMyUyQzIxLjUzNzFsNzYxLjk5OSUyQzBsMC4wMDElMkMtMjY1LjM2Mzd6JTIyJTIwc3R5bGUlM0QlMjJ2aXNpYmlsaXR5JTNBaGlkZGVuJTIyJTIwJTJGJTNFJTBBJTA5JTNDJTJGZyUzRSUwQSUzQyUyRnN2ZyUzRQ==[\/vc_raw_html][vc_row_inner el_class=\u00bbalign-items-center\u00bb][vc_column_inner el_class=\u00bbpt-4 pt-lg-0 mt-5 mt-lg-0 mb-5 mb-lg-0&#8243; offset=\u00bbvc_col-md-6&#8243;]<div class=\"porto-animation\"  data-appear-animation=\"fadeInUp\" data-appear-animation-delay=\"400\">[vc_custom_heading text=\u00bb<strong>IDIOMA EXTRANJERO<\/strong> Convenio interinstitucional CIFO-CIDUP.\u00bb font_container=\u00bbtag:h1|text_align:left\u00bb use_theme_fonts=\u00bbyes\u00bb font_weight=\u00bb200&#8243; animation_delay=\u00bb400&#8243; floating_start_pos=\u00bbnone\u00bb floating_speed=\u00bb1&#8243; el_class=\u00bbmb-4 mb-md-0 mb-xl-3&#8243;]<\/div><div class=\"porto-animation\"  data-appear-animation=\"fadeInUp\" data-appear-animation-delay=\"600\">[vc_custom_heading text=\u00bbEn un mundo cada vez m\u00e1s globalizado, el aprendizaje de un idioma extranjero toma mayor relevancia de cara a afrontar los nuevos retos y desaf\u00edos en nuestra sociedad.\u00bb font_container=\u00bbtag:p|font_size:16.8|text_align:left\u00bb use_theme_fonts=\u00bbyes\u00bb floating_start_pos=\u00bbnone\u00bb floating_speed=\u00bb0.5&#8243; el_class=\u00bbmb-5 mb-md-2&#8243;]<\/div><div class=\"porto-animation\"  data-appear-animation=\"fadeInUp\" data-appear-animation-delay=\"800\">[vc_btn title=\u00bbConoce m\u00e1s\u00bb style=\u00bboutline\u00bb shape=\u00bbround\u00bb skin=\u00bbprimary\u00bb floating_start_pos=\u00bbnone\u00bb floating_speed=\u00bb0.3&#8243; custom_onclick=\u00bbtrue\u00bb el_class=\u00bbbtn-style-1 hash-scroll-wrap\u00bb custom_onclick_code=\u00bbwindow.theme.scrolltoContainer(jQuery(\u00ab#idioma\u00ab));return false;\u00bb]<\/div>[\/vc_column_inner][vc_column_inner animation_delay=\u00bb550&#8243; offset=\u00bbvc_col-md-6&#8243; animation_type=\u00bbfadeInLeft\u00bb][vc_images_carousel images=\u00bb8699,8698,8697,8700&#8243; img_size=\u00bbfull\u00bb][\/vc_column_inner][\/vc_row_inner][\/vc_column][\/vc_row][vc_row][vc_column][vc_custom_heading text=\u00bb<strong>Idioma Extranjero<\/strong>\u00bb font_container=\u00bbtag:h4|font_size:16.8px|text_align:left|line_height:1.5&#8243; use_theme_fonts=\u00bbyes\u00bb letter_spacing=\u00bb2.5px\u00bb animation_delay=\u00bb100&#8243; el_class=\u00bbcustom-highlight-1 custom-weight-1 text-primary mb-2&#8243; animation_type=\u00bbfadeInUp\u00bb el_id=\u00bbidarte\u00bb][vc_custom_heading text=\u00bbEn un mundo cada vez m\u00e1s globalizado, el aprendizaje de un idioma extranjero toma mayor relevancia de cara a afrontar los nuevos retos y desaf\u00edos en nuestra sociedad.\u00bb font_container=\u00bbtag:h3|font_size:35px|text_align:left|line_height:1.3&#8243; use_theme_fonts=\u00bbyes\u00bb font_weight=\u00bb600&#8243; letter_spacing=\u00bb-.05em\u00bb animation_delay=\u00bb250&#8243; el_class=\u00bbtext-dark mb-4 mb-lg-3 mb-xl-4&#8243; animation_type=\u00bbfadeInUp\u00bb][vc_custom_heading text=\u00bbEs por eso, que el colegio inicia la ense\u00f1anza del idioma extranjero a partir del nivel Inicial 4 a\u00f1os hasta 4\u00b0 de primaria, con un equipo de profesionales altamente calificados.\u00bb font_container=\u00bbtag:p|font_size:15.4px|text_align:left\u00bb use_theme_fonts=\u00bbyes\u00bb animation_delay=\u00bb500&#8243; animation_type=\u00bbfadeInUp\u00bb el_class=\u00bbpb-2 mb-lg-2 mb-xl-4&#8243;][vc_custom_heading text=\u00bb<b>\u201cSeguimos recolectando frutos\u201d.<\/b>\u00bb font_container=\u00bbtag:p|font_size:15.4px|text_align:left\u00bb use_theme_fonts=\u00bbyes\u00bb animation_delay=\u00bb500&#8243; animation_type=\u00bbfadeInUp\u00bb el_class=\u00bbpb-2 mb-lg-2 mb-xl-4&#8243;][vc_custom_heading text=\u00bbEn el a\u00f1o 2014, el Colegio Isabel Flores de Oliva y el Centro de Idiomas de la Universidad del Pac\u00edfico firmaron un convenio para la ense\u00f1anza del idioma ingl\u00e9s en las instalaciones del plantel. Este importante convenio educativo posibilita el traslado a las aulas de la plana docente, metodolog\u00eda de ense\u00f1anza, programas y exigencia acad\u00e9mica propios del Centro de Idiomas. De esta manera, los alumnos, dentro de su jornada escolar, cursan los programas de <b>\u201cEnglish for Juniors\u201d, \u201cCommunication Level\u201d <\/b> culminando sus estudios en el idioma ingl\u00e9s con cursos de preparaci\u00f3n para los ex\u00e1menes internacionales de la Universidad de Cambridge tales como el examen <b>\u201cFirst\u201d (FCE) y el \u201cCertificate of Advanced English\u201d (CAE)<\/b>. Cabe resaltar que desde el inicio del Convenio treinta y un alumnos han obtenido una prestigiosa certificaci\u00f3n internacional de suficiencia en el idioma ingl\u00e9s y se espera que, en el a\u00f1o 2016, acad\u00e9mico cincuenta y siete alumnos hagan lo propio.\u00bb font_container=\u00bbtag:p|font_size:15.4px|text_align:left\u00bb use_theme_fonts=\u00bbyes\u00bb animation_delay=\u00bb500&#8243; animation_type=\u00bbfadeInUp\u00bb el_class=\u00bbpb-2 mb-lg-2 mb-xl-4&#8243;][vc_custom_heading text=\u00bb\u00bb font_container=\u00bbtag:h4|font_size:16.8px|text_align:left|line_height:1.5&#8243; use_theme_fonts=\u00bbyes\u00bb letter_spacing=\u00bb2.5px\u00bb animation_delay=\u00bb100&#8243; el_class=\u00bbcustom-highlight-1 custom-weight-1 text-primary mb-2&#8243; animation_type=\u00bbfadeInUp\u00bb el_id=\u00bbidioma\u00bb]<div class=\"porto-gallery has-ccols ccols-1 wpb_custom_990125ee54cc6ce8d5f272820494c17d porto-carousel owl-carousel show-nav-hover dots-style-1 align-items-start porto-ig-effect-4\" data-plugin-options=\"{&quot;autoplay&quot;:true,&quot;autoplayTimeout&quot;:5000,&quot;autoplayHoverPause&quot;:true,&quot;items&quot;:1,&quot;lg&quot;:1,&quot;md&quot;:1,&quot;sm&quot;:1,&quot;xs&quot;:1,&quot;nav&quot;:true,&quot;dots&quot;:&quot;yes&quot;}\"><figure><img width=\"2048\" height=\"1089\" src=\"https:\/\/www.cifo.edu.pe\/wp-content\/uploads\/2025\/10\/6-1.png\" class=\"attachment-full size-full\" alt=\"\" decoding=\"async\" loading=\"lazy\" srcset=\"https:\/\/www.cifo.edu.pe\/wp-content\/uploads\/2025\/10\/6-1.png 2048w, https:\/\/www.cifo.edu.pe\/wp-content\/uploads\/2025\/10\/6-1-1024x545.png 1024w, https:\/\/www.cifo.edu.pe\/wp-content\/uploads\/2025\/10\/6-1-768x408.png 768w, https:\/\/www.cifo.edu.pe\/wp-content\/uploads\/2025\/10\/6-1-1536x817.png 1536w, https:\/\/www.cifo.edu.pe\/wp-content\/uploads\/2025\/10\/6-1-640x340.png 640w, https:\/\/www.cifo.edu.pe\/wp-content\/uploads\/2025\/10\/6-1-400x213.png 400w, https:\/\/www.cifo.edu.pe\/wp-content\/uploads\/2025\/10\/6-1-367x195.png 367w\" sizes=\"(max-width: 2048px) 100vw, 2048px\" \/><\/figure><\/div>[vc_custom_heading text=\u00bbEn el presente a\u00f1o acad\u00e9mico el convenio se hizo extensivo para el quinto y sexto grado de primaria desarroll\u00e1ndose por lo tanto los programas \u201cEnglish for Tots\u201d y \u201cEnglish for Juniors\u201d. Tanto en el nivel Primario como en el nivel Secundario el objetivo del mencionado convenio es que, a trav\u00e9s de una metodolog\u00eda altamente comunicativa, los alumnos logren el pleno desarrollo de la expresi\u00f3n oral en el idioma de la globalizaci\u00f3n, la tecnolog\u00eda y el intercambio cient\u00edfico.\u00bb font_container=\u00bbtag:p|font_size:15.4px|text_align:left\u00bb use_theme_fonts=\u00bbyes\u00bb animation_delay=\u00bb500&#8243; animation_type=\u00bbfadeInUp\u00bb el_class=\u00bbpb-2 mb-lg-2 mb-xl-4&#8243;][\/vc_column][\/vc_row]<\/p>\n<\/section>","protected":false},"excerpt":{"rendered":"<p>[vc_row wrap_container=\u00bbyes\u00bb content_placement=\u00bbmiddle\u00bb el_id=\u00bbhome\u00bb css=\u00bb.vc_custom_1643156237054{padding-top: 95px !important;padding-bottom: 95px !important;}\u00bb el_class=\u00bbposition-relative\u00bb][vc_column el_class=\u00bbposition-static\u00bb][vc_raw_html el_class=\u00bbmb-0 pc-position-static\u00bb]JTNDc3ZnJTIwY2xhc3MlM0QlMjJjdXN0b20tc3ZnLXN0eWxlLTElMjIlMjB2aWV3Qm94JTNEJTIyMCUyMDAlMjAxODAlMjA0NzAlMjIlMjB4JTNEJTIyMHB4JTIyJTIweSUzRCUyMjBweCUyMiUyMHdpZHRoJTNEJTIyMTAwJTI1JTIyJTIwaGVpZ2h0JTNEJTIyMTAwJTI1JTIyJTNFJTBBJTA5JTNDZyUzRSUwQSUwOSUwOSUzQ3BhdGglMjBpZCUzRCUyMnNoYXBlX29uZV9zdGFydCUyMiUyMG9wYWNpdHklM0QlMjIwLjA5OCUyMiUyMGZpbGwlM0QlMjIlMjMwMGEzZDUlMjIlMjBkJTNEJTIyTSUyMDg0Ny41NzAzJTIwMjMuNzkzOSUyMEMlMjA4NDcuNTcwMyUyMDIzLjc5MzklMjA1ODEuODE1NCUyMC0yNDUuMTY3NSUyMDM5NC4yODQyJTIwMzMuOTM3NSUyMEMlMjAzMDUuNDA0MyUyMDE2Ni4yMTgzJTIwMzQ1LjA1MzclMjAzNTguODEyNSUyMDI1My41NjE1JTIwMzY0LjY2MzElMjBDJTIwMTYyLjA2ODQlMjAzNzAuNTE0NiUyMDEyOS41MzAzJTIwMzQyLjU0MiUyMDcwLjk4ODMlMjAzODMuOTA3MiUyMEMlMjAzLjAyNTQlMjA0MzEuOTI5NyUyMDE3Ljg5MjYlMjA0OTkuMjE1OCUyMDE3Ljg5MjYlMjA0OTkuMjE1OCUyMEwlMjA4NDcuNTcwMyUyMDQ5OS4yMTU4JTIwTCUyMDg0Ny41NzAzJTIwMjMuNzkzOSUyMFolMjIlMjAlMkYlM0UlMEElMDklMDklM0NwYXRoJTIwaWQlM0QlMjJzaGFwZV9vbmVfZW5kJTIyJTIwb3BhY2l0eSUzRCUyMjAuMDk4JTIyJTIwZmlsbCUzRCUyMiUyMzAwYTNkNSUyMiUyMGQlM0QlMjJtODQ3LjU3MDMlMkMyNC43OTM5YzAlMkMwJTIwLTg1Ljc1NDklMkMtMzQ2Ljk2MTQlMjAtMjczLjI4NjElMkMtNjcuODU2NGMxNDkuMTIwMSUyQzE3Ni4yODA4JTIwNTIuNzY5NSUyQzMxMy44NzUlMjAtNDYuNzIyNyUyQzMxMi43MjU2Yy05OS40OTIyJTJDLTEuMTQ5NCUyMC01OS4wMzEyJTJDMTA3Ljg3ODklMjAtMTE3LjU3MzIlMkMxNDkuMjQ0MWMtNjcuOTYyOSUyQzQ4LjAyMjUlMjAtMTg2LjA5NTclMkMxNjcuMzA4NiUyMC0yMDcuMDk1NyUyQzE2Ny4zMDg2bDY0NC42Nzc3JTJDLTg2bDAlMkMtNDc1LjQyMTl6JTIyJTIwc3R5bGUlM0QlMjJ2aXNpYmlsaXR5JTNBaGlkZGVuJTIyJTIwJTJGJTNFJTBBJTBBJTA5JTA5JTNDcGF0aCUyMGlkJTNEJTIyc2hhcGVfdHdvX3N0YXJ0JTIyJTIwb3BhY2l0eSUzRCUyMjAuMTQ5JTIyJTIwZmlsbCUzRCUyMiUyMzAwYTNkNSUyMiUyMGQlM0QlMjJNJTIwODQ3LjU3MDMlMjAyMzkuOTc3MSUyMEMlMjA4NDcuNTcwMyUyMDIzOS45NzcxJTIwODA2Ljg3MyUyMDE0MS41OTEzJTIwNzMzLjEzNDglMjAxNjQuOTM3JTIwQyUyMDYyMi4yNDklMjAyMDAuMDQ1OSUyMDY0OC40MTYlMjAzMTguMDgzJTIwNTY2LjY0MjYlMjAzNDIuMDQyJTIwQyUyMDQ4NC44NjgyJTIwMzY1Ljk5OSUyMDI0Ny45ODE0JTIwMzQ1LjAyODMlMjAxNjguNjQwNiUyMDM3MS44MDM3JTIwQyUyMDg5LjMwMDglMjAzOTguNTc4MSUyMDg1LjU3MDMlMjA0OTkuMzQwOCUyMDg1LjU3MDMlMjA0OTkuMzQwOCUyMEwlMjA4NDcuNTY5MyUyMDQ5OS4zNDA4JTIwTCUyMDg0Ny41NzAzJTIwMjM5Ljk3NzElMjBaJTIyJTIwJTJGJTNFJTIwJTBBJTA5JTA5JTNDcGF0aCUyMGlkJTNEJTIyc2hhcGVfdHdvX2VuZCUyMiUyMG9wYWNpdHklM0QlMjIwLjE0OSUyMiUyMGZpbGwlM0QlMjIlMjMwMGEzZDUlMjIlMjBkJTNEJTIybTkwNy41NzAzJTJDODkuOTc3MWMwJTJDMCUyMDI5LjMwMjclMkMtOS4zODU4JTIwLTk1LjQzNTUlMkMxMTIuOTU5OWMtMTI0LjczODIlMkMxMjIuMzQ1NyUyMC0yNTQuNzE4OCUyQzY0LjE0NiUyMC0zMDAuNDkyMiUyQzE2Ny4xMDVjLTQ1Ljc3MzQlMkMxMDIuOTU5JTIwLTc5LjY2MTIlMkM2MS45ODYzJTIwLTIwOS4wMDIlMkMxMDYuNzYxN2MtMTI5LjM0MDglMkM0NC43NzU0JTIwLTIxOC4wNzAzJTJDMjEuNTM3MSUyMC0yMTguMDcwMyUyQzIxLjUzNzFsNzYxLjk5OSUyQzBsMC4wMDElMkMtMjY1LjM2Mzd6JTIyJTIwc3R5bGUlM0QlMjJ2aXNpYmlsaXR5JTNBaGlkZGVuJTIyJTIwJTJGJTNFJTBBJTA5JTNDJTJGZyUzRSUwQSUzQyUyRnN2ZyUzRQ==[\/vc_raw_html][vc_row_inner el_class=\u00bbalign-items-center\u00bb][vc_column_inner el_class=\u00bbpt-4 pt-lg-0 mt-5 mt-lg-0 mb-5 mb-lg-0&#8243; offset=\u00bbvc_col-md-6&#8243;][\/vc_column_inner][vc_column_inner animation_delay=\u00bb550&#8243; offset=\u00bbvc_col-md-6&#8243; animation_type=\u00bbfadeInLeft\u00bb][vc_images_carousel images=\u00bb8699,8698,8697,8700&#8243; img_size=\u00bbfull\u00bb][\/vc_column_inner][\/vc_row_inner][\/vc_column][\/vc_row][vc_row][vc_column][vc_custom_heading text=\u00bbIdioma Extranjero\u00bb font_container=\u00bbtag:h4|font_size:16.8px|text_align:left|line_height:1.5&#8243; use_theme_fonts=\u00bbyes\u00bb letter_spacing=\u00bb2.5px\u00bb animation_delay=\u00bb100&#8243; el_class=\u00bbcustom-highlight-1 custom-weight-1 text-primary mb-2&#8243; animation_type=\u00bbfadeInUp\u00bb el_id=\u00bbidarte\u00bb][vc_custom_heading text=\u00bbEn un mundo cada vez m\u00e1s globalizado, el aprendizaje de un idioma extranjero toma mayor relevancia de [&hellip;]<\/p>\n","protected":false},"author":1,"featured_media":0,"parent":5321,"menu_order":0,"comment_status":"closed","ping_status":"closed","template":"","meta":[],"_links":{"self":[{"href":"https:\/\/www.cifo.edu.pe\/index.php\/wp-json\/wp\/v2\/pages\/5323"}],"collection":[{"href":"https:\/\/www.cifo.edu.pe\/index.php\/wp-json\/wp\/v2\/pages"}],"about":[{"href":"https:\/\/www.cifo.edu.pe\/index.php\/wp-json\/wp\/v2\/types\/page"}],"author":[{"embeddable":true,"href":"https:\/\/www.cifo.edu.pe\/index.php\/wp-json\/wp\/v2\/users\/1"}],"replies":[{"embeddable":true,"href":"https:\/\/www.cifo.edu.pe\/index.php\/wp-json\/wp\/v2\/comments?post=5323"}],"version-history":[{"count":37,"href":"https:\/\/www.cifo.edu.pe\/index.php\/wp-json\/wp\/v2\/pages\/5323\/revisions"}],"predecessor-version":[{"id":8731,"href":"https:\/\/www.cifo.edu.pe\/index.php\/wp-json\/wp\/v2\/pages\/5323\/revisions\/8731"}],"up":[{"embeddable":true,"href":"https:\/\/www.cifo.edu.pe\/index.php\/wp-json\/wp\/v2\/pages\/5321"}],"wp:attachment":[{"href":"https:\/\/www.cifo.edu.pe\/index.php\/wp-json\/wp\/v2\/media?parent=5323"}],"curies":[{"name":"wp","href":"https:\/\/api.w.org\/{rel}","templated":true}]}}