{"id":5347,"date":"2023-04-29T15:06:17","date_gmt":"2023-04-29T15:06:17","guid":{"rendered":"http:\/\/localhost\/?page_id=5347"},"modified":"2025-10-29T15:09:50","modified_gmt":"2025-10-29T15:09:50","slug":"arte","status":"publish","type":"page","link":"https:\/\/www.cifo.edu.pe\/index.php\/academico\/plan-anual\/arte\/","title":{"rendered":"Arte"},"content":{"rendered":"<section class=\"wpb-content-wrapper\"><p>[vc_row wrap_container=\u00bbyes\u00bb content_placement=\u00bbmiddle\u00bb el_id=\u00bbhome\u00bb css=\u00bb.vc_custom_1643156237054{padding-top: 95px !important;padding-bottom: 95px !important;}\u00bb el_class=\u00bbposition-relative\u00bb][vc_column el_class=\u00bbposition-static\u00bb][vc_raw_html el_class=\u00bbmb-0 pc-position-static\u00bb]JTNDc3ZnJTIwY2xhc3MlM0QlMjJjdXN0b20tc3ZnLXN0eWxlLTElMjIlMjB2aWV3Qm94JTNEJTIyMCUyMDAlMjAxODAlMjA0NzAlMjIlMjB4JTNEJTIyMHB4JTIyJTIweSUzRCUyMjBweCUyMiUyMHdpZHRoJTNEJTIyMTAwJTI1JTIyJTIwaGVpZ2h0JTNEJTIyMTAwJTI1JTIyJTNFJTBBJTA5JTNDZyUzRSUwQSUwOSUwOSUzQ3BhdGglMjBpZCUzRCUyMnNoYXBlX29uZV9zdGFydCUyMiUyMG9wYWNpdHklM0QlMjIwLjA5OCUyMiUyMGZpbGwlM0QlMjIlMjMyMzRlOWElMjIlMjBkJTNEJTIyTSUyMDg0Ny41NzAzJTIwMjMuNzkzOSUyMEMlMjA4NDcuNTcwMyUyMDIzLjc5MzklMjA1ODEuODE1NCUyMC0yNDUuMTY3NSUyMDM5NC4yODQyJTIwMzMuOTM3NSUyMEMlMjAzMDUuNDA0MyUyMDE2Ni4yMTgzJTIwMzQ1LjA1MzclMjAzNTguODEyNSUyMDI1My41NjE1JTIwMzY0LjY2MzElMjBDJTIwMTYyLjA2ODQlMjAzNzAuNTE0NiUyMDEyOS41MzAzJTIwMzQyLjU0MiUyMDcwLjk4ODMlMjAzODMuOTA3MiUyMEMlMjAzLjAyNTQlMjA0MzEuOTI5NyUyMDE3Ljg5MjYlMjA0OTkuMjE1OCUyMDE3Ljg5MjYlMjA0OTkuMjE1OCUyMEwlMjA4NDcuNTcwMyUyMDQ5OS4yMTU4JTIwTCUyMDg0Ny41NzAzJTIwMjMuNzkzOSUyMFolMjIlMjAlMkYlM0UlMEElMDklMDklM0NwYXRoJTIwaWQlM0QlMjJzaGFwZV9vbmVfZW5kJTIyJTIwb3BhY2l0eSUzRCUyMjAuMDk4JTIyJTIwZmlsbCUzRCUyMiUyMzIzNGU5YSUyMiUyMGQlM0QlMjJtODQ3LjU3MDMlMkMyNC43OTM5YzAlMkMwJTIwLTg1Ljc1NDklMkMtMzQ2Ljk2MTQlMjAtMjczLjI4NjElMkMtNjcuODU2NGMxNDkuMTIwMSUyQzE3Ni4yODA4JTIwNTIuNzY5NSUyQzMxMy44NzUlMjAtNDYuNzIyNyUyQzMxMi43MjU2Yy05OS40OTIyJTJDLTEuMTQ5NCUyMC01OS4wMzEyJTJDMTA3Ljg3ODklMjAtMTE3LjU3MzIlMkMxNDkuMjQ0MWMtNjcuOTYyOSUyQzQ4LjAyMjUlMjAtMTg2LjA5NTclMkMxNjcuMzA4NiUyMC0yMDcuMDk1NyUyQzE2Ny4zMDg2bDY0NC42Nzc3JTJDLTg2bDAlMkMtNDc1LjQyMTl6JTIyJTIwc3R5bGUlM0QlMjJ2aXNpYmlsaXR5JTNBaGlkZGVuJTIyJTIwJTJGJTNFJTBBJTBBJTA5JTA5JTNDcGF0aCUyMGlkJTNEJTIyc2hhcGVfdHdvX3N0YXJ0JTIyJTIwb3BhY2l0eSUzRCUyMjAuMTQ5JTIyJTIwZmlsbCUzRCUyMiUyM2ZmZDQwMyUyMiUyMGQlM0QlMjJNJTIwODQ3LjU3MDMlMjAyMzkuOTc3MSUyMEMlMjA4NDcuNTcwMyUyMDIzOS45NzcxJTIwODA2Ljg3MyUyMDE0MS41OTEzJTIwNzMzLjEzNDglMjAxNjQuOTM3JTIwQyUyMDYyMi4yNDklMjAyMDAuMDQ1OSUyMDY0OC40MTYlMjAzMTguMDgzJTIwNTY2LjY0MjYlMjAzNDIuMDQyJTIwQyUyMDQ4NC44NjgyJTIwMzY1Ljk5OSUyMDI0Ny45ODE0JTIwMzQ1LjAyODMlMjAxNjguNjQwNiUyMDM3MS44MDM3JTIwQyUyMDg5LjMwMDglMjAzOTguNTc4MSUyMDg1LjU3MDMlMjA0OTkuMzQwOCUyMDg1LjU3MDMlMjA0OTkuMzQwOCUyMEwlMjA4NDcuNTY5MyUyMDQ5OS4zNDA4JTIwTCUyMDg0Ny41NzAzJTIwMjM5Ljk3NzElMjBaJTIyJTIwJTJGJTNFJTIwJTBBJTA5JTA5JTNDcGF0aCUyMGlkJTNEJTIyc2hhcGVfdHdvX2VuZCUyMiUyMG9wYWNpdHklM0QlMjIwLjE0OSUyMiUyMGZpbGwlM0QlMjIlMjNmZmQ0MDMlMjIlMjBkJTNEJTIybTkwNy41NzAzJTJDODkuOTc3MWMwJTJDMCUyMDI5LjMwMjclMkMtOS4zODU4JTIwLTk1LjQzNTUlMkMxMTIuOTU5OWMtMTI0LjczODIlMkMxMjIuMzQ1NyUyMC0yNTQuNzE4OCUyQzY0LjE0NiUyMC0zMDAuNDkyMiUyQzE2Ny4xMDVjLTQ1Ljc3MzQlMkMxMDIuOTU5JTIwLTc5LjY2MTIlMkM2MS45ODYzJTIwLTIwOS4wMDIlMkMxMDYuNzYxN2MtMTI5LjM0MDglMkM0NC43NzU0JTIwLTIxOC4wNzAzJTJDMjEuNTM3MSUyMC0yMTguMDcwMyUyQzIxLjUzNzFsNzYxLjk5OSUyQzBsMC4wMDElMkMtMjY1LjM2Mzd6JTIyJTIwc3R5bGUlM0QlMjJ2aXNpYmlsaXR5JTNBaGlkZGVuJTIyJTIwJTJGJTNFJTBBJTA5JTNDJTJGZyUzRSUwQSUzQyUyRnN2ZyUzRQ==[\/vc_raw_html][vc_row_inner el_class=\u00bbalign-items-center\u00bb][vc_column_inner el_class=\u00bbpt-4 pt-lg-0 mt-5 mt-lg-0 mb-5 mb-lg-0&#8243; offset=\u00bbvc_col-md-6&#8243;]<div class=\"porto-animation\"  data-appear-animation=\"fadeInUp\" data-appear-animation-delay=\"400\">[vc_custom_heading text=\u00bb<strong>Arte &#8211; <\/strong>contribuir al desarrollo de la capacidad comunicativa\u00bb font_container=\u00bbtag:h1|text_align:left\u00bb use_theme_fonts=\u00bbyes\u00bb font_weight=\u00bb200&#8243; animation_delay=\u00bb400&#8243; floating_start_pos=\u00bbnone\u00bb floating_speed=\u00bb1&#8243; el_class=\u00bbmb-4 mb-md-0 mb-xl-3&#8243; el_id=\u00bbactividades\u00bb]<\/div><div class=\"porto-animation\"  data-appear-animation=\"fadeInUp\" data-appear-animation-delay=\"600\">[vc_custom_heading text=\u00bbFomentamos la creatividad, la expresi\u00f3n y la sensibilidad a trav\u00e9s de las artes visuales, la m\u00fasica, el teatro y el folclor, valorando la diversidad y riqueza cultural.\u00bb font_container=\u00bbtag:p|font_size:16.8|text_align:left\u00bb use_theme_fonts=\u00bbyes\u00bb floating_start_pos=\u00bbnone\u00bb floating_speed=\u00bb0.5&#8243; el_class=\u00bbmb-5 mb-md-2&#8243;]<\/div><div class=\"porto-animation\"  data-appear-animation=\"fadeInUp\" data-appear-animation-delay=\"800\">[vc_btn title=\u00bbNuestras Actividades\u00bb style=\u00bboutline\u00bb shape=\u00bbround\u00bb skin=\u00bbprimary\u00bb floating_start_pos=\u00bbnone\u00bb floating_speed=\u00bb0.3&#8243; custom_onclick=\u00bbtrue\u00bb link=\u00bburl:%23pricing|||\u00bb el_class=\u00bbbtn-style-1 hash-scroll-wrap\u00bb custom_onclick_code=\u00bbwindow.theme.scrolltoContainer(jQuery(\u00ab#actividades\u00ab));return false;\u00bb]<\/div>[\/vc_column_inner][vc_column_inner animation_delay=\u00bb550&#8243; offset=\u00bbvc_col-md-6&#8243; animation_type=\u00bbfadeInLeft\u00bb][vc_images_carousel images=\u00bb8530,8528,8526,8527,8529&#8243; img_size=\u00bbfull\u00bb][\/vc_column_inner][\/vc_row_inner][\/vc_column][\/vc_row][vc_row][vc_column][vc_custom_heading text=\u00bb<strong>Arte<\/strong>\u00bb font_container=\u00bbtag:h4|font_size:16.8px|text_align:left|line_height:1.5&#8243; use_theme_fonts=\u00bbyes\u00bb letter_spacing=\u00bb2.5px\u00bb animation_delay=\u00bb100&#8243; el_class=\u00bbcustom-highlight-1 custom-weight-1 text-primary mb-2&#8243; animation_type=\u00bbfadeInUp\u00bb el_id=\u00bbidarte\u00bb][vc_custom_heading text=\u00bbLa educaci\u00f3n por el Arte en el Colegio Isabel Flores de Oliva busca contribuir al desarrollo de la capacidad comunicativa.\u00bb font_container=\u00bbtag:h3|font_size:35px|text_align:left|line_height:1.3&#8243; use_theme_fonts=\u00bbyes\u00bb font_weight=\u00bb600&#8243; letter_spacing=\u00bb-.05em\u00bb animation_delay=\u00bb250&#8243; el_class=\u00bbtext-dark mb-4 mb-lg-3 mb-xl-4&#8243; animation_type=\u00bbfadeInUp\u00bb][vc_custom_heading text=\u00bbFavorece en los estudiantes el desarrollo de la sensibilidad, la capacidad de comunicarse, crear y de expresar sentimientos y contribuye a una formaci\u00f3n, armoniosa y est\u00e9tica, a trav\u00e9s de sus distintos lenguajes art\u00edsticos como son: las artes visuales, la m\u00fasica el teatro y el folclor.\u00bb font_container=\u00bbtag:p|font_size:15.4px|text_align:left\u00bb use_theme_fonts=\u00bbyes\u00bb animation_delay=\u00bb500&#8243; animation_type=\u00bbfadeInUp\u00bb el_class=\u00bbpb-2 mb-lg-2 mb-xl-4&#8243;][vc_custom_heading text=\u00bbEsta \u00e1rea es un espacio de formaci\u00f3n y valoraci\u00f3n de la experiencia cultural de las comunidades, reconociendo la diversidad y riqueza pluricultural.\u00bb font_container=\u00bbtag:p|font_size:15.4px|text_align:left\u00bb use_theme_fonts=\u00bbyes\u00bb animation_delay=\u00bb500&#8243; animation_type=\u00bbfadeInUp\u00bb el_class=\u00bbpb-2 mb-lg-2 mb-xl-4&#8243;][vc_tabs][vc_tab show_icon=\u00bbyes\u00bb icon_skin=\u00bbsecondary\u00bb title=\u00bbArtes Visuales\u00bb tab_id=\u00bbf3747cc2-c9fe-1&#8243; icon=\u00bbfas fa-paint-brush\u00bb]<div class=\"porto-image-frame \" data-appear-animation=\"bounceIn\"><div class=\"thumb-info thumb-info-hide-wrapper-bg thumb-info-push-hor thumb-info-no-borders\"><span class=\"thumb-info-wrapper\"><img alt=\"\" src=\"\/\/www.cifo.edu.pe\/wp-content\/uploads\/2025\/10\/7-1.png\" class=\"img-responsive\" width=\"2560\" height=\"1361\"><\/span><\/div><\/div>[vc_custom_heading text=\u00bbLas artes visuales ayudan al desarrollo integral de los estudiantes, desarrolla el gusto por la est\u00e9tica, la investigaci\u00f3n, la experimentaci\u00f3n, la apreciaci\u00f3n de diversas manifestaciones art\u00edsticas, la expresi\u00f3n de sus emociones, el disfrute, la valoraci\u00f3n de la persona y sus diferencias. Se fomenta que el alumno utilice un lenguaje visual y pl\u00e1stico mediante la ejecuci\u00f3n de diferentes t\u00e9cnicas, las cuales ayudan al desarrollo de sus habilidades, destrezas, talentos y autonom\u00eda.\u00bb font_container=\u00bbtag:p|font_size:15.4px|text_align:left\u00bb use_theme_fonts=\u00bbyes\u00bb animation_delay=\u00bb500&#8243; animation_type=\u00bbfadeInUp\u00bb el_class=\u00bbpb-2 mb-lg-2 mb-xl-4&#8243;][vc_custom_heading text=\u00bb<strong>Galer\u00eda<\/strong>\u00bb font_container=\u00bbtag:h4|font_size:16.8px|text_align:left|line_height:1.5&#8243; use_theme_fonts=\u00bbyes\u00bb letter_spacing=\u00bb2.5px\u00bb animation_delay=\u00bb100&#8243; el_class=\u00bbcustom-highlight-1 custom-weight-1 text-primary mb-2&#8243; animation_type=\u00bbfadeInUp\u00bb][\/vc_tab][vc_tab show_icon=\u00bbyes\u00bb icon_skin=\u00bbprimary\u00bb title=\u00bbTeatro\u00bb tab_id=\u00bbf10a9e6a-b411-1&#8243; icon=\u00bbfas fa-theater-masks\u00bb]<div class=\"porto-image-frame \" data-appear-animation=\"bounceIn\"><img alt=\"\" src=\"\/\/www.cifo.edu.pe\/wp-content\/uploads\/2025\/10\/8-1.png\" class=\"img-responsive img-rounded\" width=\"2560\" height=\"1361\"><\/div>[vc_custom_heading text=\u00bbA trav\u00e9s del teatro el CIFO busca desarrollar en el alumno la capacidad comunicativa, verbal y corporal, las cual le permitir\u00e1 descubrir sus posibilidades de expresi\u00f3n.<\/p>\n<p>El teatro contribuye al desarrollo integral del alumno desde una visi\u00f3n, humanizadora, personalizadora y contextualizada promoviendo el descubrimiento y la utilizaci\u00f3n de su potencial creativo. Promueve el desarrollo de habilidades expresivas, la capacidad de an\u00e1lisis y discernimiento; as\u00ed como, el reconocimiento valorativo de su entorno, de su cultura\u00bb font_container=\u00bbtag:p|font_size:15.4px|text_align:left\u00bb use_theme_fonts=\u00bbyes\u00bb animation_delay=\u00bb500&#8243; animation_type=\u00bbfadeInUp\u00bb el_class=\u00bbpb-2 mb-lg-2 mb-xl-4&#8243;][vc_custom_heading text=\u00bb<strong>Galer\u00eda<\/strong>\u00bb font_container=\u00bbtag:h4|font_size:16.8px|text_align:left|line_height:1.5&#8243; use_theme_fonts=\u00bbyes\u00bb letter_spacing=\u00bb2.5px\u00bb animation_delay=\u00bb100&#8243; el_class=\u00bbcustom-highlight-1 custom-weight-1 text-primary mb-2&#8243; animation_type=\u00bbfadeInUp\u00bb][\/vc_tab][vc_tab show_icon=\u00bbyes\u00bb title=\u00bbM\u00fasica\u00bb tab_id=\u00bb1682781346037-2-9&#8243; icon=\u00bbfas fa-guitar\u00bb]<div class=\"porto-image-frame \" data-appear-animation=\"bounceIn\"><img alt=\"\" src=\"\/\/www.cifo.edu.pe\/wp-content\/uploads\/2025\/10\/10-1.png\" class=\"img-responsive img-rounded\" width=\"2560\" height=\"1361\"><\/div>[vc_custom_heading text=\u00bbLa m\u00fasica desarrolla la capacidad creadora y la expresividad a trav\u00e9s del lenguaje musical. Contribuye en la formaci\u00f3n de las diferentes inteligencias del ni\u00f1o\/a: musical, emocional, l\u00f3gica, espacial, ling\u00fc\u00edstica, cin\u00e9tica corporal, Inter e intra-personal. Se busca que el ni\u00f1o adopte saberes y construya sus conocimientos que le permitir\u00e1n conectarse con su yo interno y el mundo que lo rodea, sea con un instrumento o la propia voz.<\/p>\n<p>Contamos con los talleres de la tarde donde los alumnos tienen la oportunidad de aprender a tocar otros instrumentos como \u00f3rgano electr\u00f3nico, la bater\u00eda, la guitarra el\u00e9ctrica, el bajo, el viol\u00edn.\u00bb font_container=\u00bbtag:p|font_size:15.4px|text_align:left\u00bb use_theme_fonts=\u00bbyes\u00bb animation_delay=\u00bb500&#8243; animation_type=\u00bbfadeInUp\u00bb el_class=\u00bbpb-2 mb-lg-2 mb-xl-4&#8243;][vc_custom_heading text=\u00bb<strong>Galer\u00eda<\/strong>\u00bb font_container=\u00bbtag:h4|font_size:16.8px|text_align:left|line_height:1.5&#8243; use_theme_fonts=\u00bbyes\u00bb letter_spacing=\u00bb2.5px\u00bb animation_delay=\u00bb100&#8243; el_class=\u00bbcustom-highlight-1 custom-weight-1 text-primary mb-2&#8243; animation_type=\u00bbfadeInUp\u00bb][\/vc_tab][vc_tab show_icon=\u00bbyes\u00bb title=\u00bbFolclor\u00bb tab_id=\u00bb1682781355871-3-4&#8243; icon=\u00bbfab fa-pied-piper-alt\u00bb]<div class=\"porto-image-frame \" data-appear-animation=\"bounceIn\"><img alt=\"\" src=\"\/\/www.cifo.edu.pe\/wp-content\/uploads\/2025\/10\/ARTE3.png\" class=\"img-responsive img-rounded\" width=\"2048\" height=\"1089\"><\/div>[vc_custom_heading text=\u00bbEl \u00e1rea de danzas folcl\u00f3ricas tiene la finalidad de contribuir al conocimiento del cuerpo como medio de expresi\u00f3n y todas sus posibilidades de movimiento, fortaleciendo el autoconocimiento y el contexto hist\u00f3rico de su entorno, respetando los valores que se viven en el carisma de la Instituci\u00f3n Teresiana.<\/p>\n<p>El prop\u00f3sito fundamental es el est\u00edmulo de la capacidad creadora y de la expresi\u00f3n a trav\u00e9s de lenguajes no verbales.<\/p>\n<p>El Colegio cuenta con dos elencos uno de primaria y otro de secundaria, los cuales est\u00e1n en constante preparaci\u00f3n para las diversas presentaciones que tiene el centro educativo.\u00bb font_container=\u00bbtag:p|font_size:15.4px|text_align:left\u00bb use_theme_fonts=\u00bbyes\u00bb animation_delay=\u00bb500&#8243; animation_type=\u00bbfadeInUp\u00bb el_class=\u00bbpb-2 mb-lg-2 mb-xl-4&#8243;][vc_custom_heading text=\u00bb<strong>Galer\u00eda<\/strong>\u00bb font_container=\u00bbtag:h4|font_size:16.8px|text_align:left|line_height:1.5&#8243; use_theme_fonts=\u00bbyes\u00bb letter_spacing=\u00bb2.5px\u00bb animation_delay=\u00bb100&#8243; el_class=\u00bbcustom-highlight-1 custom-weight-1 text-primary mb-2&#8243; animation_type=\u00bbfadeInUp\u00bb][\/vc_tab][\/vc_tabs][\/vc_column][\/vc_row]<\/p>\n<\/section>","protected":false},"excerpt":{"rendered":"<p>[vc_row wrap_container=\u00bbyes\u00bb content_placement=\u00bbmiddle\u00bb el_id=\u00bbhome\u00bb css=\u00bb.vc_custom_1643156237054{padding-top: 95px !important;padding-bottom: 95px !important;}\u00bb el_class=\u00bbposition-relative\u00bb][vc_column el_class=\u00bbposition-static\u00bb][vc_raw_html el_class=\u00bbmb-0 pc-position-static\u00bb]JTNDc3ZnJTIwY2xhc3MlM0QlMjJjdXN0b20tc3ZnLXN0eWxlLTElMjIlMjB2aWV3Qm94JTNEJTIyMCUyMDAlMjAxODAlMjA0NzAlMjIlMjB4JTNEJTIyMHB4JTIyJTIweSUzRCUyMjBweCUyMiUyMHdpZHRoJTNEJTIyMTAwJTI1JTIyJTIwaGVpZ2h0JTNEJTIyMTAwJTI1JTIyJTNFJTBBJTA5JTNDZyUzRSUwQSUwOSUwOSUzQ3BhdGglMjBpZCUzRCUyMnNoYXBlX29uZV9zdGFydCUyMiUyMG9wYWNpdHklM0QlMjIwLjA5OCUyMiUyMGZpbGwlM0QlMjIlMjMyMzRlOWElMjIlMjBkJTNEJTIyTSUyMDg0Ny41NzAzJTIwMjMuNzkzOSUyMEMlMjA4NDcuNTcwMyUyMDIzLjc5MzklMjA1ODEuODE1NCUyMC0yNDUuMTY3NSUyMDM5NC4yODQyJTIwMzMuOTM3NSUyMEMlMjAzMDUuNDA0MyUyMDE2Ni4yMTgzJTIwMzQ1LjA1MzclMjAzNTguODEyNSUyMDI1My41NjE1JTIwMzY0LjY2MzElMjBDJTIwMTYyLjA2ODQlMjAzNzAuNTE0NiUyMDEyOS41MzAzJTIwMzQyLjU0MiUyMDcwLjk4ODMlMjAzODMuOTA3MiUyMEMlMjAzLjAyNTQlMjA0MzEuOTI5NyUyMDE3Ljg5MjYlMjA0OTkuMjE1OCUyMDE3Ljg5MjYlMjA0OTkuMjE1OCUyMEwlMjA4NDcuNTcwMyUyMDQ5OS4yMTU4JTIwTCUyMDg0Ny41NzAzJTIwMjMuNzkzOSUyMFolMjIlMjAlMkYlM0UlMEElMDklMDklM0NwYXRoJTIwaWQlM0QlMjJzaGFwZV9vbmVfZW5kJTIyJTIwb3BhY2l0eSUzRCUyMjAuMDk4JTIyJTIwZmlsbCUzRCUyMiUyMzIzNGU5YSUyMiUyMGQlM0QlMjJtODQ3LjU3MDMlMkMyNC43OTM5YzAlMkMwJTIwLTg1Ljc1NDklMkMtMzQ2Ljk2MTQlMjAtMjczLjI4NjElMkMtNjcuODU2NGMxNDkuMTIwMSUyQzE3Ni4yODA4JTIwNTIuNzY5NSUyQzMxMy44NzUlMjAtNDYuNzIyNyUyQzMxMi43MjU2Yy05OS40OTIyJTJDLTEuMTQ5NCUyMC01OS4wMzEyJTJDMTA3Ljg3ODklMjAtMTE3LjU3MzIlMkMxNDkuMjQ0MWMtNjcuOTYyOSUyQzQ4LjAyMjUlMjAtMTg2LjA5NTclMkMxNjcuMzA4NiUyMC0yMDcuMDk1NyUyQzE2Ny4zMDg2bDY0NC42Nzc3JTJDLTg2bDAlMkMtNDc1LjQyMTl6JTIyJTIwc3R5bGUlM0QlMjJ2aXNpYmlsaXR5JTNBaGlkZGVuJTIyJTIwJTJGJTNFJTBBJTBBJTA5JTA5JTNDcGF0aCUyMGlkJTNEJTIyc2hhcGVfdHdvX3N0YXJ0JTIyJTIwb3BhY2l0eSUzRCUyMjAuMTQ5JTIyJTIwZmlsbCUzRCUyMiUyM2ZmZDQwMyUyMiUyMGQlM0QlMjJNJTIwODQ3LjU3MDMlMjAyMzkuOTc3MSUyMEMlMjA4NDcuNTcwMyUyMDIzOS45NzcxJTIwODA2Ljg3MyUyMDE0MS41OTEzJTIwNzMzLjEzNDglMjAxNjQuOTM3JTIwQyUyMDYyMi4yNDklMjAyMDAuMDQ1OSUyMDY0OC40MTYlMjAzMTguMDgzJTIwNTY2LjY0MjYlMjAzNDIuMDQyJTIwQyUyMDQ4NC44NjgyJTIwMzY1Ljk5OSUyMDI0Ny45ODE0JTIwMzQ1LjAyODMlMjAxNjguNjQwNiUyMDM3MS44MDM3JTIwQyUyMDg5LjMwMDglMjAzOTguNTc4MSUyMDg1LjU3MDMlMjA0OTkuMzQwOCUyMDg1LjU3MDMlMjA0OTkuMzQwOCUyMEwlMjA4NDcuNTY5MyUyMDQ5OS4zNDA4JTIwTCUyMDg0Ny41NzAzJTIwMjM5Ljk3NzElMjBaJTIyJTIwJTJGJTNFJTIwJTBBJTA5JTA5JTNDcGF0aCUyMGlkJTNEJTIyc2hhcGVfdHdvX2VuZCUyMiUyMG9wYWNpdHklM0QlMjIwLjE0OSUyMiUyMGZpbGwlM0QlMjIlMjNmZmQ0MDMlMjIlMjBkJTNEJTIybTkwNy41NzAzJTJDODkuOTc3MWMwJTJDMCUyMDI5LjMwMjclMkMtOS4zODU4JTIwLTk1LjQzNTUlMkMxMTIuOTU5OWMtMTI0LjczODIlMkMxMjIuMzQ1NyUyMC0yNTQuNzE4OCUyQzY0LjE0NiUyMC0zMDAuNDkyMiUyQzE2Ny4xMDVjLTQ1Ljc3MzQlMkMxMDIuOTU5JTIwLTc5LjY2MTIlMkM2MS45ODYzJTIwLTIwOS4wMDIlMkMxMDYuNzYxN2MtMTI5LjM0MDglMkM0NC43NzU0JTIwLTIxOC4wNzAzJTJDMjEuNTM3MSUyMC0yMTguMDcwMyUyQzIxLjUzNzFsNzYxLjk5OSUyQzBsMC4wMDElMkMtMjY1LjM2Mzd6JTIyJTIwc3R5bGUlM0QlMjJ2aXNpYmlsaXR5JTNBaGlkZGVuJTIyJTIwJTJGJTNFJTBBJTA5JTNDJTJGZyUzRSUwQSUzQyUyRnN2ZyUzRQ==[\/vc_raw_html][vc_row_inner el_class=\u00bbalign-items-center\u00bb][vc_column_inner el_class=\u00bbpt-4 pt-lg-0 mt-5 mt-lg-0 mb-5 mb-lg-0&#8243; offset=\u00bbvc_col-md-6&#8243;][\/vc_column_inner][vc_column_inner animation_delay=\u00bb550&#8243; offset=\u00bbvc_col-md-6&#8243; animation_type=\u00bbfadeInLeft\u00bb][vc_images_carousel images=\u00bb8530,8528,8526,8527,8529&#8243; img_size=\u00bbfull\u00bb][\/vc_column_inner][\/vc_row_inner][\/vc_column][\/vc_row][vc_row][vc_column][vc_custom_heading text=\u00bbArte\u00bb font_container=\u00bbtag:h4|font_size:16.8px|text_align:left|line_height:1.5&#8243; use_theme_fonts=\u00bbyes\u00bb letter_spacing=\u00bb2.5px\u00bb animation_delay=\u00bb100&#8243; el_class=\u00bbcustom-highlight-1 custom-weight-1 text-primary mb-2&#8243; animation_type=\u00bbfadeInUp\u00bb el_id=\u00bbidarte\u00bb][vc_custom_heading text=\u00bbLa educaci\u00f3n por el Arte en el Colegio Isabel Flores de Oliva busca contribuir al desarrollo de la [&hellip;]<\/p>\n","protected":false},"author":1,"featured_media":0,"parent":5321,"menu_order":0,"comment_status":"closed","ping_status":"closed","template":"","meta":[],"_links":{"self":[{"href":"https:\/\/www.cifo.edu.pe\/index.php\/wp-json\/wp\/v2\/pages\/5347"}],"collection":[{"href":"https:\/\/www.cifo.edu.pe\/index.php\/wp-json\/wp\/v2\/pages"}],"about":[{"href":"https:\/\/www.cifo.edu.pe\/index.php\/wp-json\/wp\/v2\/types\/page"}],"author":[{"embeddable":true,"href":"https:\/\/www.cifo.edu.pe\/index.php\/wp-json\/wp\/v2\/users\/1"}],"replies":[{"embeddable":true,"href":"https:\/\/www.cifo.edu.pe\/index.php\/wp-json\/wp\/v2\/comments?post=5347"}],"version-history":[{"count":202,"href":"https:\/\/www.cifo.edu.pe\/index.php\/wp-json\/wp\/v2\/pages\/5347\/revisions"}],"predecessor-version":[{"id":8939,"href":"https:\/\/www.cifo.edu.pe\/index.php\/wp-json\/wp\/v2\/pages\/5347\/revisions\/8939"}],"up":[{"embeddable":true,"href":"https:\/\/www.cifo.edu.pe\/index.php\/wp-json\/wp\/v2\/pages\/5321"}],"wp:attachment":[{"href":"https:\/\/www.cifo.edu.pe\/index.php\/wp-json\/wp\/v2\/media?parent=5347"}],"curies":[{"name":"wp","href":"https:\/\/api.w.org\/{rel}","templated":true}]}}