{"id":5357,"date":"2023-04-29T15:40:51","date_gmt":"2023-04-29T15:40:51","guid":{"rendered":"http:\/\/localhost\/?page_id=5357"},"modified":"2026-03-24T17:06:10","modified_gmt":"2026-03-24T17:06:10","slug":"documentos-de-gestion","status":"publish","type":"page","link":"https:\/\/www.cifo.edu.pe\/index.php\/conocenos\/documentos-de-gestion\/","title":{"rendered":"Documentos de Gesti\u00f3n"},"content":{"rendered":"<section class=\"wpb-content-wrapper\"><p>[vc_row wrap_container=\u00bbyes\u00bb css=\u00bb.vc_custom_1630710851474{padding-top: 4.6rem !important;padding-bottom: 5.4rem !important;background-color: #f7f7f7 !important;}\u00bb][vc_column][vc_custom_heading text=\u00bbDOCUMENTOS\u00bb font_container=\u00bbtag:h3|font_size:13.3px|text_align:left|line_height:1em\u00bb use_theme_fonts=\u00bbyes\u00bb text_transform=\u00bbtext-uppercase\u00bb font_weight=\u00bb600&#8243; letter_spacing=\u00bb0px\u00bb css=\u00bb.vc_custom_1761599540130{margin-bottom: 1.6rem !important;padding-top: 0.75rem !important;padding-right: 2rem !important;padding-bottom: 0.75rem !important;padding-left: 2rem !important;border-radius: 35px !important;}\u00bb el_class=\u00bbbg-gradient-primary d-inline-block\u00bb css_params=\u00bb\u00bb animation_type=\u00bbfadeInLeft\u00bb]<div class=\"porto-u-heading  wpb_custom_3a389ccb51879219a38406e556fd4048 porto-u-2199\" data-appear-animation=\"fadeInUp\" data-appear-animation-delay=\"200\"><div class=\"porto-u-main-heading\"><h2  >Documentos de <b>Gesti\u00f3n<\/b><\/h2><\/div><style>.porto-u-2199.porto-u-heading{text-align:left}<\/style><\/div>[vc_custom_heading text=\u00bbLa Instituci\u00f3n Educativa Isabel Flores de Oliva, a lo largo de su historia viene realizando sus labores en el marco de normas y reglamentos que rigen su funcionamiento.<\/p>\n<p>A continuaci\u00f3n los reglamentos vigentes:\u00bb font_container=\u00bbtag:p|text_align:left|line_height:1.8em\u00bb use_theme_fonts=\u00bbyes\u00bb letter_spacing=\u00bb-0.015em\u00bb animation_delay=\u00bb400&#8243; css=\u00bb.vc_custom_1761599583162{margin-bottom: 1.7rem !important;}\u00bb css_params=\u00bb\u00bb animation_type=\u00bbfadeInUp\u00bb][vc_tabs][vc_tab show_icon=\u00bbyes\u00bb title=\u00bbREGRLAMENTO INTERNO\u00bb tab_id=\u00bb02ef2425-f2e6-6&#8243; icon=\u00bbfas fa-gavel\u00bb]<div class=\"porto-u-heading  wpb_custom_95aa9a11c17ad45cfabaf210d84ee7cc porto-u-9671\"><div class=\"porto-u-heading-spacer line_only\" style=\"height:1px;\"><span class=\"porto-u-headings-line\" style=\"border-style:solid;border-bottom-width:1px;border-color:#ccc;width:auto;\"><\/span><\/div><div class=\"porto-u-main-heading heading-highlight\" data-appear-animation=\"highlightProgress\"><h2 data-plugin-animated-letters data-plugin-options=\"{&quot;startDelay&quot;:0,&quot;minWindowWidth&quot;:0,&quot;animationName&quot;:&quot;fadeIn&quot;}\" ><b>Reglamento Interno<\/b><\/h2><\/div><div class=\"porto-u-sub-heading\" style=\"\">Promovemos una comunidad educativa basada en el respeto, la responsabilidad y el di\u00e1logo, donde se valoran las diferencias y se fomenta la convivencia pac\u00edfica. Este reglamento refleja el compromiso conjunto de estudiantes, familias y educadores en la construcci\u00f3n de una ciudadan\u00eda democr\u00e1tica. Cada miembro participa activamente en fortalecer una cultura de paz y cooperaci\u00f3n.<\/div><style>.porto-u-9671.porto-u-heading{text-align:left} .porto-u-9671 .porto-u-headings-line{float: left;}<\/style><\/div>[vc_cta h2=\u00bbPromovemos una <b>comunidad educativa<\/b> basada en el <b>respeto, responsabilidad y di\u00e1logo<\/b>\u00bb txt_align=\u00bbcenter\u00bb shape=\u00bbsquare\u00bb style=\u00bbflat\u00bb color=\u00bbwhite\u00bb add_button=\u00bbright\u00bb btn_title=\u00bbVer Reglamento\u00bb btn_style=\u00bbmodern\u00bb btn_color=\u00bbsky\u00bb btn_size=\u00bblg\u00bb btn_align=\u00bbcenter\u00bb btn_skin=\u00bbdark\u00bb btn_show_arrow=\u00bbyes\u00bb btn_el_class=\u00bbbtn-call-to-action\u00bb css=\u00bb.vc_custom_1770050731649{background-color: #f7f7f7 !important;}\u00bb el_class=\u00bbmb-0&#8243; btn_link=\u00bburl:https%3A%2F%2Fwww.cifo.edu.pe%2Fwp-content%2Fuploads%2F2026%2F02%2FREGLAMENTO-INTERNO-2026.pdf|target:_blank\u00bb]Este reglamento refleja el compromiso conjunto en la construcci\u00f3n de una ciudadan\u00eda democr\u00e1tica. Cada miembro participa activamente en fortalecer una cultura de paz y cooperaci\u00f3n.[\/vc_cta][vc_raw_html]JTNDaWZyYW1lJTIwc3JjJTNEJTIyaHR0cHMlM0ElMkYlMkZ3d3cuY2lmby5lZHUucGUlMkZ3cC1jb250ZW50JTJGdXBsb2FkcyUyRjIwMjYlMkYwMiUyRlJFR0xBTUVOVE8tSU5URVJOTy0yMDI2LnBkZiUyMiUyMCUwQSUyMCUyMCUyMCUyMCUyMCUyMCUyMCUyMHN0eWxlJTNEJTIyd2lkdGglM0ExMDAlMjUlM0IlMjBoZWlnaHQlM0E2MDBweCUzQiUyMiUyMCUwQSUyMCUyMCUyMCUyMCUyMCUyMCUyMCUyMGZyYW1lYm9yZGVyJTNEJTIyMCUyMiUzRSUwQSUzQyUyRmlmcmFtZSUzRSUwQQ==[\/vc_raw_html][\/vc_tab][vc_tab show_icon=\u00bbyes\u00bb title=\u00bbNORMAS DE CONVIVENCIA\u00bb tab_id=\u00bb97ad6d25-7263-7&#8243; icon=\u00bbfar fa-address-book\u00bb]<div class=\"porto-u-heading  wpb_custom_95aa9a11c17ad45cfabaf210d84ee7cc porto-u-8333\"><div class=\"porto-u-heading-spacer line_only\" style=\"height:1px;\"><span class=\"porto-u-headings-line\" style=\"border-style:solid;border-bottom-width:1px;border-color:#ccc;width:auto;\"><\/span><\/div><div class=\"porto-u-main-heading heading-highlight\" data-appear-animation=\"highlightProgress\"><h2 data-plugin-animated-letters data-plugin-options=\"{&quot;startDelay&quot;:0,&quot;minWindowWidth&quot;:0,&quot;animationName&quot;:&quot;fadeIn&quot;}\" ><b>NORMAS DE CONVIVENCIA<\/b><\/h2><\/div><div class=\"porto-u-sub-heading\" style=\"\">La Instituci\u00f3n Educativa promueve que las normas de convivencia sean el instrumento m\u00e1s importante para que el comportamiento y desempe\u00f1o de los estudiantes sea el adecuado y conveniente y preservar la salud f\u00edsica y mental.<\/div><style>.porto-u-8333.porto-u-heading{text-align:left} .porto-u-8333 .porto-u-headings-line{float: left;}<\/style><\/div>[vc_cta h2=\u00bbPromovemos <b>normas de convivencia<\/b> que orientan el buen <b>comportamiento y desempe\u00f1o<\/b> de los estudiantes\u00bb txt_align=\u00bbcenter\u00bb shape=\u00bbsquare\u00bb style=\u00bbflat\u00bb color=\u00bbwhite\u00bb add_button=\u00bbright\u00bb btn_title=\u00bbVer Norma\u00bb btn_style=\u00bbmodern\u00bb btn_color=\u00bbsky\u00bb btn_size=\u00bblg\u00bb btn_align=\u00bbcenter\u00bb btn_skin=\u00bbdark\u00bb btn_show_arrow=\u00bbyes\u00bb btn_el_class=\u00bbbtn-call-to-action\u00bb css=\u00bb.vc_custom_1774371940162{background-color: #f7f7f7 !important;}\u00bb el_class=\u00bbmb-0&#8243; btn_link=\u00bburl:https%3A%2F%2Fwww.cifo.edu.pe%2Fwp-content%2Fuploads%2F2026%2F03%2FNORMAS-DE-CONVIVENCIA-2026.pdf|target:_blank\u00bb]Estas normas reflejas el compromiso conjunto en la construcci\u00f3n de una ciudadan\u00eda democr\u00e1tica. Cada miembro participa activamente en fortalecer una cultura de paz y cooperaci\u00f3n.[\/vc_cta][vc_raw_html]JTNDaWZyYW1lJTIwc3JjJTNEJTIyaHR0cHMlM0ElMkYlMkZ3d3cuY2lmby5lZHUucGUlMkZ3cC1jb250ZW50JTJGdXBsb2FkcyUyRjIwMjYlMkYwMyUyRk5PUk1BUy1ERS1DT05WSVZFTkNJQS0yMDI2LnBkZiUyMiUyMCUwQSUyMCUyMCUyMCUyMCUyMCUyMCUyMCUyMHN0eWxlJTNEJTIyd2lkdGglM0ExMDAlMjUlM0IlMjBoZWlnaHQlM0E2MDBweCUzQiUyMiUyMCUwQSUyMCUyMCUyMCUyMCUyMCUyMCUyMCUyMGZyYW1lYm9yZGVyJTNEJTIyMCUyMiUzRSUwQSUzQyUyRmlmcmFtZSUzRSUwQQ==[\/vc_raw_html][\/vc_tab][vc_tab show_icon=\u00bbyes\u00bb title=\u00bbPROTOCOLO ACOSO ESCOLAR\u00bb tab_id=\u00bb1761588611763-2-2&#8243; icon=\u00bbfas fa-address-book\u00bb]<div class=\"porto-u-heading  wpb_custom_95aa9a11c17ad45cfabaf210d84ee7cc porto-u-5394\"><div class=\"porto-u-heading-spacer line_only\" style=\"height:1px;\"><span class=\"porto-u-headings-line\" style=\"border-style:solid;border-bottom-width:1px;border-color:#ccc;width:auto;\"><\/span><\/div><div class=\"porto-u-main-heading heading-highlight\" data-appear-animation=\"highlightProgress\"><h2 data-plugin-animated-letters data-plugin-options=\"{&quot;startDelay&quot;:0,&quot;minWindowWidth&quot;:0,&quot;animationName&quot;:&quot;fadeIn&quot;}\" ><b>PROTOCOLO DE INTERVENCI\u00d3N FRENTE AL ACOSO ESCOLAR<\/b><\/h2><\/div><div class=\"porto-u-sub-heading\" style=\"\">El plan de prevenci\u00f3n para una sana convivencia y el plan de intervenci\u00f3n frente a la violencia y al acoso escolar (bullying y ciberbullying) del colegio Isabel Flores de Oliva tienen como objetivo conseguir mejorar las relaciones entre compa\u00f1eros, y crear las condiciones que posibiliten una convivencia en paz.<\/p>\n<p>Este plan ha sido elaborado con un enfoque sist\u00e9mico en el que est\u00e1n involucrados todos los actores de la comunidad educativa. Por tanto, profesores y padres de familia participan desde donde les corresponde: los profesores desde el dise\u00f1o, desarrollo y evaluaci\u00f3n de las acciones a trav\u00e9s de un constante trabajo en equipo, y los padres de familia mediante su participaci\u00f3n en los talleres de formaci\u00f3n que el centro ofrece, en las jornadas y reuniones de grado.<\/div><style>.porto-u-5394.porto-u-heading{text-align:left} .porto-u-5394 .porto-u-headings-line{float: left;}<\/style><\/div>[vc_cta h2=\u00bbEl plan de prevenci\u00f3n y atenci\u00f3n frente a la violencia y el acoso escolar Busca <b>Fortalecer la convivencia pac\u00edfica<\/b> entre los estudiantes\u00bb txt_align=\u00bbcenter\u00bb shape=\u00bbsquare\u00bb style=\u00bbflat\u00bb color=\u00bbwhite\u00bb add_button=\u00bbright\u00bb btn_title=\u00bbVer Protocolo\u00bb btn_style=\u00bbmodern\u00bb btn_color=\u00bbsky\u00bb btn_size=\u00bblg\u00bb btn_align=\u00bbcenter\u00bb btn_skin=\u00bbdark\u00bb btn_show_arrow=\u00bbyes\u00bb btn_el_class=\u00bbbtn-call-to-action\u00bb css=\u00bb.vc_custom_1761589236374{background-color: #f7f7f7 !important;}\u00bb el_class=\u00bbmb-0&#8243; btn_link=\u00bburl:http%3A%2F%2Fnewsite.cifo.edu.pe%2Fwp-content%2Fuploads%2F2023%2F06%2FPROTOCOLO-DE-INTERVENCION-FRENTE-AL-ACOSO-ESCOLAR.pdf|target:_blank\u00bb]Se desarrolla con un enfoque sist\u00e9mico que involucra a toda la comunidad educativa. Docentes y padres participan activamente mediante el trabajo en equipo y espacios de formaci\u00f3n compartida.[\/vc_cta][vc_raw_html]JTNDaWZyYW1lJTIwc3JjJTNEJTIyaHR0cHMlM0ElMkYlMkZ3d3cuY2lmby5lZHUucGUlMkZ3cC1jb250ZW50JTJGdXBsb2FkcyUyRjIwMjYlMkYwMiUyRjIwMjYtUFBJRlYtYWNvc28tZXNjb2xhci5wZGYlMjIlMjAlMEElMjAlMjAlMjAlMjAlMjAlMjAlMjAlMjBzdHlsZSUzRCUyMndpZHRoJTNBMTAwJTI1JTNCJTIwaGVpZ2h0JTNBNjAwcHglM0IlMjIlMjAlMEElMjAlMjAlMjAlMjAlMjAlMjAlMjAlMjBmcmFtZWJvcmRlciUzRCUyMjAlMjIlM0UlMEElM0MlMkZpZnJhbWUlM0UlMEE=[\/vc_raw_html][\/vc_tab][vc_tab show_icon=\u00bbyes\u00bb title=\u00bbDATOS PERSONALES\u00bb tab_id=\u00bb1761588614403-3-2&#8243; icon=\u00bbfas fa-user-alt-slash\u00bb]<div class=\"porto-u-heading  wpb_custom_95aa9a11c17ad45cfabaf210d84ee7cc porto-u-2626\"><div class=\"porto-u-heading-spacer line_only\" style=\"height:1px;\"><span class=\"porto-u-headings-line\" style=\"border-style:solid;border-bottom-width:1px;border-color:#ccc;width:auto;\"><\/span><\/div><div class=\"porto-u-main-heading heading-highlight\" data-appear-animation=\"highlightProgress\"><h2 data-plugin-animated-letters data-plugin-options=\"{&quot;startDelay&quot;:0,&quot;minWindowWidth&quot;:0,&quot;animationName&quot;:&quot;fadeIn&quot;}\" ><b>TRATAMIENTO DE DATOS PERSONALES E IM\u00c1GENES <\/b><\/h2><\/div><div class=\"porto-u-sub-heading\" style=\"\">En cumplimiento con lo estipulado en el reglamento de la Ley n\u00ba 29733 Ley de Protecci\u00f3n de Datos Personales y su reglamento, el Colegio Isabel Flores de Oliva declara ser la responsable del tratamiento de datos personales, por lo que consigna su domicilio en Calle Juan Dellepiani N\u00b0 530 San Isidro, habiendo cumplido con declarar la formaci\u00f3n del Banco de Datos Personales conforme a ley ante el Ministerio de Justicia.<\/div><style>.porto-u-2626.porto-u-heading{text-align:left} .porto-u-2626 .porto-u-headings-line{float: left;}<\/style><\/div>[vc_cta h2=\u00bbTratamiento de <b>Datos personales e im\u00e1genes<\/b> de acuerdo a la ley de protecci\u00f3n de datos personales.\u00bb txt_align=\u00bbcenter\u00bb shape=\u00bbsquare\u00bb style=\u00bbflat\u00bb color=\u00bbwhite\u00bb add_button=\u00bbright\u00bb btn_title=\u00bbVer Autorizaci\u00f3n\u00bb btn_style=\u00bbmodern\u00bb btn_color=\u00bbsky\u00bb btn_size=\u00bblg\u00bb btn_align=\u00bbcenter\u00bb btn_skin=\u00bbdark\u00bb btn_show_arrow=\u00bbyes\u00bb btn_el_class=\u00bbbtn-call-to-action\u00bb css=\u00bb.vc_custom_1761593795571{background-color: #f7f7f7 !important;}\u00bb el_class=\u00bbmb-0&#8243; btn_link=\u00bburl:https%3A%2F%2Fwww.cifo.edu.pe%2Fwp-content%2Fuploads%2F2024%2F04%2FAutorizacion-datos-personales-2024-v3.pdf|target:_blank\u00bb]En cumplimiento con lo estipulado en el reglamento de la Ley n\u00ba 29733 Ley de Protecci\u00f3n de Datos Personales y su Reglamento, el Colegio Isabel Flores de Oliva declara ser la responsable del tratamiento de datos personales.[\/vc_cta][vc_raw_html]JTNDaWZyYW1lJTIwc3JjJTNEJTIyaHR0cHMlM0ElMkYlMkZ3d3cuY2lmby5lZHUucGUlMkZ3cC1jb250ZW50JTJGdXBsb2FkcyUyRjIwMjQlMkYwNCUyRkF1dG9yaXphY2lvbi1kYXRvcy1wZXJzb25hbGVzLTIwMjQtdjMucGRmJTIyJTIwJTBBJTIwJTIwJTIwJTIwJTIwJTIwJTIwJTIwc3R5bGUlM0QlMjJ3aWR0aCUzQTEwMCUyNSUzQiUyMGhlaWdodCUzQTQwMHB4JTNCJTIyJTIwJTBBJTIwJTIwJTIwJTIwJTIwJTIwJTIwJTIwZnJhbWVib3JkZXIlM0QlMjIwJTIyJTNFJTBBJTNDJTJGaWZyYW1lJTNFJTBB[\/vc_raw_html][vc_cta h2=\u00bbManual de <b>pol\u00edticas y procedimientos<\/b> en materia de protecci\u00f3n de datos personales.\u00bb txt_align=\u00bbcenter\u00bb shape=\u00bbsquare\u00bb style=\u00bbflat\u00bb color=\u00bbwhite\u00bb add_button=\u00bbright\u00bb btn_title=\u00bbVer Manual\u00bb btn_style=\u00bbmodern\u00bb btn_color=\u00bbsky\u00bb btn_size=\u00bblg\u00bb btn_align=\u00bbleft\u00bb btn_skin=\u00bbprimary\u00bb btn_show_arrow=\u00bbyes\u00bb btn_el_class=\u00bbbtn-call-to-action\u00bb css=\u00bb.vc_custom_1761594284092{background-color: #f7f7f7 !important;}\u00bb el_class=\u00bbmb-0&#8243; btn_link=\u00bburl:https%3A%2F%2Fwww.cifo.edu.pe%2Fwp-content%2Fuploads%2F2025%2F10%2FManual-de-politicas-y-procedimientos-datos-personales-2024-WEB.pdf|target:_blank\u00bb]Manual de pol\u00edticas y procedimientos en materia de protecci\u00f3n de datos personales.[\/vc_cta][\/vc_tab][\/vc_tabs][\/vc_column][\/vc_row]<\/p>\n<\/section>","protected":false},"excerpt":{"rendered":"<p>[vc_row wrap_container=\u00bbyes\u00bb css=\u00bb.vc_custom_1630710851474{padding-top: 4.6rem !important;padding-bottom: 5.4rem !important;background-color: #f7f7f7 !important;}\u00bb][vc_column][vc_custom_heading text=\u00bbDOCUMENTOS\u00bb font_container=\u00bbtag:h3|font_size:13.3px|text_align:left|line_height:1em\u00bb use_theme_fonts=\u00bbyes\u00bb text_transform=\u00bbtext-uppercase\u00bb font_weight=\u00bb600&#8243; letter_spacing=\u00bb0px\u00bb css=\u00bb.vc_custom_1761599540130{margin-bottom: 1.6rem !important;padding-top: 0.75rem !important;padding-right: 2rem !important;padding-bottom: 0.75rem !important;padding-left: 2rem !important;border-radius: 35px !important;}\u00bb el_class=\u00bbbg-gradient-primary d-inline-block\u00bb css_params=\u00bb\u00bb animation_type=\u00bbfadeInLeft\u00bb][vc_custom_heading text=\u00bbLa Instituci\u00f3n Educativa Isabel Flores de Oliva, a lo largo de su historia viene realizando sus labores en el marco de normas y [&hellip;]<\/p>\n","protected":false},"author":1,"featured_media":0,"parent":2217,"menu_order":0,"comment_status":"closed","ping_status":"closed","template":"","meta":[],"_links":{"self":[{"href":"https:\/\/www.cifo.edu.pe\/index.php\/wp-json\/wp\/v2\/pages\/5357"}],"collection":[{"href":"https:\/\/www.cifo.edu.pe\/index.php\/wp-json\/wp\/v2\/pages"}],"about":[{"href":"https:\/\/www.cifo.edu.pe\/index.php\/wp-json\/wp\/v2\/types\/page"}],"author":[{"embeddable":true,"href":"https:\/\/www.cifo.edu.pe\/index.php\/wp-json\/wp\/v2\/users\/1"}],"replies":[{"embeddable":true,"href":"https:\/\/www.cifo.edu.pe\/index.php\/wp-json\/wp\/v2\/comments?post=5357"}],"version-history":[{"count":118,"href":"https:\/\/www.cifo.edu.pe\/index.php\/wp-json\/wp\/v2\/pages\/5357\/revisions"}],"predecessor-version":[{"id":9239,"href":"https:\/\/www.cifo.edu.pe\/index.php\/wp-json\/wp\/v2\/pages\/5357\/revisions\/9239"}],"up":[{"embeddable":true,"href":"https:\/\/www.cifo.edu.pe\/index.php\/wp-json\/wp\/v2\/pages\/2217"}],"wp:attachment":[{"href":"https:\/\/www.cifo.edu.pe\/index.php\/wp-json\/wp\/v2\/media?parent=5357"}],"curies":[{"name":"wp","href":"https:\/\/api.w.org\/{rel}","templated":true}]}}