{"id":5388,"date":"2023-04-29T16:25:26","date_gmt":"2023-04-29T16:25:26","guid":{"rendered":"http:\/\/localhost\/?page_id=5388"},"modified":"2023-11-03T20:08:57","modified_gmt":"2023-11-03T20:08:57","slug":"confirmacion","status":"publish","type":"page","link":"https:\/\/www.cifo.edu.pe\/index.php\/pastoral\/liturgico-sacramental\/confirmacion\/","title":{"rendered":"Confirmaci\u00f3n"},"content":{"rendered":"<section class=\"wpb-content-wrapper\"><p>[vc_row full_width=\u00bbstretch_row_content_no_spaces\u00bb css=\u00bb.vc_custom_1545724186946{background-color: #ffffff !important;}\u00bb][vc_column]<div class=\"porto-animation custom-cloud left-pos\"  data-appear-animation=\"fadeInLeftBig\">[vc_single_image image=\u00bb5005&#8243; img_size=\u00bbfull\u00bb el_class=\u00bbcustom-cloud-img d-none d-md-block\u00bb]<\/div><div class=\"porto-animation custom-cloud left-pos\"  data-appear-animation=\"fadeInLeftBig\" data-appear-animation-delay=\"500\">[vc_single_image image=\u00bb6473&#8243; img_size=\u00bbfull\u00bb el_class=\u00bbcustom-big-square left-pos d-none d-md-block custom-box-shadow\u00bb label=\u00bb\u00bb]<\/div><div class=\"porto-animation custom-cloud left-pos\"  data-appear-animation=\"fadeInLeftBig\" data-appear-animation-delay=\"1000\">[vc_single_image image=\u00bb6474&#8243; img_size=\u00bbfull\u00bb el_class=\u00bbcustom-small-square left-pos custom-box-shadow d-none d-md-block\u00bb]<\/div>[vc_single_image image=\u00bb6477&#8243; img_size=\u00bbfull\u00bb el_class=\u00bbcustom-big-square right-pos custom-box-shadow d-none d-md-block\u00bb label=\u00bb\u00bb]<div class=\"porto-animation custom-cloud right-pos\"  data-appear-animation=\"fadeInRightBig\">[vc_single_image image=\u00bb5008&#8243; img_size=\u00bbfull\u00bb alignment=\u00bbright\u00bb el_class=\u00bbcustom-cloud-img d-none d-md-block\u00bb]<\/div><div class=\"porto-animation custom-cloud right-pos\"  data-appear-animation=\"fadeInRightBig\" data-appear-animation-delay=\"500\"><\/div><div class=\"porto-animation custom-cloud right-pos\"  data-appear-animation=\"fadeInRightBig\" data-appear-animation-delay=\"1000\">[vc_single_image image=\u00bb6182&#8243; img_size=\u00bbfull\u00bb el_class=\u00bbcustom-small-square right-pos custom-box-shadow d-none d-md-block\u00bb]<\/div><div class=\"porto-container container custom-porto-container\">[vc_row_inner][vc_column_inner width=\u00bb2\/3&#8243; offset=\u00bbvc_col-lg-offset-1 vc_col-lg-10 vc_col-md-offset-1 vc_col-md-10 vc_col-sm-offset-2&#8243;][vc_custom_heading text=\u00bbPROGRAMA DE CONFIRMACI\u00d3N\u00bb font_container=\u00bbtag:h2|text_align:center\u00bb use_theme_fonts=\u00bbyes\u00bb css=\u00bb.vc_custom_1682785506767{margin-bottom: 30px !important;}\u00bb el_class=\u00bbtext-center\u00bb][vc_column_text css=\u00bb.vc_custom_1682785517420{margin-bottom: 55px !important;}\u00bb]<\/p>\n<p style=\"text-align: center;\">El Colegio Isabel Flores de Oliva,\u00a0brinda la posibilidad de la preparaci\u00f3n al Sacramento de la Confirmaci\u00f3n a trav\u00e9s de un \u201cprograma\u201d que forma parte de los programas de los \u201cColegios Amigos\u201d (Sophianum, Inmaculada, Recoleta). Se busca hacer de nuestros estudiantes un cristiano comprometido con la realidad, a la que est\u00e1 llamado a transformar la sociedad en base a los valores y principios evang\u00e9licos, desde el carisma de la Instituci\u00f3n Teresiana.<\/p>\n<p>[\/vc_column_text][\/vc_column_inner][\/vc_row_inner]<\/div>[\/vc_column][\/vc_row]<\/p>\n<\/section>","protected":false},"excerpt":{"rendered":"<p>[vc_row full_width=\u00bbstretch_row_content_no_spaces\u00bb css=\u00bb.vc_custom_1545724186946{background-color: #ffffff !important;}\u00bb][vc_column][vc_single_image image=\u00bb6477&#8243; img_size=\u00bbfull\u00bb el_class=\u00bbcustom-big-square right-pos custom-box-shadow d-none d-md-block\u00bb label=\u00bb\u00bb][\/vc_column][\/vc_row]<\/p>\n","protected":false},"author":1,"featured_media":0,"parent":5384,"menu_order":0,"comment_status":"closed","ping_status":"closed","template":"","meta":[],"_links":{"self":[{"href":"https:\/\/www.cifo.edu.pe\/index.php\/wp-json\/wp\/v2\/pages\/5388"}],"collection":[{"href":"https:\/\/www.cifo.edu.pe\/index.php\/wp-json\/wp\/v2\/pages"}],"about":[{"href":"https:\/\/www.cifo.edu.pe\/index.php\/wp-json\/wp\/v2\/types\/page"}],"author":[{"embeddable":true,"href":"https:\/\/www.cifo.edu.pe\/index.php\/wp-json\/wp\/v2\/users\/1"}],"replies":[{"embeddable":true,"href":"https:\/\/www.cifo.edu.pe\/index.php\/wp-json\/wp\/v2\/comments?post=5388"}],"version-history":[{"count":6,"href":"https:\/\/www.cifo.edu.pe\/index.php\/wp-json\/wp\/v2\/pages\/5388\/revisions"}],"predecessor-version":[{"id":6478,"href":"https:\/\/www.cifo.edu.pe\/index.php\/wp-json\/wp\/v2\/pages\/5388\/revisions\/6478"}],"up":[{"embeddable":true,"href":"https:\/\/www.cifo.edu.pe\/index.php\/wp-json\/wp\/v2\/pages\/5384"}],"wp:attachment":[{"href":"https:\/\/www.cifo.edu.pe\/index.php\/wp-json\/wp\/v2\/media?parent=5388"}],"curies":[{"name":"wp","href":"https:\/\/api.w.org\/{rel}","templated":true}]}}