{"id":5390,"date":"2023-04-29T16:29:52","date_gmt":"2023-04-29T16:29:52","guid":{"rendered":"http:\/\/localhost\/?page_id=5390"},"modified":"2023-11-03T20:26:13","modified_gmt":"2023-11-03T20:26:13","slug":"eucaristias","status":"publish","type":"page","link":"https:\/\/www.cifo.edu.pe\/index.php\/pastoral\/liturgico-sacramental\/eucaristias\/","title":{"rendered":"Eucarist\u00edas"},"content":{"rendered":"<section class=\"wpb-content-wrapper\"><p>[vc_row full_width=\u00bbstretch_row_content_no_spaces\u00bb css=\u00bb.vc_custom_1545724186946{background-color: #ffffff !important;}\u00bb][vc_column]<div class=\"porto-animation custom-cloud left-pos\"  data-appear-animation=\"fadeInLeftBig\">[vc_single_image image=\u00bb5005&#8243; img_size=\u00bbfull\u00bb el_class=\u00bbcustom-cloud-img d-none d-md-block\u00bb]<\/div><div class=\"porto-animation custom-cloud left-pos\"  data-appear-animation=\"fadeInLeftBig\" data-appear-animation-delay=\"500\">[vc_single_image image=\u00bb5006&#8243; img_size=\u00bbfull\u00bb el_class=\u00bbcustom-big-square left-pos d-none d-md-block custom-box-shadow\u00bb]<\/div><div class=\"porto-animation custom-cloud left-pos\"  data-appear-animation=\"fadeInLeftBig\" data-appear-animation-delay=\"1000\">[vc_single_image image=\u00bb6482&#8243; img_size=\u00bbfull\u00bb el_class=\u00bbcustom-small-square left-pos custom-box-shadow d-none d-md-block\u00bb label=\u00bb\u00bb]<\/div><div class=\"porto-animation custom-cloud right-pos\"  data-appear-animation=\"fadeInRightBig\">[vc_single_image image=\u00bb5008&#8243; img_size=\u00bbfull\u00bb alignment=\u00bbright\u00bb el_class=\u00bbcustom-cloud-img d-none d-md-block\u00bb]<\/div><div class=\"porto-animation custom-cloud right-pos\"  data-appear-animation=\"fadeInRightBig\" data-appear-animation-delay=\"500\">[vc_single_image image=\u00bb6456&#8243; img_size=\u00bbfull\u00bb el_class=\u00bbcustom-big-square right-pos custom-box-shadow d-none d-md-block\u00bb label=\u00bb\u00bb]<\/div><div class=\"porto-animation custom-cloud right-pos\"  data-appear-animation=\"fadeInRightBig\" data-appear-animation-delay=\"1000\"><\/div>[vc_single_image image=\u00bb6479&#8243; img_size=\u00bbfull\u00bb el_class=\u00bbcustom-small-square right-pos custom-box-shadow d-none d-md-block\u00bb label=\u00bb\u00bb]<div class=\"porto-container container custom-porto-container\">[vc_row_inner][vc_column_inner width=\u00bb2\/3&#8243; offset=\u00bbvc_col-lg-offset-1 vc_col-lg-10 vc_col-md-offset-1 vc_col-md-10 vc_col-sm-offset-2&#8243;][vc_custom_heading text=\u00bbEucarist\u00edas\u00bb font_container=\u00bbtag:h2|text_align:center\u00bb use_theme_fonts=\u00bbyes\u00bb css=\u00bb.vc_custom_1682785773663{margin-bottom: 30px !important;}\u00bb el_class=\u00bbtext-center\u00bb][vc_column_text css=\u00bb.vc_custom_1682785783033{margin-bottom: 55px !important;}\u00bb]<\/p>\n<p style=\"text-align: center;\">La Eucarist\u00eda es el centro de toda vida cristiana. Desde el proyecto de pastoral, se ofrece a cada aula una celebraci\u00f3n eucar\u00edstica en cada bimestre. Adem\u00e1s, un domingo, de cada mes, tenemos Eucarist\u00edas comunitarias con las familias.<\/p>\n<p>[\/vc_column_text][\/vc_column_inner][\/vc_row_inner]<\/div>[\/vc_column][\/vc_row]<\/p>\n<\/section>","protected":false},"excerpt":{"rendered":"<p>[vc_row full_width=\u00bbstretch_row_content_no_spaces\u00bb css=\u00bb.vc_custom_1545724186946{background-color: #ffffff !important;}\u00bb][vc_column][vc_single_image image=\u00bb6479&#8243; img_size=\u00bbfull\u00bb el_class=\u00bbcustom-small-square right-pos custom-box-shadow d-none d-md-block\u00bb label=\u00bb\u00bb][\/vc_column][\/vc_row]<\/p>\n","protected":false},"author":1,"featured_media":0,"parent":5384,"menu_order":0,"comment_status":"closed","ping_status":"closed","template":"","meta":[],"_links":{"self":[{"href":"https:\/\/www.cifo.edu.pe\/index.php\/wp-json\/wp\/v2\/pages\/5390"}],"collection":[{"href":"https:\/\/www.cifo.edu.pe\/index.php\/wp-json\/wp\/v2\/pages"}],"about":[{"href":"https:\/\/www.cifo.edu.pe\/index.php\/wp-json\/wp\/v2\/types\/page"}],"author":[{"embeddable":true,"href":"https:\/\/www.cifo.edu.pe\/index.php\/wp-json\/wp\/v2\/users\/1"}],"replies":[{"embeddable":true,"href":"https:\/\/www.cifo.edu.pe\/index.php\/wp-json\/wp\/v2\/comments?post=5390"}],"version-history":[{"count":8,"href":"https:\/\/www.cifo.edu.pe\/index.php\/wp-json\/wp\/v2\/pages\/5390\/revisions"}],"predecessor-version":[{"id":6485,"href":"https:\/\/www.cifo.edu.pe\/index.php\/wp-json\/wp\/v2\/pages\/5390\/revisions\/6485"}],"up":[{"embeddable":true,"href":"https:\/\/www.cifo.edu.pe\/index.php\/wp-json\/wp\/v2\/pages\/5384"}],"wp:attachment":[{"href":"https:\/\/www.cifo.edu.pe\/index.php\/wp-json\/wp\/v2\/media?parent=5390"}],"curies":[{"name":"wp","href":"https:\/\/api.w.org\/{rel}","templated":true}]}}