{"id":5399,"date":"2023-04-29T17:42:47","date_gmt":"2023-04-29T17:42:47","guid":{"rendered":"http:\/\/localhost\/?page_id=5399"},"modified":"2025-10-30T07:23:11","modified_gmt":"2025-10-30T07:23:11","slug":"proyeccion-social","status":"publish","type":"page","link":"https:\/\/www.cifo.edu.pe\/index.php\/pastoral\/proyeccion-social\/","title":{"rendered":"Proyecci\u00f3n Social"},"content":{"rendered":"<section class=\"wpb-content-wrapper\"><p>[vc_row wrap_container=\u00bbyes\u00bb content_placement=\u00bbmiddle\u00bb conditional_render=\u00bb%5B%7B%22value_role%22%3A%22administrator%22%7D%5D\u00bb css_params=\u00bb\u00bb css=\u00bb.vc_custom_1736558716497{border-top-width: 1px !important;padding-top: 3rem !important;padding-bottom: 6.2rem !important;border-top-style: solid !important;border-color: #eaeaea !important;}\u00bb][vc_column width=\u00bb5\/6&#8243; css=\u00bb.vc_custom_1736900875019{padding-top: 3.4rem !important;padding-right: 5% !important;padding-bottom: 2.2rem !important;}\u00bb conditional_render=\u00bb%5B%7B%22value_role%22%3A%22administrator%22%7D%5D\u00bb css_params=\u00bb{\u00abcss_padding_right_lg\u00ab:\u00ab12px\u00ab}\u00bb offset=\u00bbvc_col-md-offset-0 vc_col-md-6 vc_col-sm-offset-1&#8243; custom_css_response=\u00bb@media(max-width:991px){.vc_custom_1736900875019{padding-right:12px!important;}}\u00bb][vc_custom_heading text=\u00bbPASTORAL\u00bb font_container=\u00bbtag:h3|font_size:13.3px|text_align:left|line_height:1em\u00bb use_theme_fonts=\u00bbyes\u00bb text_transform=\u00bbtext-uppercase\u00bb font_weight=\u00bb600&#8243; letter_spacing=\u00bb0px\u00bb css=\u00bb.vc_custom_1761718463056{margin-bottom: 1.6rem !important;padding-top: 0.75rem !important;padding-right: 2rem !important;padding-bottom: 0.75rem !important;padding-left: 2rem !important;border-radius: 35px !important;}\u00bb el_class=\u00bbbg-gradient-primary d-inline-block\u00bb css_params=\u00bb\u00bb animation_type=\u00bbfadeInLeft\u00bb]<div class=\"porto-u-heading  wpb_custom_3a389ccb51879219a38406e556fd4048 porto-u-4183\" data-appear-animation=\"fadeInUp\" data-appear-animation-delay=\"200\"><div class=\"porto-u-main-heading\"><h2  >\ud83d\ude4fProyecci\u00f3n Social<\/h2><\/div><style>.porto-u-4183.porto-u-heading{text-align:left}<\/style><\/div>[vc_custom_heading text=\u00bbDesde el proyecto de pastoral buscamos que nuestros estudiantes se atrevan a mirar, observar, escuchar, preguntar, aprender, contrastar sus estilos de vida, sentir como dolor personal la situaci\u00f3n \u201cdel otro\u201d, \u201cdel invisible\u201d de nuestra ciudad y de nuestro mundo.\u00bb font_container=\u00bbtag:p|text_align:left|line_height:1.8em\u00bb use_theme_fonts=\u00bbyes\u00bb letter_spacing=\u00bb-0.015em\u00bb animation_delay=\u00bb400&#8243; css=\u00bb.vc_custom_1761808895872{margin-bottom: 1.7rem !important;}\u00bb css_params=\u00bb\u00bb animation_type=\u00bbfadeInUp\u00bb][vc_custom_heading text=\u00bbSe trata de lograr que los problemas de la injusticia, la explotaci\u00f3n, la exclusi\u00f3n social, la violaci\u00f3n de los derechos humanos, entre otros\u2026 calen profundamente en el coraz\u00f3n y en la mente de los alumnos\/as, que vayan formando su proyecto y compromiso de vida\u00bb font_container=\u00bbtag:p|text_align:left|line_height:1.8em\u00bb use_theme_fonts=\u00bbyes\u00bb letter_spacing=\u00bb-0.015em\u00bb animation_delay=\u00bb400&#8243; css=\u00bb.vc_custom_1761808904728{margin-bottom: 1.7rem !important;}\u00bb css_params=\u00bb\u00bb animation_type=\u00bbfadeInUp\u00bb]<div class=\"porto-container container appear-animation d-flex align-items-center\" data-appear-animation=\"fadeInUp\" data-appear-animation-delay=\"600\"><\/div><div class=\"porto-container container appear-animation d-flex align-items-center flex-wrap\" data-appear-animation=\"fadeInUp\" data-appear-animation-delay=\"800\">[vc_btn title=\u00bbObjetivo\u00bb shape=\u00bbround\u00bb i_align=\u00bbright\u00bb i_icon_fontawesome=\u00bbfas fa-arrow-down\u00bb skin=\u00bbdark\u00bb btn_fs=\u00bb0.9rem\u00bb btn_fw=\u00bb500&#8243; el_cls=\u00bbfont-primary\u00bb hover_text_effect=\u00bbhover-text-switch-up\u00bb add_icon=\u00bbtrue\u00bb custom_onclick=\u00bbtrue\u00bb css=\u00bb.vc_custom_1761808922743{margin-right: 1.55rem !important;}\u00bb btn_px=\u00bb2.2rem\u00bb btn_py=\u00bb1.05rem\u00bb btn_icon_spacing=\u00bb{\u00abxl\u00ab:\u00ab1.125\u00ab,\u00abunit\u00ab:\u00abrem\u00ab,\u00abxs\u00ab:\u00ab\u00ab,\u00absm\u00ab:\u00ab\u00ab,\u00abmd\u00ab:\u00ab\u00ab,\u00ablg\u00ab:\u00ab\u00ab}\u00bb css_params=\u00bb\u00bb custom_onclick_code=\u00bbwindow.theme.scrolltoContainer(jQuery(\u00ab#elementos\u00ab));return false;\u00bb]<\/div>[\/vc_column][vc_column width=\u00bb5\/6&#8243; css=\u00bb.vc_custom_1736554608152{padding-top: 3.85rem !important;padding-bottom: 6.6rem !important;}\u00bb conditional_render=\u00bb%5B%7B%22value_role%22%3A%22administrator%22%7D%5D\u00bb css_params=\u00bb\u00bb offset=\u00bbvc_col-md-offset-0 vc_col-md-6 vc_col-sm-offset-1&#8243;][vc_raw_html css=\u00bb.vc_custom_1761807024245{margin-bottom: 0px !important;}\u00bb css_params=\u00bb\u00bb el_class=\u00bbbg-svg-1 w-100&#8243;]JTNDc3ZnJTIweG1sbnMlM0QlMjJodHRwJTNBJTJGJTJGd3d3LnczLm9yZyUyRjIwMDAlMkZzdmclMjIlMjB2aWV3Qm94JTNEJTIyMTMuNDElMjAxMC45OSUyMDM2LjgzJTIwNDEuOTIlMjIlMjBzdHlsZSUzRCUyMm9wYWNpdHklM0EwLjMlM0IlMjIlM0UlMEElMjAlMjAlM0NkZWZzJTNFJTBBJTIwJTIwJTIwJTIwJTNDbGluZWFyR3JhZGllbnQlMjBpZCUzRCUyMnNoaW5lJTIyJTIweDElM0QlMjIwJTI1JTIyJTIweTElM0QlMjIwJTI1JTIyJTIweDIlM0QlMjIxMDAlMjUlMjIlMjB5MiUzRCUyMjAlMjUlMjIlM0UlMEElMjAlMjAlMjAlMjAlMjAlMjAlM0NzdG9wJTIwb2Zmc2V0JTNEJTIyMCUyNSUyMiUyMHN0b3AtY29sb3IlM0QlMjIlMjNGRkQ3MDAlMjIlMjAlMkYlM0UlMEElMjAlMjAlMjAlMjAlMjAlMjAlM0NzdG9wJTIwb2Zmc2V0JTNEJTIyNTAlMjUlMjIlMjBzdG9wLWNvbG9yJTNEJTIyJTIzRkZGOERDJTIyJTNFJTBBJTIwJTIwJTIwJTIwJTIwJTIwJTIwJTIwJTNDYW5pbWF0ZSUyMGF0dHJpYnV0ZU5hbWUlM0QlMjJvZmZzZXQlMjIlMjB2YWx1ZXMlM0QlMjItMSUzQjIlMjIlMjBkdXIlM0QlMjI1cyUyMiUyMHJlcGVhdENvdW50JTNEJTIyaW5kZWZpbml0ZSUyMiUyMCUyRiUzRSUwQSUyMCUyMCUyMCUyMCUyMCUyMCUzQyUyRnN0b3AlM0UlMEElMjAlMjAlMjAlMjAlMjAlMjAlM0NzdG9wJTIwb2Zmc2V0JTNEJTIyMTAwJTI1JTIyJTIwc3RvcC1jb2xvciUzRCUyMiUyM0ZGRDcwMCUyMiUyMCUyRiUzRSUwQSUyMCUyMCUyMCUyMCUzQyUyRmxpbmVhckdyYWRpZW50JTNFJTBBJTIwJTIwJTNDJTJGZGVmcyUzRSUwQSUwQSUyMCUyMCUzQ3BhdGglMjBmaWxsJTNEJTIydXJsJTI4JTIzc2hpbmUlMjklMjIlMEElMjAlMjAlMjAlMjAlMjAlMjAlMjAlMjBkJTNEJTIybTQ4LjkwMDAwMTUlMjAzNi41Yy0xLjU5OTk5ODUtMi43OTk5OTkyLTEuNzk5OTk5Mi02LjIwMDAwMDglMjAwLTguODk5OTk5Ni45MDAwMDE1LTEuMjk5OTk5MiUyMDEuMjk5OTk5Mi0yLjc5OTk5OTIlMjAxLjI5OTk5OTItNC4zOTk5OTk2JTIwMC00LjYwMDAwMDQtMy45MDAwMDE1LTguMzAwMDAwMi04Ljc5OTk5OTItOC4zMDAwMDAyLS43MDAwMDA4JTIwMC0xLjQwMDAwMTUuMTAwMDAwNC0yLjA5OTk5ODUuMTk5OTk5OC0zLjI5OTk5OTIuNjk5OTk5OC02LjcwMDAwMDgtLjMwMDAwMDItOS4zOTk5OTk2LTIuMzAwMDAwMi0xLjcwMDAwMDctMS4xOTk5OTk4LTMuNzk5OTk5Mi0xLjg5OTk5OTYtNi4xMDAwMDAzLTEuODAwMDAwMi00LjUuMTk5OTk5OC04LjE5OTk5OTglMjAzLjgwMDAwMDItOC42OTk5OTk4JTIwOC4yMDAwMDA4LS4xOTk5OTk5JTIwMi4xMDAwMDAzLjMwMDAwMDElMjA0LjIwMDAwMDclMjAxLjMwMDAwMDElMjA1Ljc5OTk5OTIlMjAxLjM5OTk5OTYlMjAyLjI5OTk5OTIlMjAxJTIwNS4yOTk5OTkyLS44MDAwMDAyJTIwNy4yOTk5OTkyLTEuNjAwMDAwNCUyMDItMi41JTIwNC41OTk5OTg1LTIuMDk5OTk5NCUyMDcuNS42MDAwMDA0JTIwNCUyMDMuNzk5OTk5MiUyMDcuMjk5OTk5MiUyMDcuODk5OTk5NiUyMDglMjAxLjc5OTk5OTIuMjk5OTk5MiUyMDMuNjAwMDAwNCUyMDAlMjA1LjEwMDAwMDQtLjU5OTk5ODUlMjAxLjIwMDAwMDgtLjUlMjAyLjcwMDAwMDgtLjIwMDAwMDglMjAzLjUuOTAwMDAxNSUyMDIuMjAwMDAwOCUyMDMuMjk5OTk5MiUyMDYuMjAwMDAwOCUyMDUuMjk5OTk5MiUyMDEwLjYwMDAwMjMlMjA0LjcwMDAwMDglMjA0LjkwMDAwMTUtLjcwMDAwMDglMjA4LjkwMDAwMTUtNC43MDAwMDA4JTIwOS40MDAwMDE1LTkuNTk5OTk4NS41OTk5OTA5LTIuNDAwMDA1My0uMDAwMDA3Ni00LjgwMDAwMy0xLjEwMDAwNjEtNi43MDAwMDQ1eiUyMiUyRiUzRSUwQSUzQyUyRnN2ZyUzRSUwQQ==[\/vc_raw_html][vc_images_carousel images=\u00bb9031,9030,9029,9028,9027,9026,9025&#8243; img_size=\u00bbfull\u00bb autoplay=\u00bbyes\u00bb wrap=\u00bbyes\u00bb][\/vc_column][\/vc_row][vc_row][vc_column][vc_text_separator title=\u00bbCIFO\u00bb color=\u00bborange\u00bb border_width=\u00bb2&#8243;][vc_custom_heading text=\u00bb\u00bb font_container=\u00bbtag:h5|font_size:1.575rem|text_align:center\u00bb use_theme_fonts=\u00bbyes\u00bb font_weight=\u00bb400&#8243; letter_spacing=\u00bb-0.04em\u00bb css=\u00bb.vc_custom_1761807432229{margin-bottom: 1.1rem !important;}\u00bb font_family=\u00bbPlayfair Display\u00bb el_class=\u00bbfst-italic\u00bb css_params=\u00bb\u00bb el_id=\u00bbelementos\u00bb][\/vc_column][\/vc_row][vc_row][vc_column]<div class=\"porto-u-heading  wpb_custom_95aa9a11c17ad45cfabaf210d84ee7cc porto-u-3685\"><div class=\"porto-u-main-heading\"><h2  ><b>Objetivos<\/b><\/h2><\/div><style>.porto-u-3685.porto-u-heading{text-align:center}<\/style><\/div>[vc_custom_heading text=\u00bbEl objetivo de nuestra proyecci\u00f3n social es: Potenciar la formaci\u00f3n de agentes de cambio para formar una sociedad m\u00e1s justa y solidaria desde la persona de Jes\u00fas.\u00bb font_container=\u00bbtag:h5|font_size:1.575rem|text_align:center\u00bb use_theme_fonts=\u00bbyes\u00bb font_weight=\u00bb400&#8243; letter_spacing=\u00bb-0.04em\u00bb css=\u00bb.vc_custom_1761808941409{margin-bottom: 1.1rem !important;}\u00bb font_family=\u00bbPlayfair Display\u00bb el_class=\u00bbfst-italic\u00bb css_params=\u00bb\u00bb][\/vc_column][\/vc_row][vc_row][vc_column width=\u00bb1\/3&#8243;]<div class=\"porto-container container custom-testimonial\"><div class=\"porto-sicon-box  wpb_custom_2cde236bb375eccbb07f93e565680331 style_1 default-icon flex-wrap\"><div class=\"porto-sicon-default\"><div id=\"porto-icon-113292403769fb3471ec975\" class=\"porto-just-icon-wrapper porto-sicon-img  porto-u-circle-img\" style=\"border-radius:60px;font-size: 55px;\"><img class=\"img-icon\" alt=\"\" src=\"https:\/\/www.cifo.edu.pe\/wp-content\/uploads\/2025\/10\/15-2.png\" width=\"1024\" height=\"1024\" \/><\/div><\/div><div class=\"porto-sicon-header\"><p style=\"color:#666666;\">NIVEL INICIAL a 4\u00b0 DE PRIMARIA.<\/p><\/div> <!-- header --><div class=\"porto-sicon-description\" style=\"\"><strong>\u00a0<\/strong>los ni\u00f1os\/as se acercan a una realidad diferente a la suya, a trav\u00e9s del encuentro con otros ni\u00f1os, de su edad, de realidades de pobreza, teniendo las actitudes de respeto, acogida y amor a ejemplo de nuestro Amigo Jes\u00fas.<\/div> <!-- description --><\/div><!-- porto-sicon-box --><\/div><div class=\"porto-container container custom-testimonial\"><div class=\"porto-sicon-box  wpb_custom_99fab2c2759c58d3ce0c9335cda1d94f style_1 default-icon flex-wrap\"><div class=\"porto-sicon-default\"><div id=\"porto-icon-135513216669fb3471ed37f\" class=\"porto-just-icon-wrapper porto-sicon-img  porto-u-circle-img\" style=\"border-radius:60px;font-size: 55px;\"><img class=\"img-icon\" alt=\"\" src=\"https:\/\/www.cifo.edu.pe\/wp-content\/uploads\/2025\/10\/14-4.png\" width=\"1024\" height=\"1024\" \/><\/div><\/div><div class=\"porto-sicon-header\"><p style=\"color:#666666;\">5\u00b0 DE PRIMARIA A 2\u00b0 DE SECUNDARIA.<\/p><\/div> <!-- header --><div class=\"porto-sicon-description\" style=\"\"><em>\u00a0L<\/em>os estudiantes desarrollan actitudes de servicio y solidaridad cristiana con los m\u00e1s pobres y necesitados tomando mayor consciencia de la realidad e inici\u00e1ndose en el an\u00e1lisis de la misma, con una presencia en Albergues, Asilos, Hospitales, Asentamientos Humanos, entre otros.<\/div> <!-- description --><\/div><!-- porto-sicon-box --><\/div>[\/vc_column][vc_column width=\u00bb1\/3&#8243; text_align=\u00bbcenter\u00bb conditional_render=\u00bb%5B%7B%22value_role%22%3A%22administrator%22%7D%5D\u00bb]<div class=\"porto-container container\">[vc_images_carousel images=\u00bb9024,9023,9022,9021&#8243; img_size=\u00bbmedium\u00bb onclick=\u00bblink_no\u00bb autoplay=\u00bbyes\u00bb hide_pagination_control=\u00bbyes\u00bb hide_prev_next_buttons=\u00bbyes\u00bb wrap=\u00bbyes\u00bb css_animation=\u00bbfadeIn\u00bb]<\/div>[\/vc_column][vc_column width=\u00bb1\/3&#8243;]<div class=\"porto-container container custom-testimonial\"><div class=\"porto-sicon-box  wpb_custom_99fab2c2759c58d3ce0c9335cda1d94f style_1 default-icon flex-wrap\"><div class=\"porto-sicon-default\"><div id=\"porto-icon-125250815369fb3471ee032\" class=\"porto-just-icon-wrapper porto-sicon-img  porto-u-circle-img\" style=\"border-radius:60px;font-size: 55px;\"><img class=\"img-icon\" alt=\"\" src=\"https:\/\/www.cifo.edu.pe\/wp-content\/uploads\/2025\/10\/8-7.png\" width=\"1024\" height=\"1024\" \/><\/div><\/div><div class=\"porto-sicon-header\"><p style=\"color:#666666;\">EXPERIENCIA DE PROYECCI\u00d3N SOCIAL RURAL.<\/p><\/div> <!-- header --><div class=\"porto-sicon-description\" style=\"\">Se ofrece un encuentro, de dos semanas, con la realidad campesina del Per\u00fa a los estudiantes de 5\u00b0 de Secundaria, que desean vivir voluntariamente, una experiencia profunda de encuentro con Dios y con los hermanos. Esta es una oportunidad para, el crecimiento personal, enriquecimiento de la fe, aprender a convivir con el diferente, ampliar horizontes de proyecci\u00f3n para el futuro y conocer a fondo una realidad rural del Per\u00fa.<\/div> <!-- description --><\/div><!-- porto-sicon-box --><\/div><div class=\"porto-container container custom-testimonial\"><div class=\"porto-sicon-box  wpb_custom_99fab2c2759c58d3ce0c9335cda1d94f style_1 default-icon flex-wrap\"><div class=\"porto-sicon-default\"><div id=\"porto-icon-172280236569fb3471eeb8a\" class=\"porto-just-icon-wrapper porto-sicon-img  porto-u-circle-img\" style=\"border-radius:60px;font-size: 55px;\"><img class=\"img-icon\" alt=\"\" src=\"https:\/\/www.cifo.edu.pe\/wp-content\/uploads\/2025\/10\/6-7.png\" width=\"1024\" height=\"1024\" \/><\/div><\/div><div class=\"porto-sicon-header\"><p style=\"color:#666666;\">Propuesta de reflexi\u00f3n.<\/p><\/div> <!-- header --><div class=\"porto-sicon-description\" style=\"\"><em>Propuesta de reflexi\u00f3n sobre fechas importantes y testigos de fe para la iglesia, la instituci\u00f3n teresiana y\/o coyuntura del pa\u00eds<\/em>. Se les propone, la identificaci\u00f3n moral con cristianos y cristianas de las primeras\u00a0comunidades que dieron su vida por la fe; la trayectoria vital de personas, que han provocado cambios importantes en nuestro mundo.<\/div> <!-- description --><\/div><!-- porto-sicon-box --><\/div>[\/vc_column][\/vc_row][vc_row][vc_column][vc_text_separator title=\u00bbCIFO\u00bb color=\u00bborange\u00bb border_width=\u00bb2&#8243; el_id=\u00bbelementos\u00bb][\/vc_column][\/vc_row][vc_row][vc_column]<div class=\"porto-u-heading  wpb_custom_95aa9a11c17ad45cfabaf210d84ee7cc porto-u-2977\"><div class=\"porto-u-main-heading\"><h2  ><b>Actividades de Pastoral<\/b><\/h2><\/div><style>.porto-u-2977.porto-u-heading{text-align:center}<\/style><\/div>[porto_tb_posts post_type=\u00bbpost\u00bb post_terms=\u00bb129&#8243; count=\u00bb4&#8243;][\/vc_column][\/vc_row]<\/p>\n<\/section>","protected":false},"excerpt":{"rendered":"<p>[vc_row wrap_container=\u00bbyes\u00bb content_placement=\u00bbmiddle\u00bb conditional_render=\u00bb%5B%7B%22value_role%22%3A%22administrator%22%7D%5D\u00bb css_params=\u00bb\u00bb css=\u00bb.vc_custom_1736558716497{border-top-width: 1px !important;padding-top: 3rem !important;padding-bottom: 6.2rem !important;border-top-style: solid !important;border-color: #eaeaea !important;}\u00bb][vc_column width=\u00bb5\/6&#8243; css=\u00bb.vc_custom_1736900875019{padding-top: 3.4rem !important;padding-right: 5% !important;padding-bottom: 2.2rem !important;}\u00bb conditional_render=\u00bb%5B%7B%22value_role%22%3A%22administrator%22%7D%5D\u00bb css_params=\u00bb{\u00abcss_padding_right_lg\u00ab:\u00ab12px\u00ab}\u00bb offset=\u00bbvc_col-md-offset-0 vc_col-md-6 vc_col-sm-offset-1&#8243; custom_css_response=\u00bb@media(max-width:991px){.vc_custom_1736900875019{padding-right:12px!important;}}\u00bb][vc_custom_heading text=\u00bbPASTORAL\u00bb font_container=\u00bbtag:h3|font_size:13.3px|text_align:left|line_height:1em\u00bb use_theme_fonts=\u00bbyes\u00bb text_transform=\u00bbtext-uppercase\u00bb font_weight=\u00bb600&#8243; letter_spacing=\u00bb0px\u00bb css=\u00bb.vc_custom_1761718463056{margin-bottom: 1.6rem !important;padding-top: 0.75rem !important;padding-right: 2rem !important;padding-bottom: 0.75rem !important;padding-left: 2rem !important;border-radius: 35px !important;}\u00bb el_class=\u00bbbg-gradient-primary d-inline-block\u00bb css_params=\u00bb\u00bb animation_type=\u00bbfadeInLeft\u00bb][vc_custom_heading text=\u00bbDesde el [&hellip;]<\/p>\n","protected":false},"author":1,"featured_media":0,"parent":5369,"menu_order":0,"comment_status":"closed","ping_status":"closed","template":"","meta":[],"_links":{"self":[{"href":"https:\/\/www.cifo.edu.pe\/index.php\/wp-json\/wp\/v2\/pages\/5399"}],"collection":[{"href":"https:\/\/www.cifo.edu.pe\/index.php\/wp-json\/wp\/v2\/pages"}],"about":[{"href":"https:\/\/www.cifo.edu.pe\/index.php\/wp-json\/wp\/v2\/types\/page"}],"author":[{"embeddable":true,"href":"https:\/\/www.cifo.edu.pe\/index.php\/wp-json\/wp\/v2\/users\/1"}],"replies":[{"embeddable":true,"href":"https:\/\/www.cifo.edu.pe\/index.php\/wp-json\/wp\/v2\/comments?post=5399"}],"version-history":[{"count":14,"href":"https:\/\/www.cifo.edu.pe\/index.php\/wp-json\/wp\/v2\/pages\/5399\/revisions"}],"predecessor-version":[{"id":9033,"href":"https:\/\/www.cifo.edu.pe\/index.php\/wp-json\/wp\/v2\/pages\/5399\/revisions\/9033"}],"up":[{"embeddable":true,"href":"https:\/\/www.cifo.edu.pe\/index.php\/wp-json\/wp\/v2\/pages\/5369"}],"wp:attachment":[{"href":"https:\/\/www.cifo.edu.pe\/index.php\/wp-json\/wp\/v2\/media?parent=5399"}],"curies":[{"name":"wp","href":"https:\/\/api.w.org\/{rel}","templated":true}]}}