{"id":5410,"date":"2023-05-01T15:24:26","date_gmt":"2023-05-01T15:24:26","guid":{"rendered":"http:\/\/localhost\/?page_id=5410"},"modified":"2026-03-20T14:54:53","modified_gmt":"2026-03-20T14:54:53","slug":"proceso-de-admision","status":"publish","type":"page","link":"https:\/\/www.cifo.edu.pe\/index.php\/admision\/proceso-de-admision\/","title":{"rendered":"Proceso de admisi\u00f3n"},"content":{"rendered":"<section class=\"wpb-content-wrapper\"><p>[vc_section bottom_divider_type=\u00bbcustom\u00bb bottom_divider_custom=\u00bbJTNDc3ZnJTIweG1sbnMlM0QlMjJodHRwJTNBJTJGJTJGd3d3LnczLm9yZyUyRjIwMDAlMkZzdmclMjIlMjB4bWxucyUzQXhsaW5rJTNEJTIyaHR0cCUzQSUyRiUyRnd3dy53My5vcmclMkYxOTk5JTJGeGxpbmslMjIlMjBoZWlnaHQlM0QlMjIxNTBweCUyMiUyMHdpZHRoJTNEJTIyNzY4MHB4JTIyJTIweCUzRCUyMjBweCUyMiUyMHhtbCUzQXNwYWNlJTNEJTIycHJlc2VydmUlMjIlMjB5JTNEJTIyMHB4JTIyJTNFJTIwJTIwJTIwJTIwJTNDcG9seWdvbiUyMGZpbGwlM0QlMjIlMjNGM0YzRjMlMjIlMjBwb2ludHMlM0QlMjIzJTJDNTAuNCUyMDQ4MiUyQzEzOSUyMDEzNjAlMkMyLjElMjAxNzA0JTJDMzAuOSUyMDE5MjMlMkMwJTIwMTkyMyUyQzE5Mi41JTIwMyUyQzE5MS41JTIwJTIyJTNFJTIwJTIwJTIwJTIwJTNDJTJGcG9seWdvbiUzRSUyMCUyMCUyMCUyMCUzQ3BvbHlnb24lMjBmaWxsJTNEJTIyJTIzRkZGRkZGJTIyJTIwcG9pbnRzJTNEJTIyMyUyQzY2LjglMjA0ODQlMkMxNTYuMiUyMDEzNjElMkMxOC4xJTIwMTcwNSUyQzQ3LjIlMjAxOTIzJTJDMTYlMjAxOTIzJTJDMTkyLjUlMjAzJTJDMTkyLjUlMjAlMjIlM0UlMjAlMjAlMjAlMjAlM0MlMkZwb2x5Z29uJTNFJTIwJTIwJTIwJTIwJTNDcG9seWdvbiUyMGZpbGwlM0QlMjIlMjNGM0YzRjMlMjIlMjBwb2ludHMlM0QlMjIzODQzLjMlMkM1MC40JTIwMzM2NC4zJTJDMTM5JTIwMjQ4Ni4xJTJDMi4xJTIwMjE0MiUyQzMwLjklMjAxOTIzJTJDMCUyMDE5MjMlMkMxOTIuNSUyMDM4NDMuMyUyQzE5MS41JTIwJTIyJTNFJTIwJTIwJTIwJTIwJTNDJTJGcG9seWdvbiUzRSUyMCUyMCUyMCUyMCUzQ3BvbHlnb24lMjBmaWxsJTNEJTIyJTIzRkZGRkZGJTIyJTIwcG9pbnRzJTNEJTIyMzg0MyUyQzY2LjglMjAzMzYyJTJDMTU2LjIlMjAyNDg1JTJDMTguMSUyMDIxNDElMkM0Ny4yJTIwMTkyMyUyQzE2JTIwMTkyMyUyQzE5Mi41JTIwMzg0MyUyQzE5Mi41JTIwJTIyJTNFJTIwJTIwJTIwJTIwJTNDJTJGcG9seWdvbiUzRSUyMCUyMCUyMCUyMCUzQ3BvbHlnb24lMjBmaWxsJTNEJTIyJTIzRjNGM0YzJTIyJTIwcG9pbnRzJTNEJTIyMzg0MyUyQzUxLjMlMjA0MzIyJTJDMTM5LjYlMjA1MjAwJTJDMy4xJTIwNTU0NCUyQzMxLjglMjA1NzYzJTJDMSUyMDU3NjMlMkMxOTMlMjAzODQzJTJDMTkyJTIwJTIyJTNFJTIwJTIwJTIwJTIwJTNDJTJGcG9seWdvbiUzRSUyMCUyMCUyMCUyMCUzQ3BvbHlnb24lMjBmaWxsJTNEJTIyJTIzRkZGRkZGJTIyJTIwcG9pbnRzJTNEJTIyMzg0MyUyQzY3LjQlMjA0MzI0JTJDMTU2LjclMjA1MjAxJTJDMTguNiUyMDU1NDUlMkM0Ny43JTIwNTc2MyUyQzE2LjUlMjA1NzYzJTJDMTkzJTIwMzg0MyUyQzE5MyUyMCUyMiUzRSUyMCUyMCUyMCUyMCUzQyUyRnBvbHlnb24lM0UlMjAlMjAlMjAlMjAlM0Nwb2x5Z29uJTIwZmlsbCUzRCUyMiUyM0YzRjNGMyUyMiUyMHBvaW50cyUzRCUyMjc2ODMlMkM0OSUyMDcyMDQlMkMxMzUlMjA2MzI2JTJDMiUyMDU5ODIlMkMzMCUyMDU3NjMlMkMwJTIwNTc2MyUyQzE4NyUyMDc2ODMlMkMxODYlMjAlMjIlM0UlMjAlMjAlMjAlMjAlM0MlMkZwb2x5Z29uJTNFJTIwJTIwJTIwJTIwJTNDcG9seWdvbiUyMGZpbGwlM0QlMjIlMjNGRkZGRkYlMjIlMjBwb2ludHMlM0QlMjI3NjgzJTJDNjclMjA3MjAyJTJDMTU2LjYlMjA2MzI1JTJDMTguMSUyMDU5ODElMkM0Ny4zJTIwNTc2MyUyQzE2JTIwNTc2MyUyQzE5MyUyMDc2ODMlMkMxOTMlMjAlMjIlM0UlMjAlMjAlMjAlMjAlM0MlMkZwb2x5Z29uJTNFJTNDJTJGc3ZnJTNF\u00bb bottom_divider_invert=\u00bbtrue\u00bb bottom_divider_height=\u00bb160&#8243; el_class=\u00bbintro-svg\u00bb conditional_render=\u00bb%5B%7B%22condition_a%22%3A%22device%22%2C%22comparative_operator%22%3A%22not_equal%22%2C%22value_device%22%3A%22tablet_mobile%22%2C%22value_role%22%3A%22administrator%22%7D%5D\u00bb][vc_row no_padding=\u00bbyes\u00bb parallax=\u00bbcontent-moving\u00bb parallax_image=\u00bb46&#8243; css=\u00bb.vc_custom_1666717495915{padding-top: 4.6153846154rem !important;background-color: #e3e3e3 !important;}\u00bb el_class=\u00bbcustom-banner-size\u00bb conditional_render=\u00bb%5B%7B%22value_role%22%3A%22administrator%22%7D%5D\u00bb][vc_column conditional_render=\u00bb%5B%7B%22value_role%22%3A%22administrator%22%7D%5D\u00bb][\/vc_column][\/vc_row][\/vc_section][vc_row wrap_container=\u00bbyes\u00bb css=\u00bb.vc_custom_1630565401843{padding-top: 72px !important;}\u00bb][vc_column]<div class=\"porto-u-heading position-relative z-index-1  wpb_custom_2875b4003fdeeb76ad31903b83b9b49b porto-u-2135\" data-appear-animation=\"fadeInUp\" data-appear-animation-delay=\"200\"><div class=\"porto-u-main-heading\"><h2   style=\"margin-bottom: 48px;\">INFORMACI\u00d3N GENERAL <strong> PARA POSTULANTES<\/strong><\/h2><\/div><style>.porto-u-2135.porto-u-heading{text-align:center}<\/style><\/div>[\/vc_column][vc_column el_class=\u00bbaccordion-section\u00bb offset=\u00bbvc_col-md-6&#8243;][vc_accordion active_tab=\u00bb\u00bb type=\u00bbpanel-modern\u00bb][vc_accordion_tab title=\u00bbINICIAL \/ PRIMER GRADO\u00bb el_id=\u00bbacccordion-1&#8243;]<div class=\"porto-u-heading  wpb_custom_12949707ba42be39d995dc3da9872368 porto-u-3461\"><div class=\"porto-u-sub-heading\" style=\"\">\n<p style=\"text-align: justify;\">S\u00f3lo se recibir\u00e1n inscripciones para Inicial 4 a\u00f1os, Inicial 5 a\u00f1os, y 1er grado de primaria. Para otros grados, en caso haya la posibilidad de vacante se publicar\u00e1 a partir de la quincena de agosto.<\/p>\n<p style=\"text-align: justify;\">Debido a la cantidad de familias interesadas en nuestro proyecto, no se recibir\u00e1n inscripciones que no cumplan con edad para una posible vacante para el a\u00f1o escolar 2027.<\/p>\n<p>Requisitos indispensables:<\/p>\n<ol style=\"text-align: justify;\">\n<li>Haber participado de la visita guiada-charla informativa programada por la Instituci\u00f3n Educativa.<\/li>\n<li>Cumplir 4 \u2013 5 \u2013 6 a\u00f1os al 31 de marzo del a\u00f1o de ingreso.<\/li>\n<li>Copia simple, legible y vigente de DNI del postulante.<\/li>\n<li>Dos fotos del postulante (tama\u00f1o carn\u00e9).<\/li>\n<li>Constancia de progreso del postulante durante su \u00faltimo a\u00f1o en el nido en caso asista a uno (copia simple).<\/li>\n<li>Ficha de inscripci\u00f3n (solicitarla por correo).<\/li>\n<li>Ficha de informe econ\u00f3mico (solicitarla por correo).<\/li>\n<li>Dos cartas de presentaci\u00f3n de padres de familia o miembros de nuestra comunidad educativa que no sean parientes entre s\u00ed ni familiares directos del postulante. (solicitarlo el formato por correo) Las familias que pertenecen al colegio no presentan las cartas.<\/li>\n<li>Pago por proceso de admisi\u00f3n, monto destinado a los gastos administrativos en que incurre el colegio en el proceso -no reembolsable-<\/li>\n<li>S\u00f3lo se recibir\u00e1n los expedientes de las familias que participaron de la visita guiada.<\/li>\n<\/ol>\n<p><\/div><style>.porto-u-3461.porto-u-heading{text-align:left}<\/style><\/div>[\/vc_accordion_tab][vc_accordion_tab title=\u00bbOTROS GRADOS\u00bb]<div class=\"porto-u-heading  wpb_custom_396d90d7fd18d686e9699d8f64f3c0fe porto-u-2617\"><div class=\"porto-u-sub-heading\" style=\"\">\n<div><strong>Incripciones del 15\u00a0de agosto al 09\u00a0de setiembre\u00a0(en caso contemos con vacantes)<\/strong><\/div>\n<div><\/div>\n<ol>\n<li>Tener aprobado el grado inmediato anterior al que postula.<\/li>\n<li>Copia de la libreta del a\u00f1o anterior (notas de \u00e1reas acad\u00e9micas y de comportamiento).<\/li>\n<li>Copia del informe de notas del a\u00f1o en curso al segundo bimestre o II trimestre (notas de \u00e1reas acad\u00e9micas y de comportamiento).<\/li>\n<li>Ficha de inscripci\u00f3n (solicitarla por correo).<\/li>\n<li>Ficha de informe econ\u00f3mico (solicitarla por correo).<\/li>\n<li>Dos cartas de presentaci\u00f3n de padres de familia o miembros de nuestra comunidad educativa que no sean parientes entre s\u00ed, ni familiares directos del postulante. (solicitar el formato por correo) Las familias que pertenecen al colegio no presentan las cartas.<\/li>\n<li>Pago por proceso de admisi\u00f3n, monto destinado a los gastos en que incurre el colegio en el proceso -no reembolsable.<\/li>\n<\/ol>\n<p><\/div><style>.porto-u-2617.porto-u-heading{text-align:left}<\/style><\/div>[\/vc_accordion_tab][\/vc_accordion][\/vc_column][vc_column el_class=\u00bbtestimonial-section\u00bb offset=\u00bbvc_col-md-6&#8243;][vc_images_carousel images=\u00bb6167&#8243; img_size=\u00bbfull\u00bb autoplay=\u00bbyes\u00bb css=\u00bb.vc_custom_1692366228272{border-radius: 25px !important;}\u00bb]<div class=\"porto-testimonial wpb_content_element appear-animation  mb-0 mt-4 mt-lg-0  wpb_custom_4760b66c0cbf51ec9a7673f3785bca75\" data-appear-animation=\"fadeInUp\" data-appear-animation-delay=\"200\"><div class=\"testimonial testimonial-transparent-background\"><blockquote style=\"color:#777777\"><p>De hoy en adelante, t\u00fa ser\u00e1s la Obra.<\/p><\/blockquote><div class=\"testimonial-author\"><p><strong>Pedro Poveda<\/strong><span><\/span><\/p><\/div><\/div><\/div><h3 class=\"word-rotator push  vc_custom_1774018489234\" style=\"text-align:center;\" data-plugin-options=\"{'waittime': 2500, 'pauseOnHover': false}\"><span class=\"word-rotator-items\" style=\"font-family:Abril Fatface; font-weight:400; font-style:normal; \"><b class=\"active\"><\/b><\/span><\/h3>[\/vc_column][\/vc_row]<\/p>\n<\/section>","protected":false},"excerpt":{"rendered":"<p>[vc_section bottom_divider_type=\u00bbcustom\u00bb bottom_divider_custom=\u00bbJTNDc3ZnJTIweG1sbnMlM0QlMjJodHRwJTNBJTJGJTJGd3d3LnczLm9yZyUyRjIwMDAlMkZzdmclMjIlMjB4bWxucyUzQXhsaW5rJTNEJTIyaHR0cCUzQSUyRiUyRnd3dy53My5vcmclMkYxOTk5JTJGeGxpbmslMjIlMjBoZWlnaHQlM0QlMjIxNTBweCUyMiUyMHdpZHRoJTNEJTIyNzY4MHB4JTIyJTIweCUzRCUyMjBweCUyMiUyMHhtbCUzQXNwYWNlJTNEJTIycHJlc2VydmUlMjIlMjB5JTNEJTIyMHB4JTIyJTNFJTIwJTIwJTIwJTIwJTNDcG9seWdvbiUyMGZpbGwlM0QlMjIlMjNGM0YzRjMlMjIlMjBwb2ludHMlM0QlMjIzJTJDNTAuNCUyMDQ4MiUyQzEzOSUyMDEzNjAlMkMyLjElMjAxNzA0JTJDMzAuOSUyMDE5MjMlMkMwJTIwMTkyMyUyQzE5Mi41JTIwMyUyQzE5MS41JTIwJTIyJTNFJTIwJTIwJTIwJTIwJTNDJTJGcG9seWdvbiUzRSUyMCUyMCUyMCUyMCUzQ3BvbHlnb24lMjBmaWxsJTNEJTIyJTIzRkZGRkZGJTIyJTIwcG9pbnRzJTNEJTIyMyUyQzY2LjglMjA0ODQlMkMxNTYuMiUyMDEzNjElMkMxOC4xJTIwMTcwNSUyQzQ3LjIlMjAxOTIzJTJDMTYlMjAxOTIzJTJDMTkyLjUlMjAzJTJDMTkyLjUlMjAlMjIlM0UlMjAlMjAlMjAlMjAlM0MlMkZwb2x5Z29uJTNFJTIwJTIwJTIwJTIwJTNDcG9seWdvbiUyMGZpbGwlM0QlMjIlMjNGM0YzRjMlMjIlMjBwb2ludHMlM0QlMjIzODQzLjMlMkM1MC40JTIwMzM2NC4zJTJDMTM5JTIwMjQ4Ni4xJTJDMi4xJTIwMjE0MiUyQzMwLjklMjAxOTIzJTJDMCUyMDE5MjMlMkMxOTIuNSUyMDM4NDMuMyUyQzE5MS41JTIwJTIyJTNFJTIwJTIwJTIwJTIwJTNDJTJGcG9seWdvbiUzRSUyMCUyMCUyMCUyMCUzQ3BvbHlnb24lMjBmaWxsJTNEJTIyJTIzRkZGRkZGJTIyJTIwcG9pbnRzJTNEJTIyMzg0MyUyQzY2LjglMjAzMzYyJTJDMTU2LjIlMjAyNDg1JTJDMTguMSUyMDIxNDElMkM0Ny4yJTIwMTkyMyUyQzE2JTIwMTkyMyUyQzE5Mi41JTIwMzg0MyUyQzE5Mi41JTIwJTIyJTNFJTIwJTIwJTIwJTIwJTNDJTJGcG9seWdvbiUzRSUyMCUyMCUyMCUyMCUzQ3BvbHlnb24lMjBmaWxsJTNEJTIyJTIzRjNGM0YzJTIyJTIwcG9pbnRzJTNEJTIyMzg0MyUyQzUxLjMlMjA0MzIyJTJDMTM5LjYlMjA1MjAwJTJDMy4xJTIwNTU0NCUyQzMxLjglMjA1NzYzJTJDMSUyMDU3NjMlMkMxOTMlMjAzODQzJTJDMTkyJTIwJTIyJTNFJTIwJTIwJTIwJTIwJTNDJTJGcG9seWdvbiUzRSUyMCUyMCUyMCUyMCUzQ3BvbHlnb24lMjBmaWxsJTNEJTIyJTIzRkZGRkZGJTIyJTIwcG9pbnRzJTNEJTIyMzg0MyUyQzY3LjQlMjA0MzI0JTJDMTU2LjclMjA1MjAxJTJDMTguNiUyMDU1NDUlMkM0Ny43JTIwNTc2MyUyQzE2LjUlMjA1NzYzJTJDMTkzJTIwMzg0MyUyQzE5MyUyMCUyMiUzRSUyMCUyMCUyMCUyMCUzQyUyRnBvbHlnb24lM0UlMjAlMjAlMjAlMjAlM0Nwb2x5Z29uJTIwZmlsbCUzRCUyMiUyM0YzRjNGMyUyMiUyMHBvaW50cyUzRCUyMjc2ODMlMkM0OSUyMDcyMDQlMkMxMzUlMjA2MzI2JTJDMiUyMDU5ODIlMkMzMCUyMDU3NjMlMkMwJTIwNTc2MyUyQzE4NyUyMDc2ODMlMkMxODYlMjAlMjIlM0UlMjAlMjAlMjAlMjAlM0MlMkZwb2x5Z29uJTNFJTIwJTIwJTIwJTIwJTNDcG9seWdvbiUyMGZpbGwlM0QlMjIlMjNGRkZGRkYlMjIlMjBwb2ludHMlM0QlMjI3NjgzJTJDNjclMjA3MjAyJTJDMTU2LjYlMjA2MzI1JTJDMTguMSUyMDU5ODElMkM0Ny4zJTIwNTc2MyUyQzE2JTIwNTc2MyUyQzE5MyUyMDc2ODMlMkMxOTMlMjAlMjIlM0UlMjAlMjAlMjAlMjAlM0MlMkZwb2x5Z29uJTNFJTNDJTJGc3ZnJTNF\u00bb bottom_divider_invert=\u00bbtrue\u00bb bottom_divider_height=\u00bb160&#8243; el_class=\u00bbintro-svg\u00bb conditional_render=\u00bb%5B%7B%22condition_a%22%3A%22device%22%2C%22comparative_operator%22%3A%22not_equal%22%2C%22value_device%22%3A%22tablet_mobile%22%2C%22value_role%22%3A%22administrator%22%7D%5D\u00bb][vc_row no_padding=\u00bbyes\u00bb parallax=\u00bbcontent-moving\u00bb parallax_image=\u00bb46&#8243; css=\u00bb.vc_custom_1666717495915{padding-top: 4.6153846154rem !important;background-color: #e3e3e3 !important;}\u00bb el_class=\u00bbcustom-banner-size\u00bb conditional_render=\u00bb%5B%7B%22value_role%22%3A%22administrator%22%7D%5D\u00bb][vc_column conditional_render=\u00bb%5B%7B%22value_role%22%3A%22administrator%22%7D%5D\u00bb][\/vc_column][\/vc_row][\/vc_section][vc_row wrap_container=\u00bbyes\u00bb css=\u00bb.vc_custom_1630565401843{padding-top: 72px !important;}\u00bb][vc_column][\/vc_column][vc_column el_class=\u00bbaccordion-section\u00bb offset=\u00bbvc_col-md-6&#8243;][vc_accordion active_tab=\u00bb\u00bb type=\u00bbpanel-modern\u00bb][vc_accordion_tab title=\u00bbINICIAL \/ PRIMER GRADO\u00bb el_id=\u00bbacccordion-1&#8243;][\/vc_accordion_tab][vc_accordion_tab title=\u00bbOTROS GRADOS\u00bb][\/vc_accordion_tab][\/vc_accordion][\/vc_column][vc_column el_class=\u00bbtestimonial-section\u00bb offset=\u00bbvc_col-md-6&#8243;][vc_images_carousel images=\u00bb6167&#8243; img_size=\u00bbfull\u00bb autoplay=\u00bbyes\u00bb css=\u00bb.vc_custom_1692366228272{border-radius: 25px !important;}\u00bb][\/vc_column][\/vc_row]<\/p>\n","protected":false},"author":1,"featured_media":0,"parent":5408,"menu_order":0,"comment_status":"closed","ping_status":"closed","template":"","meta":[],"_links":{"self":[{"href":"https:\/\/www.cifo.edu.pe\/index.php\/wp-json\/wp\/v2\/pages\/5410"}],"collection":[{"href":"https:\/\/www.cifo.edu.pe\/index.php\/wp-json\/wp\/v2\/pages"}],"about":[{"href":"https:\/\/www.cifo.edu.pe\/index.php\/wp-json\/wp\/v2\/types\/page"}],"author":[{"embeddable":true,"href":"https:\/\/www.cifo.edu.pe\/index.php\/wp-json\/wp\/v2\/users\/1"}],"replies":[{"embeddable":true,"href":"https:\/\/www.cifo.edu.pe\/index.php\/wp-json\/wp\/v2\/comments?post=5410"}],"version-history":[{"count":41,"href":"https:\/\/www.cifo.edu.pe\/index.php\/wp-json\/wp\/v2\/pages\/5410\/revisions"}],"predecessor-version":[{"id":9226,"href":"https:\/\/www.cifo.edu.pe\/index.php\/wp-json\/wp\/v2\/pages\/5410\/revisions\/9226"}],"up":[{"embeddable":true,"href":"https:\/\/www.cifo.edu.pe\/index.php\/wp-json\/wp\/v2\/pages\/5408"}],"wp:attachment":[{"href":"https:\/\/www.cifo.edu.pe\/index.php\/wp-json\/wp\/v2\/media?parent=5410"}],"curies":[{"name":"wp","href":"https:\/\/api.w.org\/{rel}","templated":true}]}}