{"id":5430,"date":"2023-05-01T16:03:19","date_gmt":"2023-05-01T16:03:19","guid":{"rendered":"http:\/\/localhost\/?page_id=5430"},"modified":"2026-03-13T16:21:46","modified_gmt":"2026-03-13T16:21:46","slug":"visitas-guiadas","status":"publish","type":"page","link":"https:\/\/www.cifo.edu.pe\/index.php\/admision\/visitas-guiadas\/","title":{"rendered":"Visitas guiadas"},"content":{"rendered":"<section class=\"wpb-content-wrapper\"><p>[vc_section bottom_divider_type=\u00bbcustom\u00bb bottom_divider_custom=\u00bbJTNDc3ZnJTIweG1sbnMlM0QlMjJodHRwJTNBJTJGJTJGd3d3LnczLm9yZyUyRjIwMDAlMkZzdmclMjIlMjB4bWxucyUzQXhsaW5rJTNEJTIyaHR0cCUzQSUyRiUyRnd3dy53My5vcmclMkYxOTk5JTJGeGxpbmslMjIlMjBoZWlnaHQlM0QlMjIxNTBweCUyMiUyMHdpZHRoJTNEJTIyNzY4MHB4JTIyJTIweCUzRCUyMjBweCUyMiUyMHhtbCUzQXNwYWNlJTNEJTIycHJlc2VydmUlMjIlMjB5JTNEJTIyMHB4JTIyJTNFJTIwJTIwJTIwJTIwJTNDcG9seWdvbiUyMGZpbGwlM0QlMjIlMjNGM0YzRjMlMjIlMjBwb2ludHMlM0QlMjIzJTJDNTAuNCUyMDQ4MiUyQzEzOSUyMDEzNjAlMkMyLjElMjAxNzA0JTJDMzAuOSUyMDE5MjMlMkMwJTIwMTkyMyUyQzE5Mi41JTIwMyUyQzE5MS41JTIwJTIyJTNFJTIwJTIwJTIwJTIwJTNDJTJGcG9seWdvbiUzRSUyMCUyMCUyMCUyMCUzQ3BvbHlnb24lMjBmaWxsJTNEJTIyJTIzRkZGRkZGJTIyJTIwcG9pbnRzJTNEJTIyMyUyQzY2LjglMjA0ODQlMkMxNTYuMiUyMDEzNjElMkMxOC4xJTIwMTcwNSUyQzQ3LjIlMjAxOTIzJTJDMTYlMjAxOTIzJTJDMTkyLjUlMjAzJTJDMTkyLjUlMjAlMjIlM0UlMjAlMjAlMjAlMjAlM0MlMkZwb2x5Z29uJTNFJTIwJTIwJTIwJTIwJTNDcG9seWdvbiUyMGZpbGwlM0QlMjIlMjNGM0YzRjMlMjIlMjBwb2ludHMlM0QlMjIzODQzLjMlMkM1MC40JTIwMzM2NC4zJTJDMTM5JTIwMjQ4Ni4xJTJDMi4xJTIwMjE0MiUyQzMwLjklMjAxOTIzJTJDMCUyMDE5MjMlMkMxOTIuNSUyMDM4NDMuMyUyQzE5MS41JTIwJTIyJTNFJTIwJTIwJTIwJTIwJTNDJTJGcG9seWdvbiUzRSUyMCUyMCUyMCUyMCUzQ3BvbHlnb24lMjBmaWxsJTNEJTIyJTIzRkZGRkZGJTIyJTIwcG9pbnRzJTNEJTIyMzg0MyUyQzY2LjglMjAzMzYyJTJDMTU2LjIlMjAyNDg1JTJDMTguMSUyMDIxNDElMkM0Ny4yJTIwMTkyMyUyQzE2JTIwMTkyMyUyQzE5Mi41JTIwMzg0MyUyQzE5Mi41JTIwJTIyJTNFJTIwJTIwJTIwJTIwJTNDJTJGcG9seWdvbiUzRSUyMCUyMCUyMCUyMCUzQ3BvbHlnb24lMjBmaWxsJTNEJTIyJTIzRjNGM0YzJTIyJTIwcG9pbnRzJTNEJTIyMzg0MyUyQzUxLjMlMjA0MzIyJTJDMTM5LjYlMjA1MjAwJTJDMy4xJTIwNTU0NCUyQzMxLjglMjA1NzYzJTJDMSUyMDU3NjMlMkMxOTMlMjAzODQzJTJDMTkyJTIwJTIyJTNFJTIwJTIwJTIwJTIwJTNDJTJGcG9seWdvbiUzRSUyMCUyMCUyMCUyMCUzQ3BvbHlnb24lMjBmaWxsJTNEJTIyJTIzRkZGRkZGJTIyJTIwcG9pbnRzJTNEJTIyMzg0MyUyQzY3LjQlMjA0MzI0JTJDMTU2LjclMjA1MjAxJTJDMTguNiUyMDU1NDUlMkM0Ny43JTIwNTc2MyUyQzE2LjUlMjA1NzYzJTJDMTkzJTIwMzg0MyUyQzE5MyUyMCUyMiUzRSUyMCUyMCUyMCUyMCUzQyUyRnBvbHlnb24lM0UlMjAlMjAlMjAlMjAlM0Nwb2x5Z29uJTIwZmlsbCUzRCUyMiUyM0YzRjNGMyUyMiUyMHBvaW50cyUzRCUyMjc2ODMlMkM0OSUyMDcyMDQlMkMxMzUlMjA2MzI2JTJDMiUyMDU5ODIlMkMzMCUyMDU3NjMlMkMwJTIwNTc2MyUyQzE4NyUyMDc2ODMlMkMxODYlMjAlMjIlM0UlMjAlMjAlMjAlMjAlM0MlMkZwb2x5Z29uJTNFJTIwJTIwJTIwJTIwJTNDcG9seWdvbiUyMGZpbGwlM0QlMjIlMjNGRkZGRkYlMjIlMjBwb2ludHMlM0QlMjI3NjgzJTJDNjclMjA3MjAyJTJDMTU2LjYlMjA2MzI1JTJDMTguMSUyMDU5ODElMkM0Ny4zJTIwNTc2MyUyQzE2JTIwNTc2MyUyQzE5MyUyMDc2ODMlMkMxOTMlMjAlMjIlM0UlMjAlMjAlMjAlMjAlM0MlMkZwb2x5Z29uJTNFJTNDJTJGc3ZnJTNF\u00bb bottom_divider_invert=\u00bbtrue\u00bb bottom_divider_height=\u00bb160&#8243; el_class=\u00bbintro-svg\u00bb conditional_render=\u00bb%5B%7B%22condition_a%22%3A%22device%22%2C%22comparative_operator%22%3A%22not_equal%22%2C%22value_device%22%3A%22tablet_mobile%22%2C%22value_role%22%3A%22administrator%22%7D%5D\u00bb][vc_row no_padding=\u00bbyes\u00bb parallax=\u00bbcontent-moving\u00bb parallax_image=\u00bb46&#8243; css=\u00bb.vc_custom_1666717495915{padding-top: 4.6153846154rem !important;background-color: #e3e3e3 !important;}\u00bb el_class=\u00bbcustom-banner-size\u00bb conditional_render=\u00bb%5B%7B%22value_role%22%3A%22administrator%22%7D%5D\u00bb][vc_column conditional_render=\u00bb%5B%7B%22value_role%22%3A%22administrator%22%7D%5D\u00bb][\/vc_column][\/vc_row][\/vc_section][vc_row wrap_container=\u00bbyes\u00bb css=\u00bb.vc_custom_1630565401843{padding-top: 72px !important;}\u00bb][vc_column]<div class=\"porto-u-heading position-relative z-index-1  wpb_custom_2875b4003fdeeb76ad31903b83b9b49b porto-u-8841\" data-appear-animation=\"fadeInUp\" data-appear-animation-delay=\"200\"><div class=\"porto-u-main-heading\"><h2   style=\"margin-bottom: 48px;\">INFORMACI\u00d3N GENERAL <strong> PARA POSTULANTES<\/strong><\/h2><\/div><style>.porto-u-8841.porto-u-heading{text-align:center}<\/style><\/div>[\/vc_column][vc_column el_class=\u00bbaccordion-section\u00bb offset=\u00bbvc_col-md-6&#8243;]<div class=\"porto-u-heading  wpb_custom_12949707ba42be39d995dc3da9872368 porto-u-7480\"><div class=\"porto-u-sub-heading\" style=\"\">Las vacantes para el a\u00f1o escolar 2025, para el nivel Inicial 4 a\u00f1os son 48; las cuales 4 son reservadas para ni\u00f1os de habilidades diferentes.<\/div><style>.porto-u-7480.porto-u-heading{text-align:left}<\/style><\/div>[vc_accordion active_tab=\u00bbacccordion-1&#8243; collapsible=\u00bbyes\u00bb type=\u00bbcustom\u00bb heading_color=\u00bb#212529&#8243; heading_bg_color=\u00bb#f4f4f4&#8243;][vc_accordion_tab title=\u00bbVISITA GUIADA INICIAL 4 A\u00d1OS\u00bb]<div class=\"porto-u-heading  wpb_custom_12949707ba42be39d995dc3da9872368 porto-u-4539\"><div class=\"porto-u-sub-heading\" style=\"\">Las vacantes para el a\u00f1o escolar 2027, para el nivel Inicial 4 a\u00f1os son 62; las cuales 4 son reservadas para ni\u00f1os de habilidades diferentes.<\/div><style>.porto-u-4539.porto-u-heading{text-align:left}<\/style><\/div>[\/vc_accordion_tab][vc_accordion_tab title=\u00bbVISITA GUIADA INICIAL 5 A\u00d1OS\u00bb]<div class=\"porto-u-heading  wpb_custom_396d90d7fd18d686e9699d8f64f3c0fe porto-u-4782\"><div class=\"porto-u-sub-heading\" style=\"\">Las vacantes para el a\u00f1o escolar 2027, para el nivel Inicial 5 a\u00f1os son 26.<\/div><style>.porto-u-4782.porto-u-heading{text-align:left}<\/style><\/div>[\/vc_accordion_tab][vc_accordion_tab title=\u00bbVISITA GUIADA 1er GRADO DE PRIMARIA\u00bb]<div class=\"porto-u-heading  wpb_custom_396d90d7fd18d686e9699d8f64f3c0fe porto-u-8392\"><div class=\"porto-u-sub-heading\" style=\"\">Las vacantes para el a\u00f1o escolar 2027, para 1er grado de primaria son 8.<\/div><style>.porto-u-8392.porto-u-heading{text-align:left}<\/style><\/div>[\/vc_accordion_tab][\/vc_accordion][\/vc_column][vc_column el_class=\u00bbtestimonial-section\u00bb offset=\u00bbvc_col-md-6&#8243;]<div class=\"porto-testimonial wpb_content_element appear-animation  mb-0 mt-4 mt-lg-0  wpb_custom_4760b66c0cbf51ec9a7673f3785bca75\" data-appear-animation=\"fadeInUp\" data-appear-animation-delay=\"200\"><div class=\"testimonial testimonial-transparent-background\"><blockquote style=\"color:#777777\"><p>De hoy en adelante, t\u00fa ser\u00e1s la Obra.<\/p><\/blockquote><div class=\"testimonial-author\"><p><strong>Pedro Poveda<\/strong><span><\/span><\/p><\/div><\/div><\/div>[vc_single_image image=\u00bb6160&#8243; img_size=\u00bbfull\u00bb animation_delay=\u00bb400&#8243; css=\u00bb.vc_custom_1692363790062{padding-bottom: 36px !important;padding-left: 36px !important;}\u00bb el_class=\u00bbmb-0&#8243; animation_type=\u00bbfadeInUp\u00bb][\/vc_column][\/vc_row]<\/p>\n<\/section>","protected":false},"excerpt":{"rendered":"<p>[vc_section bottom_divider_type=\u00bbcustom\u00bb bottom_divider_custom=\u00bbJTNDc3ZnJTIweG1sbnMlM0QlMjJodHRwJTNBJTJGJTJGd3d3LnczLm9yZyUyRjIwMDAlMkZzdmclMjIlMjB4bWxucyUzQXhsaW5rJTNEJTIyaHR0cCUzQSUyRiUyRnd3dy53My5vcmclMkYxOTk5JTJGeGxpbmslMjIlMjBoZWlnaHQlM0QlMjIxNTBweCUyMiUyMHdpZHRoJTNEJTIyNzY4MHB4JTIyJTIweCUzRCUyMjBweCUyMiUyMHhtbCUzQXNwYWNlJTNEJTIycHJlc2VydmUlMjIlMjB5JTNEJTIyMHB4JTIyJTNFJTIwJTIwJTIwJTIwJTNDcG9seWdvbiUyMGZpbGwlM0QlMjIlMjNGM0YzRjMlMjIlMjBwb2ludHMlM0QlMjIzJTJDNTAuNCUyMDQ4MiUyQzEzOSUyMDEzNjAlMkMyLjElMjAxNzA0JTJDMzAuOSUyMDE5MjMlMkMwJTIwMTkyMyUyQzE5Mi41JTIwMyUyQzE5MS41JTIwJTIyJTNFJTIwJTIwJTIwJTIwJTNDJTJGcG9seWdvbiUzRSUyMCUyMCUyMCUyMCUzQ3BvbHlnb24lMjBmaWxsJTNEJTIyJTIzRkZGRkZGJTIyJTIwcG9pbnRzJTNEJTIyMyUyQzY2LjglMjA0ODQlMkMxNTYuMiUyMDEzNjElMkMxOC4xJTIwMTcwNSUyQzQ3LjIlMjAxOTIzJTJDMTYlMjAxOTIzJTJDMTkyLjUlMjAzJTJDMTkyLjUlMjAlMjIlM0UlMjAlMjAlMjAlMjAlM0MlMkZwb2x5Z29uJTNFJTIwJTIwJTIwJTIwJTNDcG9seWdvbiUyMGZpbGwlM0QlMjIlMjNGM0YzRjMlMjIlMjBwb2ludHMlM0QlMjIzODQzLjMlMkM1MC40JTIwMzM2NC4zJTJDMTM5JTIwMjQ4Ni4xJTJDMi4xJTIwMjE0MiUyQzMwLjklMjAxOTIzJTJDMCUyMDE5MjMlMkMxOTIuNSUyMDM4NDMuMyUyQzE5MS41JTIwJTIyJTNFJTIwJTIwJTIwJTIwJTNDJTJGcG9seWdvbiUzRSUyMCUyMCUyMCUyMCUzQ3BvbHlnb24lMjBmaWxsJTNEJTIyJTIzRkZGRkZGJTIyJTIwcG9pbnRzJTNEJTIyMzg0MyUyQzY2LjglMjAzMzYyJTJDMTU2LjIlMjAyNDg1JTJDMTguMSUyMDIxNDElMkM0Ny4yJTIwMTkyMyUyQzE2JTIwMTkyMyUyQzE5Mi41JTIwMzg0MyUyQzE5Mi41JTIwJTIyJTNFJTIwJTIwJTIwJTIwJTNDJTJGcG9seWdvbiUzRSUyMCUyMCUyMCUyMCUzQ3BvbHlnb24lMjBmaWxsJTNEJTIyJTIzRjNGM0YzJTIyJTIwcG9pbnRzJTNEJTIyMzg0MyUyQzUxLjMlMjA0MzIyJTJDMTM5LjYlMjA1MjAwJTJDMy4xJTIwNTU0NCUyQzMxLjglMjA1NzYzJTJDMSUyMDU3NjMlMkMxOTMlMjAzODQzJTJDMTkyJTIwJTIyJTNFJTIwJTIwJTIwJTIwJTNDJTJGcG9seWdvbiUzRSUyMCUyMCUyMCUyMCUzQ3BvbHlnb24lMjBmaWxsJTNEJTIyJTIzRkZGRkZGJTIyJTIwcG9pbnRzJTNEJTIyMzg0MyUyQzY3LjQlMjA0MzI0JTJDMTU2LjclMjA1MjAxJTJDMTguNiUyMDU1NDUlMkM0Ny43JTIwNTc2MyUyQzE2LjUlMjA1NzYzJTJDMTkzJTIwMzg0MyUyQzE5MyUyMCUyMiUzRSUyMCUyMCUyMCUyMCUzQyUyRnBvbHlnb24lM0UlMjAlMjAlMjAlMjAlM0Nwb2x5Z29uJTIwZmlsbCUzRCUyMiUyM0YzRjNGMyUyMiUyMHBvaW50cyUzRCUyMjc2ODMlMkM0OSUyMDcyMDQlMkMxMzUlMjA2MzI2JTJDMiUyMDU5ODIlMkMzMCUyMDU3NjMlMkMwJTIwNTc2MyUyQzE4NyUyMDc2ODMlMkMxODYlMjAlMjIlM0UlMjAlMjAlMjAlMjAlM0MlMkZwb2x5Z29uJTNFJTIwJTIwJTIwJTIwJTNDcG9seWdvbiUyMGZpbGwlM0QlMjIlMjNGRkZGRkYlMjIlMjBwb2ludHMlM0QlMjI3NjgzJTJDNjclMjA3MjAyJTJDMTU2LjYlMjA2MzI1JTJDMTguMSUyMDU5ODElMkM0Ny4zJTIwNTc2MyUyQzE2JTIwNTc2MyUyQzE5MyUyMDc2ODMlMkMxOTMlMjAlMjIlM0UlMjAlMjAlMjAlMjAlM0MlMkZwb2x5Z29uJTNFJTNDJTJGc3ZnJTNF\u00bb bottom_divider_invert=\u00bbtrue\u00bb bottom_divider_height=\u00bb160&#8243; el_class=\u00bbintro-svg\u00bb conditional_render=\u00bb%5B%7B%22condition_a%22%3A%22device%22%2C%22comparative_operator%22%3A%22not_equal%22%2C%22value_device%22%3A%22tablet_mobile%22%2C%22value_role%22%3A%22administrator%22%7D%5D\u00bb][vc_row no_padding=\u00bbyes\u00bb parallax=\u00bbcontent-moving\u00bb parallax_image=\u00bb46&#8243; css=\u00bb.vc_custom_1666717495915{padding-top: 4.6153846154rem !important;background-color: #e3e3e3 !important;}\u00bb el_class=\u00bbcustom-banner-size\u00bb conditional_render=\u00bb%5B%7B%22value_role%22%3A%22administrator%22%7D%5D\u00bb][vc_column conditional_render=\u00bb%5B%7B%22value_role%22%3A%22administrator%22%7D%5D\u00bb][\/vc_column][\/vc_row][\/vc_section][vc_row wrap_container=\u00bbyes\u00bb css=\u00bb.vc_custom_1630565401843{padding-top: 72px !important;}\u00bb][vc_column][\/vc_column][vc_column el_class=\u00bbaccordion-section\u00bb offset=\u00bbvc_col-md-6&#8243;][vc_accordion active_tab=\u00bbacccordion-1&#8243; collapsible=\u00bbyes\u00bb type=\u00bbcustom\u00bb heading_color=\u00bb#212529&#8243; heading_bg_color=\u00bb#f4f4f4&#8243;][vc_accordion_tab title=\u00bbVISITA GUIADA INICIAL 4 A\u00d1OS\u00bb][\/vc_accordion_tab][vc_accordion_tab title=\u00bbVISITA GUIADA INICIAL 5 A\u00d1OS\u00bb][\/vc_accordion_tab][vc_accordion_tab title=\u00bbVISITA GUIADA 1er GRADO DE PRIMARIA\u00bb][\/vc_accordion_tab][\/vc_accordion][\/vc_column][vc_column el_class=\u00bbtestimonial-section\u00bb offset=\u00bbvc_col-md-6&#8243;][vc_single_image image=\u00bb6160&#8243; img_size=\u00bbfull\u00bb animation_delay=\u00bb400&#8243; css=\u00bb.vc_custom_1692363790062{padding-bottom: 36px !important;padding-left: 36px !important;}\u00bb [&hellip;]<\/p>\n","protected":false},"author":1,"featured_media":0,"parent":5408,"menu_order":0,"comment_status":"closed","ping_status":"closed","template":"","meta":[],"_links":{"self":[{"href":"https:\/\/www.cifo.edu.pe\/index.php\/wp-json\/wp\/v2\/pages\/5430"}],"collection":[{"href":"https:\/\/www.cifo.edu.pe\/index.php\/wp-json\/wp\/v2\/pages"}],"about":[{"href":"https:\/\/www.cifo.edu.pe\/index.php\/wp-json\/wp\/v2\/types\/page"}],"author":[{"embeddable":true,"href":"https:\/\/www.cifo.edu.pe\/index.php\/wp-json\/wp\/v2\/users\/1"}],"replies":[{"embeddable":true,"href":"https:\/\/www.cifo.edu.pe\/index.php\/wp-json\/wp\/v2\/comments?post=5430"}],"version-history":[{"count":9,"href":"https:\/\/www.cifo.edu.pe\/index.php\/wp-json\/wp\/v2\/pages\/5430\/revisions"}],"predecessor-version":[{"id":9210,"href":"https:\/\/www.cifo.edu.pe\/index.php\/wp-json\/wp\/v2\/pages\/5430\/revisions\/9210"}],"up":[{"embeddable":true,"href":"https:\/\/www.cifo.edu.pe\/index.php\/wp-json\/wp\/v2\/pages\/5408"}],"wp:attachment":[{"href":"https:\/\/www.cifo.edu.pe\/index.php\/wp-json\/wp\/v2\/media?parent=5430"}],"curies":[{"name":"wp","href":"https:\/\/api.w.org\/{rel}","templated":true}]}}