{"id":5432,"date":"2023-05-01T16:04:06","date_gmt":"2023-05-01T16:04:06","guid":{"rendered":"http:\/\/localhost\/?page_id=5432"},"modified":"2026-03-13T16:32:57","modified_gmt":"2026-03-13T16:32:57","slug":"preguntas-frecuentes","status":"publish","type":"page","link":"https:\/\/www.cifo.edu.pe\/index.php\/admision\/preguntas-frecuentes\/","title":{"rendered":"Preguntas frecuentes"},"content":{"rendered":"<section class=\"wpb-content-wrapper\"><p>[vc_section bottom_divider_type=\u00bbcustom\u00bb bottom_divider_custom=\u00bbJTNDc3ZnJTIweG1sbnMlM0QlMjJodHRwJTNBJTJGJTJGd3d3LnczLm9yZyUyRjIwMDAlMkZzdmclMjIlMjB4bWxucyUzQXhsaW5rJTNEJTIyaHR0cCUzQSUyRiUyRnd3dy53My5vcmclMkYxOTk5JTJGeGxpbmslMjIlMjBoZWlnaHQlM0QlMjIxNTBweCUyMiUyMHdpZHRoJTNEJTIyNzY4MHB4JTIyJTIweCUzRCUyMjBweCUyMiUyMHhtbCUzQXNwYWNlJTNEJTIycHJlc2VydmUlMjIlMjB5JTNEJTIyMHB4JTIyJTNFJTIwJTIwJTIwJTIwJTNDcG9seWdvbiUyMGZpbGwlM0QlMjIlMjNGM0YzRjMlMjIlMjBwb2ludHMlM0QlMjIzJTJDNTAuNCUyMDQ4MiUyQzEzOSUyMDEzNjAlMkMyLjElMjAxNzA0JTJDMzAuOSUyMDE5MjMlMkMwJTIwMTkyMyUyQzE5Mi41JTIwMyUyQzE5MS41JTIwJTIyJTNFJTIwJTIwJTIwJTIwJTNDJTJGcG9seWdvbiUzRSUyMCUyMCUyMCUyMCUzQ3BvbHlnb24lMjBmaWxsJTNEJTIyJTIzRkZGRkZGJTIyJTIwcG9pbnRzJTNEJTIyMyUyQzY2LjglMjA0ODQlMkMxNTYuMiUyMDEzNjElMkMxOC4xJTIwMTcwNSUyQzQ3LjIlMjAxOTIzJTJDMTYlMjAxOTIzJTJDMTkyLjUlMjAzJTJDMTkyLjUlMjAlMjIlM0UlMjAlMjAlMjAlMjAlM0MlMkZwb2x5Z29uJTNFJTIwJTIwJTIwJTIwJTNDcG9seWdvbiUyMGZpbGwlM0QlMjIlMjNGM0YzRjMlMjIlMjBwb2ludHMlM0QlMjIzODQzLjMlMkM1MC40JTIwMzM2NC4zJTJDMTM5JTIwMjQ4Ni4xJTJDMi4xJTIwMjE0MiUyQzMwLjklMjAxOTIzJTJDMCUyMDE5MjMlMkMxOTIuNSUyMDM4NDMuMyUyQzE5MS41JTIwJTIyJTNFJTIwJTIwJTIwJTIwJTNDJTJGcG9seWdvbiUzRSUyMCUyMCUyMCUyMCUzQ3BvbHlnb24lMjBmaWxsJTNEJTIyJTIzRkZGRkZGJTIyJTIwcG9pbnRzJTNEJTIyMzg0MyUyQzY2LjglMjAzMzYyJTJDMTU2LjIlMjAyNDg1JTJDMTguMSUyMDIxNDElMkM0Ny4yJTIwMTkyMyUyQzE2JTIwMTkyMyUyQzE5Mi41JTIwMzg0MyUyQzE5Mi41JTIwJTIyJTNFJTIwJTIwJTIwJTIwJTNDJTJGcG9seWdvbiUzRSUyMCUyMCUyMCUyMCUzQ3BvbHlnb24lMjBmaWxsJTNEJTIyJTIzRjNGM0YzJTIyJTIwcG9pbnRzJTNEJTIyMzg0MyUyQzUxLjMlMjA0MzIyJTJDMTM5LjYlMjA1MjAwJTJDMy4xJTIwNTU0NCUyQzMxLjglMjA1NzYzJTJDMSUyMDU3NjMlMkMxOTMlMjAzODQzJTJDMTkyJTIwJTIyJTNFJTIwJTIwJTIwJTIwJTNDJTJGcG9seWdvbiUzRSUyMCUyMCUyMCUyMCUzQ3BvbHlnb24lMjBmaWxsJTNEJTIyJTIzRkZGRkZGJTIyJTIwcG9pbnRzJTNEJTIyMzg0MyUyQzY3LjQlMjA0MzI0JTJDMTU2LjclMjA1MjAxJTJDMTguNiUyMDU1NDUlMkM0Ny43JTIwNTc2MyUyQzE2LjUlMjA1NzYzJTJDMTkzJTIwMzg0MyUyQzE5MyUyMCUyMiUzRSUyMCUyMCUyMCUyMCUzQyUyRnBvbHlnb24lM0UlMjAlMjAlMjAlMjAlM0Nwb2x5Z29uJTIwZmlsbCUzRCUyMiUyM0YzRjNGMyUyMiUyMHBvaW50cyUzRCUyMjc2ODMlMkM0OSUyMDcyMDQlMkMxMzUlMjA2MzI2JTJDMiUyMDU5ODIlMkMzMCUyMDU3NjMlMkMwJTIwNTc2MyUyQzE4NyUyMDc2ODMlMkMxODYlMjAlMjIlM0UlMjAlMjAlMjAlMjAlM0MlMkZwb2x5Z29uJTNFJTIwJTIwJTIwJTIwJTNDcG9seWdvbiUyMGZpbGwlM0QlMjIlMjNGRkZGRkYlMjIlMjBwb2ludHMlM0QlMjI3NjgzJTJDNjclMjA3MjAyJTJDMTU2LjYlMjA2MzI1JTJDMTguMSUyMDU5ODElMkM0Ny4zJTIwNTc2MyUyQzE2JTIwNTc2MyUyQzE5MyUyMDc2ODMlMkMxOTMlMjAlMjIlM0UlMjAlMjAlMjAlMjAlM0MlMkZwb2x5Z29uJTNFJTNDJTJGc3ZnJTNF\u00bb bottom_divider_invert=\u00bbtrue\u00bb bottom_divider_height=\u00bb160&#8243; el_class=\u00bbintro-svg\u00bb conditional_render=\u00bb%5B%7B%22condition_a%22%3A%22device%22%2C%22comparative_operator%22%3A%22not_equal%22%2C%22value_device%22%3A%22tablet_mobile%22%2C%22value_role%22%3A%22administrator%22%7D%5D\u00bb][vc_row no_padding=\u00bbyes\u00bb parallax=\u00bbcontent-moving\u00bb parallax_image=\u00bb46&#8243; css=\u00bb.vc_custom_1666717495915{padding-top: 4.6153846154rem !important;background-color: #e3e3e3 !important;}\u00bb el_class=\u00bbcustom-banner-size\u00bb conditional_render=\u00bb%5B%7B%22value_role%22%3A%22administrator%22%7D%5D\u00bb][vc_column conditional_render=\u00bb%5B%7B%22value_role%22%3A%22administrator%22%7D%5D\u00bb][\/vc_column][\/vc_row][\/vc_section][vc_row wrap_container=\u00bbyes\u00bb css=\u00bb.vc_custom_1630565401843{padding-top: 72px !important;}\u00bb][vc_column]<div class=\"porto-u-heading position-relative z-index-1  wpb_custom_2875b4003fdeeb76ad31903b83b9b49b porto-u-6218\" data-appear-animation=\"fadeInUp\" data-appear-animation-delay=\"200\"><div class=\"porto-u-main-heading\"><h2   style=\"margin-bottom: 48px;\">INFORMACI\u00d3N GENERAL <strong> PARA POSTULANTES<\/strong><\/h2><\/div><style>.porto-u-6218.porto-u-heading{text-align:center}<\/style><\/div>[\/vc_column][vc_column el_class=\u00bbaccordion-section\u00bb offset=\u00bbvc_col-md-6&#8243;][vc_accordion active_tab=\u00bbacccordion-1&#8243; collapsible=\u00bbyes\u00bb type=\u00bbcustom\u00bb heading_color=\u00bb#212529&#8243; heading_bg_color=\u00bb#f4f4f4&#8243;][vc_accordion_tab title=\u00bb\u00bfPor qu\u00e9 elegir el Colegio Isabel Flores de Oliva?\u00bb el_id=\u00bbacccordion-1&#8243;]<div class=\"porto-u-heading  wpb_custom_12949707ba42be39d995dc3da9872368 porto-u-7173\"><div class=\"porto-u-sub-heading\" style=\"\">El Colegio Isabel Flores de Oliva forma parte del Proyecto Educativo de la Instituci\u00f3n Teresiana en el Per\u00fa. Cuenta con una trayectoria de 70\u00a0a\u00f1os y un reconocimiento por su calidad y experiencia en formar personas integrales para servir a la sociedad. Nuestro colegio se caracteriza por:<\/p>\n<p>Comunidad educativa con calidad humana; y competente para formar ciudadanos del mundo, habitantes de la tierra y defensores de la vida.<\/p>\n<p>Formaci\u00f3n en valores: Colegio confesional Cat\u00f3lico laico.<\/p>\n<p>Los docentes ejercen su labor de manera incondicional, aman lo que hacen; abiertos a la interacci\u00f3n permanente con todos los integrantes de la comunidad educativa; capacitados para la escucha atenta y comunicaci\u00f3n asertiva y efectiva.<\/p>\n<p>Excelente desempe\u00f1o acad\u00e9mico de nuestros egresados en la universidad. (Excelencia acad\u00e9mica en las m\u00e1s prestigiosas universidades por m\u00e1s de 10 a\u00f1os)<\/p>\n<p>Orientaci\u00f3n profesional a trav\u00e9s de la exploraci\u00f3n vocacional por un staff psicopedag\u00f3gico de gran responsabilidad y logros.<\/p>\n<p>F\u00e1cil acceso a las instalaciones, Infraestructura moderna.<\/div><style>.porto-u-7173.porto-u-heading{text-align:left}<\/style><\/div>[\/vc_accordion_tab][vc_accordion_tab title=\u00bb\u00bfCu\u00e1les idiomas ofrece el Colegio?\u00bb]<div class=\"porto-u-heading  wpb_custom_12949707ba42be39d995dc3da9872368 porto-u-4260\"><div class=\"porto-u-sub-heading\" style=\"\">Espa\u00f1ol e ingl\u00e9s desde Inicial; y a partir de 5\u00ba\u00a0primaria hasta 5\u00ba\u00a0secundaria, tenemos convenio con Pacifico Idiomas de la Universidad del Pac\u00edfico.<\/div><style>.porto-u-4260.porto-u-heading{text-align:left}<\/style><\/div>[\/vc_accordion_tab][vc_accordion_tab title=\u00bb\u00bfDesde cu\u00e1ndo aprenden a leer los ni\u00f1os?\u00bb]<div class=\"porto-u-heading  wpb_custom_12949707ba42be39d995dc3da9872368 porto-u-6702\"><div class=\"porto-u-sub-heading\" style=\"\">Estimulamos la lectura a trav\u00e9s del m\u00e9todo globalizado mixto, desde los 5 a\u00f1os del Nivel Inicial, enfoc\u00e1ndolo a partir de un proceso natural, sin exigencia y contextualiz\u00e1ndolo desde un mundo letrado que existe en su aula y en su entorno.<\/div><style>.porto-u-6702.porto-u-heading{text-align:left}<\/style><\/div>[\/vc_accordion_tab][vc_accordion_tab title=\u00bb\u00bfCu\u00e1l es el prop\u00f3sito del \u00c1rea de Arte?\u00bb]<div class=\"porto-u-heading  wpb_custom_12949707ba42be39d995dc3da9872368 porto-u-1546\"><div class=\"porto-u-sub-heading\" style=\"\">Tiene como prop\u00f3sito desarrollar las capacidades de expresi\u00f3n y apreciaci\u00f3n art\u00edstica, logrando que los estudiantes utilicen los diversos lenguajes art\u00edsticos y les sirvan como medio de expresi\u00f3n en sus vivencias, emociones y sentimientos, permiti\u00e9ndoles la b\u00fasqueda de un equilibrio afectivo y el desarrollo de un esp\u00edritu creativo y l\u00fadico, en constante descubrimiento y transformaci\u00f3n de su identidad individual y social, de manera que se cumpla la Misi\u00f3n del Colegio.<\/div><style>.porto-u-1546.porto-u-heading{text-align:left}<\/style><\/div>[\/vc_accordion_tab][vc_accordion_tab title=\u00bb\u00bfCu\u00e1ntos alumnos se distribuyen por aula?\u00bb]<div class=\"porto-u-heading  wpb_custom_12949707ba42be39d995dc3da9872368 porto-u-3016\"><div class=\"porto-u-sub-heading\" style=\"\">Inicial 4 a\u00f1os, 24\u00a0estudiantes.<br \/>\nInicial 5 a\u00f1os, 30 estudiantes<br \/>\nPrimaria, 35 estudiantes.<br \/>\nSecundaria, 35 estudiantes.<\/div><style>.porto-u-3016.porto-u-heading{text-align:left}<\/style><\/div>[\/vc_accordion_tab][vc_accordion_tab title=\u00bb\u00bfQui\u00e9nes acompa\u00f1an el proceso de aprendizaje de los estudiantes?\u00bb]<div class=\"porto-u-heading  wpb_custom_12949707ba42be39d995dc3da9872368 porto-u-5521\"><div class=\"porto-u-sub-heading\" style=\"\">En Inicial, una tutora y una auxiliar.<br \/>\n1er. Grado de primaria, una tutora y una auxiliar<br \/>\nDe 2do a 6to de primaria, un Tutor.<br \/>\nEn Secundaria, dos tutores<\/p>\n<p>Adem\u00e1s en cada nivel tenemos el acompa\u00f1amiento del coordinador acad\u00e9mico y del departamento psicopedag\u00f3gico.<\/div><style>.porto-u-5521.porto-u-heading{text-align:left}<\/style><\/div>[\/vc_accordion_tab][vc_accordion_tab title=\u00bb\u00bfEs necesario el uso del uniforme?\u00bb]<div class=\"porto-u-heading  wpb_custom_12949707ba42be39d995dc3da9872368 porto-u-1058\"><div class=\"porto-u-sub-heading\" style=\"\">S\u00ed. Los alumnos asisten con la indumentaria asignada que consiste en:<\/p>\n<p>Alumnos: Pantal\u00f3n, Polo tipo pique y polera con el distintivo del colegio.<\/div><style>.porto-u-1058.porto-u-heading{text-align:left}<\/style><\/div>[\/vc_accordion_tab][vc_accordion_tab title=\u00bb\u00bfCu\u00e1l es el horario del Colegio?\u00bb]<div class=\"porto-u-heading  wpb_custom_12949707ba42be39d995dc3da9872368 porto-u-9646\"><div class=\"porto-u-sub-heading\" style=\"\">Inicial 7:50 am. &#8211; 1:00 pm.<br \/>\nPrimaria 7:50 am. \u2013 3:10 pm.<br \/>\nSecundaria 7:50 am. \u2013 3:15 pm.<br \/>\nActividades extracurriculares 3:30 a 5:00 pm.<\/div><style>.porto-u-9646.porto-u-heading{text-align:left}<\/style><\/div>[\/vc_accordion_tab][vc_accordion_tab title=\u00bb\u00bfQu\u00e9 actividades extra-curriculares ofrece el colegio?\u00bb]<div class=\"porto-u-heading  wpb_custom_12949707ba42be39d995dc3da9872368 porto-u-8068\"><div class=\"porto-u-sub-heading\" style=\"\">Baloncesto, ajedrez, f\u00fatbol, voleibol, con entrenadores especializados en las diferentes disciplinas.<\/div><style>.porto-u-8068.porto-u-heading{text-align:left}<\/style><\/div>[\/vc_accordion_tab][vc_accordion_tab title=\u00bb\u00bfCu\u00e1l es el horario de recreo y refrigerio?\u00bb]<div class=\"porto-u-heading  wpb_custom_12949707ba42be39d995dc3da9872368 porto-u-1659\"><div class=\"porto-u-sub-heading\" style=\"\">INICIAL 4 A\u00d1OS<br \/>\nRecreo 10:20 a 10:40 am.<br \/>\nLonchera 10:45 a 11:05 am.<\/p>\n<p>INICIAL 5 A\u00d1OS<br \/>\nLonchera 10:20 a 10:40 am.<br \/>\nRecreo 10:45 a 11:05 am.<\/p>\n<p>PRIMERO A SEXTO DE PRIMARIA<br \/>\nPrimer recreo 10:30 a 11:00 am.<br \/>\nRefrigerio 01:15 a 01:45 pm.<\/p>\n<p>PRIMERO A QUINTO DE SECUNDARIA<br \/>\nPrimer recreo 11:15 a 11:45 am.<br \/>\nRefrigerio 01:15 a 1:45 pm.<\/div><style>.porto-u-1659.porto-u-heading{text-align:left}<\/style><\/div>[\/vc_accordion_tab][vc_accordion_tab title=\u00bb\u00bfEs obligatoria la Charla informativa y la visita guiada?\u00bb]<div class=\"porto-u-heading  wpb_custom_12949707ba42be39d995dc3da9872368 porto-u-5459\"><div class=\"porto-u-sub-heading\" style=\"\">S\u00ed<strong>. La Charla Informativa y la visita guiada<\/strong> forman parte del Proceso de Admisi\u00f3n, tiene 2 horas de duraci\u00f3n. La inscripci\u00f3n es en la p\u00e1gina web: <a href=\"https:\/\/www.cifo.edu.pe\/admisi\u00f3n\">www.cifo.edu.pe\/admisi\u00f3n<\/a><\/div><style>.porto-u-5459.porto-u-heading{text-align:left}<\/style><\/div>[\/vc_accordion_tab][vc_accordion_tab title=\u00bb\u00bfEn la entrevista familiar es necesaria la presencia del padre?\u00bb]<div class=\"porto-u-heading  wpb_custom_12949707ba42be39d995dc3da9872368 porto-u-5711\"><div class=\"porto-u-sub-heading\" style=\"\">De preferencia s\u00ed.<\/div><style>.porto-u-5711.porto-u-heading{text-align:left}<\/style><\/div>[\/vc_accordion_tab][\/vc_accordion][\/vc_column][vc_column el_class=\u00bbtestimonial-section\u00bb offset=\u00bbvc_col-md-6&#8243;]<div class=\"porto-testimonial wpb_content_element appear-animation  mb-0 mt-4 mt-lg-0  wpb_custom_4760b66c0cbf51ec9a7673f3785bca75\" data-appear-animation=\"fadeInUp\" data-appear-animation-delay=\"200\"><div class=\"testimonial testimonial-transparent-background\"><blockquote style=\"color:#777777\"><p>De hoy en adelante, t\u00fa ser\u00e1s la Obra.<\/p><\/blockquote><div class=\"testimonial-author\"><p><strong>Pedro Poveda<\/strong><span><\/span><\/p><\/div><\/div><\/div>[vc_single_image image=\u00bb6164&#8243; img_size=\u00bbfull\u00bb animation_delay=\u00bb400&#8243; css=\u00bb.vc_custom_1692364160933{padding-bottom: 36px !important;padding-left: 36px !important;}\u00bb el_class=\u00bbmb-0&#8243; animation_type=\u00bbfadeInUp\u00bb][\/vc_column][\/vc_row]<\/p>\n<\/section>","protected":false},"excerpt":{"rendered":"<p>[vc_section bottom_divider_type=\u00bbcustom\u00bb bottom_divider_custom=\u00bbJTNDc3ZnJTIweG1sbnMlM0QlMjJodHRwJTNBJTJGJTJGd3d3LnczLm9yZyUyRjIwMDAlMkZzdmclMjIlMjB4bWxucyUzQXhsaW5rJTNEJTIyaHR0cCUzQSUyRiUyRnd3dy53My5vcmclMkYxOTk5JTJGeGxpbmslMjIlMjBoZWlnaHQlM0QlMjIxNTBweCUyMiUyMHdpZHRoJTNEJTIyNzY4MHB4JTIyJTIweCUzRCUyMjBweCUyMiUyMHhtbCUzQXNwYWNlJTNEJTIycHJlc2VydmUlMjIlMjB5JTNEJTIyMHB4JTIyJTNFJTIwJTIwJTIwJTIwJTNDcG9seWdvbiUyMGZpbGwlM0QlMjIlMjNGM0YzRjMlMjIlMjBwb2ludHMlM0QlMjIzJTJDNTAuNCUyMDQ4MiUyQzEzOSUyMDEzNjAlMkMyLjElMjAxNzA0JTJDMzAuOSUyMDE5MjMlMkMwJTIwMTkyMyUyQzE5Mi41JTIwMyUyQzE5MS41JTIwJTIyJTNFJTIwJTIwJTIwJTIwJTNDJTJGcG9seWdvbiUzRSUyMCUyMCUyMCUyMCUzQ3BvbHlnb24lMjBmaWxsJTNEJTIyJTIzRkZGRkZGJTIyJTIwcG9pbnRzJTNEJTIyMyUyQzY2LjglMjA0ODQlMkMxNTYuMiUyMDEzNjElMkMxOC4xJTIwMTcwNSUyQzQ3LjIlMjAxOTIzJTJDMTYlMjAxOTIzJTJDMTkyLjUlMjAzJTJDMTkyLjUlMjAlMjIlM0UlMjAlMjAlMjAlMjAlM0MlMkZwb2x5Z29uJTNFJTIwJTIwJTIwJTIwJTNDcG9seWdvbiUyMGZpbGwlM0QlMjIlMjNGM0YzRjMlMjIlMjBwb2ludHMlM0QlMjIzODQzLjMlMkM1MC40JTIwMzM2NC4zJTJDMTM5JTIwMjQ4Ni4xJTJDMi4xJTIwMjE0MiUyQzMwLjklMjAxOTIzJTJDMCUyMDE5MjMlMkMxOTIuNSUyMDM4NDMuMyUyQzE5MS41JTIwJTIyJTNFJTIwJTIwJTIwJTIwJTNDJTJGcG9seWdvbiUzRSUyMCUyMCUyMCUyMCUzQ3BvbHlnb24lMjBmaWxsJTNEJTIyJTIzRkZGRkZGJTIyJTIwcG9pbnRzJTNEJTIyMzg0MyUyQzY2LjglMjAzMzYyJTJDMTU2LjIlMjAyNDg1JTJDMTguMSUyMDIxNDElMkM0Ny4yJTIwMTkyMyUyQzE2JTIwMTkyMyUyQzE5Mi41JTIwMzg0MyUyQzE5Mi41JTIwJTIyJTNFJTIwJTIwJTIwJTIwJTNDJTJGcG9seWdvbiUzRSUyMCUyMCUyMCUyMCUzQ3BvbHlnb24lMjBmaWxsJTNEJTIyJTIzRjNGM0YzJTIyJTIwcG9pbnRzJTNEJTIyMzg0MyUyQzUxLjMlMjA0MzIyJTJDMTM5LjYlMjA1MjAwJTJDMy4xJTIwNTU0NCUyQzMxLjglMjA1NzYzJTJDMSUyMDU3NjMlMkMxOTMlMjAzODQzJTJDMTkyJTIwJTIyJTNFJTIwJTIwJTIwJTIwJTNDJTJGcG9seWdvbiUzRSUyMCUyMCUyMCUyMCUzQ3BvbHlnb24lMjBmaWxsJTNEJTIyJTIzRkZGRkZGJTIyJTIwcG9pbnRzJTNEJTIyMzg0MyUyQzY3LjQlMjA0MzI0JTJDMTU2LjclMjA1MjAxJTJDMTguNiUyMDU1NDUlMkM0Ny43JTIwNTc2MyUyQzE2LjUlMjA1NzYzJTJDMTkzJTIwMzg0MyUyQzE5MyUyMCUyMiUzRSUyMCUyMCUyMCUyMCUzQyUyRnBvbHlnb24lM0UlMjAlMjAlMjAlMjAlM0Nwb2x5Z29uJTIwZmlsbCUzRCUyMiUyM0YzRjNGMyUyMiUyMHBvaW50cyUzRCUyMjc2ODMlMkM0OSUyMDcyMDQlMkMxMzUlMjA2MzI2JTJDMiUyMDU5ODIlMkMzMCUyMDU3NjMlMkMwJTIwNTc2MyUyQzE4NyUyMDc2ODMlMkMxODYlMjAlMjIlM0UlMjAlMjAlMjAlMjAlM0MlMkZwb2x5Z29uJTNFJTIwJTIwJTIwJTIwJTNDcG9seWdvbiUyMGZpbGwlM0QlMjIlMjNGRkZGRkYlMjIlMjBwb2ludHMlM0QlMjI3NjgzJTJDNjclMjA3MjAyJTJDMTU2LjYlMjA2MzI1JTJDMTguMSUyMDU5ODElMkM0Ny4zJTIwNTc2MyUyQzE2JTIwNTc2MyUyQzE5MyUyMDc2ODMlMkMxOTMlMjAlMjIlM0UlMjAlMjAlMjAlMjAlM0MlMkZwb2x5Z29uJTNFJTNDJTJGc3ZnJTNF\u00bb bottom_divider_invert=\u00bbtrue\u00bb bottom_divider_height=\u00bb160&#8243; el_class=\u00bbintro-svg\u00bb conditional_render=\u00bb%5B%7B%22condition_a%22%3A%22device%22%2C%22comparative_operator%22%3A%22not_equal%22%2C%22value_device%22%3A%22tablet_mobile%22%2C%22value_role%22%3A%22administrator%22%7D%5D\u00bb][vc_row no_padding=\u00bbyes\u00bb parallax=\u00bbcontent-moving\u00bb parallax_image=\u00bb46&#8243; css=\u00bb.vc_custom_1666717495915{padding-top: 4.6153846154rem !important;background-color: #e3e3e3 !important;}\u00bb el_class=\u00bbcustom-banner-size\u00bb conditional_render=\u00bb%5B%7B%22value_role%22%3A%22administrator%22%7D%5D\u00bb][vc_column conditional_render=\u00bb%5B%7B%22value_role%22%3A%22administrator%22%7D%5D\u00bb][\/vc_column][\/vc_row][\/vc_section][vc_row wrap_container=\u00bbyes\u00bb css=\u00bb.vc_custom_1630565401843{padding-top: 72px !important;}\u00bb][vc_column][\/vc_column][vc_column el_class=\u00bbaccordion-section\u00bb offset=\u00bbvc_col-md-6&#8243;][vc_accordion active_tab=\u00bbacccordion-1&#8243; collapsible=\u00bbyes\u00bb type=\u00bbcustom\u00bb heading_color=\u00bb#212529&#8243; heading_bg_color=\u00bb#f4f4f4&#8243;][vc_accordion_tab title=\u00bb\u00bfPor qu\u00e9 elegir el Colegio Isabel Flores de Oliva?\u00bb el_id=\u00bbacccordion-1&#8243;][\/vc_accordion_tab][vc_accordion_tab title=\u00bb\u00bfCu\u00e1les idiomas ofrece el Colegio?\u00bb][\/vc_accordion_tab][vc_accordion_tab title=\u00bb\u00bfDesde cu\u00e1ndo aprenden a leer los ni\u00f1os?\u00bb][\/vc_accordion_tab][vc_accordion_tab title=\u00bb\u00bfCu\u00e1l es el prop\u00f3sito [&hellip;]<\/p>\n","protected":false},"author":1,"featured_media":0,"parent":5408,"menu_order":0,"comment_status":"closed","ping_status":"closed","template":"","meta":[],"_links":{"self":[{"href":"https:\/\/www.cifo.edu.pe\/index.php\/wp-json\/wp\/v2\/pages\/5432"}],"collection":[{"href":"https:\/\/www.cifo.edu.pe\/index.php\/wp-json\/wp\/v2\/pages"}],"about":[{"href":"https:\/\/www.cifo.edu.pe\/index.php\/wp-json\/wp\/v2\/types\/page"}],"author":[{"embeddable":true,"href":"https:\/\/www.cifo.edu.pe\/index.php\/wp-json\/wp\/v2\/users\/1"}],"replies":[{"embeddable":true,"href":"https:\/\/www.cifo.edu.pe\/index.php\/wp-json\/wp\/v2\/comments?post=5432"}],"version-history":[{"count":11,"href":"https:\/\/www.cifo.edu.pe\/index.php\/wp-json\/wp\/v2\/pages\/5432\/revisions"}],"predecessor-version":[{"id":9211,"href":"https:\/\/www.cifo.edu.pe\/index.php\/wp-json\/wp\/v2\/pages\/5432\/revisions\/9211"}],"up":[{"embeddable":true,"href":"https:\/\/www.cifo.edu.pe\/index.php\/wp-json\/wp\/v2\/pages\/5408"}],"wp:attachment":[{"href":"https:\/\/www.cifo.edu.pe\/index.php\/wp-json\/wp\/v2\/media?parent=5432"}],"curies":[{"name":"wp","href":"https:\/\/api.w.org\/{rel}","templated":true}]}}