{"id":5532,"date":"2023-06-02T20:23:41","date_gmt":"2023-06-02T20:23:41","guid":{"rendered":"http:\/\/newsite.cifo.edu.pe\/?page_id=5532"},"modified":"2023-06-02T20:33:47","modified_gmt":"2023-06-02T20:33:47","slug":"terminos-y-condiciones","status":"publish","type":"page","link":"https:\/\/www.cifo.edu.pe\/index.php\/terminos-y-condiciones\/","title":{"rendered":"T\u00e9rminos y condiciones"},"content":{"rendered":"<section class=\"wpb-content-wrapper\"><p>[vc_row][vc_column][vc_column_text]<strong>INTERNET, INTRANET, T\u00c9RMINOS, POL\u00cdTICAS Y CONDICIONES<\/strong><\/p>\n<p>Nos reservamos los derechos sobre todo el contenido publicado en este sitio web. Este no puede ser reproducido o transmitido por ning\u00fan medio bajo ninguna forma sin autorizaci\u00f3n. El contenido de la Zona Segura de Intranet es de uso exclusivo de la Comunidad Isabel Flores de Oliva.<\/p>\n<p>\u201cEl Colegio Isabel Flores de Oliva apoya el principio de protecci\u00f3n de la privacidad en Internet. Esta pol\u00edtica explica la forma como tratamos su informaci\u00f3n personal.\u201d<\/p>\n<p><strong>Par\u00e1metros de la pol\u00edtica de privacidad<\/strong><\/p>\n<p>1. Al usar la p\u00e1gina Web del Colegio Isabel Flores de Oliva o su Intranet, aceptan que su informaci\u00f3n personal sea recogida y utilizada de acuerdo con esta pol\u00edtica. Si bien esta pol\u00edtica ha sido desarrollada teniendo en cuenta los cambios en la tecnolog\u00eda de Internet, est\u00e1 sujeta a cambios, los cuales ser\u00e1n notificados exclusivamente en esta p\u00e1gina.<\/p>\n<p>2. Toda informaci\u00f3n personal de nuestros visitantes recogida por nuestra p\u00e1gina web o nuestra Intranet es registrada en forma voluntaria. Sin embargo, al proporcionarla, se consiente que el Colegio la almacene por un periodo razonable y que la utilice para los fines establecidos en el momento de solicitarla. No pondremos a disposici\u00f3n de terceros su informaci\u00f3n sin su consentimiento.<\/p>\n<p>3. El Colegio Isabel Flores de Oliva registra direcciones IP para la administraci\u00f3n del sistema y para controlar el uso de nuestro sitio. Normalmente, no asociamos las direcciones IP a ning\u00fan dato identificable, de manera que la sesi\u00f3n de un usuario ser\u00e1 registrada, pero el usuario permanecer\u00e1 desconocido para nosotros. En caso de que consideremos que hay una violaci\u00f3n de las pol\u00edticas de uso o que debemos proteger nuestro servicio, o nuestra p\u00e1gina, estudiantes u otros, usaremos las direcciones IP para identificar a los usuarios. Esta identificaci\u00f3n y la raz\u00f3n que la motiva, ser\u00e1 notificada a la Direcci\u00f3n del colegio o a la persona que designe.<\/p>\n<p>4. La importancia de la seguridad de toda informaci\u00f3n personal identificable asociada a nuestros visitantes es de la mayor importancia para nosotros. Ponemos mucho cuidado en proporcionar transmisi\u00f3n segura de los datos desde su PC a nuestros servidores. Desafortunadamente, ninguna transmisi\u00f3n de datos puede ser garantizada como 100% segura. Como resultado de esto, a pesar de que nos esforzamos en proteger su informaci\u00f3n personal, el Colegio Isabel Flores de Oliva no puede asegurar o garantizar la seguridad de la informaci\u00f3n que transmitan desde nuestros servicios en l\u00ednea, y lo hacen bajo su propia responsabilidad. Una vez que recibimos su informaci\u00f3n, nos esforzamos para mantenerla segura en nuestros sistemas.<\/p>\n<p>5. Hacer uso del sitio supone que aceptan la Pol\u00edtica de Privacidad del Colegio Isabel Flores de Oliva. Si no aceptan esta pol\u00edtica, por favor abst\u00e9nganse de usar el sitio. El uso continuado del sitio luego de cambios en sus t\u00e9rminos de uso, significa que aceptan estos cambios.<\/p>\n<p><strong>Exclusi\u00f3n de garant\u00edas y responsabilidad<\/strong><\/p>\n<p>Hasta donde lo permite la ley, el Colegio Isabel Flores de Oliva pone a disposici\u00f3n este sitio web y su contenido tal como se presenta, y no asume responsabilidad ni garantiza (en forma expresa o impl\u00edcita) la informaci\u00f3n y contenidos de \u00e9l, incluyendo, sin limitaci\u00f3n alguna, su idoneidad para un prop\u00f3sito en particular.<\/p>\n<p>Adem\u00e1s, el Colegio Isabel Flores de Oliva no garantiza que la informaci\u00f3n a la que se puede acceder a trav\u00e9s del sitio web es exacta, completa o actualizada.<\/p>\n<p>Bajo ninguna circunstancia, hasta donde la ley lo permita, ser\u00e1 el Colegio Isabel Flores de Oliva o su personal sujetos responsables de cualquier p\u00e9rdida, costos adicionales o da\u00f1o que puedan ocurrir como resultado del uso del sitio o de la informaci\u00f3n o de su contenido.[\/vc_column_text][\/vc_column][\/vc_row]<\/p>\n<\/section>","protected":false},"excerpt":{"rendered":"<p>[vc_row][vc_column][vc_column_text]INTERNET, INTRANET, T\u00c9RMINOS, POL\u00cdTICAS Y CONDICIONES Nos reservamos los derechos sobre todo el contenido publicado en este sitio web. Este no puede ser reproducido o transmitido por ning\u00fan medio bajo ninguna forma sin autorizaci\u00f3n. El contenido de la Zona Segura de Intranet es de uso exclusivo de la Comunidad Isabel Flores de Oliva. \u201cEl Colegio [&hellip;]<\/p>\n","protected":false},"author":1,"featured_media":0,"parent":0,"menu_order":0,"comment_status":"closed","ping_status":"closed","template":"","meta":[],"_links":{"self":[{"href":"https:\/\/www.cifo.edu.pe\/index.php\/wp-json\/wp\/v2\/pages\/5532"}],"collection":[{"href":"https:\/\/www.cifo.edu.pe\/index.php\/wp-json\/wp\/v2\/pages"}],"about":[{"href":"https:\/\/www.cifo.edu.pe\/index.php\/wp-json\/wp\/v2\/types\/page"}],"author":[{"embeddable":true,"href":"https:\/\/www.cifo.edu.pe\/index.php\/wp-json\/wp\/v2\/users\/1"}],"replies":[{"embeddable":true,"href":"https:\/\/www.cifo.edu.pe\/index.php\/wp-json\/wp\/v2\/comments?post=5532"}],"version-history":[{"count":2,"href":"https:\/\/www.cifo.edu.pe\/index.php\/wp-json\/wp\/v2\/pages\/5532\/revisions"}],"predecessor-version":[{"id":5536,"href":"https:\/\/www.cifo.edu.pe\/index.php\/wp-json\/wp\/v2\/pages\/5532\/revisions\/5536"}],"wp:attachment":[{"href":"https:\/\/www.cifo.edu.pe\/index.php\/wp-json\/wp\/v2\/media?parent=5532"}],"curies":[{"name":"wp","href":"https:\/\/api.w.org\/{rel}","templated":true}]}}