{"id":6510,"date":"2023-11-14T16:32:19","date_gmt":"2023-11-14T16:32:19","guid":{"rendered":"http:\/\/www.cifo.edu.pe\/?page_id=6510"},"modified":"2025-02-03T16:45:33","modified_gmt":"2025-02-03T16:45:33","slug":"familias","status":"publish","type":"page","link":"https:\/\/www.cifo.edu.pe\/index.php\/servicios\/zona-virtual\/familias\/","title":{"rendered":"Familias"},"content":{"rendered":"<section class=\"wpb-content-wrapper\"><p>[vc_row wrap_container=\u00bbyes\u00bb content_placement=\u00bbmiddle\u00bb el_id=\u00bbaboutus\u00bb el_class=\u00bbalign-items-xl-center mt-5&#8243; css=\u00bb.vc_custom_1701278088115{padding-top: 1.875rem !important;background-color: #ffffff !important;border-radius: 1px !important;}\u00bb conditional_render=\u00bb%5B%7B%22value_role%22%3A%22administrator%22%7D%5D\u00bb][vc_column el_class=\u00bbmb-5 mb-lg-0&#8243; offset=\u00bbvc_col-md-6&#8243;]<div class=\"porto-u-heading mt-5 divider-w-50 rounded-2 overflow-hidden  wpb_custom_b1b4c097ef6fe970657490a28fb1f349 porto-u-5310\" data-appear-animation=\"fadeInUp\"><div class=\"porto-u-heading-spacer line_only\" style=\"height:6px;\"><span class=\"porto-u-headings-line\" style=\"border-style:solid;border-bottom-width:6px;border-color:#0052cc;width:50px;\"><\/span><\/div><style>.porto-u-5310.porto-u-heading{text-align:left} .porto-u-5310 .porto-u-headings-line{float: left;}<\/style><\/div>[vc_custom_heading text=\u00bb<strong>AUTOGESTI\u00d3N DE FAMILIAS<\/strong>\u00bb font_container=\u00bbtag:h4|font_size:16.8px|text_align:left|line_height:1.5&#8243; use_theme_fonts=\u00bbyes\u00bb letter_spacing=\u00bb2.5px\u00bb animation_delay=\u00bb100&#8243; el_class=\u00bbcustom-highlight-1 custom-weight-1 text-primary mb-2&#8243; animation_type=\u00bbfadeInUp\u00bb][\/vc_column][\/vc_row][vc_row][vc_column][vc_row_inner content_placement=\u00bbmiddle\u00bb animation_delay=\u00bb750&#8243; el_class=\u00bbmb-4 mb-lg-1 mb-xl-4&#8243; animation_type=\u00bbfadeInUp\u00bb css=\u00bb.vc_custom_1653024451512{padding-bottom: 13px !important;}\u00bb][vc_column_inner width=\u00bb1\/4&#8243; offset=\u00bbvc_col-xs-12&#8243;]<div class=\"porto-sicon-box mb-md-0 mb-4  wpb_custom_0dc3c2a76752b47c5a8a83a357e33d21 style_1 default-icon flex-wrap\"><div class=\"porto-sicon-default\"><div class=\"porto-just-icon-wrapper porto-icon none\" style=\"color:#212529;font-size:32px;margin-right:8px;\"><i class=\"porto-icon-mode-list\"><\/i><\/div><\/div><div class=\"porto-sicon-header\"><h3 class=\"porto-sicon-title\" style=\"color:#212529;margin-bottom:8px;\">Informaci\u00f3n y cronogramas<\/h3><p style=\"font-weight:700;font-size:14px;line-height:26px;color:#212529;\">-<\/p><\/div> <!-- header --><div class=\"porto-sicon-description\" style=\"\">Informaci\u00f3n y cronogramas para el a\u00f1o lectivo 2025.<\/div> <!-- description --><\/div><!-- porto-sicon-box -->[vc_btn title=\u00bbDescargar\u00bb style=\u00bbmodern\u00bb shape=\u00bbrounded\u00bb size=\u00bbxl\u00bb i_icon_fontawesome=\u00bbfas fa-download\u00bb skin=\u00bbprimary\u00bb btn_fs=\u00bb0.95em\u00bb btn_fw=\u00bb600&#8243; el_cls=\u00bbtext-capitalize position-relative\u00bb animation_delay=\u00bb300&#8243; add_icon=\u00bbtrue\u00bb btn_px=\u00bb49&#8243; btn_py=\u00bb16.5&#8243; el_class=\u00bbbtn-anim-top btn-anim-icon d-block mb-5&#8243; link=\u00bburl:https%3A%2F%2Fwww.cifo.edu.pe%2Fwp-content%2Fuploads%2F2025%2F01%2FINFORMACION-Y-CRONOGRAMA-2025.pdf|title:Informaci%C3%B3n%20y%20cronograma%202024|target:_blank\u00bb animation_type=\u00bbfadeInUp\u00bb][\/vc_column_inner][vc_column_inner width=\u00bb1\/4&#8243;]<div class=\"porto-sicon-box mb-md-0 mb-4  wpb_custom_0dc3c2a76752b47c5a8a83a357e33d21 style_1 default-icon flex-wrap\"><div class=\"porto-sicon-default\"><div class=\"porto-just-icon-wrapper porto-icon none\" style=\"color:#212529;font-size:32px;margin-right:8px;\"><i class=\"porto-icon-mode-list\"><\/i><\/div><\/div><div class=\"porto-sicon-header\"><h3 class=\"porto-sicon-title\" style=\"color:#212529;margin-bottom:8px;\">Uniformes 2025<\/h3><p style=\"font-weight:700;font-size:14px;line-height:26px;color:#212529;\">-<\/p><\/div> <!-- header --><div class=\"porto-sicon-description\" style=\"\">Uniformes\u00a02025<\/div> <!-- description --><\/div><!-- porto-sicon-box -->[vc_btn title=\u00bbDescargar\u00bb style=\u00bbmodern\u00bb shape=\u00bbrounded\u00bb size=\u00bbxl\u00bb i_align=\u00bbright\u00bb i_icon_fontawesome=\u00bbfas fa-download\u00bb skin=\u00bbprimary\u00bb btn_fs=\u00bb0.95em\u00bb btn_fw=\u00bb600&#8243; el_cls=\u00bbtext-capitalize position-relative\u00bb animation_delay=\u00bb300&#8243; add_icon=\u00bbtrue\u00bb btn_px=\u00bb49&#8243; btn_py=\u00bb16.5&#8243; el_class=\u00bbbtn-anim-top btn-anim-icon d-block mb-5&#8243; animation_type=\u00bbfadeInUp\u00bb link=\u00bburl:https%3A%2F%2Fwww.cifo.edu.pe%2Fwp-content%2Fuploads%2F2025%2F01%2FUNIFORME-2025.pdf|title:Uniformes%202025|target:_blank\u00bb][\/vc_column_inner][vc_column_inner width=\u00bb1\/4&#8243; offset=\u00bbvc_col-xs-12&#8243;]<div class=\"porto-sicon-box mb-md-0 mb-4  wpb_custom_0dc3c2a76752b47c5a8a83a357e33d21 style_1 default-icon flex-wrap\"><div class=\"porto-sicon-default\"><div class=\"porto-just-icon-wrapper porto-icon none\" style=\"color:#212529;font-size:32px;margin-right:8px;\"><i class=\"porto-icon-mode-grid\"><\/i><\/div><\/div><div class=\"porto-sicon-header\"><h3 class=\"porto-sicon-title\" style=\"color:#212529;margin-bottom:8px;\">Gu\u00eda de Matr\u00edcula<\/h3><p style=\"font-weight:700;font-size:14px;line-height:26px;color:#212529;\">-<\/p><\/div> <!-- header --><div class=\"porto-sicon-description\" style=\"\">Gu\u00eda de Matr\u00edcula en l\u00ednea.<\/div> <!-- description --><\/div><!-- porto-sicon-box -->[vc_btn title=\u00bbDescargar\u00bb style=\u00bbmodern\u00bb shape=\u00bbrounded\u00bb size=\u00bbxl\u00bb i_icon_fontawesome=\u00bbfas fa-download\u00bb skin=\u00bbprimary\u00bb btn_fs=\u00bb0.95em\u00bb btn_fw=\u00bb600&#8243; el_cls=\u00bbtext-capitalize position-relative\u00bb animation_delay=\u00bb300&#8243; add_icon=\u00bbtrue\u00bb btn_px=\u00bb49&#8243; btn_py=\u00bb16.5&#8243; el_class=\u00bbbtn-anim-top btn-anim-icon d-block mb-5&#8243; link=\u00bburl:https%3A%2F%2Fwww.cifo.edu.pe%2Fwp-content%2Fuploads%2F2025%2F01%2FMATRICULA-EN-LINEA-2025-Guia-de-Usuario.pdf|title:Gu%C3%ADa%20de%20Matr%C3%ADcula|target:_blank\u00bb animation_type=\u00bbfadeInUp\u00bb][\/vc_column_inner][vc_column_inner width=\u00bb1\/4&#8243;]<div class=\"porto-sicon-box mb-md-0 mb-4  wpb_custom_0dc3c2a76752b47c5a8a83a357e33d21 style_1 default-icon flex-wrap\"><div class=\"porto-sicon-default\"><div class=\"porto-just-icon-wrapper porto-icon none\" style=\"color:#212529;font-size:32px;margin-right:8px;\"><i class=\"porto-icon-mode-list\"><\/i><\/div><\/div><div class=\"porto-sicon-header\"><h3 class=\"porto-sicon-title\" style=\"color:#212529;margin-bottom:8px;\">Autogesti\u00f3n de Familias<\/h3><p style=\"font-weight:700;font-size:14px;line-height:26px;color:#212529;\">-<\/p><\/div> <!-- header --><div class=\"porto-sicon-description\" style=\"\">Actualizaci\u00f3n de datos, Matr\u00edcula, consultas acad\u00e9micas y econ\u00f3micas<\/div> <!-- description --><\/div><!-- porto-sicon-box -->[vc_btn title=\u00bbIngresar\u00bb style=\u00bbmodern\u00bb shape=\u00bbrounded\u00bb size=\u00bbxl\u00bb i_align=\u00bbright\u00bb i_icon_fontawesome=\u00bbfas fa-external-link-alt\u00bb skin=\u00bbprimary\u00bb btn_fs=\u00bb0.95em\u00bb btn_fw=\u00bb600&#8243; el_cls=\u00bbtext-capitalize position-relative\u00bb animation_delay=\u00bb300&#8243; add_icon=\u00bbtrue\u00bb btn_px=\u00bb49&#8243; btn_py=\u00bb16.5&#8243; el_class=\u00bbbtn-anim-top btn-anim-icon d-block mb-5&#8243; animation_type=\u00bbfadeInUp\u00bb link=\u00bburl:https%3A%2F%2Fintranet.cifo.edu.pe%3A8443%2Fautmagix10%2Fservlet%2Fmagix.hafveingreso|title:Ingresar%20en%20Autogesti%C3%B3n|target:_blank\u00bb][\/vc_column_inner][\/vc_row_inner][\/vc_column][\/vc_row][vc_row][vc_column][\/vc_column][\/vc_row]<\/p>\n<\/section>","protected":false},"excerpt":{"rendered":"<p>[vc_row wrap_container=\u00bbyes\u00bb content_placement=\u00bbmiddle\u00bb el_id=\u00bbaboutus\u00bb el_class=\u00bbalign-items-xl-center mt-5&#8243; css=\u00bb.vc_custom_1701278088115{padding-top: 1.875rem !important;background-color: #ffffff !important;border-radius: 1px !important;}\u00bb conditional_render=\u00bb%5B%7B%22value_role%22%3A%22administrator%22%7D%5D\u00bb][vc_column el_class=\u00bbmb-5 mb-lg-0&#8243; offset=\u00bbvc_col-md-6&#8243;][vc_custom_heading text=\u00bbAUTOGESTI\u00d3N DE FAMILIAS\u00bb font_container=\u00bbtag:h4|font_size:16.8px|text_align:left|line_height:1.5&#8243; use_theme_fonts=\u00bbyes\u00bb letter_spacing=\u00bb2.5px\u00bb animation_delay=\u00bb100&#8243; el_class=\u00bbcustom-highlight-1 custom-weight-1 text-primary mb-2&#8243; animation_type=\u00bbfadeInUp\u00bb][\/vc_column][\/vc_row][vc_row][vc_column][vc_row_inner content_placement=\u00bbmiddle\u00bb animation_delay=\u00bb750&#8243; el_class=\u00bbmb-4 mb-lg-1 mb-xl-4&#8243; animation_type=\u00bbfadeInUp\u00bb css=\u00bb.vc_custom_1653024451512{padding-bottom: 13px !important;}\u00bb][vc_column_inner width=\u00bb1\/4&#8243; offset=\u00bbvc_col-xs-12&#8243;][vc_btn title=\u00bbDescargar\u00bb style=\u00bbmodern\u00bb shape=\u00bbrounded\u00bb size=\u00bbxl\u00bb i_icon_fontawesome=\u00bbfas fa-download\u00bb skin=\u00bbprimary\u00bb btn_fs=\u00bb0.95em\u00bb btn_fw=\u00bb600&#8243; el_cls=\u00bbtext-capitalize position-relative\u00bb animation_delay=\u00bb300&#8243; add_icon=\u00bbtrue\u00bb btn_px=\u00bb49&#8243; btn_py=\u00bb16.5&#8243; [&hellip;]<\/p>\n","protected":false},"author":1,"featured_media":0,"parent":5915,"menu_order":0,"comment_status":"closed","ping_status":"closed","template":"","meta":[],"_links":{"self":[{"href":"https:\/\/www.cifo.edu.pe\/index.php\/wp-json\/wp\/v2\/pages\/6510"}],"collection":[{"href":"https:\/\/www.cifo.edu.pe\/index.php\/wp-json\/wp\/v2\/pages"}],"about":[{"href":"https:\/\/www.cifo.edu.pe\/index.php\/wp-json\/wp\/v2\/types\/page"}],"author":[{"embeddable":true,"href":"https:\/\/www.cifo.edu.pe\/index.php\/wp-json\/wp\/v2\/users\/1"}],"replies":[{"embeddable":true,"href":"https:\/\/www.cifo.edu.pe\/index.php\/wp-json\/wp\/v2\/comments?post=6510"}],"version-history":[{"count":55,"href":"https:\/\/www.cifo.edu.pe\/index.php\/wp-json\/wp\/v2\/pages\/6510\/revisions"}],"predecessor-version":[{"id":7973,"href":"https:\/\/www.cifo.edu.pe\/index.php\/wp-json\/wp\/v2\/pages\/6510\/revisions\/7973"}],"up":[{"embeddable":true,"href":"https:\/\/www.cifo.edu.pe\/index.php\/wp-json\/wp\/v2\/pages\/5915"}],"wp:attachment":[{"href":"https:\/\/www.cifo.edu.pe\/index.php\/wp-json\/wp\/v2\/media?parent=6510"}],"curies":[{"name":"wp","href":"https:\/\/api.w.org\/{rel}","templated":true}]}}