{"id":68,"date":"2016-06-14T05:24:19","date_gmt":"2016-06-14T05:24:19","guid":{"rendered":"http:\/\/sw-themes.com\/porto_dummy\/?page_id=68"},"modified":"2025-10-27T07:06:43","modified_gmt":"2025-10-27T07:06:43","slug":"presentacion","status":"publish","type":"page","link":"https:\/\/www.cifo.edu.pe\/index.php\/conocenos\/presentacion\/","title":{"rendered":"Presentaci\u00f3n"},"content":{"rendered":"<section class=\"wpb-content-wrapper\"><p>[vc_row wrap_container=\u00bbyes\u00bb css=\u00bb.vc_custom_1543890012935{padding-top: 50px !important;}\u00bb][vc_column offset=\u00bbvc_col-md-8 vc_col-xs-12&#8243;][vc_custom_heading text=\u00bb<b>Presentaci\u00f3n<\/b>\u00bb font_container=\u00bbtag:h2|font_size:28px|text_align:left\u00bb use_theme_fonts=\u00bbyes\u00bb css_animation=\u00bbfadeInUp\u00bb el_class=\u00bbmb-3&#8243; animation_type=\u00bbfadeIn\u00bb][vc_column_text css_animation=\u00bbfadeInUp\u00bb el_class=\u00bblead mb-4&#8243;]La I.E. Isabel Flores de Oliva es un centro educativo particular fundado por la Instituci\u00f3n Teresiana en 1950. Se encuentra ubicado en el distrito de San Isidro, Lima &#8211; Per\u00fa.[\/vc_column_text][vc_column_text css_animation=\u00bbfadeIn\u00bb]En estos a\u00f1os su opci\u00f3n educativa se fundamente en los valores del evangelio y se adhiere a las orientaciones de la Iglesia universal local y el sistema educativo vigente.<\/p>\n<p>El Colegio tiene un estilo pedag\u00f3gico propio inspirado en la propuesta educativa de San Pedro Poveda, sacerdote m\u00e1rtir fundador de la Instituci\u00f3n Teresiana cuyos principios b\u00e1sicos son:[\/vc_column_text][\/vc_column][vc_column offset=\u00bbvc_col-md-4&#8243;]<div class=\"widget_sidebar_menu main-sidebar-menu sidebar-menu-wrap  wpb_custom_fa56fd63c3b694fcdb3812eb30a338f1\"><div class=\"widget-title\">Con\u00f3cenos<\/div><div class=\"sidebar-menu-wrap\"><ul id=\"menu-conocenos\" class=\"sidebar-menu\"><li id=\"nav-menu-item-5046\" class=\"menu-item menu-item-type-post_type menu-item-object-page  narrow \"><a href=\"https:\/\/www.cifo.edu.pe\/index.php\/conocenos\/presentacion\/\">Presentaci\u00f3n<\/a><\/li>\n<li id=\"nav-menu-item-5059\" class=\"menu-item menu-item-type-post_type menu-item-object-page  narrow \"><a href=\"https:\/\/www.cifo.edu.pe\/index.php\/conocenos\/institucion-teresiana\/\">Instituci\u00f3n Teresiana<\/a><\/li>\n<li id=\"nav-menu-item-5190\" class=\"menu-item menu-item-type-post_type menu-item-object-page  narrow \"><a href=\"https:\/\/www.cifo.edu.pe\/index.php\/conocenos\/resena-historica\/\">Rese\u00f1a hist\u00f3rica<\/a><\/li>\n<li id=\"nav-menu-item-5194\" class=\"menu-item menu-item-type-post_type menu-item-object-page  narrow \"><a href=\"https:\/\/www.cifo.edu.pe\/index.php\/conocenos\/mision-y-vision\/\">Misi\u00f3n y Visi\u00f3n<\/a><\/li>\n<li id=\"nav-menu-item-5193\" class=\"menu-item menu-item-type-post_type menu-item-object-page  narrow \"><a href=\"https:\/\/www.cifo.edu.pe\/index.php\/conocenos\/propuesta-pedagogica\/\">Propuesta Pedag\u00f3gica<\/a><\/li>\n<li id=\"nav-menu-item-5192\" class=\"menu-item menu-item-type-post_type menu-item-object-page  narrow \"><a href=\"https:\/\/www.cifo.edu.pe\/index.php\/conocenos\/reconocimientos\/\">Reconocimientos<\/a><\/li>\n<li id=\"nav-menu-item-5191\" class=\"menu-item menu-item-type-post_type menu-item-object-page  narrow \"><a href=\"https:\/\/www.cifo.edu.pe\/index.php\/conocenos\/himno-del-colegio\/\">Himno del colegio<\/a><\/li>\n<\/ul><\/div><\/div>[\/vc_column][\/vc_row][vc_row wrap_container=\u00bbyes\u00bb is_section=\u00bbyes\u00bb remove_margin_top=\u00bbyes\u00bb remove_margin_bottom=\u00bbyes\u00bb remove_border=\u00bbyes\u00bb css=\u00bb.vc_custom_1543891117429{padding-top: 70px !important;}\u00bb][vc_column width=\u00bb2\/3&#8243;][vc_custom_heading text=\u00bbNuestros <strong>Principios<\/strong>\u00bb font_container=\u00bbtag:h4|text_align:left\u00bb use_theme_fonts=\u00bbyes\u00bb animation_type=\u00bbbounceIn\u00bb][vc_accordion active_tab=\u00bb\u00bb collapsible=\u00bbyes\u00bb type=\u00bbpanel-modern\u00bb size=\u00bbpanel-group-sm\u00bb el_class=\u00bbmb-5&#8243;][vc_accordion_tab title=\u00bbLa tarea educativa como un proceso de humanizaci\u00f3n.\u00bb show_icon=\u00bbyes\u00bb icon=\u00bbfas fa-award\u00bb][vc_column_text].[\/vc_column_text][\/vc_accordion_tab][vc_accordion_tab title=\u00bbLa educaci\u00f3n es entendida como medio para el cambio social que exige una preparaci\u00f3n acad\u00e9mica y formaci\u00f3n en valores.\u00bb show_icon=\u00bbyes\u00bb icon=\u00bbfas fa-award\u00bb][vc_column_text].[\/vc_column_text][\/vc_accordion_tab][vc_accordion_tab title=\u00bbVivir una opci\u00f3n de fe personal y comunitaria desde una espiritualidad Cristiana, laical.\u00bb show_icon=\u00bbyes\u00bb icon=\u00bbfas fa-award\u00bb][vc_column_text].[\/vc_column_text][\/vc_accordion_tab][vc_accordion_tab title=\u00bbLa formaci\u00f3n y capacitaci\u00f3n permanente del personal docente como agentes de cambio.\u00bb show_icon=\u00bbyes\u00bb icon=\u00bbfas fa-award\u00bb][vc_column_text].[\/vc_column_text][\/vc_accordion_tab][\/vc_accordion][vc_column_text].[\/vc_column_text][\/vc_column][vc_column width=\u00bb1\/3&#8243;]<div class=\"porto-carousel owl-carousel has-ccols ccols-1 wpb_custom_c86c2fb53cae9eced42d4b8900a042f3\" data-appear-animation=\"fadeIn\" data-appear-animation-delay=\"400\" data-plugin-options=\"{&quot;stagePadding&quot;:0,&quot;margin&quot;:0,&quot;autoplay&quot;:false,&quot;mouseDrag&quot;:true,&quot;touchDrag&quot;:true,&quot;autoplayTimeout&quot;:5000,&quot;autoplayHoverPause&quot;:false,&quot;items&quot;:1,&quot;lg&quot;:1,&quot;md&quot;:1,&quot;sm&quot;:1,&quot;xs&quot;:1,&quot;nav&quot;:false,&quot;dots&quot;:false,&quot;animateIn&quot;:&quot;&quot;,&quot;animateOut&quot;:&quot;&quot;,&quot;loop&quot;:false,&quot;center&quot;:false,&quot;video&quot;:false,&quot;lazyLoad&quot;:false,&quot;fullscreen&quot;:false}\">[vc_single_image image=\u00bb8209&#8243; img_size=\u00bbfull\u00bb label=\u00bb\u00bb animation_type=\u00bbrollIn\u00bb]<\/div><div class=\"porto-toggles wpb_content_element  toggle-simple\">[vc_toggle title=\u00bbResoluci\u00f3n SECUNDARIA\u00bb]<strong><a href=\"https:\/\/www.cifo.edu.pe\/index.php\/conocenos\/presentacion\/resolucion-de-secundaria\/\">Ver Resoluci\u00f3n<\/a><\/strong>[\/vc_toggle][vc_toggle title=\u00bbResoluci\u00f3n PRIMARIA\u00bb]<a href=\"http:\/\/newsite.cifo.edu.pe\/index.php\/conocenos\/presentacion\/resolucion-de-primaria\/\"><strong>Ver Resoluci\u00f3n<\/strong><\/a>[\/vc_toggle][vc_toggle title=\u00bbResoluci\u00f3n INICIAL\u00bb]<a href=\"https:\/\/www.cifo.edu.pe\/index.php\/conocenos\/presentacion\/resolucion-de-inicial\/\"><strong>Ver Resoluci\u00f3n<\/strong><\/a>[\/vc_toggle][vc_toggle title=\u00bbResoluci\u00f3n CAMBIO DE NOMBRE\u00bb]<a href=\"http:\/\/newsite.cifo.edu.pe\/index.php\/conocenos\/presentacion\/resolucion-cambio-de-nombre\/\"><strong>Ver Resoluci\u00f3n<\/strong><\/a>[\/vc_toggle]<\/div>[\/vc_column][\/vc_row]<\/p>\n<\/section>","protected":false},"excerpt":{"rendered":"<p>[vc_row wrap_container=\u00bbyes\u00bb css=\u00bb.vc_custom_1543890012935{padding-top: 50px !important;}\u00bb][vc_column offset=\u00bbvc_col-md-8 vc_col-xs-12&#8243;][vc_custom_heading text=\u00bbPresentaci\u00f3n\u00bb font_container=\u00bbtag:h2|font_size:28px|text_align:left\u00bb use_theme_fonts=\u00bbyes\u00bb css_animation=\u00bbfadeInUp\u00bb el_class=\u00bbmb-3&#8243; animation_type=\u00bbfadeIn\u00bb][vc_column_text css_animation=\u00bbfadeInUp\u00bb el_class=\u00bblead mb-4&#8243;]La I.E. Isabel Flores de Oliva es un centro educativo particular fundado por la Instituci\u00f3n Teresiana en 1950. Se encuentra ubicado en el distrito de San Isidro, Lima &#8211; Per\u00fa.[\/vc_column_text][vc_column_text css_animation=\u00bbfadeIn\u00bb]En estos a\u00f1os su opci\u00f3n educativa se fundamente en los [&hellip;]<\/p>\n","protected":false},"author":1,"featured_media":0,"parent":2217,"menu_order":0,"comment_status":"closed","ping_status":"closed","template":"","meta":[],"_links":{"self":[{"href":"https:\/\/www.cifo.edu.pe\/index.php\/wp-json\/wp\/v2\/pages\/68"}],"collection":[{"href":"https:\/\/www.cifo.edu.pe\/index.php\/wp-json\/wp\/v2\/pages"}],"about":[{"href":"https:\/\/www.cifo.edu.pe\/index.php\/wp-json\/wp\/v2\/types\/page"}],"author":[{"embeddable":true,"href":"https:\/\/www.cifo.edu.pe\/index.php\/wp-json\/wp\/v2\/users\/1"}],"replies":[{"embeddable":true,"href":"https:\/\/www.cifo.edu.pe\/index.php\/wp-json\/wp\/v2\/comments?post=68"}],"version-history":[{"count":27,"href":"https:\/\/www.cifo.edu.pe\/index.php\/wp-json\/wp\/v2\/pages\/68\/revisions"}],"predecessor-version":[{"id":8476,"href":"https:\/\/www.cifo.edu.pe\/index.php\/wp-json\/wp\/v2\/pages\/68\/revisions\/8476"}],"up":[{"embeddable":true,"href":"https:\/\/www.cifo.edu.pe\/index.php\/wp-json\/wp\/v2\/pages\/2217"}],"wp:attachment":[{"href":"https:\/\/www.cifo.edu.pe\/index.php\/wp-json\/wp\/v2\/media?parent=68"}],"curies":[{"name":"wp","href":"https:\/\/api.w.org\/{rel}","templated":true}]}}